{"id":1171,"date":"2019-07-11T19:35:09","date_gmt":"2019-07-11T17:35:09","guid":{"rendered":"https:\/\/katorishintoryu.pl\/?page_id=1171"},"modified":"2025-07-10T21:01:46","modified_gmt":"2025-07-10T19:01:46","slug":"dojo-etikett","status":"publish","type":"page","link":"https:\/\/katorishintoryu.pl\/de\/etykieta-dojo-take\/","title":{"rendered":"D\u014dj\u014d TAKE-Etikett"},"content":{"rendered":"<div data-elementor-type=\"wp-post\" data-elementor-id=\"1171\" class=\"elementor elementor-1171\" data-elementor-post-type=\"page\">\n\t\t\t\t\t\t<section class=\"elementor-section elementor-top-section elementor-element elementor-element-063528a elementor-section-boxed elementor-section-height-default elementor-section-height-default\" data-id=\"063528a\" data-element_type=\"section\" data-e-type=\"section\">\n\t\t\t\t\t\t<div class=\"elementor-container elementor-column-gap-default\">\n\t\t\t\t\t<div class=\"elementor-column elementor-col-100 elementor-top-column elementor-element elementor-element-e99a075\" data-id=\"e99a075\" data-element_type=\"column\" data-e-type=\"column\">\n\t\t\t<div class=\"elementor-widget-wrap elementor-element-populated\">\n\t\t\t\t\t\t<div class=\"elementor-element elementor-element-ba3e0be elementor-widget elementor-widget-text-editor\" data-id=\"ba3e0be\" data-element_type=\"widget\" data-e-type=\"widget\" data-widget_type=\"text-editor.default\">\n\t\t\t\t<div class=\"elementor-widget-container\">\n\t\t\t\t\t\t\t\t\t<p>Bei D\u014dj\u014d TAKE gibt es eine Etikette, die Ihnen hilft, sich in der Gruppe zurechtzufinden und sich im Raum zu bewegen:<\/p><ol><li><b>Eingang zum d\u014dj\u014d<\/b>: Przekraczamy pr\u00f3g lew\u0105 nog\u0105, a nast\u0119pnie k\u0142aniamy si\u0119 w stron\u0119 kamizy (miejsce honorowe za prowadz\u0105cym, wyznaczone kaligrafi\u0105 TSKSR). Wychodz\u0105c z d\u014dj\u014d najpierw k\u0142aniamy si\u0119 w stron\u0119 kamizy, a nast\u0119pnie przekraczamy pr\u00f3g praw\u0105 nog\u0105.<br \/><br \/><\/li><li><b>Ort der Sammlung<\/b>:\u00a0Podczas ustawiania si\u0119 do treningu, uczniowie staj\u0105 w rz\u0119dzie frontem do kamizy. Osoba najbardziej zaawansowana zajmuje miejsce po prawej stronie. Pozostali ustawiaj\u0105 si\u0119 w kolejno\u015bci stopni: wy\u017csze stopnie bli\u017cej prawej, a ni\u017csze bli\u017cej lewej strony. W przypadku uczni\u00f3w o takim samym stopniu, o kolejno\u015bci decyduje najpierw data uzyskania stopnia, a nast\u0119pnie sta\u017c praktyki. Po ustawieniu si\u0119 wszyscy przyjmuj\u0105 pozycj\u0119 seiza (kl\u0119cz\u0105c\u0105), dbaj\u0105c o to, by linia by\u0142a r\u00f3wna. Miecz lub bokken k\u0142adziemy przed sob\u0105, ostrzem skierowanym w swoj\u0105 stron\u0119. Ko\u0144c\u00f3wka r\u0119koje\u015bci (kashira) powinna znajdowa\u0107 si\u0119 blisko kolan, ale nie wystawa\u0107 przed ich lini\u0119.<br \/><br \/><\/li><li><b>B\u00f6gen<\/b>: Beim Betreten des d\u014dj\u014d bitten wir um ein gutes Training, beim Verlassen danken wir daf\u00fcr. Bei der Versammlung verbeugen wir uns voreinander und zeigen gegenseitigen Respekt. Wenn wir das Training mit einem Partner beginnen, bitten wir um ein gutes Training, und wenn wir es beenden, danken wir daf\u00fcr.<br \/><br \/><\/li><li><b>Verz\u00f6gerungen<\/b>: Wir kommen p\u00fcnktlich zum Unterricht. Wenn wir w\u00e4hrend der Versammlungszeit zu sp\u00e4t kommen, betreten wir die Halle nicht, sondern warten vor der T\u00fcr. Wenn wir w\u00e4hrend des Aufw\u00e4rmens oder des Trainings kommen, betreten wir die Halle, setzen uns in Seiza an die Wand in der N\u00e4he der T\u00fcr, machen Reishiki und warten, bis der Lehrer die Erlaubnis gibt, sich der Gruppe anzuschlie\u00dfen oder andere Anweisungen gibt.<br \/><br \/><\/li><li><b>Lehrplan<\/b>: Welche Kata wir ausf\u00fchren und welche wir lernen, wird von der Person entschieden, die das Training leitet.<br \/><br \/><\/li><li><b>Praxis<\/b>: Sie sollte frei von Konkurrenz sein. Wir trainieren uns selbst, um anderen zu helfen.<br \/><br \/><\/li><li><b>Unterricht<\/b>Du darfst Katori nur mit der Erlaubnis deines Lehrers unterrichten (einschlie\u00dflich Anweisungen geben, Demonstrationen).<br \/><br \/><\/li><li><b>Kleidung<\/b>: Odpowiednim strojem s\u0105 bia\u0142e d\u0142ugie spodnie, bia\u0142y pas obi, granatowe\/indygo keikogi z monem TAKE na plecach.<br \/>Osoby posiadaj\u0105ce 1. kyu mog\u0105 nosi\u0107 hakam\u0119. Osoby posiadaj\u0105ce 1. dan mog\u0105 nosi\u0107 czarny pas.<br \/><br \/><\/li><li><b>Waffen<\/b>Im Unterricht verwenden wir Trainingswaffen (Bokken, B\u014d, Naginata, Yari, Kodachi), die in gutem Zustand gehalten werden und aus nat\u00fcrlichem Holz (nicht schwarz lackiert) bestehen. Unbenutzte Waffen bewahren wir an einem geeigneten Ort auf.<br \/><br \/><\/li><li><b>Duelle<\/b>: Im d\u014dj\u014d gilt ein absolutes Duellverbot.<\/li><\/ol>\t\t\t\t\t\t\t\t<\/div>\n\t\t\t\t<\/div>\n\t\t\t\t\t<\/div>\n\t\t<\/div>\n\t\t\t\t\t<\/div>\n\t\t<\/section>\n\t\t\t\t<\/div>","protected":false},"excerpt":{"rendered":"<p>W D\u014dj\u014d TAKE obowi\u0105zuje etykieta, kt\u00f3ra pomo\u017ce wam odnale\u017a\u0107 si\u0119 grupie i porusza\u0107 po sali: Wej\u015bcie do d\u014dj\u014d: Przekraczamy pr\u00f3g lew\u0105 nog\u0105, a nast\u0119pnie k\u0142aniamy si\u0119 w stron\u0119 kamizy (miejsce honorowe za prowadz\u0105cym, wyznaczone kaligrafi\u0105 TSKSR). Wychodz\u0105c z d\u014dj\u014d najpierw k\u0142aniamy si\u0119 w stron\u0119 kamizy, a nast\u0119pnie przekraczamy pr\u00f3g praw\u0105 nog\u0105. Miejsce na zbi\u00f3rce:\u00a0Podczas ustawiania [&hellip;]<\/p>\n","protected":false},"author":1,"featured_media":1173,"parent":0,"menu_order":18,"comment_status":"closed","ping_status":"closed","template":"","meta":{"_acf_changed":false,"site-sidebar-layout":"default","site-content-layout":"default","ast-site-content-layout":"default","site-content-style":"default","site-sidebar-style":"default","ast-global-header-display":"","ast-banner-title-visibility":"","ast-main-header-display":"","ast-hfb-above-header-display":"","ast-hfb-below-header-display":"","ast-hfb-mobile-header-display":"","site-post-title":"","ast-breadcrumbs-content":"","ast-featured-img":"","footer-sml-layout":"","ast-disable-related-posts":"","theme-transparent-header-meta":"default","adv-header-id-meta":"","stick-header-meta":"","header-above-stick-meta":"","header-main-stick-meta":"","header-below-stick-meta":"","astra-migrate-meta-layouts":"set","ast-page-background-enabled":"default","ast-page-background-meta":{"desktop":{"background-color":"var(--ast-global-color-4)","background-image":"","background-repeat":"repeat","background-position":"center center","background-size":"auto","background-attachment":"scroll","background-type":"","background-media":"","overlay-type":"","overlay-color":"","overlay-opacity":"","overlay-gradient":""},"tablet":{"background-color":"","background-image":"","background-repeat":"repeat","background-position":"center center","background-size":"auto","background-attachment":"scroll","background-type":"","background-media":"","overlay-type":"","overlay-color":"","overlay-opacity":"","overlay-gradient":""},"mobile":{"background-color":"","background-image":"","background-repeat":"repeat","background-position":"center center","background-size":"auto","background-attachment":"scroll","background-type":"","background-media":"","overlay-type":"","overlay-color":"","overlay-opacity":"","overlay-gradient":""}},"ast-content-background-meta":{"desktop":{"background-color":"var(--ast-global-color-5)","background-image":"","background-repeat":"repeat","background-position":"center center","background-size":"auto","background-attachment":"scroll","background-type":"","background-media":"","overlay-type":"","overlay-color":"","overlay-opacity":"","overlay-gradient":""},"tablet":{"background-color":"var(--ast-global-color-5)","background-image":"","background-repeat":"repeat","background-position":"center center","background-size":"auto","background-attachment":"scroll","background-type":"","background-media":"","overlay-type":"","overlay-color":"","overlay-opacity":"","overlay-gradient":""},"mobile":{"background-color":"var(--ast-global-color-5)","background-image":"","background-repeat":"repeat","background-position":"center center","background-size":"auto","background-attachment":"scroll","background-type":"","background-media":"","overlay-type":"","overlay-color":"","overlay-opacity":"","overlay-gradient":""}}},"class_list":["post-1171","page","type-page","status-publish","has-post-thumbnail","hentry"],"acf":[],"publishpress_future_workflow_manual_trigger":{"enabledWorkflows":[]},"_links":{"self":[{"href":"https:\/\/katorishintoryu.pl\/de\/wp-json\/wp\/v2\/pages\/1171","targetHints":{"allow":["GET"]}}],"collection":[{"href":"https:\/\/katorishintoryu.pl\/de\/wp-json\/wp\/v2\/pages"}],"about":[{"href":"https:\/\/katorishintoryu.pl\/de\/wp-json\/wp\/v2\/types\/page"}],"author":[{"embeddable":true,"href":"https:\/\/katorishintoryu.pl\/de\/wp-json\/wp\/v2\/users\/1"}],"replies":[{"embeddable":true,"href":"https:\/\/katorishintoryu.pl\/de\/wp-json\/wp\/v2\/comments?post=1171"}],"version-history":[{"count":203,"href":"https:\/\/katorishintoryu.pl\/de\/wp-json\/wp\/v2\/pages\/1171\/revisions"}],"predecessor-version":[{"id":16188,"href":"https:\/\/katorishintoryu.pl\/de\/wp-json\/wp\/v2\/pages\/1171\/revisions\/16188"}],"wp:featuredmedia":[{"embeddable":true,"href":"https:\/\/katorishintoryu.pl\/de\/wp-json\/wp\/v2\/media\/1173"}],"wp:attachment":[{"href":"https:\/\/katorishintoryu.pl\/de\/wp-json\/wp\/v2\/media?parent=1171"}],"curies":[{"name":"wp","href":"https:\/\/api.w.org\/{rel}","templated":true}]}}