{"id":12838,"date":"2023-11-14T20:38:33","date_gmt":"2023-11-14T19:38:33","guid":{"rendered":"https:\/\/katorishintoryu.pl\/?page_id=12838"},"modified":"2025-12-15T13:38:05","modified_gmt":"2025-12-15T12:38:05","slug":"einzeltraining","status":"publish","type":"page","link":"https:\/\/katorishintoryu.pl\/de\/treningi-indywidualne\/","title":{"rendered":"Individuelle Ausbildung"},"content":{"rendered":"<div data-elementor-type=\"wp-page\" data-elementor-id=\"12838\" class=\"elementor elementor-12838\" data-elementor-post-type=\"page\">\n\t\t\t\t<div class=\"elementor-element elementor-element-1b3dae3 e-flex e-con-boxed e-con e-parent\" data-id=\"1b3dae3\" data-element_type=\"container\" data-e-type=\"container\">\n\t\t\t\t\t<div class=\"e-con-inner\">\n\t\t\t\t<div class=\"elementor-element elementor-element-b65d1a0 elementor-widget elementor-widget-text-editor\" data-id=\"b65d1a0\" data-element_type=\"widget\" data-e-type=\"widget\" data-widget_type=\"text-editor.default\">\n\t\t\t\t<div class=\"elementor-widget-container\">\n\t\t\t\t\t\t\t\t\t<p>Entdecken Sie das Potenzial von Personal Training! Wir bieten Ihnen einen personalisierten Trainingsplan, der ausschlie\u00dflich auf Ihre Ziele, F\u00e4higkeiten und Bed\u00fcrfnisse zugeschnitten ist. Sie maximieren die Effektivit\u00e4t Ihrer Zeit im Fitnessstudio und konzentrieren sich auf Ihre eigene Entwicklung. Sie haben die M\u00f6glichkeit, sich auf die anspruchsvollsten Aufgaben zu konzentrieren, und das alles in Ihrem eigenen Tempo - ohne Eile.<\/p>\t\t\t\t\t\t\t\t<\/div>\n\t\t\t\t<\/div>\n\t\t\t\t<div class=\"elementor-element elementor-element-7fe4baa elementor-widget elementor-widget-heading\" data-id=\"7fe4baa\" data-element_type=\"widget\" data-e-type=\"widget\" data-widget_type=\"heading.default\">\n\t\t\t\t<div class=\"elementor-widget-container\">\n\t\t\t\t\t<h2 class=\"elementor-heading-title elementor-size-default\">Ausbildung<\/h2>\t\t\t\t<\/div>\n\t\t\t\t<\/div>\n\t\t\t\t<div class=\"elementor-element elementor-element-03af396 elementor-widget elementor-widget-text-editor\" data-id=\"03af396\" data-element_type=\"widget\" data-e-type=\"widget\" data-widget_type=\"text-editor.default\">\n\t\t\t\t<div class=\"elementor-widget-container\">\n\t\t\t\t\t\t\t\t\t<ul><li>Das Einzeltraining richtet sich an Personen, die mit dem japanischen Fechten beginnen wollen und an diejenigen, die bereits Katori praktizieren.<\/li><li>Die Schulungen k\u00f6nnen von 1 oder 2 Personen besucht werden.<\/li><li>Wir beginnen mit dem Erlernen von Schwertkampftechniken - Katana. F\u00fcr das Training benutzen wir eine h\u00f6lzerne Puppe oder ein Bokken.<\/li><li>Wenn Sie kein eigenes Bokken haben, stellen wir Ihnen ein Ersatzbokken f\u00fcr die Trainingseinheiten zur Verf\u00fcgung.<\/li><li>Die Teilnahme an einem Einf\u00fchrungsworkshop ist nicht erforderlich, um ein Einzelcoaching zu beginnen.<\/li><li>Einzelschulungen k\u00f6nnen den Einf\u00fchrungsworkshop ersetzen. Es sind mindestens 3 Stunden Einzeltraining erforderlich. Nach dieser Zeit k\u00f6nnen Sie an den Gruppentrainings teilnehmen.<\/li><li>Am Einzeltraining k\u00f6nnen j\u00fcngere Menschen als am Gruppentraining teilnehmen - ab dem Alter von 12 Jahren. Nach dem ersten Training k\u00f6nnen wir eine Entscheidung \u00fcber die Teilnahme des Jugendlichen an weiteren Einzeltrainingseinheiten treffen.<\/li><li>Wenn Sie regelm\u00e4\u00dfig an einem Einzeltraining teilnehmen m\u00f6chten, bitten wir Sie nach der ersten Unterrichtsstunde um folgende Angaben <a href=\"https:\/\/katorishintoryu.pl\/de\/anmeldung-2\/\" target=\"_blank\" rel=\"noopener\">Anmeldung<\/a>.<\/li><\/ul>\t\t\t\t\t\t\t\t<\/div>\n\t\t\t\t<\/div>\n\t\t\t\t<div class=\"elementor-element elementor-element-7a88768 elementor-widget elementor-widget-image-carousel\" data-id=\"7a88768\" data-element_type=\"widget\" data-e-type=\"widget\" data-settings=\"{&quot;slides_to_show&quot;:&quot;3&quot;,&quot;slides_to_show_tablet&quot;:&quot;3&quot;,&quot;slides_to_show_mobile&quot;:&quot;1&quot;,&quot;slides_to_scroll&quot;:&quot;3&quot;,&quot;slides_to_scroll_tablet&quot;:&quot;3&quot;,&quot;navigation&quot;:&quot;none&quot;,&quot;image_spacing_custom&quot;:{&quot;unit&quot;:&quot;px&quot;,&quot;size&quot;:18,&quot;sizes&quot;:[]},&quot;_animation&quot;:&quot;none&quot;,&quot;pause_on_hover&quot;:&quot;no&quot;,&quot;autoplay&quot;:&quot;yes&quot;,&quot;pause_on_interaction&quot;:&quot;yes&quot;,&quot;autoplay_speed&quot;:5000,&quot;infinite&quot;:&quot;yes&quot;,&quot;speed&quot;:500,&quot;image_spacing_custom_tablet&quot;:{&quot;unit&quot;:&quot;px&quot;,&quot;size&quot;:&quot;&quot;,&quot;sizes&quot;:[]}}\" data-widget_type=\"image-carousel.default\">\n\t\t\t\t<div class=\"elementor-widget-container\">\n\t\t\t\t\t\t\t<div class=\"elementor-image-carousel-wrapper swiper\" role=\"region\" aria-roledescription=\"carousel\" aria-label=\"Karussell der Bilder\" dir=\"ltr\">\n\t\t\t<div class=\"elementor-image-carousel swiper-wrapper\" aria-live=\"off\">\n\t\t\t\t\t\t\t\t<div class=\"swiper-slide\" role=\"group\" aria-roledescription=\"slide\" aria-label=\"1 z 5\"><a data-elementor-open-lightbox=\"yes\" data-elementor-lightbox-slideshow=\"7a88768\" data-e-action-hash=\"#elementor-action%3Aaction%3Dlightbox%26settings%3DeyJpZCI6MTM4NDEsInVybCI6Imh0dHBzOlwvXC9rYXRvcmlzaGludG9yeXUucGxcL3dwLWNvbnRlbnRcL3VwbG9hZHNcL3RyZW5pbmdpLWluZGl3aWR1YWxuZS1taWVjemEtNC1zY2FsZWQuanBnIiwic2xpZGVzaG93IjoiN2E4ODc2OCJ9\" href=\"https:\/\/katorishintoryu.pl\/wp-content\/uploads\/treningi-indiwidualne-miecza-4-scaled.jpg\"><figure class=\"swiper-slide-inner\"><img decoding=\"async\" class=\"swiper-slide-image\" src=\"https:\/\/katorishintoryu.pl\/wp-content\/uploads\/treningi-indiwidualne-miecza-4-1024x576.jpg\" alt=\"individuelles Schwerttraining (4)\" \/><\/figure><\/a><\/div><div class=\"swiper-slide\" role=\"group\" aria-roledescription=\"slide\" aria-label=\"2 z 5\"><a data-elementor-open-lightbox=\"yes\" data-elementor-lightbox-slideshow=\"7a88768\" data-e-action-hash=\"#elementor-action%3Aaction%3Dlightbox%26settings%3DeyJpZCI6MTM4NDIsInVybCI6Imh0dHBzOlwvXC9rYXRvcmlzaGludG9yeXUucGxcL3dwLWNvbnRlbnRcL3VwbG9hZHNcL3RyZW5pbmdpLWluZGl3aWR1YWxuZS1taWVjemEtMS1zY2FsZWQuanBnIiwic2xpZGVzaG93IjoiN2E4ODc2OCJ9\" href=\"https:\/\/katorishintoryu.pl\/wp-content\/uploads\/treningi-indiwidualne-miecza-1-scaled.jpg\"><figure class=\"swiper-slide-inner\"><img decoding=\"async\" class=\"swiper-slide-image\" src=\"https:\/\/katorishintoryu.pl\/wp-content\/uploads\/treningi-indiwidualne-miecza-1-1024x576.jpg\" alt=\"Individuelles Training mit dem Schwert (1)\" \/><\/figure><\/a><\/div><div class=\"swiper-slide\" role=\"group\" aria-roledescription=\"slide\" aria-label=\"3 z 5\"><a data-elementor-open-lightbox=\"yes\" data-elementor-lightbox-slideshow=\"7a88768\" data-e-action-hash=\"#elementor-action%3Aaction%3Dlightbox%26settings%3DeyJpZCI6MTM4NDQsInVybCI6Imh0dHBzOlwvXC9rYXRvcmlzaGludG9yeXUucGxcL3dwLWNvbnRlbnRcL3VwbG9hZHNcL3RyZW5pbmdpLWluZGl3aWR1YWxuZS1taWVjemEtMy5qcGciLCJzbGlkZXNob3ciOiI3YTg4NzY4In0%3D\" href=\"https:\/\/katorishintoryu.pl\/wp-content\/uploads\/treningi-indiwidualne-miecza-3.jpg\"><figure class=\"swiper-slide-inner\"><img decoding=\"async\" class=\"swiper-slide-image\" src=\"https:\/\/katorishintoryu.pl\/wp-content\/uploads\/treningi-indiwidualne-miecza-3-1024x580.jpg\" alt=\"Individuelle Schwertausbildung (3)\" \/><\/figure><\/a><\/div><div class=\"swiper-slide\" role=\"group\" aria-roledescription=\"slide\" aria-label=\"4 z 5\"><a data-elementor-open-lightbox=\"yes\" data-elementor-lightbox-slideshow=\"7a88768\" data-e-action-hash=\"#elementor-action%3Aaction%3Dlightbox%26settings%3DeyJpZCI6MTM5MDQsInVybCI6Imh0dHBzOlwvXC9rYXRvcmlzaGludG9yeXUucGxcL3dwLWNvbnRlbnRcL3VwbG9hZHNcL3RyZW5pbmdpLWluZGl3aWR1YWxuZS1taWVjemEtMTEtc2NhbGVkLmpwZyIsInNsaWRlc2hvdyI6IjdhODg3NjgifQ%3D%3D\" href=\"https:\/\/katorishintoryu.pl\/wp-content\/uploads\/treningi-indiwidualne-miecza-11-scaled.jpg\"><figure class=\"swiper-slide-inner\"><img decoding=\"async\" class=\"swiper-slide-image\" src=\"https:\/\/katorishintoryu.pl\/wp-content\/uploads\/treningi-indiwidualne-miecza-11-1024x576.jpg\" alt=\"individuelles Schwerttraining (11)\" \/><\/figure><\/a><\/div><div class=\"swiper-slide\" role=\"group\" aria-roledescription=\"slide\" aria-label=\"5 z 5\"><a data-elementor-open-lightbox=\"yes\" data-elementor-lightbox-slideshow=\"7a88768\" data-e-action-hash=\"#elementor-action%3Aaction%3Dlightbox%26settings%3DeyJpZCI6MTM5MDUsInVybCI6Imh0dHBzOlwvXC9rYXRvcmlzaGludG9yeXUucGxcL3dwLWNvbnRlbnRcL3VwbG9hZHNcL3RyZW5pbmdpLWluZGl3aWR1YWxuZS1taWVjemEtMTIuanBnIiwic2xpZGVzaG93IjoiN2E4ODc2OCJ9\" href=\"https:\/\/katorishintoryu.pl\/wp-content\/uploads\/treningi-indiwidualne-miecza-12.jpg\"><figure class=\"swiper-slide-inner\"><img decoding=\"async\" class=\"swiper-slide-image\" src=\"https:\/\/katorishintoryu.pl\/wp-content\/uploads\/treningi-indiwidualne-miecza-12-1024x576.jpg\" alt=\"individuelles Schwerttraining (12)\" \/><\/figure><\/a><\/div>\t\t\t<\/div>\n\t\t\t\t\t\t\t\n\t\t\t\t\t\t\t\t\t<\/div>\n\t\t\t\t\t\t<\/div>\n\t\t\t\t<\/div>\n\t\t\t\t<div class=\"elementor-element elementor-element-e957c9a elementor-widget elementor-widget-heading\" data-id=\"e957c9a\" data-element_type=\"widget\" data-e-type=\"widget\" data-widget_type=\"heading.default\">\n\t\t\t\t<div class=\"elementor-widget-container\">\n\t\t\t\t\t<h2 class=\"elementor-heading-title elementor-size-default\">Wo und wann?<\/h2>\t\t\t\t<\/div>\n\t\t\t\t<\/div>\n\t\t\t\t<div class=\"elementor-element elementor-element-cb8d50d elementor-widget elementor-widget-text-editor\" data-id=\"cb8d50d\" data-element_type=\"widget\" data-e-type=\"widget\" data-widget_type=\"text-editor.default\">\n\t\t\t\t<div class=\"elementor-widget-container\">\n\t\t\t\t\t\t\t\t\t<p>W\u00e4hrend des Schuljahres findet das Einzeltraining mittwochs und donnerstags in einem kleinen Raum mit Spiegeln an der Wand statt. <b>Smolensk-Stra\u00dfe 7<\/b>. Siehe <a href=\"https:\/\/katorishintoryu.pl\/de\/ausbildung\/smolensk\/\" target=\"_blank\" rel=\"noopener\">Zugangsdaten.\u00a0<\/a><\/p>\t\t\t\t\t\t\t\t<\/div>\n\t\t\t\t<\/div>\n\t\t\t\t<div class=\"elementor-element elementor-element-4286d38 elementor-widget elementor-widget-text-editor\" data-id=\"4286d38\" data-element_type=\"widget\" data-e-type=\"widget\" data-widget_type=\"text-editor.default\">\n\t\t\t\t<div class=\"elementor-widget-container\">\n\t\t\t\t\t\t\t\t\t<p>W\u00e4hrend der Ferienzeit finden die Schulungen im <strong>al. Powstania Warszawskiego 6<\/strong>. Siehe <a href=\"https:\/\/katorishintoryu.pl\/de\/ausbildung\/krakau-al-powstania-warszawskiego-6\/\" target=\"_blank\" rel=\"noopener\">Zugangsdaten.<\/a><\/p>\t\t\t\t\t\t\t\t<\/div>\n\t\t\t\t<\/div>\n\t\t<div class=\"elementor-element elementor-element-b300188 e-grid e-con-full e-con e-child\" data-id=\"b300188\" data-element_type=\"container\" data-e-type=\"container\">\n\t\t\t\t<div class=\"elementor-element elementor-element-eba2721 elementor-widget elementor-widget-image\" data-id=\"eba2721\" data-element_type=\"widget\" data-e-type=\"widget\" data-widget_type=\"image.default\">\n\t\t\t\t<div class=\"elementor-widget-container\">\n\t\t\t\t\t\t\t\t\t\t\t\t\t\t\t\t<a href=\"https:\/\/katorishintoryu.pl\/wp-content\/uploads\/treningi-indiwidualne-miecza-5-scaled.jpg\" data-elementor-open-lightbox=\"yes\" data-e-action-hash=\"#elementor-action%3Aaction%3Dlightbox%26settings%3DeyJpZCI6MTM3NDMsInVybCI6Imh0dHBzOlwvXC9rYXRvcmlzaGludG9yeXUucGxcL3dwLWNvbnRlbnRcL3VwbG9hZHNcL3RyZW5pbmdpLWluZGl3aWR1YWxuZS1taWVjemEtNS1zY2FsZWQuanBnIn0%3D\">\n\t\t\t\t\t\t\t<img loading=\"lazy\" decoding=\"async\" width=\"768\" height=\"433\" src=\"https:\/\/katorishintoryu.pl\/wp-content\/uploads\/treningi-indiwidualne-miecza-5-768x433.jpg\" class=\"attachment-medium_large size-medium_large wp-image-13743\" alt=\"\" srcset=\"https:\/\/katorishintoryu.pl\/wp-content\/uploads\/treningi-indiwidualne-miecza-5-768x433.jpg 768w, https:\/\/katorishintoryu.pl\/wp-content\/uploads\/treningi-indiwidualne-miecza-5-300x169.jpg 300w, https:\/\/katorishintoryu.pl\/wp-content\/uploads\/treningi-indiwidualne-miecza-5-1024x577.jpg 1024w, https:\/\/katorishintoryu.pl\/wp-content\/uploads\/treningi-indiwidualne-miecza-5-1536x866.jpg 1536w, https:\/\/katorishintoryu.pl\/wp-content\/uploads\/treningi-indiwidualne-miecza-5-2048x1155.jpg 2048w, https:\/\/katorishintoryu.pl\/wp-content\/uploads\/treningi-indiwidualne-miecza-5-18x10.jpg 18w\" sizes=\"auto, (max-width: 768px) 100vw, 768px\" \/>\t\t\t\t\t\t\t\t<\/a>\n\t\t\t\t\t\t\t\t\t\t\t\t\t\t\t<\/div>\n\t\t\t\t<\/div>\n\t\t\t\t<div class=\"elementor-element elementor-element-c9380f5 elementor-widget elementor-widget-image\" data-id=\"c9380f5\" data-element_type=\"widget\" data-e-type=\"widget\" data-widget_type=\"image.default\">\n\t\t\t\t<div class=\"elementor-widget-container\">\n\t\t\t\t\t\t\t\t\t\t\t\t\t\t\t\t<a href=\"https:\/\/katorishintoryu.pl\/wp-content\/uploads\/powstania-warszawskiego-sala-2-e1765802274851.jpg\" data-elementor-open-lightbox=\"yes\" data-e-action-hash=\"#elementor-action%3Aaction%3Dlightbox%26settings%3DeyJpZCI6MTQ1MDcsInVybCI6Imh0dHBzOlwvXC9rYXRvcmlzaGludG9yeXUucGxcL3dwLWNvbnRlbnRcL3VwbG9hZHNcL3Bvd3N0YW5pYS13YXJzemF3c2tpZWdvLXNhbGEtMi1lMTc2NTgwMjMyMjYwNS5qcGcifQ%3D%3D\">\n\t\t\t\t\t\t\t<img decoding=\"async\" src=\"https:\/\/katorishintoryu.pl\/wp-content\/uploads\/powstania-warszawskiego-sala-2-e1765802322605.jpg\" title=\"aufstand-warsawski-sala-2\" alt=\"aufstand-warsawski-sala-2\" loading=\"lazy\" \/>\t\t\t\t\t\t\t\t<\/a>\n\t\t\t\t\t\t\t\t\t\t\t\t\t\t\t<\/div>\n\t\t\t\t<\/div>\n\t\t\t\t<\/div>\n\t\t\t\t<div class=\"elementor-element elementor-element-64e8269 elementor-widget elementor-widget-heading\" data-id=\"64e8269\" data-element_type=\"widget\" data-e-type=\"widget\" data-widget_type=\"heading.default\">\n\t\t\t\t<div class=\"elementor-widget-container\">\n\t\t\t\t\t<h2 class=\"elementor-heading-title elementor-size-default\">Die Preisliste<\/h2>\t\t\t\t<\/div>\n\t\t\t\t<\/div>\n\t\t\t\t<div class=\"elementor-element elementor-element-adcee60 elementor-widget elementor-widget-text-editor\" data-id=\"adcee60\" data-element_type=\"widget\" data-e-type=\"widget\" data-widget_type=\"text-editor.default\">\n\t\t\t\t<div class=\"elementor-widget-container\">\n\t\t\t\t\t\t\t\t\t<ul><li>Pr\u00fcfen Sie die aktuellen Kosten auf <a href=\"https:\/\/katorishintoryu.pl\/de\/preisliste\/\" target=\"_blank\" rel=\"noopener\">preisliste<\/a>.<\/li><li>Die Zahlung kann in bar vor Ort oder per Bank\u00fcberweisung bis sp\u00e4testens 48 Stunden vor der Schulung erfolgen.\u00a0<\/li><li>Es ist m\u00f6glich, das Training zu verl\u00e4ngern, z.B. auf 1,5 oder 2 Stunden (Preis wird anteilig berechnet).<\/li><li>Es besteht auch die M\u00f6glichkeit, einen 10er-Pass zu erwerben, f\u00fcr den eine zus\u00e4tzliche Erm\u00e4\u00dfigung und eine bevorzugte Wahl der Trainingszeiten gilt.<\/li><li>Wenn ein Teilnehmer eine Schulung weniger als 24 Stunden vor dem geplanten Termin absagt, ist er verpflichtet, 90% die Kosten f\u00fcr die vers\u00e4umte Schulung zu zahlen.<\/li><li>F\u00fcr einzelne Trainingseinheiten gibt es keine Erm\u00e4\u00dfigungen, mit Ausnahme eines 10er-Passes.<\/li><\/ul>\t\t\t\t\t\t\t\t<\/div>\n\t\t\t\t<\/div>\n\t\t\t\t<div class=\"elementor-element elementor-element-d92298e elementor-widget elementor-widget-heading\" data-id=\"d92298e\" data-element_type=\"widget\" data-e-type=\"widget\" data-widget_type=\"heading.default\">\n\t\t\t\t<div class=\"elementor-widget-container\">\n\t\t\t\t\t<h2 class=\"elementor-heading-title elementor-size-default\">Geschenkgutschein<\/h2>\t\t\t\t<\/div>\n\t\t\t\t<\/div>\n\t\t\t\t<div class=\"elementor-element elementor-element-60c19e7 elementor-widget elementor-widget-text-editor\" data-id=\"60c19e7\" data-element_type=\"widget\" data-e-type=\"widget\" data-widget_type=\"text-editor.default\">\n\t\t\t\t<div class=\"elementor-widget-container\">\n\t\t\t\t\t\t\t\t\t<p>Wir bieten ein einzigartiges Gutscheindesign, das sich perfekt als Geschenk f\u00fcr jede Person eignet! Sie k\u00f6nnen einen Gutschein f\u00fcr eine oder zwei Personen f\u00fcr eine beliebige Anzahl von Stunden erwerben. Wir stellen Ihnen das notwendige Trainingsmaterial zur Verf\u00fcgung. Wir senden Ihnen den Gutschein elektronisch zum Ausdrucken im A5-Format zu.<\/p><p>Kontaktieren Sie uns, um Einzelheiten zu vereinbaren.<\/p>\t\t\t\t\t\t\t\t<\/div>\n\t\t\t\t<\/div>\n\t\t\t\t<div class=\"elementor-element elementor-element-eef49ac elementor-widget elementor-widget-image\" data-id=\"eef49ac\" data-element_type=\"widget\" data-e-type=\"widget\" data-widget_type=\"image.default\">\n\t\t\t\t<div class=\"elementor-widget-container\">\n\t\t\t\t\t\t\t\t\t\t\t\t\t\t\t\t<a href=\"https:\/\/katorishintoryu.pl\/wp-content\/uploads\/wzor-wzor-2025.jpg\" data-elementor-open-lightbox=\"yes\" data-e-action-hash=\"#elementor-action%3Aaction%3Dlightbox%26settings%3DeyJpZCI6MTQ0MzIsInVybCI6Imh0dHBzOlwvXC9rYXRvcmlzaGludG9yeXUucGxcL3dwLWNvbnRlbnRcL3VwbG9hZHNcL3d6b3Itd3pvci0yMDI1LmpwZyJ9\">\n\t\t\t\t\t\t\t<img loading=\"lazy\" decoding=\"async\" width=\"768\" height=\"541\" src=\"https:\/\/katorishintoryu.pl\/wp-content\/uploads\/wzor-wzor-2025-768x541.jpg\" class=\"attachment-medium_large size-medium_large wp-image-14432\" alt=\"\" srcset=\"https:\/\/katorishintoryu.pl\/wp-content\/uploads\/wzor-wzor-2025-768x541.jpg 768w, https:\/\/katorishintoryu.pl\/wp-content\/uploads\/wzor-wzor-2025-300x211.jpg 300w, https:\/\/katorishintoryu.pl\/wp-content\/uploads\/wzor-wzor-2025-1024x722.jpg 1024w, https:\/\/katorishintoryu.pl\/wp-content\/uploads\/wzor-wzor-2025-18x12.jpg 18w, https:\/\/katorishintoryu.pl\/wp-content\/uploads\/wzor-wzor-2025.jpg 1500w\" sizes=\"auto, (max-width: 768px) 100vw, 768px\" \/>\t\t\t\t\t\t\t\t<\/a>\n\t\t\t\t\t\t\t\t\t\t\t\t\t\t\t<\/div>\n\t\t\t\t<\/div>\n\t\t\t\t<div class=\"elementor-element elementor-element-40e7946 elementor-widget elementor-widget-heading\" data-id=\"40e7946\" data-element_type=\"widget\" data-e-type=\"widget\" data-widget_type=\"heading.default\">\n\t\t\t\t<div class=\"elementor-widget-container\">\n\t\t\t\t\t<h2 class=\"elementor-heading-title elementor-size-default\">Gastgeber<\/h2>\t\t\t\t<\/div>\n\t\t\t\t<\/div>\n\t\t\t\t<div class=\"elementor-element elementor-element-3f63719 elementor-widget elementor-widget-text-editor\" data-id=\"3f63719\" data-element_type=\"widget\" data-e-type=\"widget\" data-widget_type=\"text-editor.default\">\n\t\t\t\t<div class=\"elementor-widget-container\">\n\t\t\t\t\t\t\t\t\t<p>Individuelle Schulungen werden angeboten von <b>Sensei Mateusz Kuduk (3. Dan)<\/b> Chefausbilder und Gr\u00fcnder der TAKE Japanese Fencing School in Krakau. Sie k\u00f6nnen mehr \u00fcber ihn lesen unter <a href=\"https:\/\/katorishintoryu.pl\/de\/uber-uns\/ausbilder\/\" target=\"_blank\" rel=\"noopener\">Seite f\u00fcr Ausbilder.<\/a><\/p>\t\t\t\t\t\t\t\t<\/div>\n\t\t\t\t<\/div>\n\t\t\t\t<div class=\"elementor-element elementor-element-e5fd57c elementor-widget elementor-widget-image\" data-id=\"e5fd57c\" data-element_type=\"widget\" data-e-type=\"widget\" data-widget_type=\"image.default\">\n\t\t\t\t<div class=\"elementor-widget-container\">\n\t\t\t\t\t\t\t\t\t\t\t\t\t\t\t\t<a href=\"https:\/\/katorishintoryu.pl\/wp-content\/uploads\/sensei-Mateusz.jpg\" data-elementor-open-lightbox=\"yes\" data-e-action-hash=\"#elementor-action%3Aaction%3Dlightbox%26settings%3DeyJpZCI6MTM4MzEsInVybCI6Imh0dHBzOlwvXC9rYXRvcmlzaGludG9yeXUucGxcL3dwLWNvbnRlbnRcL3VwbG9hZHNcL3NlbnNlaS1NYXRldXN6LmpwZyJ9\">\n\t\t\t\t\t\t\t<img decoding=\"async\" width=\"300\" height=\"300\" src=\"https:\/\/katorishintoryu.pl\/wp-content\/uploads\/sensei-Mateusz-300x300.jpg\" class=\"attachment-medium size-medium wp-image-13831\" alt=\"\" loading=\"lazy\" srcset=\"https:\/\/katorishintoryu.pl\/wp-content\/uploads\/sensei-Mateusz-300x300.jpg 300w, https:\/\/katorishintoryu.pl\/wp-content\/uploads\/sensei-Mateusz-1024x1024.jpg 1024w, https:\/\/katorishintoryu.pl\/wp-content\/uploads\/sensei-Mateusz-150x150.jpg 150w, https:\/\/katorishintoryu.pl\/wp-content\/uploads\/sensei-Mateusz-768x768.jpg 768w, https:\/\/katorishintoryu.pl\/wp-content\/uploads\/sensei-Mateusz-12x12.jpg 12w, https:\/\/katorishintoryu.pl\/wp-content\/uploads\/sensei-Mateusz.jpg 1332w\" sizes=\"auto, (max-width: 300px) 100vw, 300px\" \/>\t\t\t\t\t\t\t\t<\/a>\n\t\t\t\t\t\t\t\t\t\t\t\t\t\t\t<\/div>\n\t\t\t\t<\/div>\n\t\t<div class=\"elementor-element elementor-element-c6b09a8 e-con-full e-flex e-con e-child\" data-id=\"c6b09a8\" data-element_type=\"container\" data-e-type=\"container\">\n\t\t\t\t<div class=\"elementor-element elementor-element-46983bb no-auto-link elementor-view-default elementor-position-block-start elementor-mobile-position-block-start elementor-widget elementor-widget-icon-box\" data-id=\"46983bb\" data-element_type=\"widget\" data-e-type=\"widget\" data-widget_type=\"icon-box.default\">\n\t\t\t\t<div class=\"elementor-widget-container\">\n\t\t\t\t\t\t\t<div class=\"elementor-icon-box-wrapper\">\n\n\t\t\t\t\t\t<div class=\"elementor-icon-box-icon\">\n\t\t\t\t<a href=\"tel:693696420\" class=\"elementor-icon\" tabindex=\"-1\" aria-label=\"Rufen Sie  an.\">\n\t\t\t\t<i aria-hidden=\"true\" class=\"fas fa-phone\"><\/i>\t\t\t\t<\/a>\n\t\t\t<\/div>\n\t\t\t\n\t\t\t\t\t\t<div class=\"elementor-icon-box-content\">\n\n\t\t\t\t\t\t\t\t\t<h3 class=\"elementor-icon-box-title\">\n\t\t\t\t\t\t<a href=\"tel:693696420\" >\n\t\t\t\t\t\t\tRufen Sie  an.\t\t\t\t\t\t<\/a>\n\t\t\t\t\t<\/h3>\n\t\t\t\t\n\t\t\t\t\t\t\t\t\t<p class=\"elementor-icon-box-description\">\n\t\t\t\t\t\t+48 693-696-420\n\n<\/br>Mo-Fr. 9.00-18.00  \t\t\t\t\t<\/p>\n\t\t\t\t\n\t\t\t<\/div>\n\t\t\t\n\t\t<\/div>\n\t\t\t\t\t\t<\/div>\n\t\t\t\t<\/div>\n\t\t\t\t<div class=\"elementor-element elementor-element-b1a0f22 no-auto-link elementor-view-default elementor-position-block-start elementor-mobile-position-block-start elementor-widget elementor-widget-icon-box\" data-id=\"b1a0f22\" data-element_type=\"widget\" data-e-type=\"widget\" data-widget_type=\"icon-box.default\">\n\t\t\t\t<div class=\"elementor-widget-container\">\n\t\t\t\t\t\t\t<div class=\"elementor-icon-box-wrapper\">\n\n\t\t\t\t\t\t<div class=\"elementor-icon-box-icon\">\n\t\t\t\t<a href=\"mailto:katori.poland@gmail.com?subject=Kontakt%20ze%20strony%20Katorishintoryu.pl\" class=\"elementor-icon\" tabindex=\"-1\" aria-label=\"Schreiben Sie eine E-Mail\">\n\t\t\t\t<i aria-hidden=\"true\" class=\"fas fa-envelope\"><\/i>\t\t\t\t<\/a>\n\t\t\t<\/div>\n\t\t\t\n\t\t\t\t\t\t<div class=\"elementor-icon-box-content\">\n\n\t\t\t\t\t\t\t\t\t<h3 class=\"elementor-icon-box-title\">\n\t\t\t\t\t\t<a href=\"mailto:katori.poland@gmail.com?subject=Kontakt%20ze%20strony%20Katorishintoryu.pl\" >\n\t\t\t\t\t\t\tSchreiben Sie eine E-Mail\t\t\t\t\t\t<\/a>\n\t\t\t\t\t<\/h3>\n\t\t\t\t\n\t\t\t\t\t\t\t\t\t<p class=\"elementor-icon-box-description\">\n\t\t\t\t\t\tkatori.poland@gmail.com\t\t\t\t\t<\/p>\n\t\t\t\t\n\t\t\t<\/div>\n\t\t\t\n\t\t<\/div>\n\t\t\t\t\t\t<\/div>\n\t\t\t\t<\/div>\n\t\t\t\t<\/div>\n\t\t\t\t\t<\/div>\n\t\t\t\t<\/div>\n\t\t\t\t<\/div>","protected":false},"excerpt":{"rendered":"<p>Odkryj potencja\u0142 trening\u00f3w indywidualnych! Oferujemy spersonalizowany plan treningowy, dostosowany wy\u0142\u0105cznie do Twoich cel\u00f3w, umiej\u0119tno\u015bci i potrzeb. Maksymalizujesz efektywno\u015b\u0107 swojego czasu na sali, skupiaj\u0105c si\u0119 na w\u0142asnym rozwoju. Mo\u017cliwo\u015b\u0107 koncentracji na najbardziej wymagaj\u0105cych fragmentach, wszystko to w Twoim tempie &#8211; bez po\u015bpiechu. Treningi Treningi indywidualne s\u0105 przeznaczone dla os\u00f3b, kt\u00f3re chc\u0105 zacz\u0105\u0107 swoj\u0105 przygod\u0119 z szermierk\u0105 [&hellip;]<\/p>\n","protected":false},"author":4,"featured_media":16392,"parent":0,"menu_order":12,"comment_status":"closed","ping_status":"closed","template":"","meta":{"_acf_changed":false,"site-sidebar-layout":"no-sidebar","site-content-layout":"page-builder","ast-site-content-layout":"full-width-container","site-content-style":"default","site-sidebar-style":"default","ast-global-header-display":"","ast-banner-title-visibility":"","ast-main-header-display":"","ast-hfb-above-header-display":"","ast-hfb-below-header-display":"","ast-hfb-mobile-header-display":"","site-post-title":"disabled","ast-breadcrumbs-content":"","ast-featured-img":"disabled","footer-sml-layout":"","ast-disable-related-posts":"","theme-transparent-header-meta":"default","adv-header-id-meta":"","stick-header-meta":"","header-above-stick-meta":"","header-main-stick-meta":"","header-below-stick-meta":"","astra-migrate-meta-layouts":"set","ast-page-background-enabled":"default","ast-page-background-meta":{"desktop":{"background-color":"var(--ast-global-color-4)","background-image":"","background-repeat":"repeat","background-position":"center center","background-size":"auto","background-attachment":"scroll","background-type":"","background-media":"","overlay-type":"","overlay-color":"","overlay-opacity":"","overlay-gradient":""},"tablet":{"background-color":"","background-image":"","background-repeat":"repeat","background-position":"center center","background-size":"auto","background-attachment":"scroll","background-type":"","background-media":"","overlay-type":"","overlay-color":"","overlay-opacity":"","overlay-gradient":""},"mobile":{"background-color":"","background-image":"","background-repeat":"repeat","background-position":"center center","background-size":"auto","background-attachment":"scroll","background-type":"","background-media":"","overlay-type":"","overlay-color":"","overlay-opacity":"","overlay-gradient":""}},"ast-content-background-meta":{"desktop":{"background-color":"var(--ast-global-color-5)","background-image":"","background-repeat":"repeat","background-position":"center center","background-size":"auto","background-attachment":"scroll","background-type":"","background-media":"","overlay-type":"","overlay-color":"","overlay-opacity":"","overlay-gradient":""},"tablet":{"background-color":"var(--ast-global-color-5)","background-image":"","background-repeat":"repeat","background-position":"center center","background-size":"auto","background-attachment":"scroll","background-type":"","background-media":"","overlay-type":"","overlay-color":"","overlay-opacity":"","overlay-gradient":""},"mobile":{"background-color":"var(--ast-global-color-5)","background-image":"","background-repeat":"repeat","background-position":"center center","background-size":"auto","background-attachment":"scroll","background-type":"","background-media":"","overlay-type":"","overlay-color":"","overlay-opacity":"","overlay-gradient":""}}},"class_list":["post-12838","page","type-page","status-publish","has-post-thumbnail","hentry"],"acf":[],"publishpress_future_workflow_manual_trigger":{"enabledWorkflows":[]},"_links":{"self":[{"href":"https:\/\/katorishintoryu.pl\/de\/wp-json\/wp\/v2\/pages\/12838","targetHints":{"allow":["GET"]}}],"collection":[{"href":"https:\/\/katorishintoryu.pl\/de\/wp-json\/wp\/v2\/pages"}],"about":[{"href":"https:\/\/katorishintoryu.pl\/de\/wp-json\/wp\/v2\/types\/page"}],"author":[{"embeddable":true,"href":"https:\/\/katorishintoryu.pl\/de\/wp-json\/wp\/v2\/users\/4"}],"replies":[{"embeddable":true,"href":"https:\/\/katorishintoryu.pl\/de\/wp-json\/wp\/v2\/comments?post=12838"}],"version-history":[{"count":212,"href":"https:\/\/katorishintoryu.pl\/de\/wp-json\/wp\/v2\/pages\/12838\/revisions"}],"predecessor-version":[{"id":16901,"href":"https:\/\/katorishintoryu.pl\/de\/wp-json\/wp\/v2\/pages\/12838\/revisions\/16901"}],"wp:featuredmedia":[{"embeddable":true,"href":"https:\/\/katorishintoryu.pl\/de\/wp-json\/wp\/v2\/media\/16392"}],"wp:attachment":[{"href":"https:\/\/katorishintoryu.pl\/de\/wp-json\/wp\/v2\/media?parent=12838"}],"curies":[{"name":"wp","href":"https:\/\/api.w.org\/{rel}","templated":true}]}}