{"id":13508,"date":"2024-02-20T17:17:18","date_gmt":"2024-02-20T16:17:18","guid":{"rendered":"https:\/\/katorishintoryu.pl\/?page_id=13508"},"modified":"2026-02-15T16:05:05","modified_gmt":"2026-02-15T15:05:05","slug":"geschichte","status":"publish","type":"page","link":"https:\/\/katorishintoryu.pl\/de\/historia\/","title":{"rendered":"Geschichte von Katori Shint\u014d-ry\u016b"},"content":{"rendered":"<div data-elementor-type=\"wp-page\" data-elementor-id=\"13508\" class=\"elementor elementor-13508\" data-elementor-post-type=\"page\">\n\t\t\t\t<div class=\"elementor-element elementor-element-56457a3 e-flex e-con-boxed e-con e-parent\" data-id=\"56457a3\" data-element_type=\"container\" data-e-type=\"container\">\n\t\t\t\t\t<div class=\"e-con-inner\">\n\t\t\t\t<div class=\"elementor-element elementor-element-d8ec65a elementor-widget elementor-widget-text-editor\" data-id=\"d8ec65a\" data-element_type=\"widget\" data-e-type=\"widget\" data-widget_type=\"text-editor.default\">\n\t\t\t\t<div class=\"elementor-widget-container\">\n\t\t\t\t\t\t\t\t\t<p>Tenshin Sh\u014dden Katori Shint\u014d-ry\u016b (kurz Katori) ist Japans \u00e4lteste Schule der Schwertkunst, einschlie\u00dflich der Kunst des Kampfes mit dem Katana-Schwert (kenjutsu), Stock<a href=\"https:\/\/katorishintoryu.pl\/de\/artikel\/kenjutsu\/\">kenjutsu<\/a>), mit einem Stock (<a href=\"https:\/\/katorishintoryu.pl\/de\/artikel\/die-kampfkunst-des-bojutsu\/\">b\u014djutsu<\/a>), goldfarben (naginatajutsu), Speer (s\u014djutsu) (siehe: <a href=\"https:\/\/katorishintoryu.pl\/de\/lehrplan\/\">Schulprogramm<\/a>).<\/p><p>Gegr\u00fcndet im 15. Jahrhundert, hat es durch direkte \u00dcberlieferung bis in die Gegenwart \u00fcberlebt und ist damit eines der am besten erhaltenen mittelalterlichen Kampfsysteme der Welt. Im Gegensatz zu modernen Kampfk\u00fcnsten wie iaid\u014d, aikid\u014d oder kend\u014d (dem sogenannten gendai b\u016bd\u014d) wurde es mit Blick auf die praktische Anwendung auf dem Schlachtfeld entwickelt und wird zu den sogenannten alten Samurai-Schulen (k\u014dry\u016b bujutsu) mit langer Tradition gez\u00e4hlt.<\/p>\t\t\t\t\t\t\t\t<\/div>\n\t\t\t\t<\/div>\n\t\t\t\t<div class=\"elementor-element elementor-element-cdd842e elementor-widget elementor-widget-image\" data-id=\"cdd842e\" data-element_type=\"widget\" data-e-type=\"widget\" data-widget_type=\"image.default\">\n\t\t\t\t<div class=\"elementor-widget-container\">\n\t\t\t\t\t\t\t\t\t\t\t\t<figure class=\"wp-caption\">\n\t\t\t\t\t\t\t\t\t\t<img loading=\"lazy\" decoding=\"async\" width=\"350\" height=\"494\" src=\"https:\/\/katorishintoryu.pl\/wp-content\/uploads\/katori-katori.jpg\" class=\"attachment-large size-large wp-image-254\" alt=\"\" srcset=\"https:\/\/katorishintoryu.pl\/wp-content\/uploads\/katori-katori.jpg 350w, https:\/\/katorishintoryu.pl\/wp-content\/uploads\/katori-katori-213x300.jpg 213w\" sizes=\"auto, (max-width: 350px) 100vw, 350px\" \/>\t\t\t\t\t\t\t\t\t\t\t<figcaption class=\"widget-image-caption wp-caption-text\">Tenshin Sh\u014dden Katori Shint\u014d-ry\u016b-Kalligraphie von Meister Goro Hatakeyama<\/figcaption>\n\t\t\t\t\t\t\t\t\t\t<\/figure>\n\t\t\t\t\t\t\t\t\t<\/div>\n\t\t\t\t<\/div>\n\t\t\t\t<div class=\"elementor-element elementor-element-50af7da elementor-widget elementor-widget-text-editor\" data-id=\"50af7da\" data-element_type=\"widget\" data-e-type=\"widget\" data-widget_type=\"text-editor.default\">\n\t\t\t\t<div class=\"elementor-widget-container\">\n\t\t\t\t\t\t\t\t\t<p>Nach Europa kam sie durch den Meister Yoshio Sugino (1904-1998), der zur Popularisierung der Schule in Japan (er choreografierte u. a. K\u00e4mpfe f\u00fcr Akira Kurosawas Filme und bildete Schauspieler wie Toshiro Mifune aus; au\u00dferdem f\u00fchrte er Katori Shint\u014d-ry\u016b an Schulen und Universit\u00e4ten ein) und international beitrug. Nach seinem Tod wurde sein Unterricht in Europa von seinem Assistenten und engen Sch\u00fcler Goro Hatakeyama (1928-2009) und seinem Erbensohn Sugino Yukihiro fortgesetzt.<\/p>\t\t\t\t\t\t\t\t<\/div>\n\t\t\t\t<\/div>\n\t\t\t\t<div class=\"elementor-element elementor-element-29ac09b elementor-widget elementor-widget-heading\" data-id=\"29ac09b\" data-element_type=\"widget\" data-e-type=\"widget\" data-widget_type=\"heading.default\">\n\t\t\t\t<div class=\"elementor-widget-container\">\n\t\t\t\t\t<h2 class=\"elementor-heading-title elementor-size-default\">Gr\u00fcnderin der Schule<\/h2>\t\t\t\t<\/div>\n\t\t\t\t<\/div>\n\t\t\t\t<div class=\"elementor-element elementor-element-e5e0e2d elementor-widget elementor-widget-text-editor\" data-id=\"e5e0e2d\" data-element_type=\"widget\" data-e-type=\"widget\" data-widget_type=\"text-editor.default\">\n\t\t\t\t<div class=\"elementor-widget-container\">\n\t\t\t\t\t\t\t\t\t<p>Iizasa \"Ch\u014disai\" Ienao (1387-1488) wurde in dem Dorf Iizasa in der Provinz Shimosa geboren. Er war ein versierter Speer- und Schwertk\u00e4mpfer im Dienste des Chiba-Klans. Nach dem Zusammenbruch seines Klans wanderte er lange Zeit durch das Land, bevor er sich schlie\u00dflich in der N\u00e4he des Katori-Tempels niederlie\u00df, der zu jener Zeit ein beliebtes Zentrum f\u00fcr Kampfk\u00fcnste war. Er wurde zum M\u00f6nch geweiht, erhielt den Namen Choisai und begann seine lange Ausbildung, die zur Gr\u00fcndung der Katori Shint\u014d-ry\u016b-Schule f\u00fchrte.<\/p>\t\t\t\t\t\t\t\t<\/div>\n\t\t\t\t<\/div>\n\t\t\t\t<div class=\"elementor-element elementor-element-a9a67ae elementor-widget elementor-widget-image\" data-id=\"a9a67ae\" data-element_type=\"widget\" data-e-type=\"widget\" data-widget_type=\"image.default\">\n\t\t\t\t<div class=\"elementor-widget-container\">\n\t\t\t\t\t\t\t\t\t\t\t\t<figure class=\"wp-caption\">\n\t\t\t\t\t\t\t\t\t\t<img loading=\"lazy\" decoding=\"async\" width=\"246\" height=\"300\" src=\"https:\/\/katorishintoryu.pl\/wp-content\/uploads\/2019\/05\/choisai-zalozyciel-katori.gif\" class=\"attachment-large size-large wp-image-234\" alt=\"\" \/>\t\t\t\t\t\t\t\t\t\t\t<figcaption class=\"widget-image-caption wp-caption-text\">Illustration von Iizasa \"Ch\u014disai\" Ienao<\/figcaption>\n\t\t\t\t\t\t\t\t\t\t<\/figure>\n\t\t\t\t\t\t\t\t\t<\/div>\n\t\t\t\t<\/div>\n\t\t\t\t<div class=\"elementor-element elementor-element-90a5055 elementor-widget elementor-widget-text-editor\" data-id=\"90a5055\" data-element_type=\"widget\" data-e-type=\"widget\" data-widget_type=\"text-editor.default\">\n\t\t\t\t<div class=\"elementor-widget-container\">\n\t\t\t\t\t\t\t\t\t<p>\u00dcber sein Leben sind zahlreiche (oft widerspr\u00fcchliche) Geschichten bekannt. Es ist bekannt, dass er bereits in seiner Jugend einer der Lehrer des Shoguns Ashikaga Yoshimasa (1436-1490) war. Au\u00dferdem bekleidete er eine Zeit lang das Amt des Gouverneurs der Provinz Yamashito. Einigen Aufzeichnungen zufolge war er auch ein Experte der Mus\u014d Jikiden Ry\u016b Yawaragi und war der siebte Hauptlehrer dieser Schule (\"Yawara oder Yawaragi\" ist ein \u00e4lterer Begriff f\u00fcr Jujutsu).<\/p>\t\t\t\t\t\t\t\t<\/div>\n\t\t\t\t<\/div>\n\t\t\t\t<div class=\"elementor-element elementor-element-8d17fd7 elementor-widget elementor-widget-image\" data-id=\"8d17fd7\" data-element_type=\"widget\" data-e-type=\"widget\" data-widget_type=\"image.default\">\n\t\t\t\t<div class=\"elementor-widget-container\">\n\t\t\t\t\t\t\t\t\t\t\t\t<figure class=\"wp-caption\">\n\t\t\t\t\t\t\t\t\t\t<img decoding=\"async\" width=\"300\" height=\"300\" src=\"https:\/\/katorishintoryu.pl\/wp-content\/uploads\/grub-swiatynia-katori-300x300.jpg\" class=\"attachment-medium size-medium wp-image-264\" alt=\"\" loading=\"lazy\" srcset=\"https:\/\/katorishintoryu.pl\/wp-content\/uploads\/grub-swiatynia-katori-300x300.jpg 300w, https:\/\/katorishintoryu.pl\/wp-content\/uploads\/grub-swiatynia-katori-150x150.jpg 150w, https:\/\/katorishintoryu.pl\/wp-content\/uploads\/grub-swiatynia-katori-768x768.jpg 768w, https:\/\/katorishintoryu.pl\/wp-content\/uploads\/grub-swiatynia-katori.jpg 900w\" sizes=\"auto, (max-width: 300px) 100vw, 300px\" \/>\t\t\t\t\t\t\t\t\t\t\t<figcaption class=\"widget-image-caption wp-caption-text\">Grabmal des Gr\u00fcnders der Schule, Iizasa \"Ch\u014disai\" Ienao<\/figcaption>\n\t\t\t\t\t\t\t\t\t\t<\/figure>\n\t\t\t\t\t\t\t\t\t<\/div>\n\t\t\t\t<\/div>\n\t\t\t\t<div class=\"elementor-element elementor-element-7f283a6 elementor-widget elementor-widget-heading\" data-id=\"7f283a6\" data-element_type=\"widget\" data-e-type=\"widget\" data-widget_type=\"heading.default\">\n\t\t\t\t<div class=\"elementor-widget-container\">\n\t\t\t\t\t<h2 class=\"elementor-heading-title elementor-size-default\">Legende \u00fcber die Urspr\u00fcnge der Schule<\/h2>\t\t\t\t<\/div>\n\t\t\t\t<\/div>\n\t\t\t\t<div class=\"elementor-element elementor-element-62f04c6 elementor-widget elementor-widget-text-editor\" data-id=\"62f04c6\" data-element_type=\"widget\" data-e-type=\"widget\" data-widget_type=\"text-editor.default\">\n\t\t\t\t<div class=\"elementor-widget-container\">\n\t\t\t\t\t\t\t\t\t<p>Der Legende nach begann Ch\u014disai im Alter von 60 Jahren ein intensives, einsames, 1.000-t\u00e4giges Training im Katori-Tempel, wo er Tag und Nacht Kampftechniken \u00fcbte, bis ihm eines Tages, als er vor Ersch\u00f6pfung zusammenbrach und in einen Schlummer fiel, der Kami (Gottheit) des Tempels im Traum erschien und ihm eine Schriftrolle des Mokuroku Heiho no Shinsho \u00fcbergab, die Beschreibungen aller Techniken und Kata enthielt.<\/p>\t\t\t\t\t\t\t\t<\/div>\n\t\t\t\t<\/div>\n\t\t\t\t<div class=\"elementor-element elementor-element-c85cca9 elementor-widget elementor-widget-image\" data-id=\"c85cca9\" data-element_type=\"widget\" data-e-type=\"widget\" data-widget_type=\"image.default\">\n\t\t\t\t<div class=\"elementor-widget-container\">\n\t\t\t\t\t\t\t\t\t\t\t\t<figure class=\"wp-caption\">\n\t\t\t\t\t\t\t\t\t\t<img decoding=\"async\" width=\"600\" height=\"361\" src=\"https:\/\/katorishintoryu.pl\/wp-content\/uploads\/Katori-Shinto-ryu-swiatynia-2.jpg\" class=\"attachment-large size-large wp-image-271\" alt=\"\" loading=\"lazy\" srcset=\"https:\/\/katorishintoryu.pl\/wp-content\/uploads\/Katori-Shinto-ryu-swiatynia-2.jpg 600w, https:\/\/katorishintoryu.pl\/wp-content\/uploads\/Katori-Shinto-ryu-swiatynia-2-300x181.jpg 300w\" sizes=\"auto, (max-width: 600px) 100vw, 600px\" \/>\t\t\t\t\t\t\t\t\t\t\t<figcaption class=\"widget-image-caption wp-caption-text\">Katori-Tempel - Katori Jing\u016b<\/figcaption>\n\t\t\t\t\t\t\t\t\t\t<\/figure>\n\t\t\t\t\t\t\t\t\t<\/div>\n\t\t\t\t<\/div>\n\t\t\t\t<div class=\"elementor-element elementor-element-8f654e0 elementor-widget elementor-widget-text-editor\" data-id=\"8f654e0\" data-element_type=\"widget\" data-e-type=\"widget\" data-widget_type=\"text-editor.default\">\n\t\t\t\t<div class=\"elementor-widget-container\">\n\t\t\t\t\t\t\t\t\t<p>Von diesem wundersamen Traum stammt der Name der Schule von Tenshin Sh\u014dden Katori Shint\u014d-ry\u016b, was frei \u00fcbersetzt \"Der g\u00f6ttlich wahrhaftige Weg der Gottheit des Katori-Tempels\" bedeutet. Diese Legende ist typisch f\u00fcr die damalige Zeit, in der viele Schwertk\u00e4mpfer ihre au\u00dfergew\u00f6hnlichen F\u00e4higkeiten auf den Kontakt mit Kami zur\u00fcckf\u00fchrten.<\/p>\t\t\t\t\t\t\t\t<\/div>\n\t\t\t\t<\/div>\n\t\t\t\t<div class=\"elementor-element elementor-element-61b14be elementor-widget elementor-widget-image\" data-id=\"61b14be\" data-element_type=\"widget\" data-e-type=\"widget\" data-widget_type=\"image.default\">\n\t\t\t\t<div class=\"elementor-widget-container\">\n\t\t\t\t\t\t\t\t\t\t\t\t<figure class=\"wp-caption\">\n\t\t\t\t\t\t\t\t\t\t<img decoding=\"async\" width=\"300\" height=\"300\" src=\"https:\/\/katorishintoryu.pl\/wp-content\/uploads\/losy-szkoly-katori-300x300.jpg\" class=\"attachment-medium size-medium wp-image-263\" alt=\"\" loading=\"lazy\" srcset=\"https:\/\/katorishintoryu.pl\/wp-content\/uploads\/losy-szkoly-katori-300x300.jpg 300w, https:\/\/katorishintoryu.pl\/wp-content\/uploads\/losy-szkoly-katori-150x150.jpg 150w, https:\/\/katorishintoryu.pl\/wp-content\/uploads\/losy-szkoly-katori-768x771.jpg 768w, https:\/\/katorishintoryu.pl\/wp-content\/uploads\/losy-szkoly-katori.jpg 900w\" sizes=\"auto, (max-width: 300px) 100vw, 300px\" \/>\t\t\t\t\t\t\t\t\t\t\t<figcaption class=\"widget-image-caption wp-caption-text\">Platz vor dem Katori-Tempel<\/figcaption>\n\t\t\t\t\t\t\t\t\t\t<\/figure>\n\t\t\t\t\t\t\t\t\t<\/div>\n\t\t\t\t<\/div>\n\t\t\t\t<div class=\"elementor-element elementor-element-6af158e elementor-widget elementor-widget-heading\" data-id=\"6af158e\" data-element_type=\"widget\" data-e-type=\"widget\" data-widget_type=\"heading.default\">\n\t\t\t\t<div class=\"elementor-widget-container\">\n\t\t\t\t\t<h2 class=\"elementor-heading-title elementor-size-default\">Das Schicksal der Schule<\/h2>\t\t\t\t<\/div>\n\t\t\t\t<\/div>\n\t\t\t\t<div class=\"elementor-element elementor-element-09056fe elementor-widget elementor-widget-text-editor\" data-id=\"09056fe\" data-element_type=\"widget\" data-e-type=\"widget\" data-widget_type=\"text-editor.default\">\n\t\t\t\t<div class=\"elementor-widget-container\">\n\t\t\t\t\t\t\t\t\t<p>Urspr\u00fcnglich wurden die Katori Shint\u014d-ry\u016b-Techniken durch die Familie Iizasa weitergegeben. Das Amt des Schulleiters hat derzeit der 21. Schulleiter Kota Iizasa inne, der es von seinem Vorg\u00e4nger, dem 20. Yasusada Iizasa hatte aus gesundheitlichen Gr\u00fcnden aufgeh\u00f6rt, aktiv Kampfk\u00fcnste zu praktizieren, und hatte den Unterricht zuvor Meister Risuke \u014ctake anvertraut. Dieser wiederum erkl\u00e4rte nach seinem R\u00fccktritt seinen \u00e4ltesten Sohn Nobutoshi \u014ctake zu seinem Nachfolger, w\u00e4hrend er seinem j\u00fcngeren Sohn Ky\u014ds\u014d Shigetoshi den Titel des Shihan-dai verlieh. Im Jahr 2017 erhielt Ky\u014ds\u014d Shigetoshi den vollwertigen Titel eines shihan (leitender Lehrer) und wurde ein offizieller Vertreter der Schule. Sein \u00e4lterer Bruder Nobutoshi \u014ctake wurde am 9. Dezember 2018 von der Schule verwiesen.<\/p>\t\t\t\t\t\t\t\t<\/div>\n\t\t\t\t<\/div>\n\t\t\t\t<div class=\"elementor-element elementor-element-cf08d5f elementor-widget elementor-widget-heading\" data-id=\"cf08d5f\" data-element_type=\"widget\" data-e-type=\"widget\" data-widget_type=\"heading.default\">\n\t\t\t\t<div class=\"elementor-widget-container\">\n\t\t\t\t\t<h2 class=\"elementor-heading-title elementor-size-default\">Ber\u00fchmte Schwertk\u00e4mpfer und der Einfluss von Katori Shint\u014d-ry\u016b auf andere Schulen<\/h2>\t\t\t\t<\/div>\n\t\t\t\t<\/div>\n\t\t\t\t<div class=\"elementor-element elementor-element-fe57f0a elementor-widget elementor-widget-text-editor\" data-id=\"fe57f0a\" data-element_type=\"widget\" data-e-type=\"widget\" data-widget_type=\"text-editor.default\">\n\t\t\t\t<div class=\"elementor-widget-container\">\n\t\t\t\t\t\t\t\t\t<p>Viele der damaligen Kampfschulen entwickelten sich aus der Katori Shint\u014d-ry\u016b. Mehrere ber\u00fchmte Schwertk\u00e4mpfer (darunter Tsukahara Bokuden und Matsumoto Bizen no kami Masanobu), die direkt von Ch\u014disai oder seinen Nachfolgern lernten, gr\u00fcndeten ihre eigenen Schulen, wobei sie Variationen des Namens verwendeten, z.B: Shint\u014d mit verschiedenen Schriftzeichen geschrieben - Kashima Shint\u014d-ry\u016b (Bokuden-ry\u016b), Kashima-ry\u016b, Kashima shin-ry\u016b (gegr\u00fcndet von Matsumoto), Arima-ry\u016b, Ichiu-ry\u016b, Shigen-ry\u016b.<\/p>\t\t\t\t\t\t\t\t<\/div>\n\t\t\t\t<\/div>\n\t\t\t\t<div class=\"elementor-element elementor-element-48d2cf8 elementor-widget elementor-widget-heading\" data-id=\"48d2cf8\" data-element_type=\"widget\" data-e-type=\"widget\" data-widget_type=\"heading.default\">\n\t\t\t\t<div class=\"elementor-widget-container\">\n\t\t\t\t\t<h2 class=\"elementor-heading-title elementor-size-default\">Merkmale des Stils<\/h2>\t\t\t\t<\/div>\n\t\t\t\t<\/div>\n\t\t\t\t<div class=\"elementor-element elementor-element-5e0846a elementor-widget elementor-widget-text-editor\" data-id=\"5e0846a\" data-element_type=\"widget\" data-e-type=\"widget\" data-widget_type=\"text-editor.default\">\n\t\t\t\t<div class=\"elementor-widget-container\">\n\t\t\t\t\t\t\t\t\t<p>Die Katori Shint\u014d-ry\u016b-Techniken waren f\u00fcr den Einsatz auf dem Schlachtfeld f\u00fcr den vollbewaffneten Kampf gedacht. Die breiten und stabilen Stellungen sollten ein sicheres Bewegen \u00fcber unebenes Gel\u00e4nde erm\u00f6glichen und eine ausreichende Schnittkraft bieten. Im Gegensatz zum Sportkampf zielt der Angriff hier auf Bereiche, die nicht von der R\u00fcstung bedeckt sind (L\u00fccken in der R\u00fcstung, so genannte Suki). Die Schule legt den gr\u00f6\u00dften Wert auf das Erlernen von Schwerttechniken (Katana), aber die Ausbildung sollte die Samurai (jap. bushi) auch auf den Kampf mit anderen Waffen und in Ermangelung dieser auf den Nahkampf vorbereiten (siehe:\u00a0<a href=\"https:\/\/katorishintoryu.pl\/de\/lehrplan\/\" target=\"_blank\" rel=\"noopener\">Schulprogramm<\/a>).<\/p>\t\t\t\t\t\t\t\t<\/div>\n\t\t\t\t<\/div>\n\t\t\t\t<div class=\"elementor-element elementor-element-6c08e6a elementor-widget elementor-widget-image\" data-id=\"6c08e6a\" data-element_type=\"widget\" data-e-type=\"widget\" data-widget_type=\"image.default\">\n\t\t\t\t<div class=\"elementor-widget-container\">\n\t\t\t\t\t\t\t\t\t\t\t\t<figure class=\"wp-caption\">\n\t\t\t\t\t\t\t\t\t\t<img decoding=\"async\" width=\"92\" height=\"300\" src=\"https:\/\/katorishintoryu.pl\/wp-content\/uploads\/bronie-w-katori-92x300.jpg\" class=\"attachment-medium size-medium wp-image-276\" alt=\"\" loading=\"lazy\" \/>\t\t\t\t\t\t\t\t\t\t\t<figcaption class=\"widget-image-caption wp-caption-text\">In Katori Shint\u014d-ry\u016b verwendete Waffen<\/figcaption>\n\t\t\t\t\t\t\t\t\t\t<\/figure>\n\t\t\t\t\t\t\t\t\t<\/div>\n\t\t\t\t<\/div>\n\t\t\t\t<div class=\"elementor-element elementor-element-4a5c576 elementor-widget elementor-widget-text-editor\" data-id=\"4a5c576\" data-element_type=\"widget\" data-e-type=\"widget\" data-widget_type=\"text-editor.default\">\n\t\t\t\t<div class=\"elementor-widget-container\">\n\t\t\t\t\t\t\t\t\t<p>Katori Shint\u014d-ry\u016b ist f\u00fcr seine \u00e4u\u00dferst originelle und effektive Trainingsmethode bekannt. Sie basiert auf dem Erlernen von Techniken, die in \u00dcbungsanordnungen (Kata) f\u00fcr zwei Personen angeordnet sind, wobei Schnitte statt des K\u00f6rpers auf die \u00dcbungswaffe abgeleitet werden (was f\u00e4lschlicherweise als hartes Blocken wahrgenommen wird), um ein sicheres, aber ununterbrochenes Training bei voller Geschwindigkeit und Kraft zu erm\u00f6glichen. Dieser Ansatz hat es erm\u00f6glicht, Dutzende von Techniken und Praktiken in jede Kata einzubauen, die mit der Zeit intuitiv und reflexiv f\u00fcr die \u00dcbenden werden.<\/p>\t\t\t\t\t\t\t\t<\/div>\n\t\t\t\t<\/div>\n\t\t\t\t<div class=\"elementor-element elementor-element-9ef9734 elementor-widget elementor-widget-heading\" data-id=\"9ef9734\" data-element_type=\"widget\" data-e-type=\"widget\" data-widget_type=\"heading.default\">\n\t\t\t\t<div class=\"elementor-widget-container\">\n\t\t\t\t\t<h2 class=\"elementor-heading-title elementor-size-default\">Zeitgen\u00f6ssische Meister<\/h2>\t\t\t\t<\/div>\n\t\t\t\t<\/div>\n\t\t\t\t<div class=\"elementor-element elementor-element-a30236b elementor-widget elementor-widget-text-editor\" data-id=\"a30236b\" data-element_type=\"widget\" data-e-type=\"widget\" data-widget_type=\"text-editor.default\">\n\t\t\t\t<div class=\"elementor-widget-container\">\n\t\t\t\t\t\t\t\t\t<ul><li><strong>Ky\u014ds\u014d Shigetoshi<\/strong>\u00a0- derzeit Chefausbilder der Schule und j\u00fcngster Sohn des fr\u00fcheren Shihan Risuke \u014ctake.<\/li><li><span style=\"font-weight: bold;\">Nobutoshi \u014ctake<\/span>\u00a0- ehemaliger Hauptlehrer der Schule und \u00e4ltester Sohn von Risuke \u014ctake<span style=\"font-weight: bold;\">.\u00a0<\/span>Er war offiziell\u00a0<a href=\"http:\/\/katori-shintoryu.jp\/en\/important-message\/\" target=\"_blank\" rel=\"noopener\">vertrieben<\/a>\u00a0Von der Schule am 9. Dezember 2018.<\/li><li><span style=\"font-weight: bold;\">Risuke \u014ctake<\/span>\u00a0(1926-2021) - der fr\u00fchere Hauptlehrer der Schule. Er nahm Unterricht bei Hayashi Yazaemon (1892-1964). Trotz seiner Pensionierung lebte und unterrichtete er weiterhin in der N\u00e4he der Stadt Narita in der Pr\u00e4fektur Chiba, Japan. Er starb im Alter von 95 Jahren in Narita.<\/li><li><strong>Yukihiro Sugino<\/strong>\u00a0(1937-) - wurde in Kawasaki geboren und hat den 9. Dan. Er wurde von Iizasa Yasusada zum offiziellen Vertreter des Katori Shint\u014d-ry\u016b-Zweiges ernannt. Er setzt die Lehre und die Traditionen fort, die sein Vater Yoshio Sugino in seinem d\u014dj\u014d in Kawasaki, Japan, an ihn weitergegeben hat.<\/li><li><strong>Yoshio Sugino<\/strong>\u00a0(1904-1998) - hatte den Rang des 10. Dan inne. Dan. Verantwortlich f\u00fcr das Aufbl\u00fchen und die Popularisierung des Katori Shint\u014d-ry\u016b in Japan. Seine Linie wird derzeit von seinem Sohn Sugino Yukihiro weitergef\u00fchrt.<\/li><li><strong>Goro Hatakeyama<\/strong> (1928-2009) - Assistent und enger Sch\u00fcler von Yoshio Sugino. Er hatte den Rang des Menkyo Kaiden (9. Dan) inne und leitete zahlreiche Seminare in Europa (einschlie\u00dflich Polen) und Nordamerika. Seine Lehrt\u00e4tigkeit wird von seinen Sch\u00fclern fortgesetzt. F\u00fcnf von ihnen (darunter Sergio Mor Stabilini, Andrea Re) verlieh er den Rang des 7. Dan (Menkyo Okuden).<\/li><\/ul>\t\t\t\t\t\t\t\t<\/div>\n\t\t\t\t<\/div>\n\t\t\t\t\t<\/div>\n\t\t\t\t<\/div>\n\t\t\t\t<\/div>","protected":false},"excerpt":{"rendered":"<p>Tenshin Sh\u014dden Katori Shint\u014d-ry\u016b (w skr\u00f3cie Katori) to najstarsza japo\u0144ska szko\u0142a szermierki, obejmuj\u0105ca m. in. sztuk\u0119 walki mieczem katan\u0105 (kenjutsu), kijem (b\u014djutsu), glewi\u0105 (naginatajutsu), w\u0142\u00f3czni\u0105 (s\u014djutsu) (patrz: program szko\u0142y). Za\u0142o\u017cona w XV wieku, przetrwa\u0142a po dzi\u015b dzie\u0144 za spraw\u0105 bezpo\u015bredniego przekazu, dzi\u0119ki czemu jest obecnie jednym z najlepiej zachowanych \u015bredniowiecznych system\u00f3w bojowych na \u015bwiecie. W [&hellip;]<\/p>\n","protected":false},"author":4,"featured_media":253,"parent":0,"menu_order":23,"comment_status":"closed","ping_status":"closed","template":"","meta":{"_acf_changed":false,"site-sidebar-layout":"no-sidebar","site-content-layout":"page-builder","ast-site-content-layout":"full-width-container","site-content-style":"default","site-sidebar-style":"default","ast-global-header-display":"","ast-banner-title-visibility":"","ast-main-header-display":"","ast-hfb-above-header-display":"","ast-hfb-below-header-display":"","ast-hfb-mobile-header-display":"","site-post-title":"disabled","ast-breadcrumbs-content":"","ast-featured-img":"disabled","footer-sml-layout":"","ast-disable-related-posts":"","theme-transparent-header-meta":"default","adv-header-id-meta":"","stick-header-meta":"","header-above-stick-meta":"","header-main-stick-meta":"","header-below-stick-meta":"","astra-migrate-meta-layouts":"set","ast-page-background-enabled":"default","ast-page-background-meta":{"desktop":{"background-color":"var(--ast-global-color-4)","background-image":"","background-repeat":"repeat","background-position":"center center","background-size":"auto","background-attachment":"scroll","background-type":"","background-media":"","overlay-type":"","overlay-color":"","overlay-opacity":"","overlay-gradient":""},"tablet":{"background-color":"","background-image":"","background-repeat":"repeat","background-position":"center center","background-size":"auto","background-attachment":"scroll","background-type":"","background-media":"","overlay-type":"","overlay-color":"","overlay-opacity":"","overlay-gradient":""},"mobile":{"background-color":"","background-image":"","background-repeat":"repeat","background-position":"center center","background-size":"auto","background-attachment":"scroll","background-type":"","background-media":"","overlay-type":"","overlay-color":"","overlay-opacity":"","overlay-gradient":""}},"ast-content-background-meta":{"desktop":{"background-color":"var(--ast-global-color-5)","background-image":"","background-repeat":"repeat","background-position":"center center","background-size":"auto","background-attachment":"scroll","background-type":"","background-media":"","overlay-type":"","overlay-color":"","overlay-opacity":"","overlay-gradient":""},"tablet":{"background-color":"var(--ast-global-color-5)","background-image":"","background-repeat":"repeat","background-position":"center center","background-size":"auto","background-attachment":"scroll","background-type":"","background-media":"","overlay-type":"","overlay-color":"","overlay-opacity":"","overlay-gradient":""},"mobile":{"background-color":"var(--ast-global-color-5)","background-image":"","background-repeat":"repeat","background-position":"center center","background-size":"auto","background-attachment":"scroll","background-type":"","background-media":"","overlay-type":"","overlay-color":"","overlay-opacity":"","overlay-gradient":""}}},"class_list":["post-13508","page","type-page","status-publish","has-post-thumbnail","hentry"],"acf":[],"publishpress_future_workflow_manual_trigger":{"enabledWorkflows":[]},"_links":{"self":[{"href":"https:\/\/katorishintoryu.pl\/de\/wp-json\/wp\/v2\/pages\/13508","targetHints":{"allow":["GET"]}}],"collection":[{"href":"https:\/\/katorishintoryu.pl\/de\/wp-json\/wp\/v2\/pages"}],"about":[{"href":"https:\/\/katorishintoryu.pl\/de\/wp-json\/wp\/v2\/types\/page"}],"author":[{"embeddable":true,"href":"https:\/\/katorishintoryu.pl\/de\/wp-json\/wp\/v2\/users\/4"}],"replies":[{"embeddable":true,"href":"https:\/\/katorishintoryu.pl\/de\/wp-json\/wp\/v2\/comments?post=13508"}],"version-history":[{"count":28,"href":"https:\/\/katorishintoryu.pl\/de\/wp-json\/wp\/v2\/pages\/13508\/revisions"}],"predecessor-version":[{"id":17028,"href":"https:\/\/katorishintoryu.pl\/de\/wp-json\/wp\/v2\/pages\/13508\/revisions\/17028"}],"wp:featuredmedia":[{"embeddable":true,"href":"https:\/\/katorishintoryu.pl\/de\/wp-json\/wp\/v2\/media\/253"}],"wp:attachment":[{"href":"https:\/\/katorishintoryu.pl\/de\/wp-json\/wp\/v2\/media?parent=13508"}],"curies":[{"name":"wp","href":"https:\/\/api.w.org\/{rel}","templated":true}]}}