{"id":15581,"date":"2025-06-21T20:03:08","date_gmt":"2025-06-21T18:03:08","guid":{"rendered":"https:\/\/katorishintoryu.pl\/?page_id=15581"},"modified":"2025-09-19T19:22:07","modified_gmt":"2025-09-19T17:22:07","slug":"meinungen","status":"publish","type":"page","link":"https:\/\/katorishintoryu.pl\/de\/opinie\/","title":{"rendered":"Stellungnahmen"},"content":{"rendered":"<div data-elementor-type=\"wp-page\" data-elementor-id=\"15581\" class=\"elementor elementor-15581\" data-elementor-post-type=\"page\">\n\t\t\t\t<div class=\"elementor-element elementor-element-6384bee e-flex e-con-boxed e-con e-parent\" data-id=\"6384bee\" data-element_type=\"container\" data-e-type=\"container\">\n\t\t\t\t\t<div class=\"e-con-inner\">\n\t\t\t\t<div class=\"elementor-element elementor-element-d930e72 elementor-widget elementor-widget-shortcode\" data-id=\"d930e72\" data-element_type=\"widget\" data-e-type=\"widget\" data-widget_type=\"shortcode.default\">\n\t\t\t\t<div class=\"elementor-widget-container\">\n\t\t\t\t\t\t\t<div class=\"elementor-shortcode\"><div class=\"wp-gr rpi wpac\" data-id=\"15586\" data-layout=\"grid\" data-exec=\"false\" data-options='{&quot;text_size&quot;:&quot;120&quot;,&quot;trans&quot;:{&quot;read more&quot;:&quot;weiterlesen&quot;}}'><svg xmlns=\"http:\/\/www.w3.org\/2000\/svg\" style=\"display:none!important\"><symbol id=\"grw-tripadvisor\" viewbox=\"0 0 713.496 713.496\"><g><circle fill=\"#34E0A1\" cx=\"356.749\" cy=\"356.748\" r=\"356.748\"\/><path d=\"M577.095,287.152l43.049-46.836h-95.465c-47.792-32.646-105.51-51.659-167.931-51.659   c-62.342,0-119.899,19.054-167.612,51.659H93.432l43.049,46.836c-26.387,24.075-42.929,58.754-42.929,97.259   c0,72.665,58.914,131.578,131.579,131.578c34.519,0,65.968-13.313,89.446-35.077l42.172,45.919l42.172-45.879   c23.478,21.764,54.887,35.037,89.406,35.037c72.665,0,131.658-58.913,131.658-131.578   C620.024,345.866,603.483,311.188,577.095,287.152z M225.17,473.458c-49.188,0-89.047-39.859-89.047-89.047   s39.86-89.048,89.047-89.048c49.187,0,89.047,39.86,89.047,89.048S274.357,473.458,225.17,473.458z M356.788,381.82   c0-58.595-42.61-108.898-98.853-130.383c30.413-12.716,63.776-19.771,98.813-19.771s68.439,7.055,98.853,19.771   C399.399,272.962,356.788,323.226,356.788,381.82z M488.367,473.458c-49.188,0-89.048-39.859-89.048-89.047   s39.86-89.048,89.048-89.048s89.047,39.86,89.047,89.048S537.554,473.458,488.367,473.458z M488.367,337.694   c-25.79,0-46.677,20.887-46.677,46.677c0,25.789,20.887,46.676,46.677,46.676c25.789,0,46.676-20.887,46.676-46.676   C535.042,358.621,514.156,337.694,488.367,337.694z M271.846,384.411c0,25.789-20.887,46.676-46.676,46.676   s-46.676-20.887-46.676-46.676c0-25.79,20.887-46.677,46.676-46.677C250.959,337.694,271.846,358.621,271.846,384.411z\"\/><\/g><\/symbol><symbol id=\"grw-google\" viewbox=\"0 0 512 512\"><g fill=\"none\" fill-rule=\"evenodd\"><path d=\"M482.56 261.36c0-16.73-1.5-32.83-4.29-48.27H256v91.29h127.01c-5.47 29.5-22.1 54.49-47.09 71.23v59.21h76.27c44.63-41.09 70.37-101.59 70.37-173.46z\" fill=\"#4285f4\"\/><path d=\"M256 492c63.72 0 117.14-21.13 156.19-57.18l-76.27-59.21c-21.13 14.16-48.17 22.53-79.92 22.53-61.47 0-113.49-41.51-132.05-97.3H45.1v61.15c38.83 77.13 118.64 130.01 210.9 130.01z\" fill=\"#34a853\"\/><path d=\"M123.95 300.84c-4.72-14.16-7.4-29.29-7.4-44.84s2.68-30.68 7.4-44.84V150.01H45.1C29.12 181.87 20 217.92 20 256c0 38.08 9.12 74.13 25.1 105.99l78.85-61.15z\" fill=\"#fbbc05\"\/><path d=\"M256 113.86c34.65 0 65.76 11.91 90.22 35.29l67.69-67.69C373.03 43.39 319.61 20 256 20c-92.25 0-172.07 52.89-210.9 130.01l78.85 61.15c18.56-55.78 70.59-97.3 132.05-97.3z\" fill=\"#ea4335\"\/><path d=\"M20 20h472v472H20V20z\"\/><\/g><\/symbol><\/svg><div class=\"grw-row grw-row-m\" data-options='{\"breakpoints\":\"\"}'><div class=\"grw-content\"><div class=\"grw-content-inner\"><div class=\"grw-reviews\"><div class=\"rpi-slide grw-review\"><div class=\"rpi-flx rpi-col12 grw-review-inner grw-backgnd grw-round grw-shadow\"><div class=\"rpi-flx rpi-row12-center\"><div class=\"grw-img-wrap\"><img decoding=\"async\" class=\"grw-img\" src=\"https:\/\/lh3.googleusercontent.com\/a\/ACg8ocJz4MRsmQR-njIp08meZ5nLSIp5I5nTNc2R_N7MKll8aJzt5g=s56-c-rp-mo-br100\" loading=\"lazy\" alt=\"Profilbild von \u201eKatarzyna R.\u201c\" width=\"50\" height=\"50\" onerror=\"if(this.src!='https:\/\/katorishintoryu.pl\/wp-content\/plugins\/widget-google-reviews\/assets\/img\/guest.png')this.src='https:\/\/katorishintoryu.pl\/wp-content\/plugins\/widget-google-reviews\/assets\/img\/guest.png';\" ><\/div><div class=\"rpi-flx rpi-col6\"><a href=\"https:\/\/www.google.com\/maps\/contrib\/103447198306071170360\/reviews\" class=\"wp-google-name\" target=\"_blank\" rel=\"nofollow noopener\">Catherine R.<\/a><div class=\"wp-google-time\" data-time=\"1745527050\">20:37 24 Apr 25<\/div><\/div><\/div><span class=\"rpi-stars\" style=\"--rating:5\"><\/span><div class=\"rpi-flx rpi-col4\"><div class=\"wp-google-feedback grw-scroll\" ><span class=\"wp-google-text\">Ich kam zum Training in der Hoffnung, ein paar Schwerttricks zu lernen, und verlie\u00df es mit dem Gef\u00fchl, ein feudaler Samurai zu sein:) Sensei und sein Team bringen Ihnen bei, Katana, Stab und Naginata so geschickt zu f\u00fchren, dass sich Ihre Freunde fragen werden, ob Sie japanische Vorfahren haben. Hinweis: Nach ein paar Monaten Training werden Sie unwillk\u00fcrlich anfangen, Kampftechniken in Filmen zu beurteilen und sich zu verbeugen, wenn Sie einen Laden betreten;)<\/span><\/div><\/div><svg height=\"16\" width=\"16\" role=\"none\"><use href=\"#grw-google\"\/><\/svg><\/div><\/div><div class=\"rpi-slide grw-review\"><div class=\"rpi-flx rpi-col12 grw-review-inner grw-backgnd grw-round grw-shadow\"><div class=\"rpi-flx rpi-row12-center\"><div class=\"grw-img-wrap\"><img decoding=\"async\" class=\"grw-img\" src=\"https:\/\/lh3.googleusercontent.com\/a-\/ALV-UjUmCKjo3VluubzRL4r5bFwjkcWyM1iDBP-9mHCL0vbsmzUTAA4=s56-c-rp-mo-br100\" loading=\"lazy\" alt=\"Profilbild von \u201eAgnieszka G.\u201c\" width=\"50\" height=\"50\" onerror=\"if(this.src!='https:\/\/katorishintoryu.pl\/wp-content\/plugins\/widget-google-reviews\/assets\/img\/guest.png')this.src='https:\/\/katorishintoryu.pl\/wp-content\/plugins\/widget-google-reviews\/assets\/img\/guest.png';\" ><\/div><div class=\"rpi-flx rpi-col6\"><a href=\"https:\/\/www.google.com\/maps\/contrib\/116211646898797181507\/reviews\" class=\"wp-google-name\" target=\"_blank\" rel=\"nofollow noopener\">Agnieszka G.<\/a><div class=\"wp-google-time\" data-time=\"1745484001\">08:40 24 Apr 25<\/div><\/div><\/div><span class=\"rpi-stars\" style=\"--rating:5\"><\/span><div class=\"rpi-flx rpi-col4\"><div class=\"wp-google-feedback grw-scroll\" ><span class=\"wp-google-text\">TAKE ist eine bl\u00fchende Sektion mit immer mehr neuen Mitgliedern. Es herrscht eine angenehme Atmosph\u00e4re, die von interessanten Menschen geschaffen wird. Au\u00dferdem bietet die Sektion die M\u00f6glichkeit, seine Kenntnisse und F\u00e4higkeiten auf nationalen und internationalen Reisen zu erweitern. Ich empfehle ^^<\/span><\/div><\/div><svg height=\"16\" width=\"16\" role=\"none\"><use href=\"#grw-google\"\/><\/svg><\/div><\/div><div class=\"rpi-slide grw-review\"><div class=\"rpi-flx rpi-col12 grw-review-inner grw-backgnd grw-round grw-shadow\"><div class=\"rpi-flx rpi-row12-center\"><div class=\"grw-img-wrap\"><img decoding=\"async\" class=\"grw-img\" src=\"https:\/\/lh3.googleusercontent.com\/a-\/ALV-UjUadWqBohUW0sThPIkTLjb8fmWNGC95BuqKzjOTBhp0_aKM3eSP=s56-c-rp-mo-br100\" loading=\"lazy\" alt=\"Profilbild von \u201eAnna Kulisz Y.\u201c\" width=\"50\" height=\"50\" onerror=\"if(this.src!='https:\/\/katorishintoryu.pl\/wp-content\/plugins\/widget-google-reviews\/assets\/img\/guest.png')this.src='https:\/\/katorishintoryu.pl\/wp-content\/plugins\/widget-google-reviews\/assets\/img\/guest.png';\" ><\/div><div class=\"rpi-flx rpi-col6\"><a href=\"https:\/\/www.google.com\/maps\/contrib\/100807361472604539473\/reviews\" class=\"wp-google-name\" target=\"_blank\" rel=\"nofollow noopener\">Anna Kulisz Y.<\/a><div class=\"wp-google-time\" data-time=\"1745480884\">07:48 24 Apr 25<\/div><\/div><\/div><span class=\"rpi-stars\" style=\"--rating:5\"><\/span><div class=\"rpi-flx rpi-col4\"><div class=\"wp-google-feedback grw-scroll\" ><span class=\"wp-google-text\">Tolle Atmosph\u00e4re, interessante Aktivit\u00e4ten, nicht nur f\u00fcr Japan-Liebhaber!<\/span><\/div><\/div><svg height=\"16\" width=\"16\" role=\"none\"><use href=\"#grw-google\"\/><\/svg><\/div><\/div><div class=\"rpi-slide grw-review\"><div class=\"rpi-flx rpi-col12 grw-review-inner grw-backgnd grw-round grw-shadow\"><div class=\"rpi-flx rpi-row12-center\"><div class=\"grw-img-wrap\"><img decoding=\"async\" class=\"grw-img\" src=\"https:\/\/lh3.googleusercontent.com\/a-\/ALV-UjU4knr1tuw7d1XTLPXAp5GX7uWvZa9eTmnOGPWXpvySlYKxuvw=s56-c-rp-mo-br100\" loading=\"lazy\" alt=\"Profilbild von \u201eKacper F.\u201c\" width=\"50\" height=\"50\" onerror=\"if(this.src!='https:\/\/katorishintoryu.pl\/wp-content\/plugins\/widget-google-reviews\/assets\/img\/guest.png')this.src='https:\/\/katorishintoryu.pl\/wp-content\/plugins\/widget-google-reviews\/assets\/img\/guest.png';\" ><\/div><div class=\"rpi-flx rpi-col6\"><a href=\"https:\/\/www.google.com\/maps\/contrib\/105100400869554674212\/reviews\" class=\"wp-google-name\" target=\"_blank\" rel=\"nofollow noopener\">Kacper F.<\/a><div class=\"wp-google-time\" data-time=\"1745480462\">07:41 24 Apr 25<\/div><\/div><\/div><span class=\"rpi-stars\" style=\"--rating:5\"><\/span><div class=\"rpi-flx rpi-col4\"><div class=\"wp-google-feedback grw-scroll\" ><span class=\"wp-google-text\">Du kannst viele coole und freundliche Leute treffen \ud83d\ude0a.<br \/><br \/>Und dann versuchen, sie in einem Zweikampf zu t\u00f6ten, 11\/10<\/span><\/div><\/div><svg height=\"16\" width=\"16\" role=\"none\"><use href=\"#grw-google\"\/><\/svg><\/div><\/div><div class=\"rpi-slide grw-review\"><div class=\"rpi-flx rpi-col12 grw-review-inner grw-backgnd grw-round grw-shadow\"><div class=\"rpi-flx rpi-row12-center\"><div class=\"grw-img-wrap\"><img decoding=\"async\" class=\"grw-img\" src=\"https:\/\/lh3.googleusercontent.com\/a\/ACg8ocK5Vqof1eliP41uWYlqO9vxWbukBgxBJ_ylLtZ1quypTUgr5A=s56-c-rp-mo-br100\" loading=\"lazy\" alt=\"Profilbild von \u201ejerzy J.\u201c\" width=\"50\" height=\"50\" onerror=\"if(this.src!='https:\/\/katorishintoryu.pl\/wp-content\/plugins\/widget-google-reviews\/assets\/img\/guest.png')this.src='https:\/\/katorishintoryu.pl\/wp-content\/plugins\/widget-google-reviews\/assets\/img\/guest.png';\" ><\/div><div class=\"rpi-flx rpi-col6\"><a href=\"https:\/\/www.google.com\/maps\/contrib\/107817715985153457987\/reviews\" class=\"wp-google-name\" target=\"_blank\" rel=\"nofollow noopener\">jerzy J.<\/a><div class=\"wp-google-time\" data-time=\"1744444902\">08:01 12 Apr 25<\/div><\/div><\/div><span class=\"rpi-stars\" style=\"--rating:5\"><\/span><div class=\"rpi-flx rpi-col4\"><div class=\"wp-google-feedback grw-scroll\" ><span class=\"wp-google-text\">Ein Ort f\u00fcr Japan-Liebhaber. Hervorragend organisiert und voller leidenschaftlicher Menschen (viele interessante Originale \ud83d\ude42 )<\/span><\/div><\/div><svg height=\"16\" width=\"16\" role=\"none\"><use href=\"#grw-google\"\/><\/svg><\/div><\/div><div class=\"rpi-slide grw-review\"><div class=\"rpi-flx rpi-col12 grw-review-inner grw-backgnd grw-round grw-shadow\"><div class=\"rpi-flx rpi-row12-center\"><div class=\"grw-img-wrap\"><img decoding=\"async\" class=\"grw-img\" src=\"https:\/\/lh3.googleusercontent.com\/a\/ACg8ocLL4wt75AY69qhwja3TCWorJphe3OjZ7eOFO5wqaHMstq1Cuw=s56-c-rp-mo-br100\" loading=\"lazy\" alt=\"Profilbild von \u201eKamil B.\u201c\" width=\"50\" height=\"50\" onerror=\"if(this.src!='https:\/\/katorishintoryu.pl\/wp-content\/plugins\/widget-google-reviews\/assets\/img\/guest.png')this.src='https:\/\/katorishintoryu.pl\/wp-content\/plugins\/widget-google-reviews\/assets\/img\/guest.png';\" ><\/div><div class=\"rpi-flx rpi-col6\"><a href=\"https:\/\/www.google.com\/maps\/contrib\/108927634014287296908\/reviews\" class=\"wp-google-name\" target=\"_blank\" rel=\"nofollow noopener\">Kamil B.<\/a><div class=\"wp-google-time\" data-time=\"1744309666\">18:27 10 Apr 25<\/div><\/div><\/div><span class=\"rpi-stars\" style=\"--rating:5\"><\/span><div class=\"rpi-flx rpi-col4\"><div class=\"wp-google-feedback grw-scroll\" ><span class=\"wp-google-text\">Eine gro\u00dfartige Form der Bewegung in Ihrer Freizeit. Man trainiert nicht nur seinen K\u00f6rper, sondern auch seinen Geist. Ich empfehle jedem, es auszuprobieren.<\/span><\/div><\/div><svg height=\"16\" width=\"16\" role=\"none\"><use href=\"#grw-google\"\/><\/svg><\/div><\/div><div class=\"rpi-slide grw-review\"><div class=\"rpi-flx rpi-col12 grw-review-inner grw-backgnd grw-round grw-shadow\"><div class=\"rpi-flx rpi-row12-center\"><div class=\"grw-img-wrap\"><img decoding=\"async\" class=\"grw-img\" src=\"https:\/\/lh3.googleusercontent.com\/a-\/ALV-UjUG9DCHEFnQEnpzvxktIwipxpxXfByKfmdAc9pBsjPferQFyH_C=s56-c-rp-mo-br100\" loading=\"lazy\" alt=\"Profilbild von \u201eKacper K.\u201c\" width=\"50\" height=\"50\" onerror=\"if(this.src!='https:\/\/katorishintoryu.pl\/wp-content\/plugins\/widget-google-reviews\/assets\/img\/guest.png')this.src='https:\/\/katorishintoryu.pl\/wp-content\/plugins\/widget-google-reviews\/assets\/img\/guest.png';\" ><\/div><div class=\"rpi-flx rpi-col6\"><a href=\"https:\/\/www.google.com\/maps\/contrib\/109469051916829028878\/reviews\" class=\"wp-google-name\" target=\"_blank\" rel=\"nofollow noopener\">Kacper K.<\/a><div class=\"wp-google-time\" data-time=\"1743023608\">21:13 26 M\u00e4r 25<\/div><\/div><\/div><span class=\"rpi-stars\" style=\"--rating:5\"><\/span><div class=\"rpi-flx rpi-col4\"><div class=\"wp-google-feedback grw-scroll\" ><span class=\"wp-google-text\">Die TAKE Japanese Fencing School ist ein Ort, den ich mit gutem Gewissen jedem empfehlen kann, der die Geheimnisse des traditionellen japanischen Fechtens erkunden m\u00f6chte. Es ist nicht nur ein Trainingsort, sondern eine echte Gemeinschaft mit einer Atmosph\u00e4re des gegenseitigen Respekts und der Unterst\u00fctzung. Die Ausbilder sind echte Enthusiasten und Profis. Die Atmosph\u00e4re im Dojo ist \u00e4u\u00dferst freundlich und motivierend. Die Sch\u00fcler unterst\u00fctzen sich gegenseitig und bilden eine enge und einladende Gemeinschaft. Als jemand, der seit \u00fcber 7 Jahren im TAKE-Dojo trainiert, kann ich definitiv sagen, dass die TAKE Japanese Fencing School die perfekte Wahl ist, wenn man einen Ort sucht, an dem man traditionelles japanisches Fechten lernen, seine F\u00e4higkeiten entwickeln und gro\u00dfartige Menschen treffen kann.<\/span><\/div><\/div><svg height=\"16\" width=\"16\" role=\"none\"><use href=\"#grw-google\"\/><\/svg><\/div><\/div><div class=\"rpi-slide grw-review\"><div class=\"rpi-flx rpi-col12 grw-review-inner grw-backgnd grw-round grw-shadow\"><div class=\"rpi-flx rpi-row12-center\"><div class=\"grw-img-wrap\"><img decoding=\"async\" class=\"grw-img\" src=\"https:\/\/lh3.googleusercontent.com\/a-\/ALV-UjXGwbo4UkXInlHfOkVulipz2xHhB9eLwe1da6YYLNquRHWCoxo4=s56-c-rp-mo-br100\" loading=\"lazy\" alt=\"Profilbild von \u201eMateusz S.\u201c\" width=\"50\" height=\"50\" onerror=\"if(this.src!='https:\/\/katorishintoryu.pl\/wp-content\/plugins\/widget-google-reviews\/assets\/img\/guest.png')this.src='https:\/\/katorishintoryu.pl\/wp-content\/plugins\/widget-google-reviews\/assets\/img\/guest.png';\" ><\/div><div class=\"rpi-flx rpi-col6\"><a href=\"https:\/\/www.google.com\/maps\/contrib\/100428448174451577588\/reviews\" class=\"wp-google-name\" target=\"_blank\" rel=\"nofollow noopener\">Matthew S.<\/a><div class=\"wp-google-time\" data-time=\"1741813985\">21:13 12 M\u00e4r 25<\/div><\/div><\/div><span class=\"rpi-stars\" style=\"--rating:5\"><\/span><div class=\"rpi-flx rpi-col4\"><div class=\"wp-google-feedback grw-scroll\" ><span class=\"wp-google-text\">Die TAKE-Schule bietet ein breites Spektrum an historischem japanischem Fechttraining f\u00fcr alle, unabh\u00e4ngig von Alter und Geschlecht. Sie helfen Ihnen, einen ausgewogenen und gesunden Lebensstil zu f\u00fchren, und erm\u00f6glichen es Ihnen, Ihren K\u00f6rper und Geist zu trainieren. Die Vorsitzenden sind \u00e4u\u00dferst hilfsbereit und jeder hat seine eigene Art zu unterrichten, so dass Sie sich auf verschiedene Aspekte des Katori konzentrieren k\u00f6nnen. Au\u00dferdem lernt man durch die Teilnahme an den Kursen, seine eigene Konzentration und die Auge-Hand-Koordination zu entwickeln. Alles in allem ist der Besuch der TAKE-Schule eine wirklich spannende, vielseitige und \u00e4u\u00dferst interessante Form der k\u00f6rperlichen Bet\u00e4tigung, die von einer wirklich eng verbundenen und gastfreundlichen Gemeinschaft geteilt wird, die immer bereit ist, zu helfen oder gemeinsam zu trainieren. Ich pers\u00f6nlich w\u00fcrde die TAKE-Schule jedem empfehlen, der tiefer in die Welt der japanischen Kampfk\u00fcnste eintauchen m\u00f6chte oder einfach nur ein interessantes Hobby sucht, das sich nicht auf einfache k\u00f6rperliche \u00dcbungen beschr\u00e4nkt.<\/span><\/div><\/div><svg height=\"16\" width=\"16\" role=\"none\"><use href=\"#grw-google\"\/><\/svg><\/div><\/div><div class=\"rpi-slide grw-review\"><div class=\"rpi-flx rpi-col12 grw-review-inner grw-backgnd grw-round grw-shadow\"><div class=\"rpi-flx rpi-row12-center\"><div class=\"grw-img-wrap\"><img decoding=\"async\" class=\"grw-img\" src=\"https:\/\/lh3.googleusercontent.com\/a\/ACg8ocIzTEK-W_xnzwqD81urN_ZZsgqS5XlWwGDDLhp1YQTTdelg4Q=s56-c-rp-mo-br100\" loading=\"lazy\" alt=\"Profilbild von \u201eGrzegorz R.\u201c\" width=\"50\" height=\"50\" onerror=\"if(this.src!='https:\/\/katorishintoryu.pl\/wp-content\/plugins\/widget-google-reviews\/assets\/img\/guest.png')this.src='https:\/\/katorishintoryu.pl\/wp-content\/plugins\/widget-google-reviews\/assets\/img\/guest.png';\" ><\/div><div class=\"rpi-flx rpi-col6\"><a href=\"https:\/\/www.google.com\/maps\/contrib\/111737524130245787880\/reviews\" class=\"wp-google-name\" target=\"_blank\" rel=\"nofollow noopener\">Grzegorz R.<\/a><div class=\"wp-google-time\" data-time=\"1741799794\">17:16 12 M\u00e4r 25<\/div><\/div><\/div><span class=\"rpi-stars\" style=\"--rating:5\"><\/span><div class=\"rpi-flx rpi-col4\"><div class=\"wp-google-feedback grw-scroll\" ><span class=\"wp-google-text\">Ich kann die TAKE-Schule bei 100% sehr empfehlen. Ich trainiere schon seit mehreren Jahren mit Freude. Professionelle Trainer, tolle Leute und Atmosph\u00e4re. Gemeinsame Ausfl\u00fcge, g\u00fcnstige Trainingszeiten und -tage, in die jeder reinpassen kann. Ich empfehle jedem, der sich f\u00fcr Samurai und Japan und dar\u00fcber hinaus interessiert \ud83d\ude00\u26e9\ufe0f\u2694\ufe0f<\/span><\/div><\/div><svg height=\"16\" width=\"16\" role=\"none\"><use href=\"#grw-google\"\/><\/svg><\/div><\/div><div class=\"rpi-slide grw-review\"><div class=\"rpi-flx rpi-col12 grw-review-inner grw-backgnd grw-round grw-shadow\"><div class=\"rpi-flx rpi-row12-center\"><div class=\"grw-img-wrap\"><img decoding=\"async\" class=\"grw-img\" src=\"https:\/\/lh3.googleusercontent.com\/a\/ACg8ocKyZ3DW2A5R-_xq8DvWetTj068uCjFtNlp7m9Owcp2pBVSYdQ=s56-c-rp-mo-br100\" loading=\"lazy\" alt=\"Profilbild von \u201eAdam C.\u201c\" width=\"50\" height=\"50\" onerror=\"if(this.src!='https:\/\/katorishintoryu.pl\/wp-content\/plugins\/widget-google-reviews\/assets\/img\/guest.png')this.src='https:\/\/katorishintoryu.pl\/wp-content\/plugins\/widget-google-reviews\/assets\/img\/guest.png';\" ><\/div><div class=\"rpi-flx rpi-col6\"><a href=\"https:\/\/www.google.com\/maps\/contrib\/104991033523040639934\/reviews\" class=\"wp-google-name\" target=\"_blank\" rel=\"nofollow noopener\">Adam C.<\/a><div class=\"wp-google-time\" data-time=\"1741787964\">13:59 12 M\u00e4r 25<\/div><\/div><\/div><span class=\"rpi-stars\" style=\"--rating:5\"><\/span><div class=\"rpi-flx rpi-col4\"><div class=\"wp-google-feedback grw-scroll\" ><span class=\"wp-google-text\">Ich bin vor 10 Jahren im Rahmen eines Neujahrsvorsatzes zum ersten Mal zum Training gekommen. Das professionelle Personal, die tolle Atmosph\u00e4re und der Lehrplan haben dazu gef\u00fchrt, dass ich auch heute noch regelm\u00e4\u00dfig trainiere. Ich w\u00fcrde es auf jeden Fall jedem empfehlen, der sich f\u00fcr Japan oder japanisches Fechten interessiert.<\/span><\/div><\/div><svg height=\"16\" width=\"16\" role=\"none\"><use href=\"#grw-google\"\/><\/svg><\/div><\/div><\/div><\/div><\/div><\/div><script>(function(p){if(!p)return;let w=p.offsetWidth,m=function(a,b){return Math.min(a,b)===a};p.querySelector('.grw-row').classList.replace('grw-row-m','grw-row-'+(m(w,510)?'xs':m(w,750)?'x':m(w,1100)?'s':m(w,1450)?'m':m(w,1800)?'l':'xl'))})(document.currentScript?.parentElement)<\/script><\/div><\/div>\n\t\t\t\t\t\t<\/div>\n\t\t\t\t<\/div>\n\t\t<div class=\"elementor-element elementor-element-97912ab e-con-full e-flex e-con e-child\" data-id=\"97912ab\" data-element_type=\"container\" data-e-type=\"container\">\n\t\t\t\t<div class=\"elementor-element elementor-element-9de454b elementor-widget elementor-widget-button\" data-id=\"9de454b\" data-element_type=\"widget\" data-e-type=\"widget\" data-widget_type=\"button.default\">\n\t\t\t\t<div class=\"elementor-widget-container\">\n\t\t\t\t\t\t\t\t\t<div class=\"elementor-button-wrapper\">\n\t\t\t\t\t<a class=\"elementor-button elementor-button-link elementor-size-sm\" href=\"https:\/\/g.page\/r\/CXqIDCCX3REqEBM\/review\">\n\t\t\t\t\t\t<span class=\"elementor-button-content-wrapper\">\n\t\t\t\t\t\t<span class=\"elementor-button-icon\">\n\t\t\t\t<i aria-hidden=\"true\" class=\"fas fa-plus\"><\/i>\t\t\t<\/span>\n\t\t\t\t\t\t\t\t\t<span class=\"elementor-button-text\">Meinung hinzuf\u00fcgen<\/span>\n\t\t\t\t\t<\/span>\n\t\t\t\t\t<\/a>\n\t\t\t\t<\/div>\n\t\t\t\t\t\t\t\t<\/div>\n\t\t\t\t<\/div>\n\t\t\t\t<div class=\"elementor-element elementor-element-8074119 elementor-widget elementor-widget-button\" data-id=\"8074119\" data-element_type=\"widget\" data-e-type=\"widget\" data-widget_type=\"button.default\">\n\t\t\t\t<div class=\"elementor-widget-container\">\n\t\t\t\t\t\t\t\t\t<div class=\"elementor-button-wrapper\">\n\t\t\t\t\t<a class=\"elementor-button elementor-button-link elementor-size-sm\" href=\"https:\/\/maps.app.goo.gl\/SDmu6mWbb7qz7V769\" target=\"_blank\" rel=\"nofollow noopener\">\n\t\t\t\t\t\t<span class=\"elementor-button-content-wrapper\">\n\t\t\t\t\t\t<span class=\"elementor-button-icon\">\n\t\t\t\t<i aria-hidden=\"true\" class=\"fab fa-google\"><\/i>\t\t\t<\/span>\n\t\t\t\t\t\t\t\t\t<span class=\"elementor-button-text\">Mehr sehen<\/span>\n\t\t\t\t\t<\/span>\n\t\t\t\t\t<\/a>\n\t\t\t\t<\/div>\n\t\t\t\t\t\t\t\t<\/div>\n\t\t\t\t<\/div>\n\t\t\t\t<\/div>\n\t\t\t\t\t<\/div>\n\t\t\t\t<\/div>\n\t\t\t\t<\/div>","protected":false},"excerpt":{"rendered":"<p>Bewertung hinzuf\u00fcgen Mehr sehen<\/p>","protected":false},"author":4,"featured_media":15592,"parent":0,"menu_order":25,"comment_status":"closed","ping_status":"closed","template":"","meta":{"_acf_changed":false,"site-sidebar-layout":"no-sidebar","site-content-layout":"page-builder","ast-site-content-layout":"full-width-container","site-content-style":"default","site-sidebar-style":"default","ast-global-header-display":"","ast-banner-title-visibility":"","ast-main-header-display":"","ast-hfb-above-header-display":"","ast-hfb-below-header-display":"","ast-hfb-mobile-header-display":"","site-post-title":"","ast-breadcrumbs-content":"","ast-featured-img":"disabled","footer-sml-layout":"","ast-disable-related-posts":"","theme-transparent-header-meta":"default","adv-header-id-meta":"","stick-header-meta":"","header-above-stick-meta":"","header-main-stick-meta":"","header-below-stick-meta":"","astra-migrate-meta-layouts":"set","ast-page-background-enabled":"default","ast-page-background-meta":{"desktop":{"background-color":"var(--ast-global-color-4)","background-image":"","background-repeat":"repeat","background-position":"center center","background-size":"auto","background-attachment":"scroll","background-type":"","background-media":"","overlay-type":"","overlay-color":"","overlay-opacity":"","overlay-gradient":""},"tablet":{"background-color":"","background-image":"","background-repeat":"repeat","background-position":"center center","background-size":"auto","background-attachment":"scroll","background-type":"","background-media":"","overlay-type":"","overlay-color":"","overlay-opacity":"","overlay-gradient":""},"mobile":{"background-color":"","background-image":"","background-repeat":"repeat","background-position":"center center","background-size":"auto","background-attachment":"scroll","background-type":"","background-media":"","overlay-type":"","overlay-color":"","overlay-opacity":"","overlay-gradient":""}},"ast-content-background-meta":{"desktop":{"background-color":"var(--ast-global-color-5)","background-image":"","background-repeat":"repeat","background-position":"center center","background-size":"auto","background-attachment":"scroll","background-type":"","background-media":"","overlay-type":"","overlay-color":"","overlay-opacity":"","overlay-gradient":""},"tablet":{"background-color":"var(--ast-global-color-5)","background-image":"","background-repeat":"repeat","background-position":"center center","background-size":"auto","background-attachment":"scroll","background-type":"","background-media":"","overlay-type":"","overlay-color":"","overlay-opacity":"","overlay-gradient":""},"mobile":{"background-color":"var(--ast-global-color-5)","background-image":"","background-repeat":"repeat","background-position":"center center","background-size":"auto","background-attachment":"scroll","background-type":"","background-media":"","overlay-type":"","overlay-color":"","overlay-opacity":"","overlay-gradient":""}}},"class_list":["post-15581","page","type-page","status-publish","has-post-thumbnail","hentry"],"acf":[],"publishpress_future_workflow_manual_trigger":{"enabledWorkflows":[]},"_links":{"self":[{"href":"https:\/\/katorishintoryu.pl\/de\/wp-json\/wp\/v2\/pages\/15581","targetHints":{"allow":["GET"]}}],"collection":[{"href":"https:\/\/katorishintoryu.pl\/de\/wp-json\/wp\/v2\/pages"}],"about":[{"href":"https:\/\/katorishintoryu.pl\/de\/wp-json\/wp\/v2\/types\/page"}],"author":[{"embeddable":true,"href":"https:\/\/katorishintoryu.pl\/de\/wp-json\/wp\/v2\/users\/4"}],"replies":[{"embeddable":true,"href":"https:\/\/katorishintoryu.pl\/de\/wp-json\/wp\/v2\/comments?post=15581"}],"version-history":[{"count":37,"href":"https:\/\/katorishintoryu.pl\/de\/wp-json\/wp\/v2\/pages\/15581\/revisions"}],"predecessor-version":[{"id":16674,"href":"https:\/\/katorishintoryu.pl\/de\/wp-json\/wp\/v2\/pages\/15581\/revisions\/16674"}],"wp:featuredmedia":[{"embeddable":true,"href":"https:\/\/katorishintoryu.pl\/de\/wp-json\/wp\/v2\/media\/15592"}],"wp:attachment":[{"href":"https:\/\/katorishintoryu.pl\/de\/wp-json\/wp\/v2\/media?parent=15581"}],"curies":[{"name":"wp","href":"https:\/\/api.w.org\/{rel}","templated":true}]}}