{"id":44,"date":"2019-05-01T18:50:27","date_gmt":"2019-05-01T18:50:27","guid":{"rendered":"https:\/\/katorishintoryu.pl\/?page_id=44"},"modified":"2025-06-27T20:31:18","modified_gmt":"2025-06-27T18:31:18","slug":"unsere-champions","status":"publish","type":"page","link":"https:\/\/katorishintoryu.pl\/de\/nasi-mistrzowie\/","title":{"rendered":"Unsere Champions"},"content":{"rendered":"<div data-elementor-type=\"wp-post\" data-elementor-id=\"44\" class=\"elementor elementor-44\" data-elementor-post-type=\"page\">\n\t\t\t\t<div class=\"elementor-element elementor-element-7becb2f e-flex e-con-boxed e-con e-parent\" data-id=\"7becb2f\" data-element_type=\"container\" data-e-type=\"container\">\n\t\t\t\t\t<div class=\"e-con-inner\">\n\t\t\t\t<div class=\"elementor-element elementor-element-ca61ba9 uael-member-image-pos-left uael-shape-square elementor-widget elementor-widget-uael-team-member\" data-id=\"ca61ba9\" data-element_type=\"widget\" data-e-type=\"widget\" data-widget_type=\"uael-team-member.default\">\n\t\t\t\t<div class=\"elementor-widget-container\">\n\t\t\t\t\t\t\t<div class=\"uael-member-stacked-mobile uael-member-image-valign-top uael-team-member\">\n\t\t\t<div class = \"uael-team-member-wrap\" >\n\t\t\t\t<div class=\"uael-member-wrap\" >\n\t\t\t\t\t\t\t\t\t\t\t\t<div class=\"uael-team-member-image\">\n\t\t\t\t\t\t\t<div class=\"elementor-animation-\"><img loading=\"lazy\" decoding=\"async\" width=\"300\" height=\"451\" src=\"https:\/\/katorishintoryu.pl\/wp-content\/uploads\/sugino_yukihiro.jpg\" class=\"attachment-large size-large wp-image-382\" alt=\"\" srcset=\"https:\/\/katorishintoryu.pl\/wp-content\/uploads\/sugino_yukihiro.jpg 300w, https:\/\/katorishintoryu.pl\/wp-content\/uploads\/sugino_yukihiro-200x300.jpg 200w\" sizes=\"auto, (max-width: 300px) 100vw, 300px\" \/><\/div>\t\t\t\t\t\t\t<\/div>\n\t\t\t\t\t\t\t\t\t\t\t\t\t\t\t<div class=\"uael-team-member-content\">\n\t\t\t\t\t\t\t\t\t\t\t<div class=\"uael-team-member-name\">\n\t\t\t\t\t\t<h2 class=\"uael-team-name\">Yukihiro Sugino<\/h2>\t\t\t\t\t\t<\/div>\n\t\t\t\t\t\t\t\t\t\t\t\t\t\t\t\t\t\t\t\t\t\t\t\t\t\t\t<div class=\"uael-team-member-designation\">\n\t\t\t\t\t\t\t<div class=\"uael-team-desig\">14. DEZEMBER 1937\t\t\t\t\t\t\t<\/div>\n\t\t\t\t\t\t<\/div>\n\t\t\t\t\t\t\t\t\t\t\t\t\t\t\t\t\t\t\t\t\t\t\t\t\t\t\t<div class=\"uael-team-member-desc\">\n\t\t\t\t\t\t\t<div class=\"uael-team-desc\"><p>Meister Sugino Yukihiro erbte die Leitung des Sugino D\u014dj\u014d in Kawasaki nach dem Tod seines Vaters Sugino Yoshio. Er hat den 9. Dan in Katori Shint\u014d-ry\u016b und den 7. Dan in Aikid\u014d Aikikai.<\/p>\n<p>Sensei Sugino Yukihiro hat immer im d\u014dj\u014d seines Vaters unterrichtet. Jetzt gibt er die Traditionen der Schule auch au\u00dferhalb des d\u014dj\u014d seiner Familie weiter und ist mindestens zweimal im Jahr im Westen zu Gast, um Workshops und Vortr\u00e4ge \u00fcber Katori Shint\u014d-ry\u016b und Aikid\u014d zu halten.<\/p>\n<p>Er wurde von der Nippon Bud\u014d International Federation mit dem 9. Dan kobud\u014d ausgezeichnet.<\/p><\/div>\n\t\t\t\t\t\t<\/div>\n\t\t\t\t\t\t\t\t\t\t\t\t\t\t\t\t\t\t\t<\/div>\n\t\t\t<\/div>\n\t\t<\/div>\n\t<\/div>\n\t\t\t\t\t\t<\/div>\n\t\t\t\t<\/div>\n\t\t\t\t<div class=\"elementor-element elementor-element-af27437 uael-member-image-pos-left uael-shape-square elementor-widget elementor-widget-uael-team-member\" data-id=\"af27437\" data-element_type=\"widget\" data-e-type=\"widget\" data-widget_type=\"uael-team-member.default\">\n\t\t\t\t<div class=\"elementor-widget-container\">\n\t\t\t\t\t\t\t<div class=\"uael-member-stacked-mobile uael-member-image-valign-top uael-team-member\">\n\t\t\t<div class = \"uael-team-member-wrap\" >\n\t\t\t\t<div class=\"uael-member-wrap\" >\n\t\t\t\t\t\t\t\t\t\t\t\t<div class=\"uael-team-member-image\">\n\t\t\t\t\t\t\t<div class=\"elementor-animation-\"><img loading=\"lazy\" decoding=\"async\" width=\"768\" height=\"1024\" src=\"https:\/\/katorishintoryu.pl\/wp-content\/uploads\/zd01_76-768x1024.jpg\" class=\"attachment-large size-large wp-image-11992\" alt=\"\" srcset=\"https:\/\/katorishintoryu.pl\/wp-content\/uploads\/zd01_76-768x1024.jpg 768w, https:\/\/katorishintoryu.pl\/wp-content\/uploads\/zd01_76-225x300.jpg 225w, https:\/\/katorishintoryu.pl\/wp-content\/uploads\/zd01_76-9x12.jpg 9w, https:\/\/katorishintoryu.pl\/wp-content\/uploads\/zd01_76.jpg 900w\" sizes=\"auto, (max-width: 768px) 100vw, 768px\" \/><\/div>\t\t\t\t\t\t\t<\/div>\n\t\t\t\t\t\t\t\t\t\t\t\t\t\t\t<div class=\"uael-team-member-content\">\n\t\t\t\t\t\t\t\t\t\t\t<div class=\"uael-team-member-name\">\n\t\t\t\t\t\t<h2 class=\"uael-team-name\">Ulf Rott<\/h2>\t\t\t\t\t\t<\/div>\n\t\t\t\t\t\t\t\t\t\t\t\t\t\t\t\t\t\t\t\t\t\t\t\t\t\t\t<div class=\"uael-team-member-designation\">\n\t\t\t\t\t\t\t<div class=\"uael-team-desig\">1 X 1964\t\t\t\t\t\t\t<\/div>\n\t\t\t\t\t\t<\/div>\n\t\t\t\t\t\t\t\t\t\t\t\t\t\t\t\t\t\t\t\t\t\t\t\t\t\t\t<div class=\"uael-team-member-desc\">\n\t\t\t\t\t\t\t<div class=\"uael-team-desc\"><p>Meister Ulf Rott ist der Vertreter von Katori Shint\u014d-ry\u016b in Deutschland im Auftrag von Meister Sugino. Er hat uns mit D\u014dj\u014d Sugino bekannt gemacht und gibt die Lehre von Sensei Sugino bis heute an uns weiter.<\/p>\n<p>Sensei Ulf hat derzeit den 6. Dan in Katori Shint\u014d-ry\u016b und den 6. Dan in Aikid\u014d (Aikikai Shihan). Er betreibt sein eigenes d\u014dj\u014d in Leer, wo er Aikid\u014d- und Katori-Techniken unterrichtet. Im Berufsalltag arbeitet er als Leiter eines Gymnasiums in Leer (Deutschland).<span style=\"color: var( --e-global-color-text );font-family: var( --e-global-typography-text-font-family ), Sans-serif;font-weight: var( --e-global-typography-text-font-weight );background-color: var( --e-global-color-astglobalcolor2 );font-size: 1rem\"><\/span><\/p><\/div>\n\t\t\t\t\t\t<\/div>\n\t\t\t\t\t\t\t\t\t\t\t\t\t\t\t\t\t\t\t<\/div>\n\t\t\t<\/div>\n\t\t<\/div>\n\t<\/div>\n\t\t\t\t\t\t<\/div>\n\t\t\t\t<\/div>\n\t\t\t\t<div class=\"elementor-element elementor-element-849ed95 uael-member-image-pos-left uael-shape-square elementor-widget elementor-widget-uael-team-member\" data-id=\"849ed95\" data-element_type=\"widget\" data-e-type=\"widget\" data-widget_type=\"uael-team-member.default\">\n\t\t\t\t<div class=\"elementor-widget-container\">\n\t\t\t\t\t\t\t<div class=\"uael-member-stacked-mobile uael-member-image-valign-top uael-team-member\">\n\t\t\t<div class = \"uael-team-member-wrap\" >\n\t\t\t\t<div class=\"uael-member-wrap\" >\n\t\t\t\t\t\t\t\t\t\t\t\t<div class=\"uael-team-member-image\">\n\t\t\t\t\t\t\t<div class=\"elementor-animation-\"><img decoding=\"async\" width=\"500\" height=\"671\" src=\"https:\/\/katorishintoryu.pl\/wp-content\/uploads\/sugino.jpg\" class=\"attachment-large size-large wp-image-381\" alt=\"\" loading=\"lazy\" srcset=\"https:\/\/katorishintoryu.pl\/wp-content\/uploads\/sugino.jpg 500w, https:\/\/katorishintoryu.pl\/wp-content\/uploads\/sugino-224x300.jpg 224w\" sizes=\"auto, (max-width: 500px) 100vw, 500px\" \/><\/div>\t\t\t\t\t\t\t<\/div>\n\t\t\t\t\t\t\t\t\t\t\t\t\t\t\t<div class=\"uael-team-member-content\">\n\t\t\t\t\t\t\t\t\t\t\t<div class=\"uael-team-member-name\">\n\t\t\t\t\t\t<h2 class=\"uael-team-name\">Yoshio Sugino<\/h2>\t\t\t\t\t\t<\/div>\n\t\t\t\t\t\t\t\t\t\t\t\t\t\t\t\t\t\t\t\t\t\t\t\t\t\t\t<div class=\"uael-team-member-designation\">\n\t\t\t\t\t\t\t<div class=\"uael-team-desig\">12 XII 1904 - 13 VI 1998\t\t\t\t\t\t\t<\/div>\n\t\t\t\t\t\t<\/div>\n\t\t\t\t\t\t\t\t\t\t\t\t\t\t\t\t\t\t\t\t\t\t\t\t\t\t\t<div class=\"uael-team-member-desc\">\n\t\t\t\t\t\t\t<div class=\"uael-team-desc\"><p>Meister Sugino Yoshio begann sein Kampfkunstabenteuer vor dem Zweiten Weltkrieg mit kend\u014d, j\u016bd\u014d mit Jigir\u014d Kan\u014d-sensei (Begr\u00fcnder des j\u016bd\u014d) und schlie\u00dflich mit aikid\u014d mit sensei Morihei Ueshiba (Begr\u00fcnder des aikid\u014d). Er begann mit Tenshin Sh\u014dden Katori Shint\u014d-ry\u016b mit sensei Kan\u014d um 1928 im K\u014dd\u014dkan D\u014dj\u014d zu \u00fcben. Sensei Sugino Yoshio erhielt seine Ausbildung von 4 Shihan's, haupts\u00e4chlich von Ichizo Shiina (f\u00fcr etwa 10 Jahre) und von Tamai, Ito und Kuboka. Im Jahr 1927 gr\u00fcndete er ein d\u014dj\u014d, in dem er zun\u00e4chst nur j\u016bd\u014d unterrichtete, um dann 1937 auch Aikid\u014d und nach dem 2. Weltkrieg Katori Shint\u014d-ry\u016b zu unterrichten.<\/p>\n<p>Ab 1953 wurde er eingeladen, Kampfszenen in Filmen \u00fcber Samurai vorzubereiten. Sein bekanntester Film ist \"Sieben Samurai\" mit Toshir\u014d Mifune unter der Regie von Kurosawa Akira. 1981 wurde er von der International Nippon Bud\u014d Federation mit dem 10. Viele Jahre lang bereiste er Europa und die Welt, um f\u00fcr Katori Shint\u014d-ry\u016b zu werben. Er \u00fcbertrug die Leitung seines d\u014dj\u014d seinem Sohn Sugino Yukihiro.<\/p><\/div>\n\t\t\t\t\t\t<\/div>\n\t\t\t\t\t\t\t\t\t\t\t\t\t\t\t\t\t\t\t<\/div>\n\t\t\t<\/div>\n\t\t<\/div>\n\t<\/div>\n\t\t\t\t\t\t<\/div>\n\t\t\t\t<\/div>\n\t\t\t\t<div class=\"elementor-element elementor-element-f3aeb08 uael-member-image-pos-left uael-shape-square elementor-widget elementor-widget-uael-team-member\" data-id=\"f3aeb08\" data-element_type=\"widget\" data-e-type=\"widget\" data-widget_type=\"uael-team-member.default\">\n\t\t\t\t<div class=\"elementor-widget-container\">\n\t\t\t\t\t\t\t<div class=\"uael-member-stacked-mobile uael-member-image-valign-top uael-team-member\">\n\t\t\t<div class = \"uael-team-member-wrap\" >\n\t\t\t\t<div class=\"uael-member-wrap\" >\n\t\t\t\t\t\t\t\t\t\t\t\t<div class=\"uael-team-member-image\">\n\t\t\t\t\t\t\t<div class=\"elementor-animation-\"><img decoding=\"async\" width=\"231\" height=\"300\" src=\"https:\/\/katorishintoryu.pl\/wp-content\/uploads\/Hatakeyama_.jpg\" class=\"attachment-large size-large wp-image-380\" alt=\"\" loading=\"lazy\" \/><\/div>\t\t\t\t\t\t\t<\/div>\n\t\t\t\t\t\t\t\t\t\t\t\t\t\t\t<div class=\"uael-team-member-content\">\n\t\t\t\t\t\t\t\t\t\t\t<div class=\"uael-team-member-name\">\n\t\t\t\t\t\t<h2 class=\"uael-team-name\">Goro Hatakeyama<\/h2>\t\t\t\t\t\t<\/div>\n\t\t\t\t\t\t\t\t\t\t\t\t\t\t\t\t\t\t\t\t\t\t\t\t\t\t\t<div class=\"uael-team-member-designation\">\n\t\t\t\t\t\t\t<div class=\"uael-team-desig\">17 VIII 1928 - 8 XII 2009\t\t\t\t\t\t\t<\/div>\n\t\t\t\t\t\t<\/div>\n\t\t\t\t\t\t\t\t\t\t\t\t\t\t\t\t\t\t\t\t\t\t\t\t\t\t\t<div class=\"uael-team-member-desc\">\n\t\t\t\t\t\t\t<div class=\"uael-team-desc\"><p style=\"text-align: left\">Meister Goro Hatakeyama begann seine Kampfkunstausbildung im Alter von 13 Jahren mit kend\u014d im d\u014dj\u014d an seiner High School. Danach studierte er viele Jahre lang traditionelles J\u016bjutsu. Im Alter von 37 Jahren begann er mit der Ausbildung in Katori Shint\u014d-ry\u016b unter dem bedeutenden Meister Yoshio Sugino. Hatakeyama wurde schnell ein enger Sch\u00fcler und Assistent von Yoshio Sugino, von dem er den h\u00f6chsten Rang des 9. Dan und den Titel Menkyo Kaiden erhielt.<\/p>\n<p style=\"text-align: left\">Meister Hatakeyama leitete sein eigenes d\u014dj\u014d (getrennt vom d\u014dj\u014d von Risuke Otake und Yukihiro Sugino - Sohn von Yoshio Sugino) und widmete jedes Jahr mehrere Monate der Verbreitung von Katori Shint\u014d-ry\u016b au\u00dferhalb Japans. Seminare mit ihm wurden in Frankreich, den Niederlanden, Belgien, D\u00e4nemark, Italien, dem Vereinigten K\u00f6nigreich, Polen, der Tschechischen Republik, Ungarn, Russland, Kanada und den Vereinigten Staaten abgehalten.<\/p>\n<p style=\"text-align: left\">Nach langer Krankheit starb der Meister im Alter von 81 Jahren am 08.12.2009 in Ofuna (Kamakura).<\/p><\/div>\n\t\t\t\t\t\t<\/div>\n\t\t\t\t\t\t\t\t\t\t\t\t\t\t\t\t\t\t\t<\/div>\n\t\t\t<\/div>\n\t\t<\/div>\n\t<\/div>\n\t\t\t\t\t\t<\/div>\n\t\t\t\t<\/div>\n\t\t\t\t\t<\/div>\n\t\t\t\t<\/div>\n\t\t\t\t<\/div>","protected":false},"excerpt":{"rendered":"<p>Yukihiro Sugino\u200b 14 XII 1937 Mistrz Sugino Yukihiro odziedziczy\u0142 prowadzenie Sugino D\u014dj\u014d w Kawasaki po \u015bmierci swojego ojca, Sugino Yoshio. Posiada 9. dan w Katori Shint\u014d-ry\u016b oraz 7. dan w aikid\u014d Aikikai. Sensei Sugino Yukihiro zawsze naucza\u0142 w d\u014dj\u014d swego ojca. Teraz, przekazuje tradycje szko\u0142y r\u00f3wnie\u017c poza rodzinnym d\u014dj\u014d i go\u015bci na zachodzie co najmniej [&hellip;]<\/p>\n","protected":false},"author":1,"featured_media":11861,"parent":0,"menu_order":25,"comment_status":"closed","ping_status":"closed","template":"","meta":{"_acf_changed":false,"site-sidebar-layout":"default","site-content-layout":"default","ast-site-content-layout":"default","site-content-style":"default","site-sidebar-style":"default","ast-global-header-display":"","ast-banner-title-visibility":"","ast-main-header-display":"","ast-hfb-above-header-display":"","ast-hfb-below-header-display":"","ast-hfb-mobile-header-display":"","site-post-title":"","ast-breadcrumbs-content":"","ast-featured-img":"","footer-sml-layout":"","ast-disable-related-posts":"","theme-transparent-header-meta":"default","adv-header-id-meta":"","stick-header-meta":"","header-above-stick-meta":"","header-main-stick-meta":"","header-below-stick-meta":"","astra-migrate-meta-layouts":"set","ast-page-background-enabled":"default","ast-page-background-meta":{"desktop":{"background-color":"var(--ast-global-color-4)","background-image":"","background-repeat":"repeat","background-position":"center center","background-size":"auto","background-attachment":"scroll","background-type":"","background-media":"","overlay-type":"","overlay-color":"","overlay-opacity":"","overlay-gradient":""},"tablet":{"background-color":"","background-image":"","background-repeat":"repeat","background-position":"center center","background-size":"auto","background-attachment":"scroll","background-type":"","background-media":"","overlay-type":"","overlay-color":"","overlay-opacity":"","overlay-gradient":""},"mobile":{"background-color":"","background-image":"","background-repeat":"repeat","background-position":"center center","background-size":"auto","background-attachment":"scroll","background-type":"","background-media":"","overlay-type":"","overlay-color":"","overlay-opacity":"","overlay-gradient":""}},"ast-content-background-meta":{"desktop":{"background-color":"var(--ast-global-color-5)","background-image":"","background-repeat":"repeat","background-position":"center center","background-size":"auto","background-attachment":"scroll","background-type":"","background-media":"","overlay-type":"","overlay-color":"","overlay-opacity":"","overlay-gradient":""},"tablet":{"background-color":"var(--ast-global-color-5)","background-image":"","background-repeat":"repeat","background-position":"center center","background-size":"auto","background-attachment":"scroll","background-type":"","background-media":"","overlay-type":"","overlay-color":"","overlay-opacity":"","overlay-gradient":""},"mobile":{"background-color":"var(--ast-global-color-5)","background-image":"","background-repeat":"repeat","background-position":"center center","background-size":"auto","background-attachment":"scroll","background-type":"","background-media":"","overlay-type":"","overlay-color":"","overlay-opacity":"","overlay-gradient":""}}},"class_list":["post-44","page","type-page","status-publish","has-post-thumbnail","hentry"],"acf":[],"publishpress_future_workflow_manual_trigger":{"enabledWorkflows":[]},"_links":{"self":[{"href":"https:\/\/katorishintoryu.pl\/de\/wp-json\/wp\/v2\/pages\/44","targetHints":{"allow":["GET"]}}],"collection":[{"href":"https:\/\/katorishintoryu.pl\/de\/wp-json\/wp\/v2\/pages"}],"about":[{"href":"https:\/\/katorishintoryu.pl\/de\/wp-json\/wp\/v2\/types\/page"}],"author":[{"embeddable":true,"href":"https:\/\/katorishintoryu.pl\/de\/wp-json\/wp\/v2\/users\/1"}],"replies":[{"embeddable":true,"href":"https:\/\/katorishintoryu.pl\/de\/wp-json\/wp\/v2\/comments?post=44"}],"version-history":[{"count":141,"href":"https:\/\/katorishintoryu.pl\/de\/wp-json\/wp\/v2\/pages\/44\/revisions"}],"predecessor-version":[{"id":16001,"href":"https:\/\/katorishintoryu.pl\/de\/wp-json\/wp\/v2\/pages\/44\/revisions\/16001"}],"wp:featuredmedia":[{"embeddable":true,"href":"https:\/\/katorishintoryu.pl\/de\/wp-json\/wp\/v2\/media\/11861"}],"wp:attachment":[{"href":"https:\/\/katorishintoryu.pl\/de\/wp-json\/wp\/v2\/media?parent=44"}],"curies":[{"name":"wp","href":"https:\/\/api.w.org\/{rel}","templated":true}]}}