{"id":48,"date":"2019-05-01T18:52:31","date_gmt":"2019-05-01T18:52:31","guid":{"rendered":"https:\/\/katorishintoryu.pl\/?page_id=48"},"modified":"2025-06-27T20:27:30","modified_gmt":"2025-06-27T18:27:30","slug":"was-ist-japanisches-fechten","status":"publish","type":"page","link":"https:\/\/katorishintoryu.pl\/de\/czym-jest-szermierka-japonska\/","title":{"rendered":"Was ist japanisches Fechten?"},"content":{"rendered":"<div data-elementor-type=\"wp-post\" data-elementor-id=\"48\" class=\"elementor elementor-48\" data-elementor-post-type=\"page\">\n\t\t\t\t<div class=\"elementor-element elementor-element-749927f e-flex e-con-boxed e-con e-parent\" data-id=\"749927f\" data-element_type=\"container\" data-e-type=\"container\">\n\t\t\t\t\t<div class=\"e-con-inner\">\n\t\t\t\t<div class=\"elementor-element elementor-element-664e7ac elementor-widget elementor-widget-text-editor\" data-id=\"664e7ac\" data-element_type=\"widget\" data-e-type=\"widget\" data-widget_type=\"text-editor.default\">\n\t\t\t\t<div class=\"elementor-widget-container\">\n\t\t\t\t\t\t\t\t\t<p>Historisch gesehen ist es eine der wichtigsten Kampfk\u00fcnste, die in Japan praktiziert werden. Sie beinhaltet das Erlernen des Umgangs mit dem Schwert und entstand um das 15. Jahrhundert. Jahrhundert. Obwohl das Schwert fr\u00fcher eine wichtige Rolle spielte, waren Bogen und Speer die bevorzugten Waffen auf dem Schlachtfeld. Erst in der Zeit der Teilung gewann das Schwert an Bedeutung, da seine Vielseitigkeit und die Tatsache, dass es auch in Innenr\u00e4umen praktisch immer an der Seite des Samurai war, gesch\u00e4tzt wurde.<\/p>\n<p>Urspr\u00fcnglich umfasste Kenjutsu alle Aspekte des Umgangs mit dem Schwert, aber im Laufe der Zeit wurde die Kunst des Schwertziehens, bekannt als \"Iaijutsu\", von der Hauptrichtung getrennt. Von da an bezog sich der Begriff Kenjutsu auf die Techniken im Umgang mit einem bereits gezogenen Schwert.<\/p>\n<p>Kenjutsu war eine weit verbreitete Kunst, die in vielen Kriegsschulen praktiziert wurde, bis Mitte des 19. Jahrhunderts, als mit der Meji-Restauration die Herrschaft der Siogunate gest\u00fcrzt, die Samurai-Klasse abgeschafft und das Tragen von Schwertern in der \u00d6ffentlichkeit verboten wurde.<\/p>\t\t\t\t\t\t\t\t<\/div>\n\t\t\t\t<\/div>\n\t\t\t\t<div class=\"elementor-element elementor-element-c13f03b elementor-widget elementor-widget-heading\" data-id=\"c13f03b\" data-element_type=\"widget\" data-e-type=\"widget\" data-widget_type=\"heading.default\">\n\t\t\t\t<div class=\"elementor-widget-container\">\n\t\t\t\t\t<h2 class=\"elementor-heading-title elementor-size-default\">Kenjutsu-Schulen<\/h2>\t\t\t\t<\/div>\n\t\t\t\t<\/div>\n\t\t\t\t<div class=\"elementor-element elementor-element-2725f9d elementor-widget elementor-widget-image\" data-id=\"2725f9d\" data-element_type=\"widget\" data-e-type=\"widget\" data-widget_type=\"image.default\">\n\t\t\t\t<div class=\"elementor-widget-container\">\n\t\t\t\t\t\t\t\t\t\t\t\t\t\t\t<img loading=\"lazy\" decoding=\"async\" width=\"1024\" height=\"575\" src=\"https:\/\/katorishintoryu.pl\/wp-content\/uploads\/Krakow-Treningi-2016-2-1024x575.jpg\" class=\"attachment-large size-large wp-image-790\" alt=\"\" srcset=\"https:\/\/katorishintoryu.pl\/wp-content\/uploads\/Krakow-Treningi-2016-2-1024x575.jpg 1024w, https:\/\/katorishintoryu.pl\/wp-content\/uploads\/Krakow-Treningi-2016-2-300x169.jpg 300w, https:\/\/katorishintoryu.pl\/wp-content\/uploads\/Krakow-Treningi-2016-2-768x431.jpg 768w, https:\/\/katorishintoryu.pl\/wp-content\/uploads\/Krakow-Treningi-2016-2.jpg 1499w\" sizes=\"auto, (max-width: 1024px) 100vw, 1024px\" \/>\t\t\t\t\t\t\t\t\t\t\t\t\t\t\t<\/div>\n\t\t\t\t<\/div>\n\t\t\t\t<div class=\"elementor-element elementor-element-d9d162c elementor-widget elementor-widget-text-editor\" data-id=\"d9d162c\" data-element_type=\"widget\" data-e-type=\"widget\" data-widget_type=\"text-editor.default\">\n\t\t\t\t<div class=\"elementor-widget-container\">\n\t\t\t\t\t\t\t\t\t<p><span style=\"font-size: 1rem;\">Zu den \u00e4ltesten Kampfschulen, die unter anderem Kenjutsu lehren, geh\u00f6ren Schulen wie:\u00a0<\/span><\/p><p>- Kage-ry\u016b<br \/>- Ch\u016bj\u014d-ry\u016b<br \/>- Tenshin Sh\u014dden Katori Shint\u014d-.<span style=\"font-size: 1rem;\">ry\u016b<\/span><\/p>\t\t\t\t\t\t\t\t<\/div>\n\t\t\t\t<\/div>\n\t\t\t\t<div class=\"elementor-element elementor-element-07bebd8 elementor-widget elementor-widget-heading\" data-id=\"07bebd8\" data-element_type=\"widget\" data-e-type=\"widget\" data-widget_type=\"heading.default\">\n\t\t\t\t<div class=\"elementor-widget-container\">\n\t\t\t\t\t<h2 class=\"elementor-heading-title elementor-size-default\">Wann ist Kenjutsu entstanden?&nbsp;<\/h2>\t\t\t\t<\/div>\n\t\t\t\t<\/div>\n\t\t\t\t<div class=\"elementor-element elementor-element-b7d6980 elementor-widget elementor-widget-image\" data-id=\"b7d6980\" data-element_type=\"widget\" data-e-type=\"widget\" data-widget_type=\"image.default\">\n\t\t\t\t<div class=\"elementor-widget-container\">\n\t\t\t\t\t\t\t\t\t\t\t\t\t\t\t<img loading=\"lazy\" decoding=\"async\" width=\"393\" height=\"294\" src=\"https:\/\/katorishintoryu.pl\/wp-content\/uploads\/kenjutsu.png\" class=\"attachment-large size-large wp-image-286\" alt=\"\" srcset=\"https:\/\/katorishintoryu.pl\/wp-content\/uploads\/kenjutsu.png 393w, https:\/\/katorishintoryu.pl\/wp-content\/uploads\/kenjutsu-300x224.png 300w\" sizes=\"auto, (max-width: 393px) 100vw, 393px\" \/>\t\t\t\t\t\t\t\t\t\t\t\t\t\t\t<\/div>\n\t\t\t\t<\/div>\n\t\t\t\t<div class=\"elementor-element elementor-element-4948834 elementor-widget elementor-widget-text-editor\" data-id=\"4948834\" data-element_type=\"widget\" data-e-type=\"widget\" data-widget_type=\"text-editor.default\">\n\t\t\t\t<div class=\"elementor-widget-container\">\n\t\t\t\t\t\t\t\t\t<p>Die Zeit der Gr\u00fcndung der oben genannten Schulen f\u00e4llt in das 14. bis 15. Jahrhundert, wobei die bis heute am besten erhaltene Schule die Tenshin Sh\u014dden Katori Shint\u014d-ry\u016b ist. Auf der Grundlage dieser drei Schulen wurden im Laufe der Jahre Hunderte weiterer kleinerer Schulen gegr\u00fcndet, von denen viele ebenfalls bis in die Gegenwart \u00fcberlebt haben. So entstand aus der Katori Shint\u014d-ry\u016b-Schule die heute noch bekannte und praktizierte Kashima Shint\u014d-ry\u016b-Schule, w\u00e4hrend die Yagy\u016b Shinkage-ry\u016b-Schule aus der Kage-ry\u016b-Schule hervorging.<\/p>\t\t\t\t\t\t\t\t<\/div>\n\t\t\t\t<\/div>\n\t\t\t\t<div class=\"elementor-element elementor-element-1abf32b elementor-widget elementor-widget-heading\" data-id=\"1abf32b\" data-element_type=\"widget\" data-e-type=\"widget\" data-widget_type=\"heading.default\">\n\t\t\t\t<div class=\"elementor-widget-container\">\n\t\t\t\t\t<h2 class=\"elementor-heading-title elementor-size-default\">Lehrmethoden<\/h2>\t\t\t\t<\/div>\n\t\t\t\t<\/div>\n\t\t\t\t<div class=\"elementor-element elementor-element-f2858bf elementor-widget elementor-widget-image\" data-id=\"f2858bf\" data-element_type=\"widget\" data-e-type=\"widget\" data-widget_type=\"image.default\">\n\t\t\t\t<div class=\"elementor-widget-container\">\n\t\t\t\t\t\t\t\t\t\t\t\t\t\t\t<img decoding=\"async\" width=\"201\" height=\"300\" src=\"https:\/\/katorishintoryu.pl\/wp-content\/uploads\/pokaz-manggha-2-201x300.jpg\" class=\"attachment-medium size-medium wp-image-799\" alt=\"\" loading=\"lazy\" srcset=\"https:\/\/katorishintoryu.pl\/wp-content\/uploads\/pokaz-manggha-2-201x300.jpg 201w, https:\/\/katorishintoryu.pl\/wp-content\/uploads\/pokaz-manggha-2.jpg 468w\" sizes=\"auto, (max-width: 201px) 100vw, 201px\" \/>\t\t\t\t\t\t\t\t\t\t\t\t\t\t\t<\/div>\n\t\t\t\t<\/div>\n\t\t\t\t<div class=\"elementor-element elementor-element-6381377 elementor-widget elementor-widget-text-editor\" data-id=\"6381377\" data-element_type=\"widget\" data-e-type=\"widget\" data-widget_type=\"text-editor.default\">\n\t\t\t\t<div class=\"elementor-widget-container\">\n\t\t\t\t\t\t\t\t\t<p>Die Art und Weise, wie Kenjutsu gelehrt und trainiert wurde, variierte von Schule zu Schule, aber eine sehr beliebte Form waren die \"Kata\"-Formen. Dabei handelt es sich um formalisierte Bewegungsabl\u00e4ufe, die dazu dienen, verschiedene Techniken f\u00fcr den Einsatz des Schwertes im Kampf zu lehren. Im Kenjutsu werden sie in der Regel zu zweit ge\u00fcbt, wobei eine Person der \"Sch\u00fcler\" und die andere der \"Lehrer\" ist. Die Rolle des Sch\u00fclers besteht darin, die betreffenden Techniken auszuf\u00fchren, um sie zu verstehen, w\u00e4hrend die Rolle des Lehrers darin besteht, daf\u00fcr zu sorgen, dass der Sch\u00fcler die Technik ausf\u00fchren kann, damit er die Bedeutung und Anwendung der Technik verstehen kann. Die Kata k\u00f6nnen sich von Schule zu Schule stark unterscheiden. In einigen Schulen besteht eine Kata aus mehreren Techniken, w\u00e4hrend in anderen Schulen eine Kata aus einer Abfolge von einem Dutzend oder sogar Dutzenden von Techniken bestehen kann.<\/p>\t\t\t\t\t\t\t\t<\/div>\n\t\t\t\t<\/div>\n\t\t\t\t<div class=\"elementor-element elementor-element-044e1f9 elementor-widget elementor-widget-heading\" data-id=\"044e1f9\" data-element_type=\"widget\" data-e-type=\"widget\" data-widget_type=\"heading.default\">\n\t\t\t\t<div class=\"elementor-widget-container\">\n\t\t\t\t\t<h2 class=\"elementor-heading-title elementor-size-default\">Kenjutsu in Katori Shint\u014d-ry\u016b\n<\/h2>\t\t\t\t<\/div>\n\t\t\t\t<\/div>\n\t\t\t\t<div class=\"elementor-element elementor-element-0b4a56b elementor-widget elementor-widget-image\" data-id=\"0b4a56b\" data-element_type=\"widget\" data-e-type=\"widget\" data-widget_type=\"image.default\">\n\t\t\t\t<div class=\"elementor-widget-container\">\n\t\t\t\t\t\t\t\t\t\t\t\t\t\t\t<img decoding=\"async\" width=\"271\" height=\"551\" src=\"https:\/\/katorishintoryu.pl\/wp-content\/uploads\/katori-shinto-ryu.png\" class=\"attachment-large size-large wp-image-3519\" alt=\"\" loading=\"lazy\" srcset=\"https:\/\/katorishintoryu.pl\/wp-content\/uploads\/katori-shinto-ryu.png 271w, https:\/\/katorishintoryu.pl\/wp-content\/uploads\/katori-shinto-ryu-148x300.png 148w\" sizes=\"auto, (max-width: 271px) 100vw, 271px\" \/>\t\t\t\t\t\t\t\t\t\t\t\t\t\t\t<\/div>\n\t\t\t\t<\/div>\n\t\t\t\t<div class=\"elementor-element elementor-element-1b84ed6 elementor-widget elementor-widget-text-editor\" data-id=\"1b84ed6\" data-element_type=\"widget\" data-e-type=\"widget\" data-widget_type=\"text-editor.default\">\n\t\t\t\t<div class=\"elementor-widget-container\">\n\t\t\t\t\t\t\t\t\t<p>Die Katori Shint\u014d-ry\u016b-Techniken sind f\u00fcr den Einsatz auf dem Schlachtfeld im Vollwaffenkampf gedacht. Die breiten und stabilen Stellungen sollten ein sicheres Bewegen \u00fcber unebenes Gel\u00e4nde erm\u00f6glichen und eine ausreichende Schnittkraft bieten. Anders als beim Sportkampf ist das Ziel eines jeden Angriffs die nicht von der R\u00fcstung bedeckte Fl\u00e4che (L\u00fccken in der R\u00fcstung, Suki genannt).<\/p><p>Das Lernen an der Tenshin Sh\u014dden Katori Shint\u014d-ry\u016b Schule beginnt mit der kata kenjutsu. Diese sind das absolute Fundament der Schule, auf dem sp\u00e4ter das Studium anderer Waffen aufgebaut wird. Das Programm der Schule umfasst vier grundlegende kata kenjutsu, die jeweils aus einem Dutzend Techniken bestehen. Ein Anf\u00e4nger beginnt mit dem Erlernen der Sch\u00fclerseite jeder der vier Kata, bevor er mit dem Erlernen der anderen Waffen und der Lehrerseite der oben genannten Kata Kenjutsu fortf\u00e4hrt. Die Schule lehrt auch f\u00fcnf fortgeschrittene Kata und drei geheime Kata Kenjutsu.<\/p>\t\t\t\t\t\t\t\t<\/div>\n\t\t\t\t<\/div>\n\t\t\t\t\t<\/div>\n\t\t\t\t<\/div>\n\t\t\t\t<\/div>","protected":false},"excerpt":{"rendered":"<p>Historycznie, jest ona jedn\u0105 z najwa\u017cniejszych sztuk walki uprawianych w Japonii. Polega ona na nauce pos\u0142ugiwania si\u0119 mieczem i wywodzi si\u0119 z okolic XV wieku. Mimo \u017ce wcze\u015bniej miecz mia\u0142 du\u017ce znaczenie to broni\u0105&nbsp; preferowan\u0105 na polu bitwy by\u0142y \u0142uk i w\u0142\u00f3cznia. Dopiero w okresie rozbicia dzielnicowego miecz zyska\u0142 na znaczeniu, gdy\u017c doceniono jego uniwersalno\u015b\u0107 [&hellip;]<\/p>\n","protected":false},"author":5,"featured_media":820,"parent":0,"menu_order":22,"comment_status":"closed","ping_status":"closed","template":"","meta":{"_acf_changed":false,"site-sidebar-layout":"default","site-content-layout":"default","ast-site-content-layout":"default","site-content-style":"default","site-sidebar-style":"default","ast-global-header-display":"","ast-banner-title-visibility":"","ast-main-header-display":"","ast-hfb-above-header-display":"","ast-hfb-below-header-display":"","ast-hfb-mobile-header-display":"","site-post-title":"","ast-breadcrumbs-content":"","ast-featured-img":"","footer-sml-layout":"","ast-disable-related-posts":"","theme-transparent-header-meta":"default","adv-header-id-meta":"","stick-header-meta":"","header-above-stick-meta":"","header-main-stick-meta":"","header-below-stick-meta":"","astra-migrate-meta-layouts":"set","ast-page-background-enabled":"default","ast-page-background-meta":{"desktop":{"background-color":"var(--ast-global-color-4)","background-image":"","background-repeat":"repeat","background-position":"center center","background-size":"auto","background-attachment":"scroll","background-type":"","background-media":"","overlay-type":"","overlay-color":"","overlay-opacity":"","overlay-gradient":""},"tablet":{"background-color":"","background-image":"","background-repeat":"repeat","background-position":"center center","background-size":"auto","background-attachment":"scroll","background-type":"","background-media":"","overlay-type":"","overlay-color":"","overlay-opacity":"","overlay-gradient":""},"mobile":{"background-color":"","background-image":"","background-repeat":"repeat","background-position":"center center","background-size":"auto","background-attachment":"scroll","background-type":"","background-media":"","overlay-type":"","overlay-color":"","overlay-opacity":"","overlay-gradient":""}},"ast-content-background-meta":{"desktop":{"background-color":"var(--ast-global-color-5)","background-image":"","background-repeat":"repeat","background-position":"center center","background-size":"auto","background-attachment":"scroll","background-type":"","background-media":"","overlay-type":"","overlay-color":"","overlay-opacity":"","overlay-gradient":""},"tablet":{"background-color":"var(--ast-global-color-5)","background-image":"","background-repeat":"repeat","background-position":"center center","background-size":"auto","background-attachment":"scroll","background-type":"","background-media":"","overlay-type":"","overlay-color":"","overlay-opacity":"","overlay-gradient":""},"mobile":{"background-color":"var(--ast-global-color-5)","background-image":"","background-repeat":"repeat","background-position":"center center","background-size":"auto","background-attachment":"scroll","background-type":"","background-media":"","overlay-type":"","overlay-color":"","overlay-opacity":"","overlay-gradient":""}}},"class_list":["post-48","page","type-page","status-publish","has-post-thumbnail","hentry"],"acf":[],"publishpress_future_workflow_manual_trigger":{"enabledWorkflows":[]},"_links":{"self":[{"href":"https:\/\/katorishintoryu.pl\/de\/wp-json\/wp\/v2\/pages\/48","targetHints":{"allow":["GET"]}}],"collection":[{"href":"https:\/\/katorishintoryu.pl\/de\/wp-json\/wp\/v2\/pages"}],"about":[{"href":"https:\/\/katorishintoryu.pl\/de\/wp-json\/wp\/v2\/types\/page"}],"author":[{"embeddable":true,"href":"https:\/\/katorishintoryu.pl\/de\/wp-json\/wp\/v2\/users\/5"}],"replies":[{"embeddable":true,"href":"https:\/\/katorishintoryu.pl\/de\/wp-json\/wp\/v2\/comments?post=48"}],"version-history":[{"count":78,"href":"https:\/\/katorishintoryu.pl\/de\/wp-json\/wp\/v2\/pages\/48\/revisions"}],"predecessor-version":[{"id":15995,"href":"https:\/\/katorishintoryu.pl\/de\/wp-json\/wp\/v2\/pages\/48\/revisions\/15995"}],"wp:featuredmedia":[{"embeddable":true,"href":"https:\/\/katorishintoryu.pl\/de\/wp-json\/wp\/v2\/media\/820"}],"wp:attachment":[{"href":"https:\/\/katorishintoryu.pl\/de\/wp-json\/wp\/v2\/media?parent=48"}],"curies":[{"name":"wp","href":"https:\/\/api.w.org\/{rel}","templated":true}]}}