{"id":501,"date":"2019-05-05T15:30:09","date_gmt":"2019-05-05T15:30:09","guid":{"rendered":"https:\/\/katorishintoryu.pl\/?page_id=501"},"modified":"2023-12-21T17:41:45","modified_gmt":"2023-12-21T16:41:45","slug":"rodo","status":"publish","type":"page","link":"https:\/\/katorishintoryu.pl\/de\/rodo\/","title":{"rendered":"RODO"},"content":{"rendered":"<div data-elementor-type=\"wp-page\" data-elementor-id=\"501\" class=\"elementor elementor-501\" data-elementor-post-type=\"page\">\n\t\t\t\t\t\t<section class=\"elementor-section elementor-top-section elementor-element elementor-element-7b7adf2 elementor-section-boxed elementor-section-height-default elementor-section-height-default\" data-id=\"7b7adf2\" data-element_type=\"section\" data-e-type=\"section\">\n\t\t\t\t\t\t<div class=\"elementor-container elementor-column-gap-default\">\n\t\t\t\t\t<div class=\"elementor-column elementor-col-100 elementor-top-column elementor-element elementor-element-5055cf00\" data-id=\"5055cf00\" data-element_type=\"column\" data-e-type=\"column\">\n\t\t\t<div class=\"elementor-widget-wrap elementor-element-populated\">\n\t\t\t\t\t\t<div class=\"elementor-element elementor-element-2f8af186 elementor-widget elementor-widget-text-editor\" data-id=\"2f8af186\" data-element_type=\"widget\" data-e-type=\"widget\" data-widget_type=\"text-editor.default\">\n\t\t\t\t<div class=\"elementor-widget-container\">\n\t\t\t\t\t\t\t\t\t<p>Informationen \u00fcber die Verarbeitung personenbezogener Daten gem\u00e4\u00df Artikel 13 (in \u00dcbereinstimmung mit der Allgemeinen Datenschutzverordnung)<\/p><p>Der Verwalter Ihrer pers\u00f6nlichen Daten ist der Verein TAKE mit Sitz in der ul. G\u0142ogowska 15\/3, 31-416 Krakau (TAKE).<\/p><p>Z TAKE mo\u017cna si\u0119 skontaktowa\u0107 poprzez adres e-mail: katori.poland@gmail.com<br \/>Ihre Daten werden von TAKE zu den folgenden Zwecken verarbeitet:<br \/>- Durchf\u00fchrung von Kampfsporttraining und -seminaren - gem\u00e4\u00df Artikel 6 Absatz 1 Buchstabe a)<br \/>- die T\u00e4tigkeiten der TAKE Association auf der Grundlage von Artikel 6 Absatz 1 Buchstabe a) und Artikel 9 Absatz 2 Buchstabe d) auszuf\u00fchren<\/p><p>Ihre personenbezogenen Daten werden von TAKE f\u00fcr den Zeitraum verarbeitet, der f\u00fcr die oben genannten Zwecke erforderlich ist<br \/>- Kampfsporttraining und -seminare durchf\u00fchren - bis zu dem Zeitpunkt, an dem sie nicht mehr an Training oder Seminaren teilnehmen,<br \/>- zur Durchf\u00fchrung der Aktivit\u00e4ten der TAKE Association - bis zum Ablauf der gesetzlichen Aufbewahrungspflichten.<\/p><p>Ihre pers\u00f6nlichen Daten k\u00f6nnen von TAKE:<br \/>- Anbieter von IT-Dienstleistungen zur Unterst\u00fctzung der TAKE-Aktivit\u00e4ten,<\/p><p>Sie haben das Recht auf Auskunft \u00fcber den Inhalt Ihrer Daten und das Recht auf Berichtigung, L\u00f6schung, Einschr\u00e4nkung der Verarbeitung, das Recht auf Daten\u00fcbertragbarkeit, das Widerspruchsrecht und das Recht, die Einwilligung jederzeit zu widerrufen, ohne dass dadurch die Rechtm\u00e4\u00dfigkeit der aufgrund der Einwilligung vor deren Widerruf erfolgten Verarbeitung ber\u00fchrt wird;<\/p><p>Sie haben auch das Recht, eine Beschwerde bei der Datenschutzaufsichtsbeh\u00f6rde einzureichen<\/p><p>Die Angabe von Daten ist freiwillig. Die Nichtbereitstellung f\u00fchrt dazu, dass Sie nicht an den TAKE-Schulungen und -Aktivit\u00e4ten teilnehmen k\u00f6nnen.<\/p>\t\t\t\t\t\t\t\t<\/div>\n\t\t\t\t<\/div>\n\t\t\t\t\t<\/div>\n\t\t<\/div>\n\t\t\t\t\t<\/div>\n\t\t<\/section>\n\t\t\t\t<\/div>","protected":false},"excerpt":{"rendered":"<p>Informacja o przetwarzaniu danych osobowych zgodnie z art. 13 (zgodnie z Og\u00f3lnym rozporz\u0105dzeniem o ochronie danych) Administratorem twoich danych osobowych jest Stowarzyszenie TAKE z siedzib\u0105 przy ul. G\u0142ogowskiej 15\/3, 31-416 Krak\u00f3w (TAKE). Z TAKE mo\u017cna si\u0119 skontaktowa\u0107 poprzez adres e-mail: katori.poland@gmail.comTwoje dane b\u0119d\u0105 przetwarzane przez TAKE w celach:\u2013 prowadzenie trening\u00f3w i seminari\u00f3w sztuk walki \u2013 [&hellip;]<\/p>\n","protected":false},"author":1,"featured_media":0,"parent":0,"menu_order":31,"comment_status":"closed","ping_status":"closed","template":"","meta":{"_acf_changed":false,"site-sidebar-layout":"default","site-content-layout":"default","ast-site-content-layout":"default","site-content-style":"default","site-sidebar-style":"default","ast-global-header-display":"","ast-banner-title-visibility":"","ast-main-header-display":"","ast-hfb-above-header-display":"","ast-hfb-below-header-display":"","ast-hfb-mobile-header-display":"","site-post-title":"","ast-breadcrumbs-content":"","ast-featured-img":"","footer-sml-layout":"","ast-disable-related-posts":"","theme-transparent-header-meta":"default","adv-header-id-meta":"","stick-header-meta":"","header-above-stick-meta":"","header-main-stick-meta":"","header-below-stick-meta":"","astra-migrate-meta-layouts":"default","ast-page-background-enabled":"default","ast-page-background-meta":{"desktop":{"background-color":"var(--ast-global-color-4)","background-image":"","background-repeat":"repeat","background-position":"center center","background-size":"auto","background-attachment":"scroll","background-type":"","background-media":"","overlay-type":"","overlay-color":"","overlay-opacity":"","overlay-gradient":""},"tablet":{"background-color":"","background-image":"","background-repeat":"repeat","background-position":"center center","background-size":"auto","background-attachment":"scroll","background-type":"","background-media":"","overlay-type":"","overlay-color":"","overlay-opacity":"","overlay-gradient":""},"mobile":{"background-color":"","background-image":"","background-repeat":"repeat","background-position":"center center","background-size":"auto","background-attachment":"scroll","background-type":"","background-media":"","overlay-type":"","overlay-color":"","overlay-opacity":"","overlay-gradient":""}},"ast-content-background-meta":{"desktop":{"background-color":"var(--ast-global-color-5)","background-image":"","background-repeat":"repeat","background-position":"center center","background-size":"auto","background-attachment":"scroll","background-type":"","background-media":"","overlay-type":"","overlay-color":"","overlay-opacity":"","overlay-gradient":""},"tablet":{"background-color":"var(--ast-global-color-5)","background-image":"","background-repeat":"repeat","background-position":"center center","background-size":"auto","background-attachment":"scroll","background-type":"","background-media":"","overlay-type":"","overlay-color":"","overlay-opacity":"","overlay-gradient":""},"mobile":{"background-color":"var(--ast-global-color-5)","background-image":"","background-repeat":"repeat","background-position":"center center","background-size":"auto","background-attachment":"scroll","background-type":"","background-media":"","overlay-type":"","overlay-color":"","overlay-opacity":"","overlay-gradient":""}}},"class_list":["post-501","page","type-page","status-publish","hentry"],"acf":[],"publishpress_future_workflow_manual_trigger":{"enabledWorkflows":[]},"_links":{"self":[{"href":"https:\/\/katorishintoryu.pl\/de\/wp-json\/wp\/v2\/pages\/501","targetHints":{"allow":["GET"]}}],"collection":[{"href":"https:\/\/katorishintoryu.pl\/de\/wp-json\/wp\/v2\/pages"}],"about":[{"href":"https:\/\/katorishintoryu.pl\/de\/wp-json\/wp\/v2\/types\/page"}],"author":[{"embeddable":true,"href":"https:\/\/katorishintoryu.pl\/de\/wp-json\/wp\/v2\/users\/1"}],"replies":[{"embeddable":true,"href":"https:\/\/katorishintoryu.pl\/de\/wp-json\/wp\/v2\/comments?post=501"}],"version-history":[{"count":19,"href":"https:\/\/katorishintoryu.pl\/de\/wp-json\/wp\/v2\/pages\/501\/revisions"}],"predecessor-version":[{"id":13237,"href":"https:\/\/katorishintoryu.pl\/de\/wp-json\/wp\/v2\/pages\/501\/revisions\/13237"}],"wp:attachment":[{"href":"https:\/\/katorishintoryu.pl\/de\/wp-json\/wp\/v2\/media?parent=501"}],"curies":[{"name":"wp","href":"https:\/\/api.w.org\/{rel}","templated":true}]}}