{"id":48,"date":"2019-05-01T18:52:31","date_gmt":"2019-05-01T18:52:31","guid":{"rendered":"https:\/\/katorishintoryu.pl\/?page_id=48"},"modified":"2025-06-27T20:27:30","modified_gmt":"2025-06-27T18:27:30","slug":"what-is-japanese-fencing","status":"publish","type":"page","link":"https:\/\/katorishintoryu.pl\/en\/czym-jest-szermierka-japonska\/","title":{"rendered":"What's a Japanese swordsmanship"},"content":{"rendered":"<div data-elementor-type=\"wp-post\" data-elementor-id=\"48\" class=\"elementor elementor-48\" data-elementor-post-type=\"page\">\n\t\t\t\t<div class=\"elementor-element elementor-element-749927f e-flex e-con-boxed e-con e-parent\" data-id=\"749927f\" data-element_type=\"container\" data-e-type=\"container\">\n\t\t\t\t\t<div class=\"e-con-inner\">\n\t\t\t\t<div class=\"elementor-element elementor-element-664e7ac elementor-widget elementor-widget-text-editor\" data-id=\"664e7ac\" data-element_type=\"widget\" data-e-type=\"widget\" data-widget_type=\"text-editor.default\">\n\t\t\t\t<div class=\"elementor-widget-container\">\n\t\t\t\t\t\t\t\t\t<p>Historically, it is one of the most important martial arts practiced in Japan. It involves learning how to use a sword and comes from around the 15th century. Even though the sword had previously been of great importance, the preferred weapons on the battlefield were the bow and spear. It was only during the period of division that the sword gained importance, as its universality and the fact that it was practically always at the samurai&#039;s side, even indoors, were appreciated.<\/p>\n<p>Initially, kenjutsu covered all aspects of using a sword, but over time, the art of drawing a sword called &quot;iaijutsu&quot; emerged from the mainstream. From then on, the term kenjutsu referred to the techniques of using an already drawn sword.<\/p>\n<p>Kenjutsu was a widely practiced art in many martial schools until the mid-19th century, when the Meji Restoration overthrew the shogunate rule, abolished the samurai class and banned wearing swords in public.<\/p>\t\t\t\t\t\t\t\t<\/div>\n\t\t\t\t<\/div>\n\t\t\t\t<div class=\"elementor-element elementor-element-c13f03b elementor-widget elementor-widget-heading\" data-id=\"c13f03b\" data-element_type=\"widget\" data-e-type=\"widget\" data-widget_type=\"heading.default\">\n\t\t\t\t<div class=\"elementor-widget-container\">\n\t\t\t\t\t<h2 class=\"elementor-heading-title elementor-size-default\">Kenjutsu schools<\/h2>\t\t\t\t<\/div>\n\t\t\t\t<\/div>\n\t\t\t\t<div class=\"elementor-element elementor-element-2725f9d elementor-widget elementor-widget-image\" data-id=\"2725f9d\" data-element_type=\"widget\" data-e-type=\"widget\" data-widget_type=\"image.default\">\n\t\t\t\t<div class=\"elementor-widget-container\">\n\t\t\t\t\t\t\t\t\t\t\t\t\t\t\t<img loading=\"lazy\" decoding=\"async\" width=\"1024\" height=\"575\" src=\"https:\/\/katorishintoryu.pl\/wp-content\/uploads\/Krakow-Treningi-2016-2-1024x575.jpg\" class=\"attachment-large size-large wp-image-790\" alt=\"\" srcset=\"https:\/\/katorishintoryu.pl\/wp-content\/uploads\/Krakow-Treningi-2016-2-1024x575.jpg 1024w, https:\/\/katorishintoryu.pl\/wp-content\/uploads\/Krakow-Treningi-2016-2-300x169.jpg 300w, https:\/\/katorishintoryu.pl\/wp-content\/uploads\/Krakow-Treningi-2016-2-768x431.jpg 768w, https:\/\/katorishintoryu.pl\/wp-content\/uploads\/Krakow-Treningi-2016-2.jpg 1499w\" sizes=\"auto, (max-width: 1024px) 100vw, 1024px\" \/>\t\t\t\t\t\t\t\t\t\t\t\t\t\t\t<\/div>\n\t\t\t\t<\/div>\n\t\t\t\t<div class=\"elementor-element elementor-element-d9d162c elementor-widget elementor-widget-text-editor\" data-id=\"d9d162c\" data-element_type=\"widget\" data-e-type=\"widget\" data-widget_type=\"text-editor.default\">\n\t\t\t\t<div class=\"elementor-widget-container\">\n\t\t\t\t\t\t\t\t\t<p><span style=\"font-size: 1rem;\">Among the oldest war schools teaching, among others, kenjutsu, the following schools stand out:\u00a0<\/span><\/p><p>\u2013 Kage-ry\u016b<br \/>\u2013 Ch\u016bj\u014d-ry\u016b<br \/>\u2013 Tenshin Sh\u014dden Katori Shint\u014d-<span style=\"font-size: 1rem;\">ry\u016b<\/span><\/p>\t\t\t\t\t\t\t\t<\/div>\n\t\t\t\t<\/div>\n\t\t\t\t<div class=\"elementor-element elementor-element-07bebd8 elementor-widget elementor-widget-heading\" data-id=\"07bebd8\" data-element_type=\"widget\" data-e-type=\"widget\" data-widget_type=\"heading.default\">\n\t\t\t\t<div class=\"elementor-widget-container\">\n\t\t\t\t\t<h2 class=\"elementor-heading-title elementor-size-default\">When was kenjutsu created?&nbsp;<\/h2>\t\t\t\t<\/div>\n\t\t\t\t<\/div>\n\t\t\t\t<div class=\"elementor-element elementor-element-b7d6980 elementor-widget elementor-widget-image\" data-id=\"b7d6980\" data-element_type=\"widget\" data-e-type=\"widget\" data-widget_type=\"image.default\">\n\t\t\t\t<div class=\"elementor-widget-container\">\n\t\t\t\t\t\t\t\t\t\t\t\t\t\t\t<img loading=\"lazy\" decoding=\"async\" width=\"393\" height=\"294\" src=\"https:\/\/katorishintoryu.pl\/wp-content\/uploads\/kenjutsu.png\" class=\"attachment-large size-large wp-image-286\" alt=\"\" srcset=\"https:\/\/katorishintoryu.pl\/wp-content\/uploads\/kenjutsu.png 393w, https:\/\/katorishintoryu.pl\/wp-content\/uploads\/kenjutsu-300x224.png 300w\" sizes=\"auto, (max-width: 393px) 100vw, 393px\" \/>\t\t\t\t\t\t\t\t\t\t\t\t\t\t\t<\/div>\n\t\t\t\t<\/div>\n\t\t\t\t<div class=\"elementor-element elementor-element-4948834 elementor-widget elementor-widget-text-editor\" data-id=\"4948834\" data-element_type=\"widget\" data-e-type=\"widget\" data-widget_type=\"text-editor.default\">\n\t\t\t\t<div class=\"elementor-widget-container\">\n\t\t\t\t\t\t\t\t\t<p>The period when the above schools were founded dates back to the 14th - 15th centuries, of which the best preserved school to this day is Tenshin Sh\u014dden Katori Shint\u014d-ry\u016b. On the basis of these three schools, hundreds of other smaller schools were established over the years, many of which have survived to this day. For example: the Kashima Shint\u014d-ry\u016b school, known and still practiced today, comes from the Katori Shint\u014d-ry\u016b school, and the Yagy\u016b Shinkage-ry\u016b from the Kage-ry\u016b school.<\/p>\t\t\t\t\t\t\t\t<\/div>\n\t\t\t\t<\/div>\n\t\t\t\t<div class=\"elementor-element elementor-element-1abf32b elementor-widget elementor-widget-heading\" data-id=\"1abf32b\" data-element_type=\"widget\" data-e-type=\"widget\" data-widget_type=\"heading.default\">\n\t\t\t\t<div class=\"elementor-widget-container\">\n\t\t\t\t\t<h2 class=\"elementor-heading-title elementor-size-default\">Ways of teaching<\/h2>\t\t\t\t<\/div>\n\t\t\t\t<\/div>\n\t\t\t\t<div class=\"elementor-element elementor-element-f2858bf elementor-widget elementor-widget-image\" data-id=\"f2858bf\" data-element_type=\"widget\" data-e-type=\"widget\" data-widget_type=\"image.default\">\n\t\t\t\t<div class=\"elementor-widget-container\">\n\t\t\t\t\t\t\t\t\t\t\t\t\t\t\t<img decoding=\"async\" width=\"201\" height=\"300\" src=\"https:\/\/katorishintoryu.pl\/wp-content\/uploads\/pokaz-manggha-2-201x300.jpg\" class=\"attachment-medium size-medium wp-image-799\" alt=\"\" loading=\"lazy\" srcset=\"https:\/\/katorishintoryu.pl\/wp-content\/uploads\/pokaz-manggha-2-201x300.jpg 201w, https:\/\/katorishintoryu.pl\/wp-content\/uploads\/pokaz-manggha-2.jpg 468w\" sizes=\"auto, (max-width: 201px) 100vw, 201px\" \/>\t\t\t\t\t\t\t\t\t\t\t\t\t\t\t<\/div>\n\t\t\t\t<\/div>\n\t\t\t\t<div class=\"elementor-element elementor-element-6381377 elementor-widget elementor-widget-text-editor\" data-id=\"6381377\" data-element_type=\"widget\" data-e-type=\"widget\" data-widget_type=\"text-editor.default\">\n\t\t\t\t<div class=\"elementor-widget-container\">\n\t\t\t\t\t\t\t\t\t<p>The way of learning and training kenjutsu varied depending on the school, but the &quot;kata&quot; forms were very popular. These are formalized sequences of movements intended to teach various techniques of using the sword in combat. In kenjutsu, they are most often practiced in pairs, in which one person is the &quot;student&quot; and the other is the &quot;teacher&quot;. The role of the student is to perform given techniques in order to understand them, while the role of the teacher is to ensure that the student can perform the technique so that he or she can understand the meaning and application of the technique. Kata can vary greatly from school to school. In some schools, one kata consists of several techniques, and in others, one kata may consist of a sequence of a dozen or even several dozen techniques.<\/p>\t\t\t\t\t\t\t\t<\/div>\n\t\t\t\t<\/div>\n\t\t\t\t<div class=\"elementor-element elementor-element-044e1f9 elementor-widget elementor-widget-heading\" data-id=\"044e1f9\" data-element_type=\"widget\" data-e-type=\"widget\" data-widget_type=\"heading.default\">\n\t\t\t\t<div class=\"elementor-widget-container\">\n\t\t\t\t\t<h2 class=\"elementor-heading-title elementor-size-default\">Kenjutsu in Katori Shint\u014d-ry\u016b\n<\/h2>\t\t\t\t<\/div>\n\t\t\t\t<\/div>\n\t\t\t\t<div class=\"elementor-element elementor-element-0b4a56b elementor-widget elementor-widget-image\" data-id=\"0b4a56b\" data-element_type=\"widget\" data-e-type=\"widget\" data-widget_type=\"image.default\">\n\t\t\t\t<div class=\"elementor-widget-container\">\n\t\t\t\t\t\t\t\t\t\t\t\t\t\t\t<img decoding=\"async\" width=\"271\" height=\"551\" src=\"https:\/\/katorishintoryu.pl\/wp-content\/uploads\/katori-shinto-ryu.png\" class=\"attachment-large size-large wp-image-3519\" alt=\"\" loading=\"lazy\" srcset=\"https:\/\/katorishintoryu.pl\/wp-content\/uploads\/katori-shinto-ryu.png 271w, https:\/\/katorishintoryu.pl\/wp-content\/uploads\/katori-shinto-ryu-148x300.png 148w\" sizes=\"auto, (max-width: 271px) 100vw, 271px\" \/>\t\t\t\t\t\t\t\t\t\t\t\t\t\t\t<\/div>\n\t\t\t\t<\/div>\n\t\t\t\t<div class=\"elementor-element elementor-element-1b84ed6 elementor-widget elementor-widget-text-editor\" data-id=\"1b84ed6\" data-element_type=\"widget\" data-e-type=\"widget\" data-widget_type=\"text-editor.default\">\n\t\t\t\t<div class=\"elementor-widget-container\">\n\t\t\t\t\t\t\t\t\t<p>Katori Shint\u014d-ry\u016b techniques are intended for use on the battlefield for fully armed combat. Wide and stable positions were to enable confident movement on uneven terrain and ensure adequate cutting power. Unlike a sports fight, the target of each attack are places not protected by armor (gaps in the armor, so-called female dogs).<\/p><p>Learning at the Tenshin Sh\u014dden Katori Shint\u014d-ry\u016b school begins with kenjutsu kata. They are the absolute basis of the school on which further learning of other weapons is built. The school&#039;s program includes four basic kenjutsu kata, each consisting of a dozen or so techniques. A beginner starts by learning the student&#039;s side, each of the four kata in turn, and then moves on to learning other weapons and the teacher&#039;s side of the above kenjutsu kata. The school also teaches five advanced kata and three secret kenjutsu kata.<\/p>\t\t\t\t\t\t\t\t<\/div>\n\t\t\t\t<\/div>\n\t\t\t\t\t<\/div>\n\t\t\t\t<\/div>\n\t\t\t\t<\/div>","protected":false},"excerpt":{"rendered":"<p>Historycznie, jest ona jedn\u0105 z najwa\u017cniejszych sztuk walki uprawianych w Japonii. Polega ona na nauce pos\u0142ugiwania si\u0119 mieczem i wywodzi si\u0119 z okolic XV wieku. Mimo \u017ce wcze\u015bniej miecz mia\u0142 du\u017ce znaczenie to broni\u0105&nbsp; preferowan\u0105 na polu bitwy by\u0142y \u0142uk i w\u0142\u00f3cznia. Dopiero w okresie rozbicia dzielnicowego miecz zyska\u0142 na znaczeniu, gdy\u017c doceniono jego uniwersalno\u015b\u0107 [&hellip;]<\/p>\n","protected":false},"author":5,"featured_media":820,"parent":0,"menu_order":22,"comment_status":"closed","ping_status":"closed","template":"","meta":{"_acf_changed":false,"site-sidebar-layout":"default","site-content-layout":"default","ast-site-content-layout":"default","site-content-style":"default","site-sidebar-style":"default","ast-global-header-display":"","ast-banner-title-visibility":"","ast-main-header-display":"","ast-hfb-above-header-display":"","ast-hfb-below-header-display":"","ast-hfb-mobile-header-display":"","site-post-title":"","ast-breadcrumbs-content":"","ast-featured-img":"","footer-sml-layout":"","ast-disable-related-posts":"","theme-transparent-header-meta":"default","adv-header-id-meta":"","stick-header-meta":"","header-above-stick-meta":"","header-main-stick-meta":"","header-below-stick-meta":"","astra-migrate-meta-layouts":"set","ast-page-background-enabled":"default","ast-page-background-meta":{"desktop":{"background-color":"var(--ast-global-color-4)","background-image":"","background-repeat":"repeat","background-position":"center center","background-size":"auto","background-attachment":"scroll","background-type":"","background-media":"","overlay-type":"","overlay-color":"","overlay-opacity":"","overlay-gradient":""},"tablet":{"background-color":"","background-image":"","background-repeat":"repeat","background-position":"center center","background-size":"auto","background-attachment":"scroll","background-type":"","background-media":"","overlay-type":"","overlay-color":"","overlay-opacity":"","overlay-gradient":""},"mobile":{"background-color":"","background-image":"","background-repeat":"repeat","background-position":"center center","background-size":"auto","background-attachment":"scroll","background-type":"","background-media":"","overlay-type":"","overlay-color":"","overlay-opacity":"","overlay-gradient":""}},"ast-content-background-meta":{"desktop":{"background-color":"var(--ast-global-color-5)","background-image":"","background-repeat":"repeat","background-position":"center center","background-size":"auto","background-attachment":"scroll","background-type":"","background-media":"","overlay-type":"","overlay-color":"","overlay-opacity":"","overlay-gradient":""},"tablet":{"background-color":"var(--ast-global-color-5)","background-image":"","background-repeat":"repeat","background-position":"center center","background-size":"auto","background-attachment":"scroll","background-type":"","background-media":"","overlay-type":"","overlay-color":"","overlay-opacity":"","overlay-gradient":""},"mobile":{"background-color":"var(--ast-global-color-5)","background-image":"","background-repeat":"repeat","background-position":"center center","background-size":"auto","background-attachment":"scroll","background-type":"","background-media":"","overlay-type":"","overlay-color":"","overlay-opacity":"","overlay-gradient":""}}},"class_list":["post-48","page","type-page","status-publish","has-post-thumbnail","hentry"],"acf":[],"publishpress_future_workflow_manual_trigger":{"enabledWorkflows":[]},"_links":{"self":[{"href":"https:\/\/katorishintoryu.pl\/en\/wp-json\/wp\/v2\/pages\/48","targetHints":{"allow":["GET"]}}],"collection":[{"href":"https:\/\/katorishintoryu.pl\/en\/wp-json\/wp\/v2\/pages"}],"about":[{"href":"https:\/\/katorishintoryu.pl\/en\/wp-json\/wp\/v2\/types\/page"}],"author":[{"embeddable":true,"href":"https:\/\/katorishintoryu.pl\/en\/wp-json\/wp\/v2\/users\/5"}],"replies":[{"embeddable":true,"href":"https:\/\/katorishintoryu.pl\/en\/wp-json\/wp\/v2\/comments?post=48"}],"version-history":[{"count":78,"href":"https:\/\/katorishintoryu.pl\/en\/wp-json\/wp\/v2\/pages\/48\/revisions"}],"predecessor-version":[{"id":15995,"href":"https:\/\/katorishintoryu.pl\/en\/wp-json\/wp\/v2\/pages\/48\/revisions\/15995"}],"wp:featuredmedia":[{"embeddable":true,"href":"https:\/\/katorishintoryu.pl\/en\/wp-json\/wp\/v2\/media\/820"}],"wp:attachment":[{"href":"https:\/\/katorishintoryu.pl\/en\/wp-json\/wp\/v2\/media?parent=48"}],"curies":[{"name":"wp","href":"https:\/\/api.w.org\/{rel}","templated":true}]}}