{"id":501,"date":"2019-05-05T15:30:09","date_gmt":"2019-05-05T15:30:09","guid":{"rendered":"https:\/\/katorishintoryu.pl\/?page_id=501"},"modified":"2023-12-21T17:41:45","modified_gmt":"2023-12-21T16:41:45","slug":"rodo","status":"publish","type":"page","link":"https:\/\/katorishintoryu.pl\/en\/rodo\/","title":{"rendered":"GDPR"},"content":{"rendered":"<div data-elementor-type=\"wp-page\" data-elementor-id=\"501\" class=\"elementor elementor-501\" data-elementor-post-type=\"page\">\n\t\t\t\t\t\t<section class=\"elementor-section elementor-top-section elementor-element elementor-element-7b7adf2 elementor-section-boxed elementor-section-height-default elementor-section-height-default\" data-id=\"7b7adf2\" data-element_type=\"section\" data-e-type=\"section\">\n\t\t\t\t\t\t<div class=\"elementor-container elementor-column-gap-default\">\n\t\t\t\t\t<div class=\"elementor-column elementor-col-100 elementor-top-column elementor-element elementor-element-5055cf00\" data-id=\"5055cf00\" data-element_type=\"column\" data-e-type=\"column\">\n\t\t\t<div class=\"elementor-widget-wrap elementor-element-populated\">\n\t\t\t\t\t\t<div class=\"elementor-element elementor-element-2f8af186 elementor-widget elementor-widget-text-editor\" data-id=\"2f8af186\" data-element_type=\"widget\" data-e-type=\"widget\" data-widget_type=\"text-editor.default\">\n\t\t\t\t<div class=\"elementor-widget-container\">\n\t\t\t\t\t\t\t\t\t<p>Information on the processing of personal data in accordance with art. 13 (in accordance with the General Data Protection Regulation)<\/p><p>The administrator of your personal data is the TAKE Association with its registered office at ul. G\u0142ogowska 15\/3, 31-416 Krak\u00f3w (TAKE).<\/p><p>Z TAKE mo\u017cna si\u0119 skontaktowa\u0107 poprzez adres e-mail: katori.poland@gmail.com<br \/>Your data will be processed by TAKE for the following purposes:<br \/>\u2013 conducting trainings and martial arts seminars \u2013 pursuant to art. 6 sec. 1 point a<br \/>\u2013 \u200e\u200econducting the activities of the TAKE Association - pursuant to art. 6 sec. 1 point a and art. 9 sec. 2 point d<\/p><p>Your personal data will be processed by TAKE for the period necessary to achieve the below purposes<br \/>\u2013 conducting trainings and martial arts seminars \u2013 until they cease to participate in trainings or seminars,<br \/>\u2013 conducting the activities of the TAKE Association \u2013 until the expiry of the obligations to store data under the law.<\/p><p>Your personal data may be entrusted by TAKE:<br \/>\u2013 providers of IT services supporting the performance of TAKE activities,<\/p><p>You have the right to access your data and the right to rectify, delete, limit processing, the right to transfer data, the right to raise objections, the right to withdraw consent at any time without affecting the lawfulness of processing based on consent before its withdrawal;<\/p><p>You also have the right to lodge a complaint to the supervisory authority dealing with the protection of personal data<\/p><p>Providing data is voluntary. The result of not providing them will be the inability to participate in TAKE training and activities.<\/p>\t\t\t\t\t\t\t\t<\/div>\n\t\t\t\t<\/div>\n\t\t\t\t\t<\/div>\n\t\t<\/div>\n\t\t\t\t\t<\/div>\n\t\t<\/section>\n\t\t\t\t<\/div>","protected":false},"excerpt":{"rendered":"<p>Informacja o przetwarzaniu danych osobowych zgodnie z art. 13 (zgodnie z Og\u00f3lnym rozporz\u0105dzeniem o ochronie danych) Administratorem twoich danych osobowych jest Stowarzyszenie TAKE z siedzib\u0105 przy ul. G\u0142ogowskiej 15\/3, 31-416 Krak\u00f3w (TAKE). Z TAKE mo\u017cna si\u0119 skontaktowa\u0107 poprzez adres e-mail: katori.poland@gmail.comTwoje dane b\u0119d\u0105 przetwarzane przez TAKE w celach:\u2013 prowadzenie trening\u00f3w i seminari\u00f3w sztuk walki \u2013 [&hellip;]<\/p>\n","protected":false},"author":1,"featured_media":0,"parent":0,"menu_order":31,"comment_status":"closed","ping_status":"closed","template":"","meta":{"_acf_changed":false,"site-sidebar-layout":"default","site-content-layout":"default","ast-site-content-layout":"default","site-content-style":"default","site-sidebar-style":"default","ast-global-header-display":"","ast-banner-title-visibility":"","ast-main-header-display":"","ast-hfb-above-header-display":"","ast-hfb-below-header-display":"","ast-hfb-mobile-header-display":"","site-post-title":"","ast-breadcrumbs-content":"","ast-featured-img":"","footer-sml-layout":"","ast-disable-related-posts":"","theme-transparent-header-meta":"default","adv-header-id-meta":"","stick-header-meta":"","header-above-stick-meta":"","header-main-stick-meta":"","header-below-stick-meta":"","astra-migrate-meta-layouts":"default","ast-page-background-enabled":"default","ast-page-background-meta":{"desktop":{"background-color":"var(--ast-global-color-4)","background-image":"","background-repeat":"repeat","background-position":"center center","background-size":"auto","background-attachment":"scroll","background-type":"","background-media":"","overlay-type":"","overlay-color":"","overlay-opacity":"","overlay-gradient":""},"tablet":{"background-color":"","background-image":"","background-repeat":"repeat","background-position":"center center","background-size":"auto","background-attachment":"scroll","background-type":"","background-media":"","overlay-type":"","overlay-color":"","overlay-opacity":"","overlay-gradient":""},"mobile":{"background-color":"","background-image":"","background-repeat":"repeat","background-position":"center center","background-size":"auto","background-attachment":"scroll","background-type":"","background-media":"","overlay-type":"","overlay-color":"","overlay-opacity":"","overlay-gradient":""}},"ast-content-background-meta":{"desktop":{"background-color":"var(--ast-global-color-5)","background-image":"","background-repeat":"repeat","background-position":"center center","background-size":"auto","background-attachment":"scroll","background-type":"","background-media":"","overlay-type":"","overlay-color":"","overlay-opacity":"","overlay-gradient":""},"tablet":{"background-color":"var(--ast-global-color-5)","background-image":"","background-repeat":"repeat","background-position":"center center","background-size":"auto","background-attachment":"scroll","background-type":"","background-media":"","overlay-type":"","overlay-color":"","overlay-opacity":"","overlay-gradient":""},"mobile":{"background-color":"var(--ast-global-color-5)","background-image":"","background-repeat":"repeat","background-position":"center center","background-size":"auto","background-attachment":"scroll","background-type":"","background-media":"","overlay-type":"","overlay-color":"","overlay-opacity":"","overlay-gradient":""}}},"class_list":["post-501","page","type-page","status-publish","hentry"],"acf":[],"publishpress_future_workflow_manual_trigger":{"enabledWorkflows":[]},"_links":{"self":[{"href":"https:\/\/katorishintoryu.pl\/en\/wp-json\/wp\/v2\/pages\/501","targetHints":{"allow":["GET"]}}],"collection":[{"href":"https:\/\/katorishintoryu.pl\/en\/wp-json\/wp\/v2\/pages"}],"about":[{"href":"https:\/\/katorishintoryu.pl\/en\/wp-json\/wp\/v2\/types\/page"}],"author":[{"embeddable":true,"href":"https:\/\/katorishintoryu.pl\/en\/wp-json\/wp\/v2\/users\/1"}],"replies":[{"embeddable":true,"href":"https:\/\/katorishintoryu.pl\/en\/wp-json\/wp\/v2\/comments?post=501"}],"version-history":[{"count":19,"href":"https:\/\/katorishintoryu.pl\/en\/wp-json\/wp\/v2\/pages\/501\/revisions"}],"predecessor-version":[{"id":13237,"href":"https:\/\/katorishintoryu.pl\/en\/wp-json\/wp\/v2\/pages\/501\/revisions\/13237"}],"wp:attachment":[{"href":"https:\/\/katorishintoryu.pl\/en\/wp-json\/wp\/v2\/media?parent=501"}],"curies":[{"name":"wp","href":"https:\/\/api.w.org\/{rel}","templated":true}]}}