{"id":1171,"date":"2019-07-11T19:35:09","date_gmt":"2019-07-11T17:35:09","guid":{"rendered":"https:\/\/katorishintoryu.pl\/?page_id=1171"},"modified":"2025-07-10T21:01:46","modified_gmt":"2025-07-10T19:01:46","slug":"%e9%81%93%e5%a0%b4%e5%8f%96%e3%82%8a%e3%83%a9%e3%83%99%e3%83%ab","status":"publish","type":"page","link":"https:\/\/katorishintoryu.pl\/ja\/etykieta-dojo-take\/","title":{"rendered":"D\u014dj\u014d\u306eTAKE\u30e9\u30d9\u30eb"},"content":{"rendered":"<div data-elementor-type=\"wp-post\" data-elementor-id=\"1171\" class=\"elementor elementor-1171\" data-elementor-post-type=\"page\">\n\t\t\t\t\t\t<section class=\"elementor-section elementor-top-section elementor-element elementor-element-063528a elementor-section-boxed elementor-section-height-default elementor-section-height-default\" data-id=\"063528a\" data-element_type=\"section\" data-e-type=\"section\">\n\t\t\t\t\t\t<div class=\"elementor-container elementor-column-gap-default\">\n\t\t\t\t\t<div class=\"elementor-column elementor-col-100 elementor-top-column elementor-element elementor-element-e99a075\" data-id=\"e99a075\" data-element_type=\"column\" data-e-type=\"column\">\n\t\t\t<div class=\"elementor-widget-wrap elementor-element-populated\">\n\t\t\t\t\t\t<div class=\"elementor-element elementor-element-ba3e0be elementor-widget elementor-widget-text-editor\" data-id=\"ba3e0be\" data-element_type=\"widget\" data-e-type=\"widget\" data-widget_type=\"text-editor.default\">\n\t\t\t\t<div class=\"elementor-widget-container\">\n\t\t\t\t\t\t\t\t\t<p>D\u014dj\u014d TAKE\u3067\u306f\u3001\u30b0\u30eb\u30fc\u30d7\u306e\u4e2d\u3067\u81ea\u5206\u306e\u9053\u3092\u898b\u3064\u3051\u3001\u90e8\u5c4b\u3092\u79fb\u52d5\u3059\u308b\u305f\u3081\u306e\u30a8\u30c1\u30b1\u30c3\u30c8\u304c\u3042\u308b\uff1a<\/p><ol><li><b>\u9053\u5834\u3078\u306e\u5165\u308a\u53e3<\/b>: Przekraczamy pr\u00f3g lew\u0105 nog\u0105, a nast\u0119pnie k\u0142aniamy si\u0119 w stron\u0119 kamizy (miejsce honorowe za prowadz\u0105cym, wyznaczone kaligrafi\u0105 TSKSR). Wychodz\u0105c z d\u014dj\u014d najpierw k\u0142aniamy si\u0119 w stron\u0119 kamizy, a nast\u0119pnie przekraczamy pr\u00f3g praw\u0105 nog\u0105.<br \/><br \/><\/li><li><b>\u53ce\u96c6\u5834\u6240<\/b>:\u00a0Podczas ustawiania si\u0119 do treningu, uczniowie staj\u0105 w rz\u0119dzie frontem do kamizy. Osoba najbardziej zaawansowana zajmuje miejsce po prawej stronie. Pozostali ustawiaj\u0105 si\u0119 w kolejno\u015bci stopni: wy\u017csze stopnie bli\u017cej prawej, a ni\u017csze bli\u017cej lewej strony. W przypadku uczni\u00f3w o takim samym stopniu, o kolejno\u015bci decyduje najpierw data uzyskania stopnia, a nast\u0119pnie sta\u017c praktyki. Po ustawieniu si\u0119 wszyscy przyjmuj\u0105 pozycj\u0119 seiza (kl\u0119cz\u0105c\u0105), dbaj\u0105c o to, by linia by\u0142a r\u00f3wna. Miecz lub bokken k\u0142adziemy przed sob\u0105, ostrzem skierowanym w swoj\u0105 stron\u0119. Ko\u0144c\u00f3wka r\u0119koje\u015bci (kashira) powinna znajdowa\u0107 si\u0119 blisko kolan, ale nie wystawa\u0107 przed ich lini\u0119.<br \/><br \/><\/li><li><b>\u5f13<\/b>:\u9053\u5834\u306b\u5165\u308b\u3068\u304d\u306f\u300c\u304a\u75b2\u308c\u69d8\u3067\u3057\u305f\u300d\u3068\u58f0\u3092\u304b\u3051\u3001\u51fa\u308b\u3068\u304d\u306f\u300c\u3042\u308a\u304c\u3068\u3046\u3054\u3056\u3044\u307e\u3057\u305f\u300d\u3068\u304a\u793c\u3092\u8a00\u3046\u3002\u96c6\u307e\u308a\u3067\u306f\u3001\u304a\u4e92\u3044\u306b\u4e00\u793c\u3057\u3001\u656c\u610f\u3092\u8868\u3057\u307e\u3059\u3002\u76f8\u624b\u3068\u4e00\u7dd2\u306b\u7a3d\u53e4\u3092\u59cb\u3081\u308b\u3068\u304d\u306f\u3001\u300c\u826f\u3044\u7a3d\u53e4\u304c\u3067\u304d\u307e\u3059\u3088\u3046\u306b\u300d\u3068\u304a\u9858\u3044\u3057\u3001\u7a3d\u53e4\u3092\u7d42\u3048\u308b\u3068\u304d\u306f\u3001\u300c\u3042\u308a\u304c\u3068\u3046\u3054\u3056\u3044\u307e\u3057\u305f\u300d\u3068\u304a\u793c\u3092\u8a00\u3046\u3002<br \/><br \/><\/li><li><b>\u9045\u5ef6<\/b>:\u6642\u9593\u53b3\u5b88\u3002\u96c6\u5408\u6642\u9593\u306b\u9045\u308c\u305f\u5834\u5408\u306f\u3001\u4f1a\u5834\u306b\u306f\u5165\u3089\u305a\u3001\u30c9\u30a2\u306e\u524d\u3067\u5f85\u3064\u3002\u30a6\u30a9\u30fc\u30df\u30f3\u30b0\u30a2\u30c3\u30d7\u3084\u7a3d\u53e4\u4e2d\u306b\u5165\u5ba4\u3059\u308b\u5834\u5408\u306f\u3001\u4f1a\u5834\u306b\u5165\u308a\u3001\u30c9\u30a2\u8fd1\u304f\u306e\u58c1\u306b\u6b63\u5ea7\u3057\u3001\u793c\u5f0f\u3092\u884c\u3044\u3001\u6307\u5c0e\u8005\u304c\u5408\u6d41\u3092\u8a31\u53ef\u3059\u308b\u304b\u3001\u305d\u306e\u4ed6\u306e\u6307\u793a\u3092\u3059\u308b\u307e\u3067\u5f85\u3064\u3002<br \/><br \/><\/li><li><b>\u30ab\u30ea\u30ad\u30e5\u30e9\u30e0<\/b>:\u3069\u306e\u578b\u3092\u3084\u308b\u304b\u3001\u3069\u306e\u578b\u3092\u7fd2\u3046\u304b\u306f\u3001\u7a3d\u53e4\u3092\u3059\u308b\u4eba\u304c\u6c7a\u3081\u307e\u3059\u3002<br \/><br \/><\/li><li><b>\u7df4\u7fd2<\/b>:\u7af6\u4e89\u306f\u3042\u3063\u3066\u306f\u306a\u3089\u306a\u3044\u3002\u4ed6\u4eba\u3092\u52a9\u3051\u308b\u305f\u3081\u306b\u81ea\u5206\u3092\u935b\u3048\u308b\u3002<br \/><br \/><\/li><li><b>\u30c6\u30a3\u30fc\u30c1\u30f3\u30b0<\/b>\u9999\u53d6\u306e\u6307\u5c0e\uff08\u6307\u793a\u3001\u5b9f\u6f14\u3092\u542b\u3080\uff09\u306f\u3001\u5e2b\u7bc4\u306e\u8a31\u53ef\u3092\u5f97\u305f\u5834\u5408\u306e\u307f\u884c\u3046\u3053\u3068\u304c\u3067\u304d\u307e\u3059\u3002<br \/><br \/><\/li><li><b>\u8863\u985e<\/b>: Odpowiednim strojem s\u0105 bia\u0142e d\u0142ugie spodnie, bia\u0142y pas obi, granatowe\/indygo keikogi z monem TAKE na plecach.<br \/>Osoby posiadaj\u0105ce 1. kyu mog\u0105 nosi\u0107 hakam\u0119. Osoby posiadaj\u0105ce 1. dan mog\u0105 nosi\u0107 czarny pas.<br \/><br \/><\/li><li><b>\u6b66\u5668<\/b>\u7a3d\u53e4\u3067\u4f7f\u7528\u3059\u308b\u6b66\u5668\uff08\u6709\u6bb5\u8005\u3001\u9632\u5177\u3001\u8599\u5200\u3001\u69cd\u3001\u5c0f\u592a\u5200\uff09\u306f\u3001\u5929\u7136\u6728\uff08\u9ed2\u304f\u5857\u3089\u306a\u3044\uff09\u3092\u4f7f\u7528\u3057\u3001\u826f\u3044\u72b6\u614b\u3067\u4fdd\u7ba1\u3059\u308b\u3002\u4f7f\u308f\u306a\u3044\u6b66\u5668\u306f\u9069\u5f53\u306a\u5834\u6240\u306b\u3057\u307e\u3046\u3002<br \/><br \/><\/li><li><b>\u30c7\u30e5\u30a8\u30eb<\/b>:\u9053\u5834\u3067\u306f\u6c7a\u95d8\u306f\u5168\u9762\u7684\u306b\u7981\u6b62\u3055\u308c\u3066\u3044\u308b\u3002<\/li><\/ol>\t\t\t\t\t\t\t\t<\/div>\n\t\t\t\t<\/div>\n\t\t\t\t\t<\/div>\n\t\t<\/div>\n\t\t\t\t\t<\/div>\n\t\t<\/section>\n\t\t\t\t<\/div>","protected":false},"excerpt":{"rendered":"<p>W D\u014dj\u014d TAKE obowi\u0105zuje etykieta, kt\u00f3ra pomo\u017ce wam odnale\u017a\u0107 si\u0119 grupie i porusza\u0107 po sali: Wej\u015bcie do d\u014dj\u014d: Przekraczamy pr\u00f3g lew\u0105 nog\u0105, a nast\u0119pnie k\u0142aniamy si\u0119 w stron\u0119 kamizy (miejsce honorowe za prowadz\u0105cym, wyznaczone kaligrafi\u0105 TSKSR). Wychodz\u0105c z d\u014dj\u014d najpierw k\u0142aniamy si\u0119 w stron\u0119 kamizy, a nast\u0119pnie przekraczamy pr\u00f3g praw\u0105 nog\u0105. Miejsce na zbi\u00f3rce:\u00a0Podczas ustawiania si\u0119 do treningu, uczniowie staj\u0105 w rz\u0119dzie frontem do kamizy. Osoba najbardziej zaawansowana zajmuje miejsce po prawej stronie. Pozostali ustawiaj\u0105 si\u0119 w kolejno\u015bci stopni: wy\u017csze stopnie bli\u017cej prawej, a ni\u017csze bli\u017cej lewej strony. W przypadku uczni\u00f3w o takim samym stopniu, o kolejno\u015bci decyduje najpierw data uzyskania stopnia, a nast\u0119pnie sta\u017c praktyki. Po ustawieniu si\u0119 wszyscy [&hellip;]<\/p>\n","protected":false},"author":1,"featured_media":1173,"parent":0,"menu_order":18,"comment_status":"closed","ping_status":"closed","template":"","meta":{"_acf_changed":false,"site-sidebar-layout":"default","site-content-layout":"default","ast-site-content-layout":"default","site-content-style":"default","site-sidebar-style":"default","ast-global-header-display":"","ast-banner-title-visibility":"","ast-main-header-display":"","ast-hfb-above-header-display":"","ast-hfb-below-header-display":"","ast-hfb-mobile-header-display":"","site-post-title":"","ast-breadcrumbs-content":"","ast-featured-img":"","footer-sml-layout":"","ast-disable-related-posts":"","theme-transparent-header-meta":"default","adv-header-id-meta":"","stick-header-meta":"","header-above-stick-meta":"","header-main-stick-meta":"","header-below-stick-meta":"","astra-migrate-meta-layouts":"set","ast-page-background-enabled":"default","ast-page-background-meta":{"desktop":{"background-color":"var(--ast-global-color-4)","background-image":"","background-repeat":"repeat","background-position":"center center","background-size":"auto","background-attachment":"scroll","background-type":"","background-media":"","overlay-type":"","overlay-color":"","overlay-opacity":"","overlay-gradient":""},"tablet":{"background-color":"","background-image":"","background-repeat":"repeat","background-position":"center center","background-size":"auto","background-attachment":"scroll","background-type":"","background-media":"","overlay-type":"","overlay-color":"","overlay-opacity":"","overlay-gradient":""},"mobile":{"background-color":"","background-image":"","background-repeat":"repeat","background-position":"center center","background-size":"auto","background-attachment":"scroll","background-type":"","background-media":"","overlay-type":"","overlay-color":"","overlay-opacity":"","overlay-gradient":""}},"ast-content-background-meta":{"desktop":{"background-color":"var(--ast-global-color-5)","background-image":"","background-repeat":"repeat","background-position":"center center","background-size":"auto","background-attachment":"scroll","background-type":"","background-media":"","overlay-type":"","overlay-color":"","overlay-opacity":"","overlay-gradient":""},"tablet":{"background-color":"var(--ast-global-color-5)","background-image":"","background-repeat":"repeat","background-position":"center center","background-size":"auto","background-attachment":"scroll","background-type":"","background-media":"","overlay-type":"","overlay-color":"","overlay-opacity":"","overlay-gradient":""},"mobile":{"background-color":"var(--ast-global-color-5)","background-image":"","background-repeat":"repeat","background-position":"center center","background-size":"auto","background-attachment":"scroll","background-type":"","background-media":"","overlay-type":"","overlay-color":"","overlay-opacity":"","overlay-gradient":""}}},"class_list":["post-1171","page","type-page","status-publish","has-post-thumbnail","hentry"],"acf":[],"publishpress_future_workflow_manual_trigger":{"enabledWorkflows":[]},"_links":{"self":[{"href":"https:\/\/katorishintoryu.pl\/ja\/wp-json\/wp\/v2\/pages\/1171","targetHints":{"allow":["GET"]}}],"collection":[{"href":"https:\/\/katorishintoryu.pl\/ja\/wp-json\/wp\/v2\/pages"}],"about":[{"href":"https:\/\/katorishintoryu.pl\/ja\/wp-json\/wp\/v2\/types\/page"}],"author":[{"embeddable":true,"href":"https:\/\/katorishintoryu.pl\/ja\/wp-json\/wp\/v2\/users\/1"}],"replies":[{"embeddable":true,"href":"https:\/\/katorishintoryu.pl\/ja\/wp-json\/wp\/v2\/comments?post=1171"}],"version-history":[{"count":203,"href":"https:\/\/katorishintoryu.pl\/ja\/wp-json\/wp\/v2\/pages\/1171\/revisions"}],"predecessor-version":[{"id":16188,"href":"https:\/\/katorishintoryu.pl\/ja\/wp-json\/wp\/v2\/pages\/1171\/revisions\/16188"}],"wp:featuredmedia":[{"embeddable":true,"href":"https:\/\/katorishintoryu.pl\/ja\/wp-json\/wp\/v2\/media\/1173"}],"wp:attachment":[{"href":"https:\/\/katorishintoryu.pl\/ja\/wp-json\/wp\/v2\/media?parent=1171"}],"curies":[{"name":"wp","href":"https:\/\/api.w.org\/{rel}","templated":true}]}}