{"id":2036,"date":"2021-09-01T23:44:15","date_gmt":"2021-09-01T21:44:15","guid":{"rendered":"https:\/\/katorishintoryu.pl\/?page_id=2036"},"modified":"2025-07-12T22:12:25","modified_gmt":"2025-07-12T20:12:25","slug":"%e3%82%a2%e3%82%ab%e3%82%b7%e3%82%a2","status":"publish","type":"page","link":"https:\/\/katorishintoryu.pl\/ja\/treningi\/akacjowa\/","title":{"rendered":"\u30af\u30e9\u30af\u30d5\u3001\u30a2\u30ab\u30b8\u30e7\u30ef\u901a\u308a5\u756a\u5730"},"content":{"rendered":"<div data-elementor-type=\"wp-page\" data-elementor-id=\"2036\" class=\"elementor elementor-2036\" data-elementor-post-type=\"page\">\n\t\t\t\t<div class=\"elementor-element elementor-element-d3fc232 e-flex e-con-boxed e-con e-parent\" data-id=\"d3fc232\" data-element_type=\"container\" data-e-type=\"container\">\n\t\t\t\t\t<div class=\"e-con-inner\">\n\t\t\t\t<div class=\"elementor-element elementor-element-45bdf33 elementor-widget elementor-widget-text-editor\" data-id=\"45bdf33\" data-element_type=\"widget\" data-e-type=\"widget\" data-widget_type=\"text-editor.default\">\n\t\t\t\t<div class=\"elementor-widget-container\">\n\t\t\t\t\t\t\t\t\t\u30c8\u30ec\u30fc\u30cb\u30f3\u30b0\u306f\u4ee5\u4e0b\u306e\u5834\u6240\u3067\u884c\u308f\u308c\u308b\u3002 <strong>\u30d4\u30a2\u30ea\u30b9\u30c8\u4e2d\u5b66\u6821\u4f53\u80b2\u9928<\/strong>. .\u6577\u5730\u306f\u3001\u901a\u308a\u306e\u4ea4\u5dee\u70b9\u304b\u3089\u30a2\u30af\u30bb\u30b9\u3059\u3079\u304d\u3067\u3042\u308b\u3002 <strong>\u30a2\u30ab\u30b7\u30a2<\/strong> \u30b9\u30c8\u30ea\u30fc\u30c8\u3068 <strong>\u30b8\u30a8\u30eb\u30b9\u30ad\u30fc<\/strong>. .\u30a8\u30f3\u30c8\u30e9\u30f3\u30b9\u306f\u5efa\u7269\u306e\u88cf\u624b\u306b\u3042\u308b\u3002\u99d0\u8eca\u5834\u304b\u3089\u306f\u5742\u9053\u304c\u7d9a\u304f\u3002\u4f53\u80b2\u9928\u306f\u5165\u308a\u53e3\u306e\u5de6\u5074\u3001\u66f4\u8863\u5ba4\u306f\u53f3\u5074\u306b\u3042\u308b\u3002\u6821\u5ead\u306b\u306f\u7121\u6599\u99d0\u8eca\u5834\u304c\u3042\u308a\u307e\u3059\u3002.\t\t\t\t\t\t\t\t<\/div>\n\t\t\t\t<\/div>\n\t\t\t\t<div class=\"elementor-element elementor-element-560e222 gallery-spacing-custom elementor-widget elementor-widget-image-gallery\" data-id=\"560e222\" data-element_type=\"widget\" data-e-type=\"widget\" data-widget_type=\"image-gallery.default\">\n\t\t\t\t<div class=\"elementor-widget-container\">\n\t\t\t\t\t\t\t<div class=\"elementor-image-gallery\">\n\t\t\t<div id='gallery-1' class='gallery galleryid-2036 gallery-columns-3 gallery-size-large'><figure class='gallery-item'>\n\t\t\t<div class='gallery-icon landscape'>\n\t\t\t\t<a data-elementor-open-lightbox=\"yes\" data-elementor-lightbox-slideshow=\"560e222\" data-e-action-hash=\"#elementor-action%3Aaction%3Dlightbox%26settings%3DeyJpZCI6MTE2NTIsInVybCI6Imh0dHBzOlwvXC9rYXRvcmlzaGludG9yeXUucGxcL3dwLWNvbnRlbnRcL3VwbG9hZHNcL2FrYWNqb3dhLXBhcmtpbmcuanBnIiwic2xpZGVzaG93IjoiNTYwZTIyMiJ9\" href='https:\/\/katorishintoryu.pl\/wp-content\/uploads\/akacjowa-parking.jpg'><img loading=\"lazy\" width=\"1024\" height=\"576\" src=\"https:\/\/katorishintoryu.pl\/wp-content\/uploads\/akacjowa-parking-1024x576.jpg\" class=\"attachment-large size-large\" alt=\"\" decoding=\"async\" srcset=\"https:\/\/katorishintoryu.pl\/wp-content\/uploads\/akacjowa-parking-1024x576.jpg 1024w, https:\/\/katorishintoryu.pl\/wp-content\/uploads\/akacjowa-parking-300x169.jpg 300w, https:\/\/katorishintoryu.pl\/wp-content\/uploads\/akacjowa-parking-768x432.jpg 768w, https:\/\/katorishintoryu.pl\/wp-content\/uploads\/akacjowa-parking-1536x864.jpg 1536w, https:\/\/katorishintoryu.pl\/wp-content\/uploads\/akacjowa-parking-18x10.jpg 18w, https:\/\/katorishintoryu.pl\/wp-content\/uploads\/akacjowa-parking.jpg 2016w\" sizes=\"auto, (max-width: 1024px) 100vw, 1024px\" \/><\/a>\n\t\t\t<\/div><\/figure><figure class='gallery-item'>\n\t\t\t<div class='gallery-icon landscape'>\n\t\t\t\t<a data-elementor-open-lightbox=\"yes\" data-elementor-lightbox-slideshow=\"560e222\" data-e-action-hash=\"#elementor-action%3Aaction%3Dlightbox%26settings%3DeyJpZCI6MTE2NTYsInVybCI6Imh0dHBzOlwvXC9rYXRvcmlzaGludG9yeXUucGxcL3dwLWNvbnRlbnRcL3VwbG9hZHNcL2FrYWNqb3dhLmpwZyIsInNsaWRlc2hvdyI6IjU2MGUyMjIifQ%3D%3D\" href='https:\/\/katorishintoryu.pl\/wp-content\/uploads\/akacjowa.jpg'><img loading=\"lazy\" width=\"1024\" height=\"576\" src=\"https:\/\/katorishintoryu.pl\/wp-content\/uploads\/akacjowa-1024x576.jpg\" class=\"attachment-large size-large\" alt=\"\" decoding=\"async\" srcset=\"https:\/\/katorishintoryu.pl\/wp-content\/uploads\/akacjowa-1024x576.jpg 1024w, https:\/\/katorishintoryu.pl\/wp-content\/uploads\/akacjowa-300x169.jpg 300w, https:\/\/katorishintoryu.pl\/wp-content\/uploads\/akacjowa-768x432.jpg 768w, https:\/\/katorishintoryu.pl\/wp-content\/uploads\/akacjowa-1536x864.jpg 1536w, https:\/\/katorishintoryu.pl\/wp-content\/uploads\/akacjowa-18x10.jpg 18w, https:\/\/katorishintoryu.pl\/wp-content\/uploads\/akacjowa.jpg 2016w\" sizes=\"auto, (max-width: 1024px) 100vw, 1024px\" \/><\/a>\n\t\t\t<\/div><\/figure><figure class='gallery-item'>\n\t\t\t<div class='gallery-icon landscape'>\n\t\t\t\t<a data-elementor-open-lightbox=\"yes\" data-elementor-lightbox-slideshow=\"560e222\" data-e-action-hash=\"#elementor-action%3Aaction%3Dlightbox%26settings%3DeyJpZCI6MTE2NTQsInVybCI6Imh0dHBzOlwvXC9rYXRvcmlzaGludG9yeXUucGxcL3dwLWNvbnRlbnRcL3VwbG9hZHNcL2FrYWNqb3dhLTEuanBnIiwic2xpZGVzaG93IjoiNTYwZTIyMiJ9\" href='https:\/\/katorishintoryu.pl\/wp-content\/uploads\/akacjowa-1.jpg'><img width=\"1024\" height=\"576\" src=\"https:\/\/katorishintoryu.pl\/wp-content\/uploads\/akacjowa-1-1024x576.jpg\" class=\"attachment-large size-large\" alt=\"\" decoding=\"async\" loading=\"lazy\" srcset=\"https:\/\/katorishintoryu.pl\/wp-content\/uploads\/akacjowa-1-1024x576.jpg 1024w, https:\/\/katorishintoryu.pl\/wp-content\/uploads\/akacjowa-1-300x169.jpg 300w, https:\/\/katorishintoryu.pl\/wp-content\/uploads\/akacjowa-1-768x432.jpg 768w, https:\/\/katorishintoryu.pl\/wp-content\/uploads\/akacjowa-1-1536x864.jpg 1536w, https:\/\/katorishintoryu.pl\/wp-content\/uploads\/akacjowa-1-18x10.jpg 18w, https:\/\/katorishintoryu.pl\/wp-content\/uploads\/akacjowa-1.jpg 2016w\" sizes=\"auto, (max-width: 1024px) 100vw, 1024px\" \/><\/a>\n\t\t\t<\/div><\/figure><figure class='gallery-item'>\n\t\t\t<div class='gallery-icon landscape'>\n\t\t\t\t<a data-elementor-open-lightbox=\"yes\" data-elementor-lightbox-slideshow=\"560e222\" data-e-action-hash=\"#elementor-action%3Aaction%3Dlightbox%26settings%3DeyJpZCI6MTE2NTUsInVybCI6Imh0dHBzOlwvXC9rYXRvcmlzaGludG9yeXUucGxcL3dwLWNvbnRlbnRcL3VwbG9hZHNcL2FrYWNqb3dhLTIuanBnIiwic2xpZGVzaG93IjoiNTYwZTIyMiJ9\" href='https:\/\/katorishintoryu.pl\/wp-content\/uploads\/akacjowa-2.jpg'><img width=\"1024\" height=\"576\" src=\"https:\/\/katorishintoryu.pl\/wp-content\/uploads\/akacjowa-2-1024x576.jpg\" class=\"attachment-large size-large\" alt=\"\" decoding=\"async\" loading=\"lazy\" srcset=\"https:\/\/katorishintoryu.pl\/wp-content\/uploads\/akacjowa-2-1024x576.jpg 1024w, https:\/\/katorishintoryu.pl\/wp-content\/uploads\/akacjowa-2-300x169.jpg 300w, https:\/\/katorishintoryu.pl\/wp-content\/uploads\/akacjowa-2-768x432.jpg 768w, https:\/\/katorishintoryu.pl\/wp-content\/uploads\/akacjowa-2-1536x864.jpg 1536w, https:\/\/katorishintoryu.pl\/wp-content\/uploads\/akacjowa-2-18x10.jpg 18w, https:\/\/katorishintoryu.pl\/wp-content\/uploads\/akacjowa-2.jpg 2016w\" sizes=\"auto, (max-width: 1024px) 100vw, 1024px\" \/><\/a>\n\t\t\t<\/div><\/figure><figure class='gallery-item'>\n\t\t\t<div class='gallery-icon landscape'>\n\t\t\t\t<a data-elementor-open-lightbox=\"yes\" data-elementor-lightbox-slideshow=\"560e222\" data-e-action-hash=\"#elementor-action%3Aaction%3Dlightbox%26settings%3DeyJpZCI6MTE2NTMsInVybCI6Imh0dHBzOlwvXC9rYXRvcmlzaGludG9yeXUucGxcL3dwLWNvbnRlbnRcL3VwbG9hZHNcL2FrYWNqb3dhLXdlanNjaWUuanBnIiwic2xpZGVzaG93IjoiNTYwZTIyMiJ9\" href='https:\/\/katorishintoryu.pl\/wp-content\/uploads\/akacjowa-wejscie.jpg'><img width=\"1024\" height=\"576\" src=\"https:\/\/katorishintoryu.pl\/wp-content\/uploads\/akacjowa-wejscie-1024x576.jpg\" class=\"attachment-large size-large\" alt=\"\" decoding=\"async\" loading=\"lazy\" srcset=\"https:\/\/katorishintoryu.pl\/wp-content\/uploads\/akacjowa-wejscie-1024x576.jpg 1024w, https:\/\/katorishintoryu.pl\/wp-content\/uploads\/akacjowa-wejscie-300x169.jpg 300w, https:\/\/katorishintoryu.pl\/wp-content\/uploads\/akacjowa-wejscie-768x432.jpg 768w, https:\/\/katorishintoryu.pl\/wp-content\/uploads\/akacjowa-wejscie-1536x864.jpg 1536w, https:\/\/katorishintoryu.pl\/wp-content\/uploads\/akacjowa-wejscie-18x10.jpg 18w, https:\/\/katorishintoryu.pl\/wp-content\/uploads\/akacjowa-wejscie.jpg 2016w\" sizes=\"auto, (max-width: 1024px) 100vw, 1024px\" \/><\/a>\n\t\t\t<\/div><\/figure><figure class='gallery-item'>\n\t\t\t<div class='gallery-icon landscape'>\n\t\t\t\t<a data-elementor-open-lightbox=\"yes\" data-elementor-lightbox-slideshow=\"560e222\" data-e-action-hash=\"#elementor-action%3Aaction%3Dlightbox%26settings%3DeyJpZCI6MTE5MDUsInVybCI6Imh0dHBzOlwvXC9rYXRvcmlzaGludG9yeXUucGxcL3dwLWNvbnRlbnRcL3VwbG9hZHNcL2FrYWNqb3dhLXNhbGEuanBnIiwic2xpZGVzaG93IjoiNTYwZTIyMiJ9\" href='https:\/\/katorishintoryu.pl\/wp-content\/uploads\/akacjowa-sala.jpg'><img width=\"1024\" height=\"578\" src=\"https:\/\/katorishintoryu.pl\/wp-content\/uploads\/akacjowa-sala-1024x578.jpg\" class=\"attachment-large size-large\" alt=\"\" decoding=\"async\" loading=\"lazy\" srcset=\"https:\/\/katorishintoryu.pl\/wp-content\/uploads\/akacjowa-sala-1024x578.jpg 1024w, https:\/\/katorishintoryu.pl\/wp-content\/uploads\/akacjowa-sala-300x169.jpg 300w, https:\/\/katorishintoryu.pl\/wp-content\/uploads\/akacjowa-sala-768x433.jpg 768w, https:\/\/katorishintoryu.pl\/wp-content\/uploads\/akacjowa-sala-1536x866.jpg 1536w, https:\/\/katorishintoryu.pl\/wp-content\/uploads\/akacjowa-sala-18x10.jpg 18w, https:\/\/katorishintoryu.pl\/wp-content\/uploads\/akacjowa-sala.jpg 2048w\" sizes=\"auto, (max-width: 1024px) 100vw, 1024px\" \/><\/a>\n\t\t\t<\/div><\/figure>\n\t\t<\/div>\n\t\t<\/div>\n\t\t\t\t\t\t<\/div>\n\t\t\t\t<\/div>\n\t\t\t\t<div class=\"elementor-element elementor-element-b82e0c8 elementor-widget elementor-widget-google_maps\" data-id=\"b82e0c8\" data-element_type=\"widget\" data-e-type=\"widget\" data-widget_type=\"google_maps.default\">\n\t\t\t\t<div class=\"elementor-widget-container\">\n\t\t\t\t\t\t\t<div class=\"elementor-custom-embed\">\n\t\t\t<iframe loading=\"lazy\"\n\t\t\t\t\tsrc=\"https:\/\/www.google.com\/maps\/embed\/v1\/place?key=AIzaSyCtai16OlsBIUhmzofrkQXYcnIE4C44k8U&#038;q=50.084223%2C%2019.977738&#038;zoom=17\"\n\t\t\t\t\ttitle=\"50.084223, 19.977738\"\n\t\t\t\t\taria-label=\"50.084223, 19.977738\"\n\t\t\t><\/iframe>\n\t\t<\/div>\n\t\t\t\t\t\t<\/div>\n\t\t\t\t<\/div>\n\t\t\t\t\t<\/div>\n\t\t\t\t<\/div>\n\t\t\t\t<\/div>","protected":false},"excerpt":{"rendered":"<p>Treningi odbywaj\u0105 si\u0119 na sali gimnastycznej liceum Pijar\u00f3w. Na teren nale\u017cy si\u0119 dosta\u0107 od strony skrzy\u017cowania ulicy Akacjowej z ulic\u0105 Dzielskiego. Wej\u015bcie znajduje si\u0119 w tylnej cz\u0119\u015bci budynku. Od parkingu prowadzi do niego sko\u015bna \u015bcie\u017cka. Sala gimnastyczna znajduje si\u0119 na lewo od wej\u015bcia, za\u015b szatnie na prawo. Na terenie szko\u0142y znajduje si\u0119 darmowy parking.<\/p>","protected":false},"author":2,"featured_media":11905,"parent":18,"menu_order":7,"comment_status":"closed","ping_status":"closed","template":"","meta":{"_acf_changed":false,"site-sidebar-layout":"no-sidebar","site-content-layout":"page-builder","ast-site-content-layout":"full-width-container","site-content-style":"unboxed","site-sidebar-style":"unboxed","ast-global-header-display":"","ast-banner-title-visibility":"","ast-main-header-display":"","ast-hfb-above-header-display":"","ast-hfb-below-header-display":"","ast-hfb-mobile-header-display":"","site-post-title":"","ast-breadcrumbs-content":"","ast-featured-img":"","footer-sml-layout":"","ast-disable-related-posts":"","theme-transparent-header-meta":"default","adv-header-id-meta":"","stick-header-meta":"","header-above-stick-meta":"","header-main-stick-meta":"","header-below-stick-meta":"","astra-migrate-meta-layouts":"set","ast-page-background-enabled":"default","ast-page-background-meta":{"desktop":{"background-color":"var(--ast-global-color-4)","background-image":"","background-repeat":"repeat","background-position":"center center","background-size":"auto","background-attachment":"scroll","background-type":"","background-media":"","overlay-type":"","overlay-color":"","overlay-opacity":"","overlay-gradient":""},"tablet":{"background-color":"","background-image":"","background-repeat":"repeat","background-position":"center center","background-size":"auto","background-attachment":"scroll","background-type":"","background-media":"","overlay-type":"","overlay-color":"","overlay-opacity":"","overlay-gradient":""},"mobile":{"background-color":"","background-image":"","background-repeat":"repeat","background-position":"center center","background-size":"auto","background-attachment":"scroll","background-type":"","background-media":"","overlay-type":"","overlay-color":"","overlay-opacity":"","overlay-gradient":""}},"ast-content-background-meta":{"desktop":{"background-color":"var(--ast-global-color-5)","background-image":"","background-repeat":"repeat","background-position":"center center","background-size":"auto","background-attachment":"scroll","background-type":"","background-media":"","overlay-type":"","overlay-color":"","overlay-opacity":"","overlay-gradient":""},"tablet":{"background-color":"var(--ast-global-color-5)","background-image":"","background-repeat":"repeat","background-position":"center center","background-size":"auto","background-attachment":"scroll","background-type":"","background-media":"","overlay-type":"","overlay-color":"","overlay-opacity":"","overlay-gradient":""},"mobile":{"background-color":"var(--ast-global-color-5)","background-image":"","background-repeat":"repeat","background-position":"center center","background-size":"auto","background-attachment":"scroll","background-type":"","background-media":"","overlay-type":"","overlay-color":"","overlay-opacity":"","overlay-gradient":""}}},"class_list":["post-2036","page","type-page","status-publish","has-post-thumbnail","hentry"],"acf":[],"publishpress_future_workflow_manual_trigger":{"enabledWorkflows":[]},"_links":{"self":[{"href":"https:\/\/katorishintoryu.pl\/ja\/wp-json\/wp\/v2\/pages\/2036","targetHints":{"allow":["GET"]}}],"collection":[{"href":"https:\/\/katorishintoryu.pl\/ja\/wp-json\/wp\/v2\/pages"}],"about":[{"href":"https:\/\/katorishintoryu.pl\/ja\/wp-json\/wp\/v2\/types\/page"}],"author":[{"embeddable":true,"href":"https:\/\/katorishintoryu.pl\/ja\/wp-json\/wp\/v2\/users\/2"}],"replies":[{"embeddable":true,"href":"https:\/\/katorishintoryu.pl\/ja\/wp-json\/wp\/v2\/comments?post=2036"}],"version-history":[{"count":63,"href":"https:\/\/katorishintoryu.pl\/ja\/wp-json\/wp\/v2\/pages\/2036\/revisions"}],"predecessor-version":[{"id":16256,"href":"https:\/\/katorishintoryu.pl\/ja\/wp-json\/wp\/v2\/pages\/2036\/revisions\/16256"}],"up":[{"embeddable":true,"href":"https:\/\/katorishintoryu.pl\/ja\/wp-json\/wp\/v2\/pages\/18"}],"wp:featuredmedia":[{"embeddable":true,"href":"https:\/\/katorishintoryu.pl\/ja\/wp-json\/wp\/v2\/media\/11905"}],"wp:attachment":[{"href":"https:\/\/katorishintoryu.pl\/ja\/wp-json\/wp\/v2\/media?parent=2036"}],"curies":[{"name":"wp","href":"https:\/\/api.w.org\/{rel}","templated":true}]}}