{"id":2059,"date":"2021-09-01T23:58:19","date_gmt":"2021-09-01T21:58:19","guid":{"rendered":"https:\/\/katorishintoryu.pl\/?page_id=2059"},"modified":"2025-07-12T22:14:40","modified_gmt":"2025-07-12T20:14:40","slug":"%e3%82%b9%e3%83%a2%e3%83%ac%e3%83%b3%e3%82%b9%e3%82%af","status":"publish","type":"page","link":"https:\/\/katorishintoryu.pl\/ja\/treningi\/smolensk\/","title":{"rendered":"\u30af\u30e9\u30af\u30d5\u30017 Smole\u0144sk St."},"content":{"rendered":"<div data-elementor-type=\"wp-page\" data-elementor-id=\"2059\" class=\"elementor elementor-2059\" data-elementor-post-type=\"page\">\n\t\t\t\t<div class=\"elementor-element elementor-element-34d7c07 e-flex e-con-boxed e-con e-parent\" data-id=\"34d7c07\" data-element_type=\"container\" data-e-type=\"container\">\n\t\t\t\t\t<div class=\"e-con-inner\">\n\t\t\t\t<div class=\"elementor-element elementor-element-afede55 elementor-widget elementor-widget-text-editor\" data-id=\"afede55\" data-element_type=\"widget\" data-e-type=\"widget\" data-widget_type=\"text-editor.default\">\n\t\t\t\t<div class=\"elementor-widget-container\">\n\t\t\t\t\t\t\t\t\t\u3092\u5165\u529b\u3059\u308b\u3002 <b>\u7b2c4\u5c0f\u5b66\u6821<\/b> \u5927\u304d\u306a\u6728\u88fd\u306e\u30c9\u30a2\u3092\u304f\u3050\u308b\u3002\u4f53\u80b2\u9928\u306f\u9580\u820e\u306e\u53f3\u5074\u306b\u3042\u308a\u3001\u4f53\u80b2\u9928\u5165\u53e3\u306e\u5de6\u5074\u306f\u30af\u30ed\u30fc\u30af\u306b\u306a\u3063\u3066\u3044\u308b\u3002\u5b66\u6821\u306e\u9053\u306e\u4e21\u5074\u306b\u30d0\u30ea\u30a2\u30d5\u30ea\u30fc\u306e\u99d0\u8eca\u5834\u304c\u3042\u308b\u3002\t\t\t\t\t\t\t\t<\/div>\n\t\t\t\t<\/div>\n\t\t\t\t<div class=\"elementor-element elementor-element-3c35477 gallery-spacing-custom elementor-widget elementor-widget-image-gallery\" data-id=\"3c35477\" data-element_type=\"widget\" data-e-type=\"widget\" data-widget_type=\"image-gallery.default\">\n\t\t\t\t<div class=\"elementor-widget-container\">\n\t\t\t\t\t\t\t<div class=\"elementor-image-gallery\">\n\t\t\t<div id='gallery-1' class='gallery galleryid-2059 gallery-columns-3 gallery-size-large'><figure class='gallery-item'>\n\t\t\t<div class='gallery-icon landscape'>\n\t\t\t\t<a data-elementor-open-lightbox=\"yes\" data-elementor-lightbox-slideshow=\"3c35477\" data-e-action-hash=\"#elementor-action%3Aaction%3Dlightbox%26settings%3DeyJpZCI6MTI1NTQsInVybCI6Imh0dHBzOlwvXC9rYXRvcmlzaGludG9yeXUucGxcL3dwLWNvbnRlbnRcL3VwbG9hZHNcL3Ntb2xlbnNrLXdlanNjaWUuanBnIiwic2xpZGVzaG93IjoiM2MzNTQ3NyJ9\" href='https:\/\/katorishintoryu.pl\/wp-content\/uploads\/smolensk-wejscie.jpg'><img loading=\"lazy\" width=\"1024\" height=\"578\" src=\"https:\/\/katorishintoryu.pl\/wp-content\/uploads\/smolensk-wejscie-1024x578.jpg\" class=\"attachment-large size-large\" alt=\"\" decoding=\"async\" srcset=\"https:\/\/katorishintoryu.pl\/wp-content\/uploads\/smolensk-wejscie-1024x578.jpg 1024w, https:\/\/katorishintoryu.pl\/wp-content\/uploads\/smolensk-wejscie-300x169.jpg 300w, https:\/\/katorishintoryu.pl\/wp-content\/uploads\/smolensk-wejscie-768x433.jpg 768w, https:\/\/katorishintoryu.pl\/wp-content\/uploads\/smolensk-wejscie-18x10.jpg 18w, https:\/\/katorishintoryu.pl\/wp-content\/uploads\/smolensk-wejscie.jpg 1512w\" sizes=\"auto, (max-width: 1024px) 100vw, 1024px\" \/><\/a>\n\t\t\t<\/div><\/figure><figure class='gallery-item'>\n\t\t\t<div class='gallery-icon landscape'>\n\t\t\t\t<a data-elementor-open-lightbox=\"yes\" data-elementor-lightbox-slideshow=\"3c35477\" data-e-action-hash=\"#elementor-action%3Aaction%3Dlightbox%26settings%3DeyJpZCI6NzU0NCwidXJsIjoiaHR0cHM6XC9cL2thdG9yaXNoaW50b3J5dS5wbFwvd3AtY29udGVudFwvdXBsb2Fkc1wvc21vbGVuc2stcGFya2luZy5qcGVnIiwic2xpZGVzaG93IjoiM2MzNTQ3NyJ9\" href='https:\/\/katorishintoryu.pl\/wp-content\/uploads\/smolensk-parking.jpeg'><img loading=\"lazy\" width=\"1024\" height=\"578\" src=\"https:\/\/katorishintoryu.pl\/wp-content\/uploads\/smolensk-parking-1024x578.jpeg\" class=\"attachment-large size-large\" alt=\"\" decoding=\"async\" srcset=\"https:\/\/katorishintoryu.pl\/wp-content\/uploads\/smolensk-parking-1024x578.jpeg 1024w, https:\/\/katorishintoryu.pl\/wp-content\/uploads\/smolensk-parking-300x169.jpeg 300w, https:\/\/katorishintoryu.pl\/wp-content\/uploads\/smolensk-parking-768x433.jpeg 768w, https:\/\/katorishintoryu.pl\/wp-content\/uploads\/smolensk-parking-1536x866.jpeg 1536w, https:\/\/katorishintoryu.pl\/wp-content\/uploads\/smolensk-parking-18x10.jpeg 18w, https:\/\/katorishintoryu.pl\/wp-content\/uploads\/smolensk-parking.jpeg 1920w\" sizes=\"auto, (max-width: 1024px) 100vw, 1024px\" \/><\/a>\n\t\t\t<\/div><\/figure><figure class='gallery-item'>\n\t\t\t<div class='gallery-icon landscape'>\n\t\t\t\t<a data-elementor-open-lightbox=\"yes\" data-elementor-lightbox-slideshow=\"3c35477\" data-e-action-hash=\"#elementor-action%3Aaction%3Dlightbox%26settings%3DeyJpZCI6NzU0NiwidXJsIjoiaHR0cHM6XC9cL2thdG9yaXNoaW50b3J5dS5wbFwvd3AtY29udGVudFwvdXBsb2Fkc1wvc21vbGVuc2std2Vqc2NpZS0yLmpwZWciLCJzbGlkZXNob3ciOiIzYzM1NDc3In0%3D\" href='https:\/\/katorishintoryu.pl\/wp-content\/uploads\/smolensk-wejscie-2.jpeg'><img width=\"1024\" height=\"578\" src=\"https:\/\/katorishintoryu.pl\/wp-content\/uploads\/smolensk-wejscie-2-1024x578.jpeg\" class=\"attachment-large size-large\" alt=\"\" decoding=\"async\" loading=\"lazy\" srcset=\"https:\/\/katorishintoryu.pl\/wp-content\/uploads\/smolensk-wejscie-2-1024x578.jpeg 1024w, https:\/\/katorishintoryu.pl\/wp-content\/uploads\/smolensk-wejscie-2-300x169.jpeg 300w, https:\/\/katorishintoryu.pl\/wp-content\/uploads\/smolensk-wejscie-2-768x433.jpeg 768w, https:\/\/katorishintoryu.pl\/wp-content\/uploads\/smolensk-wejscie-2-1536x866.jpeg 1536w, https:\/\/katorishintoryu.pl\/wp-content\/uploads\/smolensk-wejscie-2-18x10.jpeg 18w, https:\/\/katorishintoryu.pl\/wp-content\/uploads\/smolensk-wejscie-2.jpeg 1920w\" sizes=\"auto, (max-width: 1024px) 100vw, 1024px\" \/><\/a>\n\t\t\t<\/div><\/figure><figure class='gallery-item'>\n\t\t\t<div class='gallery-icon landscape'>\n\t\t\t\t<a data-elementor-open-lightbox=\"yes\" data-elementor-lightbox-slideshow=\"3c35477\" data-e-action-hash=\"#elementor-action%3Aaction%3Dlightbox%26settings%3DeyJpZCI6MTI1NDEsInVybCI6Imh0dHBzOlwvXC9rYXRvcmlzaGludG9yeXUucGxcL3dwLWNvbnRlbnRcL3VwbG9hZHNcL3Ntb2xlbnNrLXByemVkc2lvbmVrLWUxNjk1NDc0OTcwODk4LmpwZyIsInNsaWRlc2hvdyI6IjNjMzU0NzcifQ%3D%3D\" href='https:\/\/katorishintoryu.pl\/wp-content\/uploads\/smolensk-przedsionek-e1695474970898.jpg'><img width=\"1024\" height=\"578\" src=\"https:\/\/katorishintoryu.pl\/wp-content\/uploads\/smolensk-przedsionek-e1695474970898-1024x578.jpg\" class=\"attachment-large size-large\" alt=\"\" decoding=\"async\" loading=\"lazy\" srcset=\"https:\/\/katorishintoryu.pl\/wp-content\/uploads\/smolensk-przedsionek-e1695474970898-1024x578.jpg 1024w, https:\/\/katorishintoryu.pl\/wp-content\/uploads\/smolensk-przedsionek-e1695474970898-300x169.jpg 300w, https:\/\/katorishintoryu.pl\/wp-content\/uploads\/smolensk-przedsionek-e1695474970898-768x433.jpg 768w, https:\/\/katorishintoryu.pl\/wp-content\/uploads\/smolensk-przedsionek-e1695474970898-18x10.jpg 18w, https:\/\/katorishintoryu.pl\/wp-content\/uploads\/smolensk-przedsionek-e1695474970898.jpg 1512w\" sizes=\"auto, (max-width: 1024px) 100vw, 1024px\" \/><\/a>\n\t\t\t<\/div><\/figure><figure class='gallery-item'>\n\t\t\t<div class='gallery-icon landscape'>\n\t\t\t\t<a data-elementor-open-lightbox=\"yes\" data-elementor-lightbox-slideshow=\"3c35477\" data-e-action-hash=\"#elementor-action%3Aaction%3Dlightbox%26settings%3DeyJpZCI6NzU0NSwidXJsIjoiaHR0cHM6XC9cL2thdG9yaXNoaW50b3J5dS5wbFwvd3AtY29udGVudFwvdXBsb2Fkc1wvc21vbGVuc2stc2FsYS1zY2FsZWQtZTE2OTU0NzUwMzU3MjYuanBlZyIsInNsaWRlc2hvdyI6IjNjMzU0NzcifQ%3D%3D\" href='https:\/\/katorishintoryu.pl\/wp-content\/uploads\/smolensk-sala-scaled-e1695475035726.jpeg'><img width=\"1024\" height=\"578\" src=\"https:\/\/katorishintoryu.pl\/wp-content\/uploads\/smolensk-sala-scaled-e1695475035726-1024x578.jpeg\" class=\"attachment-large size-large\" alt=\"\" decoding=\"async\" loading=\"lazy\" srcset=\"https:\/\/katorishintoryu.pl\/wp-content\/uploads\/smolensk-sala-scaled-e1695475035726-1024x578.jpeg 1024w, https:\/\/katorishintoryu.pl\/wp-content\/uploads\/smolensk-sala-scaled-e1695475035726-300x169.jpeg 300w, https:\/\/katorishintoryu.pl\/wp-content\/uploads\/smolensk-sala-scaled-e1695475035726-768x433.jpeg 768w, https:\/\/katorishintoryu.pl\/wp-content\/uploads\/smolensk-sala-scaled-e1695475035726-1536x866.jpeg 1536w, https:\/\/katorishintoryu.pl\/wp-content\/uploads\/smolensk-sala-scaled-e1695475035726-18x10.jpeg 18w, https:\/\/katorishintoryu.pl\/wp-content\/uploads\/smolensk-sala-scaled-e1695475035726.jpeg 1920w\" sizes=\"auto, (max-width: 1024px) 100vw, 1024px\" \/><\/a>\n\t\t\t<\/div><\/figure><figure class='gallery-item'>\n\t\t\t<div class='gallery-icon landscape'>\n\t\t\t\t<a data-elementor-open-lightbox=\"yes\" data-elementor-lightbox-slideshow=\"3c35477\" data-e-action-hash=\"#elementor-action%3Aaction%3Dlightbox%26settings%3DeyJpZCI6MTI1MzcsInVybCI6Imh0dHBzOlwvXC9rYXRvcmlzaGludG9yeXUucGxcL3dwLWNvbnRlbnRcL3VwbG9hZHNcL3Ntb2xlbnNrLXNhbGEtZTE2OTU0NzUwNjk3NDMuanBnIiwic2xpZGVzaG93IjoiM2MzNTQ3NyJ9\" href='https:\/\/katorishintoryu.pl\/wp-content\/uploads\/smolensk-sala-e1695475069743.jpg'><img width=\"1024\" height=\"577\" src=\"https:\/\/katorishintoryu.pl\/wp-content\/uploads\/smolensk-sala-e1695475069743-1024x577.jpg\" class=\"attachment-large size-large\" alt=\"\" decoding=\"async\" loading=\"lazy\" srcset=\"https:\/\/katorishintoryu.pl\/wp-content\/uploads\/smolensk-sala-e1695475069743-1024x577.jpg 1024w, https:\/\/katorishintoryu.pl\/wp-content\/uploads\/smolensk-sala-e1695475069743-300x169.jpg 300w, https:\/\/katorishintoryu.pl\/wp-content\/uploads\/smolensk-sala-e1695475069743-768x432.jpg 768w, https:\/\/katorishintoryu.pl\/wp-content\/uploads\/smolensk-sala-e1695475069743-1536x865.jpg 1536w, https:\/\/katorishintoryu.pl\/wp-content\/uploads\/smolensk-sala-e1695475069743-18x10.jpg 18w, https:\/\/katorishintoryu.pl\/wp-content\/uploads\/smolensk-sala-e1695475069743.jpg 2016w\" sizes=\"auto, (max-width: 1024px) 100vw, 1024px\" \/><\/a>\n\t\t\t<\/div><\/figure>\n\t\t<\/div>\n\t\t<\/div>\n\t\t\t\t\t\t<\/div>\n\t\t\t\t<\/div>\n\t\t\t\t<div class=\"elementor-element elementor-element-0a7b785 elementor-widget elementor-widget-google_maps\" data-id=\"0a7b785\" data-element_type=\"widget\" data-e-type=\"widget\" data-widget_type=\"google_maps.default\">\n\t\t\t\t<div class=\"elementor-widget-container\">\n\t\t\t\t\t\t\t<div class=\"elementor-custom-embed\">\n\t\t\t<iframe loading=\"lazy\"\n\t\t\t\t\tsrc=\"https:\/\/www.google.com\/maps\/embed\/v1\/place?key=AIzaSyCtai16OlsBIUhmzofrkQXYcnIE4C44k8U&#038;q=50.05943697882372%2C%2019.931902396353085&#038;zoom=17\"\n\t\t\t\t\ttitle=\"50.05943697882372, 19.931902396353085\"\n\t\t\t\t\taria-label=\"50.05943697882372, 19.931902396353085\"\n\t\t\t><\/iframe>\n\t\t<\/div>\n\t\t\t\t\t\t<\/div>\n\t\t\t\t<\/div>\n\t\t\t\t\t<\/div>\n\t\t\t\t<\/div>\n\t\t\t\t<\/div>","protected":false},"excerpt":{"rendered":"<p>Nale\u017cy wej\u015b\u0107 na teren Szko\u0142y Podstawowej nr 4 przez du\u017ce drewniane drzwi. Sala gimnastyczna jest na prawo od portierni, za\u015b na lewo od wej\u015bcia do sali gimnastycznej znajduje si\u0119 szatnia. Przy szkole jest dost\u0119pny parking po obu stronach jezdni.<\/p>","protected":false},"author":2,"featured_media":12537,"parent":18,"menu_order":11,"comment_status":"closed","ping_status":"closed","template":"","meta":{"_acf_changed":false,"site-sidebar-layout":"no-sidebar","site-content-layout":"page-builder","ast-site-content-layout":"full-width-container","site-content-style":"unboxed","site-sidebar-style":"unboxed","ast-global-header-display":"","ast-banner-title-visibility":"","ast-main-header-display":"","ast-hfb-above-header-display":"","ast-hfb-below-header-display":"","ast-hfb-mobile-header-display":"","site-post-title":"","ast-breadcrumbs-content":"","ast-featured-img":"","footer-sml-layout":"","ast-disable-related-posts":"","theme-transparent-header-meta":"default","adv-header-id-meta":"","stick-header-meta":"","header-above-stick-meta":"","header-main-stick-meta":"","header-below-stick-meta":"","astra-migrate-meta-layouts":"set","ast-page-background-enabled":"default","ast-page-background-meta":{"desktop":{"background-color":"var(--ast-global-color-4)","background-image":"","background-repeat":"repeat","background-position":"center center","background-size":"auto","background-attachment":"scroll","background-type":"","background-media":"","overlay-type":"","overlay-color":"","overlay-opacity":"","overlay-gradient":""},"tablet":{"background-color":"","background-image":"","background-repeat":"repeat","background-position":"center center","background-size":"auto","background-attachment":"scroll","background-type":"","background-media":"","overlay-type":"","overlay-color":"","overlay-opacity":"","overlay-gradient":""},"mobile":{"background-color":"","background-image":"","background-repeat":"repeat","background-position":"center center","background-size":"auto","background-attachment":"scroll","background-type":"","background-media":"","overlay-type":"","overlay-color":"","overlay-opacity":"","overlay-gradient":""}},"ast-content-background-meta":{"desktop":{"background-color":"var(--ast-global-color-5)","background-image":"","background-repeat":"repeat","background-position":"center center","background-size":"auto","background-attachment":"scroll","background-type":"","background-media":"","overlay-type":"","overlay-color":"","overlay-opacity":"","overlay-gradient":""},"tablet":{"background-color":"var(--ast-global-color-5)","background-image":"","background-repeat":"repeat","background-position":"center center","background-size":"auto","background-attachment":"scroll","background-type":"","background-media":"","overlay-type":"","overlay-color":"","overlay-opacity":"","overlay-gradient":""},"mobile":{"background-color":"var(--ast-global-color-5)","background-image":"","background-repeat":"repeat","background-position":"center center","background-size":"auto","background-attachment":"scroll","background-type":"","background-media":"","overlay-type":"","overlay-color":"","overlay-opacity":"","overlay-gradient":""}}},"class_list":["post-2059","page","type-page","status-publish","has-post-thumbnail","hentry"],"acf":[],"publishpress_future_workflow_manual_trigger":{"enabledWorkflows":[]},"_links":{"self":[{"href":"https:\/\/katorishintoryu.pl\/ja\/wp-json\/wp\/v2\/pages\/2059","targetHints":{"allow":["GET"]}}],"collection":[{"href":"https:\/\/katorishintoryu.pl\/ja\/wp-json\/wp\/v2\/pages"}],"about":[{"href":"https:\/\/katorishintoryu.pl\/ja\/wp-json\/wp\/v2\/types\/page"}],"author":[{"embeddable":true,"href":"https:\/\/katorishintoryu.pl\/ja\/wp-json\/wp\/v2\/users\/2"}],"replies":[{"embeddable":true,"href":"https:\/\/katorishintoryu.pl\/ja\/wp-json\/wp\/v2\/comments?post=2059"}],"version-history":[{"count":77,"href":"https:\/\/katorishintoryu.pl\/ja\/wp-json\/wp\/v2\/pages\/2059\/revisions"}],"predecessor-version":[{"id":16266,"href":"https:\/\/katorishintoryu.pl\/ja\/wp-json\/wp\/v2\/pages\/2059\/revisions\/16266"}],"up":[{"embeddable":true,"href":"https:\/\/katorishintoryu.pl\/ja\/wp-json\/wp\/v2\/pages\/18"}],"wp:featuredmedia":[{"embeddable":true,"href":"https:\/\/katorishintoryu.pl\/ja\/wp-json\/wp\/v2\/media\/12537"}],"wp:attachment":[{"href":"https:\/\/katorishintoryu.pl\/ja\/wp-json\/wp\/v2\/media?parent=2059"}],"curies":[{"name":"wp","href":"https:\/\/api.w.org\/{rel}","templated":true}]}}