{"id":44,"date":"2019-05-01T18:50:27","date_gmt":"2019-05-01T18:50:27","guid":{"rendered":"https:\/\/katorishintoryu.pl\/?page_id=44"},"modified":"2025-06-27T20:31:18","modified_gmt":"2025-06-27T18:31:18","slug":"%e3%83%81%e3%83%a3%e3%83%b3%e3%83%94%e3%82%aa%e3%83%b3","status":"publish","type":"page","link":"https:\/\/katorishintoryu.pl\/ja\/nasi-mistrzowie\/","title":{"rendered":"\u30c1\u30e3\u30f3\u30d4\u30aa\u30f3\u305f\u3061"},"content":{"rendered":"<div data-elementor-type=\"wp-post\" data-elementor-id=\"44\" class=\"elementor elementor-44\" data-elementor-post-type=\"page\">\n\t\t\t\t<div class=\"elementor-element elementor-element-7becb2f e-flex e-con-boxed e-con e-parent\" data-id=\"7becb2f\" data-element_type=\"container\" data-e-type=\"container\">\n\t\t\t\t\t<div class=\"e-con-inner\">\n\t\t\t\t<div class=\"elementor-element elementor-element-ca61ba9 uael-member-image-pos-left uael-shape-square elementor-widget elementor-widget-uael-team-member\" data-id=\"ca61ba9\" data-element_type=\"widget\" data-e-type=\"widget\" data-widget_type=\"uael-team-member.default\">\n\t\t\t\t<div class=\"elementor-widget-container\">\n\t\t\t\t\t\t\t<div class=\"uael-member-stacked-mobile uael-member-image-valign-top uael-team-member\">\n\t\t\t<div class = \"uael-team-member-wrap\" >\n\t\t\t\t<div class=\"uael-member-wrap\" >\n\t\t\t\t\t\t\t\t\t\t\t\t<div class=\"uael-team-member-image\">\n\t\t\t\t\t\t\t<div class=\"elementor-animation-\"><img loading=\"lazy\" decoding=\"async\" width=\"300\" height=\"451\" src=\"https:\/\/katorishintoryu.pl\/wp-content\/uploads\/sugino_yukihiro.jpg\" class=\"attachment-large size-large wp-image-382\" alt=\"\" srcset=\"https:\/\/katorishintoryu.pl\/wp-content\/uploads\/sugino_yukihiro.jpg 300w, https:\/\/katorishintoryu.pl\/wp-content\/uploads\/sugino_yukihiro-200x300.jpg 200w\" sizes=\"auto, (max-width: 300px) 100vw, 300px\" \/><\/div>\t\t\t\t\t\t\t<\/div>\n\t\t\t\t\t\t\t\t\t\t\t\t\t\t\t<div class=\"uael-team-member-content\">\n\t\t\t\t\t\t\t\t\t\t\t<div class=\"uael-team-member-name\">\n\t\t\t\t\t\t<h2 class=\"uael-team-name\">\u6749\u91ce\u884c\u5b8f<\/h2>\t\t\t\t\t\t<\/div>\n\t\t\t\t\t\t\t\t\t\t\t\t\t\t\t\t\t\t\t\t\t\t\t\t\t\t\t<div class=\"uael-team-member-designation\">\n\t\t\t\t\t\t\t<div class=\"uael-team-desig\">1937\u5e7412\u670814\u65e5\t\t\t\t\t\t\t<\/div>\n\t\t\t\t\t\t<\/div>\n\t\t\t\t\t\t\t\t\t\t\t\t\t\t\t\t\t\t\t\t\t\t\t\t\t\t\t<div class=\"uael-team-member-desc\">\n\t\t\t\t\t\t\t<div class=\"uael-team-desc\"><p>\u7236\u30fb\u6749\u91ce\u7fa9\u96c4\u306e\u6b7b\u5f8c\u3001\u5ddd\u5d0e\u306e\u6749\u91ce\u9053\u5834\u3092\u7d99\u627f\u3002\u9999\u53d6\u65b0\u5f53\u6d41\u4e5d\u6bb5\u3001\u5408\u6c17\u9053\u5408\u6c17\u4f1a\u4e03\u6bb5\u3002<\/p>\n<p>\u6749\u91ce\u5e78\u535a\u5e2b\u7bc4\u306f\u3001\u7236\u306e\u9053\u5834\u3067\u5e38\u306b\u6307\u5c0e\u306b\u3042\u305f\u3063\u3066\u304d\u305f\u3002\u73fe\u5728\u3067\u306f\u3001\u5b9f\u5bb6\u306e\u9053\u5834\u4ee5\u5916\u3067\u3082\u6d41\u6d3e\u306e\u4f1d\u7d71\u3092\u53d7\u3051\u7d99\u304e\u3001\u5c11\u306a\u304f\u3068\u3082\u5e74\u306b2\u56de\u306f\u897f\u65e5\u672c\u3092\u8a2a\u308c\u3001\u9999\u53d6\u795e\u9053\u6d41\u3068\u5408\u6c17\u9053\u306e\u30ef\u30fc\u30af\u30b7\u30e7\u30c3\u30d7\u3084\u8b1b\u6f14\u3092\u884c\u3063\u3066\u3044\u308b\u3002<\/p>\n<p>\u65e5\u672c\u6b66\u9053\u56fd\u969b\u9023\u76df\u3088\u308a\u53e4\u6b66\u9053\u4e5d\u6bb5\u3092\u6388\u4e0e\u3055\u308c\u308b\u3002<\/p><\/div>\n\t\t\t\t\t\t<\/div>\n\t\t\t\t\t\t\t\t\t\t\t\t\t\t\t\t\t\t\t<\/div>\n\t\t\t<\/div>\n\t\t<\/div>\n\t<\/div>\n\t\t\t\t\t\t<\/div>\n\t\t\t\t<\/div>\n\t\t\t\t<div class=\"elementor-element elementor-element-af27437 uael-member-image-pos-left uael-shape-square elementor-widget elementor-widget-uael-team-member\" data-id=\"af27437\" data-element_type=\"widget\" data-e-type=\"widget\" data-widget_type=\"uael-team-member.default\">\n\t\t\t\t<div class=\"elementor-widget-container\">\n\t\t\t\t\t\t\t<div class=\"uael-member-stacked-mobile uael-member-image-valign-top uael-team-member\">\n\t\t\t<div class = \"uael-team-member-wrap\" >\n\t\t\t\t<div class=\"uael-member-wrap\" >\n\t\t\t\t\t\t\t\t\t\t\t\t<div class=\"uael-team-member-image\">\n\t\t\t\t\t\t\t<div class=\"elementor-animation-\"><img loading=\"lazy\" decoding=\"async\" width=\"768\" height=\"1024\" src=\"https:\/\/katorishintoryu.pl\/wp-content\/uploads\/zd01_76-768x1024.jpg\" class=\"attachment-large size-large wp-image-11992\" alt=\"\" srcset=\"https:\/\/katorishintoryu.pl\/wp-content\/uploads\/zd01_76-768x1024.jpg 768w, https:\/\/katorishintoryu.pl\/wp-content\/uploads\/zd01_76-225x300.jpg 225w, https:\/\/katorishintoryu.pl\/wp-content\/uploads\/zd01_76-9x12.jpg 9w, https:\/\/katorishintoryu.pl\/wp-content\/uploads\/zd01_76.jpg 900w\" sizes=\"auto, (max-width: 768px) 100vw, 768px\" \/><\/div>\t\t\t\t\t\t\t<\/div>\n\t\t\t\t\t\t\t\t\t\t\t\t\t\t\t<div class=\"uael-team-member-content\">\n\t\t\t\t\t\t\t\t\t\t\t<div class=\"uael-team-member-name\">\n\t\t\t\t\t\t<h2 class=\"uael-team-name\">\u30a6\u30eb\u30d5\u30fb\u30ed\u30c3\u30c8<\/h2>\t\t\t\t\t\t<\/div>\n\t\t\t\t\t\t\t\t\t\t\t\t\t\t\t\t\t\t\t\t\t\t\t\t\t\t\t<div class=\"uael-team-member-designation\">\n\t\t\t\t\t\t\t<div class=\"uael-team-desig\">1 X 1964\t\t\t\t\t\t\t<\/div>\n\t\t\t\t\t\t<\/div>\n\t\t\t\t\t\t\t\t\t\t\t\t\t\t\t\t\t\t\t\t\t\t\t\t\t\t\t<div class=\"uael-team-member-desc\">\n\t\t\t\t\t\t\t<div class=\"uael-team-desc\"><p>\u30a6\u30eb\u30d5\u30fb\u30ed\u30c3\u30c8\u5e2b\u7bc4\u306f\u3001\u6749\u91ce\u5e2b\u7bc4\u306e\u4ee3\u7406\u3068\u3057\u3066\u9999\u53d6\u795e\u9053\u6d41\u306e\u30c9\u30a4\u30c4\u306b\u304a\u3051\u308b\u4ee3\u8868\u8005\u3067\u3059\u3002\u5f7c\u306f\u79c1\u305f\u3061\u306b\u6749\u91ce\u9053\u5834\u3092\u7d39\u4ecb\u3057\u3001\u4eca\u65e5\u307e\u3067\u6749\u91ce\u5148\u751f\u306e\u6559\u3048\u3092\u79c1\u305f\u3061\u306b\u4f1d\u3048\u7d9a\u3051\u3066\u3044\u308b\u3002<\/p>\n<p>\u73fe\u5728\u3001\u9999\u53d6\u795e\u9053\u6d41\u516d\u6bb5\u3001\u5408\u6c17\u9053\u516d\u6bb5\uff08\u5408\u6c17\u4f1a\u5e2b\u7bc4\uff09\u3002\u30ec\u30fc\u30eb\u3067\u9053\u5834\u3092\u958b\u304d\u3001\u5408\u6c17\u9053\u3068\u9999\u53d6\u306e\u6280\u3092\u6307\u5c0e\u3057\u3066\u3044\u308b\u3002\u65e5\u3005\u306e\u4ed5\u4e8b\u3067\u306f\u3001\u30ec\u30a2\u30fc\uff08\u30c9\u30a4\u30c4\uff09\u306e\u4f53\u80b2\u9928\u306e\u9928\u9577\u3092\u52d9\u3081\u308b\u3002<span style=\"color: var( --e-global-color-text );font-family: var( --e-global-typography-text-font-family ), Sans-serif;font-weight: var( --e-global-typography-text-font-weight );background-color: var( --e-global-color-astglobalcolor2 );font-size: 1rem\"><\/span><\/p><\/div>\n\t\t\t\t\t\t<\/div>\n\t\t\t\t\t\t\t\t\t\t\t\t\t\t\t\t\t\t\t<\/div>\n\t\t\t<\/div>\n\t\t<\/div>\n\t<\/div>\n\t\t\t\t\t\t<\/div>\n\t\t\t\t<\/div>\n\t\t\t\t<div class=\"elementor-element elementor-element-849ed95 uael-member-image-pos-left uael-shape-square elementor-widget elementor-widget-uael-team-member\" data-id=\"849ed95\" data-element_type=\"widget\" data-e-type=\"widget\" data-widget_type=\"uael-team-member.default\">\n\t\t\t\t<div class=\"elementor-widget-container\">\n\t\t\t\t\t\t\t<div class=\"uael-member-stacked-mobile uael-member-image-valign-top uael-team-member\">\n\t\t\t<div class = \"uael-team-member-wrap\" >\n\t\t\t\t<div class=\"uael-member-wrap\" >\n\t\t\t\t\t\t\t\t\t\t\t\t<div class=\"uael-team-member-image\">\n\t\t\t\t\t\t\t<div class=\"elementor-animation-\"><img decoding=\"async\" width=\"500\" height=\"671\" src=\"https:\/\/katorishintoryu.pl\/wp-content\/uploads\/sugino.jpg\" class=\"attachment-large size-large wp-image-381\" alt=\"\" loading=\"lazy\" srcset=\"https:\/\/katorishintoryu.pl\/wp-content\/uploads\/sugino.jpg 500w, https:\/\/katorishintoryu.pl\/wp-content\/uploads\/sugino-224x300.jpg 224w\" sizes=\"auto, (max-width: 500px) 100vw, 500px\" \/><\/div>\t\t\t\t\t\t\t<\/div>\n\t\t\t\t\t\t\t\t\t\t\t\t\t\t\t<div class=\"uael-team-member-content\">\n\t\t\t\t\t\t\t\t\t\t\t<div class=\"uael-team-member-name\">\n\t\t\t\t\t\t<h2 class=\"uael-team-name\">\u6749\u91ce\u5609\u592b<\/h2>\t\t\t\t\t\t<\/div>\n\t\t\t\t\t\t\t\t\t\t\t\t\t\t\t\t\t\t\t\t\t\t\t\t\t\t\t<div class=\"uael-team-member-designation\">\n\t\t\t\t\t\t\t<div class=\"uael-team-desig\">1904\u5e7412\u6708\uff5e1998\u5e746\u670813\u65e5\t\t\t\t\t\t\t<\/div>\n\t\t\t\t\t\t<\/div>\n\t\t\t\t\t\t\t\t\t\t\t\t\t\t\t\t\t\t\t\t\t\t\t\t\t\t\t<div class=\"uael-team-member-desc\">\n\t\t\t\t\t\t\t<div class=\"uael-team-desc\"><p>\u6749\u91ce\u5609\u592b\u5e2b\u7bc4\u306f\u3001\u7b2c\u4e8c\u6b21\u4e16\u754c\u5927\u6226\u524d\u306b\u5263\u9053\u3001\u52a0\u7d0d\u6cbb\u4e94\u90ce\u5148\u751f\uff08\u67d4\u9053\u306e\u5275\u59cb\u8005\uff09\u306e\u67d4\u9053\u3001\u305d\u3057\u3066\u690d\u829d\u76db\u5e73\u5148\u751f\uff08\u5408\u6c17\u9053\u306e\u5275\u59cb\u8005\uff09\u306e\u5408\u6c17\u9053\u3067\u6b66\u9053\u3092\u59cb\u3081\u305f\u3002\u5e74\u9803\u304b\u3089\u5f18\u9053\u9928\u9053\u5834\u3067\u52a0\u7d0d\u5148\u751f\u306e\u3082\u3068\u3067\u5929\u771f\u6b63\u4f1d\u9999\u53d6\u795e\u9053\u6d41\u306e\u7a3d\u53e4\u3092\u59cb\u3081\u308b\u3002\u6749\u91ce\u7fa9\u96c4\u5e2b\u7bc4\u306f\u3001\u690e\u540d\u5e02\u8535\u5e2b\u7bc4\uff08\u7d0410\u5e74\u9593\uff09\u3092\u4e2d\u5fc3\u306b\u3001\u7389\u4e95\u3001\u4f0a\u85e4\u3001\u7aaa\u5ca1\u306e4\u5e2b\u7bc4\u304b\u3089\u6307\u5c0e\u3092\u53d7\u3051\u308b\u30021927\u5e74\u3001\u9053\u5834\u3092\u5275\u8a2d\u3057\u3001\u5f53\u521d\u306f\u67d4\u9053\u306e\u307f\u3092\u6307\u5c0e\u30011937\u5e74\u304b\u3089\u306f\u5408\u6c17\u9053\u3082\u6307\u5c0e\u3001\u7b2c\u4e8c\u6b21\u4e16\u754c\u5927\u6226\u5f8c\u306f\u9999\u53d6\u795e\u9053\u6d41\u3082\u6307\u5c0e\u3002<\/p>\n<p>1953\u5e74\u304b\u3089\u306f\u3001\u4f8d\u3092\u984c\u6750\u306b\u3057\u305f\u6620\u753b\u306e\u6226\u95d8\u30b7\u30fc\u30f3\u306e\u6e96\u5099\u306b\u62db\u304b\u308c\u308b\u3088\u3046\u306b\u306a\u3063\u305f\u3002\u4ee3\u8868\u4f5c\u306f\u4e09\u8239\u654f\u90ce\u3068\u5171\u6f14\u3057\u305f\u9ed2\u6fa4\u660e\u76e3\u7763\u306e\u300c\u4e03\u4eba\u306e\u4f8d\u300d\u30021981\u5e74\u3001\u56fd\u969b\u65e5\u672c\u6b66\u9053\u9023\u76df\u3088\u308a\u53e4\u6b66\u9053\u5341\u6bb5\u3092\u6388\u4e0e\u3055\u308c\u308b\u3002\u9577\u5e74\u306b\u308f\u305f\u308a\u3001\u9999\u53d6\u795e\u9053\u6d41\u306e\u666e\u53ca\u306e\u305f\u3081\u30e8\u30fc\u30ed\u30c3\u30d1\u3092\u306f\u3058\u3081\u4e16\u754c\u4e2d\u3092\u5de1\u696d\u3002\u606f\u5b50\u306e\u6749\u91ce\u5e78\u5f18\u306b\u9053\u5834\u3092\u8a17\u3059\u3002<\/p><\/div>\n\t\t\t\t\t\t<\/div>\n\t\t\t\t\t\t\t\t\t\t\t\t\t\t\t\t\t\t\t<\/div>\n\t\t\t<\/div>\n\t\t<\/div>\n\t<\/div>\n\t\t\t\t\t\t<\/div>\n\t\t\t\t<\/div>\n\t\t\t\t<div class=\"elementor-element elementor-element-f3aeb08 uael-member-image-pos-left uael-shape-square elementor-widget elementor-widget-uael-team-member\" data-id=\"f3aeb08\" data-element_type=\"widget\" data-e-type=\"widget\" data-widget_type=\"uael-team-member.default\">\n\t\t\t\t<div class=\"elementor-widget-container\">\n\t\t\t\t\t\t\t<div class=\"uael-member-stacked-mobile uael-member-image-valign-top uael-team-member\">\n\t\t\t<div class = \"uael-team-member-wrap\" >\n\t\t\t\t<div class=\"uael-member-wrap\" >\n\t\t\t\t\t\t\t\t\t\t\t\t<div class=\"uael-team-member-image\">\n\t\t\t\t\t\t\t<div class=\"elementor-animation-\"><img decoding=\"async\" width=\"231\" height=\"300\" src=\"https:\/\/katorishintoryu.pl\/wp-content\/uploads\/Hatakeyama_.jpg\" class=\"attachment-large size-large wp-image-380\" alt=\"\" loading=\"lazy\" \/><\/div>\t\t\t\t\t\t\t<\/div>\n\t\t\t\t\t\t\t\t\t\t\t\t\t\t\t<div class=\"uael-team-member-content\">\n\t\t\t\t\t\t\t\t\t\t\t<div class=\"uael-team-member-name\">\n\t\t\t\t\t\t<h2 class=\"uael-team-name\">\u7560\u5c71\u609f\u6717<\/h2>\t\t\t\t\t\t<\/div>\n\t\t\t\t\t\t\t\t\t\t\t\t\t\t\t\t\t\t\t\t\t\t\t\t\t\t\t<div class=\"uael-team-member-designation\">\n\t\t\t\t\t\t\t<div class=\"uael-team-desig\">1928\u5e748\u670817\u65e5\uff5e2009\u5e7412\u67088\u65e5\t\t\t\t\t\t\t<\/div>\n\t\t\t\t\t\t<\/div>\n\t\t\t\t\t\t\t\t\t\t\t\t\t\t\t\t\t\t\t\t\t\t\t\t\t\t\t<div class=\"uael-team-member-desc\">\n\t\t\t\t\t\t\t<div class=\"uael-team-desc\"><p style=\"text-align: left\">\u7560\u5c71\u4e94\u90ce\u5e2b\u7bc4\u306f13\u6b73\u306e\u6642\u3001\u9ad8\u6821\u306e\u9053\u5834\u3067\u5263\u9053\u306e\u7a3d\u53e4\u3092\u59cb\u3081\u305f\u3002\u305d\u306e\u5f8c\u3001\u9577\u5e74\u306b\u308f\u305f\u3063\u3066\u4f1d\u7d71\u7684\u306a\u67d4\u8853\u3092\u5b66\u3093\u3060\u300237\u6b73\u306e\u3068\u304d\u3001\u9ad8\u540d\u306a\u5e2b\u5320\u3067\u3042\u308b\u6749\u91ce\u5609\u592b\u306e\u3082\u3068\u3067\u9999\u53d6\u795e\u9053\u6d41\u306e\u4fee\u884c\u3092\u59cb\u3081\u305f\u3002\u7560\u5c71\u306f\u3059\u3050\u306b\u6749\u91ce\u5609\u592b\u306e\u8fd1\u5f1f\u5b50\u3068\u306a\u308a\u3001\u52a9\u624b\u3092\u52d9\u3081\u308b\u3088\u3046\u306b\u306a\u3063\u305f\u3002\u6749\u91ce\u5609\u592b\u304b\u3089\u306f\u6700\u9ad8\u4f4d\u3067\u3042\u308b\u4e5d\u6bb5\u3068\u514d\u8a31\u7686\u4f1d\u306e\u79f0\u53f7\u3092\u6388\u4e0e\u3055\u308c\u305f\u3002<\/p>\n<p style=\"text-align: left\">\u7560\u5c71\u5e2b\u7bc4\u306f\u3001\u5927\u7af9\u5229\u52a9\u5e2b\u7bc4\u3084\u6749\u91ce\u884c\u5f18\u5e2b\u7bc4\uff08\u6749\u91ce\u5609\u592b\u5e2b\u7bc4\u306e\u606f\u5b50\uff09\u306e\u9053\u5834\u3068\u306f\u5225\u306b\u3001\u81ea\u3089\u306e\u9053\u5834\u3092\u958b\u304d\u3001\u6bce\u5e74\u6570\u30f6\u6708\u9593\u3001\u9999\u53d6\u795e\u9053\u6d41\u306e\u6d77\u5916\u666e\u53ca\u306b\u529b\u3092\u6ce8\u3044\u3060\u3002\u30d5\u30e9\u30f3\u30b9\u3001\u30aa\u30e9\u30f3\u30c0\u3001\u30d9\u30eb\u30ae\u30fc\u3001\u30c7\u30f3\u30de\u30fc\u30af\u3001\u30a4\u30bf\u30ea\u30a2\u3001\u30a4\u30ae\u30ea\u30b9\u3001\u30dd\u30fc\u30e9\u30f3\u30c9\u3001\u30c1\u30a7\u30b3\u5171\u548c\u56fd\u3001\u30cf\u30f3\u30ac\u30ea\u30fc\u3001\u30ed\u30b7\u30a2\u3001\u30ab\u30ca\u30c0\u3001\u30a2\u30e1\u30ea\u30ab\u3067\u30bb\u30df\u30ca\u30fc\u3092\u958b\u50ac\u3002<\/p>\n<p style=\"text-align: left\">\u9577\u3044\u95d8\u75c5\u751f\u6d3b\u306e\u672b\u30012009\u5e7412\u67088\u65e5\u306b\u5927\u8239\uff08\u938c\u5009\u5e02\uff09\u306781\u6b73\u306e\u751f\u6daf\u3092\u9589\u3058\u305f\u3002<\/p><\/div>\n\t\t\t\t\t\t<\/div>\n\t\t\t\t\t\t\t\t\t\t\t\t\t\t\t\t\t\t\t<\/div>\n\t\t\t<\/div>\n\t\t<\/div>\n\t<\/div>\n\t\t\t\t\t\t<\/div>\n\t\t\t\t<\/div>\n\t\t\t\t\t<\/div>\n\t\t\t\t<\/div>\n\t\t\t\t<\/div>","protected":false},"excerpt":{"rendered":"<p>Yukihiro Sugino\u200b 14 XII 1937 Mistrz Sugino Yukihiro odziedziczy\u0142 prowadzenie Sugino D\u014dj\u014d w Kawasaki po \u015bmierci swojego ojca, Sugino Yoshio. Posiada 9. dan w Katori Shint\u014d-ry\u016b oraz 7. dan w aikid\u014d Aikikai. Sensei Sugino Yukihiro zawsze naucza\u0142 w d\u014dj\u014d swego ojca. Teraz, przekazuje tradycje szko\u0142y r\u00f3wnie\u017c poza rodzinnym d\u014dj\u014d i go\u015bci na zachodzie co najmniej dwa razy w roku, prowadz\u0105c warsztaty i wyk\u0142ady zar\u00f3wno z zakresu Katori Shint\u014d-ry\u016b, jak r\u00f3wnie\u017c aikid\u014d. Zosta\u0142 odznaczony przez Mi\u0119dzynarodow\u0105 Federacj\u0119 Nippon Bud\u014d 9. dan kobud\u014d. Ulf Rott 1 X 1964 Mistrz Ulf Rott jest przedstawicielem Katori Shint\u014d-ry\u016b na Niemcy z ramienia Mistrza Sugino. Zapozna\u0142 nas z D\u014dj\u014d Sugino i po dzi\u015b dzie\u0144 przekazuje nam [&hellip;]<\/p>\n","protected":false},"author":1,"featured_media":11861,"parent":0,"menu_order":25,"comment_status":"closed","ping_status":"closed","template":"","meta":{"_acf_changed":false,"site-sidebar-layout":"default","site-content-layout":"default","ast-site-content-layout":"default","site-content-style":"default","site-sidebar-style":"default","ast-global-header-display":"","ast-banner-title-visibility":"","ast-main-header-display":"","ast-hfb-above-header-display":"","ast-hfb-below-header-display":"","ast-hfb-mobile-header-display":"","site-post-title":"","ast-breadcrumbs-content":"","ast-featured-img":"","footer-sml-layout":"","ast-disable-related-posts":"","theme-transparent-header-meta":"default","adv-header-id-meta":"","stick-header-meta":"","header-above-stick-meta":"","header-main-stick-meta":"","header-below-stick-meta":"","astra-migrate-meta-layouts":"set","ast-page-background-enabled":"default","ast-page-background-meta":{"desktop":{"background-color":"var(--ast-global-color-4)","background-image":"","background-repeat":"repeat","background-position":"center center","background-size":"auto","background-attachment":"scroll","background-type":"","background-media":"","overlay-type":"","overlay-color":"","overlay-opacity":"","overlay-gradient":""},"tablet":{"background-color":"","background-image":"","background-repeat":"repeat","background-position":"center center","background-size":"auto","background-attachment":"scroll","background-type":"","background-media":"","overlay-type":"","overlay-color":"","overlay-opacity":"","overlay-gradient":""},"mobile":{"background-color":"","background-image":"","background-repeat":"repeat","background-position":"center center","background-size":"auto","background-attachment":"scroll","background-type":"","background-media":"","overlay-type":"","overlay-color":"","overlay-opacity":"","overlay-gradient":""}},"ast-content-background-meta":{"desktop":{"background-color":"var(--ast-global-color-5)","background-image":"","background-repeat":"repeat","background-position":"center center","background-size":"auto","background-attachment":"scroll","background-type":"","background-media":"","overlay-type":"","overlay-color":"","overlay-opacity":"","overlay-gradient":""},"tablet":{"background-color":"var(--ast-global-color-5)","background-image":"","background-repeat":"repeat","background-position":"center center","background-size":"auto","background-attachment":"scroll","background-type":"","background-media":"","overlay-type":"","overlay-color":"","overlay-opacity":"","overlay-gradient":""},"mobile":{"background-color":"var(--ast-global-color-5)","background-image":"","background-repeat":"repeat","background-position":"center center","background-size":"auto","background-attachment":"scroll","background-type":"","background-media":"","overlay-type":"","overlay-color":"","overlay-opacity":"","overlay-gradient":""}}},"class_list":["post-44","page","type-page","status-publish","has-post-thumbnail","hentry"],"acf":[],"publishpress_future_workflow_manual_trigger":{"enabledWorkflows":[]},"_links":{"self":[{"href":"https:\/\/katorishintoryu.pl\/ja\/wp-json\/wp\/v2\/pages\/44","targetHints":{"allow":["GET"]}}],"collection":[{"href":"https:\/\/katorishintoryu.pl\/ja\/wp-json\/wp\/v2\/pages"}],"about":[{"href":"https:\/\/katorishintoryu.pl\/ja\/wp-json\/wp\/v2\/types\/page"}],"author":[{"embeddable":true,"href":"https:\/\/katorishintoryu.pl\/ja\/wp-json\/wp\/v2\/users\/1"}],"replies":[{"embeddable":true,"href":"https:\/\/katorishintoryu.pl\/ja\/wp-json\/wp\/v2\/comments?post=44"}],"version-history":[{"count":141,"href":"https:\/\/katorishintoryu.pl\/ja\/wp-json\/wp\/v2\/pages\/44\/revisions"}],"predecessor-version":[{"id":16001,"href":"https:\/\/katorishintoryu.pl\/ja\/wp-json\/wp\/v2\/pages\/44\/revisions\/16001"}],"wp:featuredmedia":[{"embeddable":true,"href":"https:\/\/katorishintoryu.pl\/ja\/wp-json\/wp\/v2\/media\/11861"}],"wp:attachment":[{"href":"https:\/\/katorishintoryu.pl\/ja\/wp-json\/wp\/v2\/media?parent=44"}],"curies":[{"name":"wp","href":"https:\/\/api.w.org\/{rel}","templated":true}]}}