{"id":48,"date":"2019-05-01T18:52:31","date_gmt":"2019-05-01T18:52:31","guid":{"rendered":"https:\/\/katorishintoryu.pl\/?page_id=48"},"modified":"2025-06-27T20:27:30","modified_gmt":"2025-06-27T18:27:30","slug":"%e3%82%b8%e3%83%a3%e3%83%91%e3%83%8b%e3%83%bc%e3%82%ba%e3%83%bb%e3%83%95%e3%82%a7%e3%83%b3%e3%82%b7%e3%83%b3%e3%82%b0%e3%81%a8%e3%81%af","status":"publish","type":"page","link":"https:\/\/katorishintoryu.pl\/ja\/czym-jest-szermierka-japonska\/","title":{"rendered":"\u65e5\u672c\u306e\u30d5\u30a7\u30f3\u30b9\u3068\u306f\uff1f"},"content":{"rendered":"<div data-elementor-type=\"wp-post\" data-elementor-id=\"48\" class=\"elementor elementor-48\" data-elementor-post-type=\"page\">\n\t\t\t\t<div class=\"elementor-element elementor-element-749927f e-flex e-con-boxed e-con e-parent\" data-id=\"749927f\" data-element_type=\"container\" data-e-type=\"container\">\n\t\t\t\t\t<div class=\"e-con-inner\">\n\t\t\t\t<div class=\"elementor-element elementor-element-664e7ac elementor-widget elementor-widget-text-editor\" data-id=\"664e7ac\" data-element_type=\"widget\" data-e-type=\"widget\" data-widget_type=\"text-editor.default\">\n\t\t\t\t<div class=\"elementor-widget-container\">\n\t\t\t\t\t\t\t\t\t<p>\u6b74\u53f2\u7684\u306b\u306f\u3001\u65e5\u672c\u3067\u884c\u308f\u308c\u3066\u3044\u308b\u6700\u3082\u91cd\u8981\u306a\u6b66\u9053\u306e\u3072\u3068\u3064\u3067\u3042\u308b\u3002\u5263\u306e\u4f7f\u3044\u65b9\u3092\u5b66\u3076\u3082\u306e\u3067\u300115\u4e16\u7d00\u9803\u306b\u751f\u307e\u308c\u305f\u3002\u305d\u308c\u4ee5\u524d\u306f\u5263\u304c\u91cd\u8981\u3067\u3042\u3063\u305f\u304c\u3001\u6226\u5834\u3067\u597d\u307e\u308c\u305f\u6b66\u5668\u306f\u5f13\u3068\u69cd\u3067\u3042\u3063\u305f\u3002\u5200\u304c\u91cd\u8981\u8996\u3055\u308c\u308b\u3088\u3046\u306b\u306a\u3063\u305f\u306e\u306f\u3001\u5206\u5272\u7d71\u6cbb\u6642\u4ee3\u306b\u306a\u3063\u3066\u304b\u3089\u3067\u3001\u305d\u306e\u6c4e\u7528\u6027\u306e\u9ad8\u3055\u3068\u3001\u5c4b\u5185\u3067\u3082\u5e38\u306b\u4f8d\u306e\u5074\u306b\u3042\u308b\u3068\u3044\u3046\u4e8b\u5b9f\u304c\u8a55\u4fa1\u3055\u308c\u305f\u304b\u3089\u3067\u3042\u308b\u3002<\/p>\n<p>\u5f53\u521d\u3001\u5263\u8853\u306f\u5263\u306e\u6271\u3044\u5168\u822c\u3092\u5305\u62ec\u3057\u3066\u3044\u305f\u304c\u3001\u6642\u304c\u7d4c\u3064\u306b\u3064\u308c\u3001\u5c45\u5408\u8853\u3068\u3057\u3066\u77e5\u3089\u308c\u308b\u629c\u5200\u8853\u304c\u4e3b\u6d41\u304b\u3089\u5207\u308a\u96e2\u3055\u308c\u305f\u3002\u305d\u308c\u4ee5\u6765\u3001\u5263\u8853\u3068\u306f\u3059\u3067\u306b\u629c\u304b\u308c\u305f\u5263\u3092\u4f7f\u3046\u6280\u8853\u3092\u6307\u3059\u3088\u3046\u306b\u306a\u3063\u305f\u3002<\/p>\n<p>19\u4e16\u7d00\u534a\u3070\u3001\u660e\u6cbb\u7dad\u65b0\u306b\u3088\u3063\u3066\u5e55\u85e9\u4f53\u5236\u304c\u5d29\u308c\u3001\u6b66\u58eb\u968e\u7d1a\u304c\u5ec3\u6b62\u3055\u308c\u3001\u516c\u306e\u5834\u3067\u306e\u5200\u5263\u306e\u643a\u5e2f\u304c\u7981\u6b62\u3055\u308c\u308b\u307e\u3067\u3001\u5263\u8853\u306f\u591a\u304f\u306e\u6d41\u6d3e\u3067\u5e83\u304f\u884c\u308f\u308c\u3066\u3044\u305f\u3002<\/p>\t\t\t\t\t\t\t\t<\/div>\n\t\t\t\t<\/div>\n\t\t\t\t<div class=\"elementor-element elementor-element-c13f03b elementor-widget elementor-widget-heading\" data-id=\"c13f03b\" data-element_type=\"widget\" data-e-type=\"widget\" data-widget_type=\"heading.default\">\n\t\t\t\t<div class=\"elementor-widget-container\">\n\t\t\t\t\t<h2 class=\"elementor-heading-title elementor-size-default\">\u5263\u8853\u306e\u6d41\u6d3e<\/h2>\t\t\t\t<\/div>\n\t\t\t\t<\/div>\n\t\t\t\t<div class=\"elementor-element elementor-element-2725f9d elementor-widget elementor-widget-image\" data-id=\"2725f9d\" data-element_type=\"widget\" data-e-type=\"widget\" data-widget_type=\"image.default\">\n\t\t\t\t<div class=\"elementor-widget-container\">\n\t\t\t\t\t\t\t\t\t\t\t\t\t\t\t<img loading=\"lazy\" decoding=\"async\" width=\"1024\" height=\"575\" src=\"https:\/\/katorishintoryu.pl\/wp-content\/uploads\/Krakow-Treningi-2016-2-1024x575.jpg\" class=\"attachment-large size-large wp-image-790\" alt=\"\" srcset=\"https:\/\/katorishintoryu.pl\/wp-content\/uploads\/Krakow-Treningi-2016-2-1024x575.jpg 1024w, https:\/\/katorishintoryu.pl\/wp-content\/uploads\/Krakow-Treningi-2016-2-300x169.jpg 300w, https:\/\/katorishintoryu.pl\/wp-content\/uploads\/Krakow-Treningi-2016-2-768x431.jpg 768w, https:\/\/katorishintoryu.pl\/wp-content\/uploads\/Krakow-Treningi-2016-2.jpg 1499w\" sizes=\"auto, (max-width: 1024px) 100vw, 1024px\" \/>\t\t\t\t\t\t\t\t\t\t\t\t\t\t\t<\/div>\n\t\t\t\t<\/div>\n\t\t\t\t<div class=\"elementor-element elementor-element-d9d162c elementor-widget elementor-widget-text-editor\" data-id=\"d9d162c\" data-element_type=\"widget\" data-e-type=\"widget\" data-widget_type=\"text-editor.default\">\n\t\t\t\t<div class=\"elementor-widget-container\">\n\t\t\t\t\t\t\t\t\t<p><span style=\"font-size: 1rem;\">\u3068\u308a\u308f\u3051\u5263\u8853\u3092\u6559\u3048\u308b\u6700\u53e4\u306e\u6b66\u8853\u6d41\u6d3e\u306e\u4e2d\u306b\u306f\u3001\u6b21\u306e\u3088\u3046\u306a\u6d41\u6d3e\u304c\u3042\u308b\uff1a\u00a0<\/span><\/p><p>- \u5f71\u6d41<br \/>- \u4e2d\u6761\u6d41<br \/>- \u5929\u5fc3\u6b63\u4f1d \u9999\u53d6\u614e\u543e-\u3002<span style=\"font-size: 1rem;\">\u9f8d<\/span><\/p>\t\t\t\t\t\t\t\t<\/div>\n\t\t\t\t<\/div>\n\t\t\t\t<div class=\"elementor-element elementor-element-07bebd8 elementor-widget elementor-widget-heading\" data-id=\"07bebd8\" data-element_type=\"widget\" data-e-type=\"widget\" data-widget_type=\"heading.default\">\n\t\t\t\t<div class=\"elementor-widget-container\">\n\t\t\t\t\t<h2 class=\"elementor-heading-title elementor-size-default\">\u5263\u8853\u306f\u3044\u3064\u751f\u307e\u308c\u305f\u306e\u304b\uff1f&nbsp;<\/h2>\t\t\t\t<\/div>\n\t\t\t\t<\/div>\n\t\t\t\t<div class=\"elementor-element elementor-element-b7d6980 elementor-widget elementor-widget-image\" data-id=\"b7d6980\" data-element_type=\"widget\" data-e-type=\"widget\" data-widget_type=\"image.default\">\n\t\t\t\t<div class=\"elementor-widget-container\">\n\t\t\t\t\t\t\t\t\t\t\t\t\t\t\t<img loading=\"lazy\" decoding=\"async\" width=\"393\" height=\"294\" src=\"https:\/\/katorishintoryu.pl\/wp-content\/uploads\/kenjutsu.png\" class=\"attachment-large size-large wp-image-286\" alt=\"\" srcset=\"https:\/\/katorishintoryu.pl\/wp-content\/uploads\/kenjutsu.png 393w, https:\/\/katorishintoryu.pl\/wp-content\/uploads\/kenjutsu-300x224.png 300w\" sizes=\"auto, (max-width: 393px) 100vw, 393px\" \/>\t\t\t\t\t\t\t\t\t\t\t\t\t\t\t<\/div>\n\t\t\t\t<\/div>\n\t\t\t\t<div class=\"elementor-element elementor-element-4948834 elementor-widget elementor-widget-text-editor\" data-id=\"4948834\" data-element_type=\"widget\" data-e-type=\"widget\" data-widget_type=\"text-editor.default\">\n\t\t\t\t<div class=\"elementor-widget-container\">\n\t\t\t\t\t\t\t\t\t<p>\u4e0a\u8a18\u306e\u6d41\u6d3e\u306e\u6210\u7acb\u6642\u671f\u306f14\u4e16\u7d00\u304b\u308915\u4e16\u7d00\u306b\u304b\u3051\u3066\u3067\u3001\u73fe\u5728\u6700\u3082\u4fdd\u5b58\u72b6\u614b\u306e\u826f\u3044\u6d41\u6d3e\u306f\u5929\u771f\u6b63\u4f1d\u9999\u53d6\u795e\u9053\u6d41\u3067\u3042\u308b\u3002\u3053\u306e3\u3064\u306e\u6d41\u6d3e\u3092\u57fa\u790e\u306b\u3001\u4f55\u767e\u3082\u306e\u5c0f\u3055\u306a\u6d41\u6d3e\u304c\u9577\u3044\u5e74\u6708\u3092\u304b\u3051\u3066\u8a2d\u7acb\u3055\u308c\u3001\u305d\u306e\u591a\u304f\u3082\u4eca\u65e5\u307e\u3067\u5b58\u7d9a\u3057\u3066\u3044\u308b\u3002\u4f8b\u3048\u3070\u3001\u9999\u53d6\u795e\u9053\u6d41\u306f\u9e7f\u5cf6\u795e\u9053\u6d41\u3092\u751f\u307f\u3001\u9e7f\u5cf6\u795e\u9053\u6d41\u306f\u73fe\u5728\u3067\u3082\u6709\u540d\u3067\u3042\u308a\u3001\u5b9f\u8df5\u3055\u308c\u3066\u3044\u308b\u3002<\/p>\t\t\t\t\t\t\t\t<\/div>\n\t\t\t\t<\/div>\n\t\t\t\t<div class=\"elementor-element elementor-element-1abf32b elementor-widget elementor-widget-heading\" data-id=\"1abf32b\" data-element_type=\"widget\" data-e-type=\"widget\" data-widget_type=\"heading.default\">\n\t\t\t\t<div class=\"elementor-widget-container\">\n\t\t\t\t\t<h2 class=\"elementor-heading-title elementor-size-default\">\u6307\u5c0e\u65b9\u6cd5<\/h2>\t\t\t\t<\/div>\n\t\t\t\t<\/div>\n\t\t\t\t<div class=\"elementor-element elementor-element-f2858bf elementor-widget elementor-widget-image\" data-id=\"f2858bf\" data-element_type=\"widget\" data-e-type=\"widget\" data-widget_type=\"image.default\">\n\t\t\t\t<div class=\"elementor-widget-container\">\n\t\t\t\t\t\t\t\t\t\t\t\t\t\t\t<img decoding=\"async\" width=\"201\" height=\"300\" src=\"https:\/\/katorishintoryu.pl\/wp-content\/uploads\/pokaz-manggha-2-201x300.jpg\" class=\"attachment-medium size-medium wp-image-799\" alt=\"\" loading=\"lazy\" srcset=\"https:\/\/katorishintoryu.pl\/wp-content\/uploads\/pokaz-manggha-2-201x300.jpg 201w, https:\/\/katorishintoryu.pl\/wp-content\/uploads\/pokaz-manggha-2.jpg 468w\" sizes=\"auto, (max-width: 201px) 100vw, 201px\" \/>\t\t\t\t\t\t\t\t\t\t\t\t\t\t\t<\/div>\n\t\t\t\t<\/div>\n\t\t\t\t<div class=\"elementor-element elementor-element-6381377 elementor-widget elementor-widget-text-editor\" data-id=\"6381377\" data-element_type=\"widget\" data-e-type=\"widget\" data-widget_type=\"text-editor.default\">\n\t\t\t\t<div class=\"elementor-widget-container\">\n\t\t\t\t\t\t\t\t\t<p>\u5263\u8853\u306e\u6559\u3048\u65b9\u3084\u8a13\u7df4\u65b9\u6cd5\u306f\u6d41\u6d3e\u306b\u3088\u3063\u3066\u7570\u306a\u308b\u304c\u3001\u975e\u5e38\u306b\u30dd\u30d4\u30e5\u30e9\u30fc\u306a\u306e\u306f\u300c\u578b\u300d\u3067\u3042\u308b\u3002\u578b\u3068\u306f\u3001\u5263\u8853\u306e\u3055\u307e\u3056\u307e\u306a\u6280\u6cd5\u3092\u6559\u3048\u308b\u305f\u3081\u306b\u4f5c\u3089\u308c\u305f\u3001\u6b63\u5f0f\u306a\u4e00\u9023\u306e\u52d5\u4f5c\u306e\u3053\u3068\u3067\u3042\u308b\u3002\u5263\u8853\u3067\u306f\u901a\u5e38\u4e8c\u4eba\u4e00\u7d44\u3067\u7df4\u7fd2\u3057\u3001\u4e00\u4eba\u304c\u300c\u751f\u5f92\u300d\u3001\u3082\u3046\u4e00\u4eba\u304c\u300c\u5148\u751f\u300d\u3068\u306a\u308b\u3002\u751f\u5f92\u306e\u5f79\u5272\u306f\u3001\u6280\u3092\u7406\u89e3\u3059\u308b\u305f\u3081\u306b\u305d\u306e\u6280\u3092\u62ab\u9732\u3059\u308b\u3053\u3068\u3067\u3042\u308a\u3001\u6559\u5e2b\u306e\u5f79\u5272\u306f\u3001\u751f\u5f92\u304c\u6280\u306e\u610f\u5473\u3068\u5fdc\u7528\u3092\u7406\u89e3\u3067\u304d\u308b\u3088\u3046\u306b\u6280\u3092\u62ab\u9732\u3067\u304d\u308b\u3088\u3046\u306b\u3059\u308b\u3053\u3068\u3067\u3042\u308b\u3002\u578b\u306f\u6d41\u6d3e\u306b\u3088\u3063\u3066\u5927\u304d\u304f\u7570\u306a\u308b\u3002\u3042\u308b\u6d41\u6d3e\u3067\u306f1\u3064\u306e\u578b\u304c\u3044\u304f\u3064\u304b\u306e\u6280\u3067\u69cb\u6210\u3055\u308c\u3066\u3044\u308b\u304c\u3001\u3042\u308b\u6d41\u6d3e\u3067\u306f1\u3064\u306e\u578b\u304c\u5341\u6570\u304b\u3089\u6570\u5341\u306e\u6280\u306e\u9023\u7d9a\u3067\u69cb\u6210\u3055\u308c\u3066\u3044\u308b\u3053\u3068\u3082\u3042\u308b\u3002<\/p>\t\t\t\t\t\t\t\t<\/div>\n\t\t\t\t<\/div>\n\t\t\t\t<div class=\"elementor-element elementor-element-044e1f9 elementor-widget elementor-widget-heading\" data-id=\"044e1f9\" data-element_type=\"widget\" data-e-type=\"widget\" data-widget_type=\"heading.default\">\n\t\t\t\t<div class=\"elementor-widget-container\">\n\t\t\t\t\t<h2 class=\"elementor-heading-title elementor-size-default\">\u9999\u53d6\u795e\u9053\u6d41\u306e\u5263\u8853\n<\/h2>\t\t\t\t<\/div>\n\t\t\t\t<\/div>\n\t\t\t\t<div class=\"elementor-element elementor-element-0b4a56b elementor-widget elementor-widget-image\" data-id=\"0b4a56b\" data-element_type=\"widget\" data-e-type=\"widget\" data-widget_type=\"image.default\">\n\t\t\t\t<div class=\"elementor-widget-container\">\n\t\t\t\t\t\t\t\t\t\t\t\t\t\t\t<img decoding=\"async\" width=\"271\" height=\"551\" src=\"https:\/\/katorishintoryu.pl\/wp-content\/uploads\/katori-shinto-ryu.png\" class=\"attachment-large size-large wp-image-3519\" alt=\"\" loading=\"lazy\" srcset=\"https:\/\/katorishintoryu.pl\/wp-content\/uploads\/katori-shinto-ryu.png 271w, https:\/\/katorishintoryu.pl\/wp-content\/uploads\/katori-shinto-ryu-148x300.png 148w\" sizes=\"auto, (max-width: 271px) 100vw, 271px\" \/>\t\t\t\t\t\t\t\t\t\t\t\t\t\t\t<\/div>\n\t\t\t\t<\/div>\n\t\t\t\t<div class=\"elementor-element elementor-element-1b84ed6 elementor-widget elementor-widget-text-editor\" data-id=\"1b84ed6\" data-element_type=\"widget\" data-e-type=\"widget\" data-widget_type=\"text-editor.default\">\n\t\t\t\t<div class=\"elementor-widget-container\">\n\t\t\t\t\t\t\t\t\t<p>\u9999\u53d6\u795e\u5200\u6d41\u306e\u6280\u306f\u3001\u6226\u5834\u3067\u306e\u7dcf\u529b\u6226\u3092\u60f3\u5b9a\u3057\u3066\u3044\u308b\u3002\u5e83\u304f\u5b89\u5b9a\u3057\u305f\u69cb\u3048\u306f\u3001\u51f9\u51f8\u306e\u3042\u308b\u5730\u5f62\u3067\u3082\u81ea\u4fe1\u3092\u6301\u3063\u3066\u79fb\u52d5\u3067\u304d\u3001\u5341\u5206\u306a\u65ac\u308c\u5473\u3092\u51fa\u3059\u305f\u3081\u3067\u3042\u308b\u3002\u30b9\u30dd\u30fc\u30c4\u683c\u95d8\u6280\u3068\u306f\u7570\u306a\u308a\u3001\u653b\u6483\u306e\u5bfe\u8c61\u306f\u93a7\u306b\u8986\u308f\u308c\u3066\u3044\u306a\u3044\u90e8\u5206\uff08\u93a7\u306e\u9699\u9593\u3001\u3044\u308f\u3086\u308b\u30b9\u30ad\uff09\u3067\u3042\u308b\u3002<\/p><p>\u5929\u771f\u6b63\u4f1d\u9999\u53d6\u795e\u5200\u6d41\u306e\u5b66\u3073\u306f\u578b\u5263\u8853\u304b\u3089\u59cb\u307e\u308b\u3002\u3053\u308c\u3089\u306f\u6d41\u6d3e\u306e\u7d76\u5bfe\u7684\u306a\u57fa\u790e\u3067\u3042\u308a\u3001\u305d\u306e\u4e0a\u306b\u4ed6\u306e\u6b66\u5668\u306e\u3055\u3089\u306a\u308b\u7814\u7a76\u304c\u7a4d\u307f\u91cd\u306d\u3089\u308c\u3066\u3044\u304f\u3002\u3053\u306e\u6d41\u6d3e\u306e\u30d7\u30ed\u30b0\u30e9\u30e0\u306b\u306f4\u3064\u306e\u57fa\u672c\u578b\u5263\u8853\u304c\u3042\u308a\u3001\u305d\u308c\u305e\u308c12\u7a2e\u985e\u306e\u6280\u304b\u3089\u69cb\u6210\u3055\u308c\u3066\u3044\u308b\u3002\u521d\u5fc3\u8005\u306f\u307e\u305a\u30014\u3064\u306e\u578b\u306e\u751f\u5f92\u5074\u3092\u9806\u756a\u306b\u5b66\u3073\u3001\u305d\u306e\u5f8c\u3001\u4ed6\u306e\u6b66\u5668\u3068\u4e0a\u8a18\u306e\u578b\u5263\u8853\u306e\u5e2b\u7bc4\u5074\u3092\u5b66\u3076\u3002\u307e\u305f\u30015\u3064\u306e\u4e0a\u7d1a\u578b\u30683\u3064\u306e\u79d8\u4f1d\u578b\u5263\u8853\u3082\u6559\u3048\u3066\u3044\u308b\u3002<\/p>\t\t\t\t\t\t\t\t<\/div>\n\t\t\t\t<\/div>\n\t\t\t\t\t<\/div>\n\t\t\t\t<\/div>\n\t\t\t\t<\/div>","protected":false},"excerpt":{"rendered":"<p>Historycznie, jest ona jedn\u0105 z najwa\u017cniejszych sztuk walki uprawianych w Japonii. Polega ona na nauce pos\u0142ugiwania si\u0119 mieczem i wywodzi si\u0119 z okolic XV wieku. Mimo \u017ce wcze\u015bniej miecz mia\u0142 du\u017ce znaczenie to broni\u0105&nbsp; preferowan\u0105 na polu bitwy by\u0142y \u0142uk i w\u0142\u00f3cznia. Dopiero w okresie rozbicia dzielnicowego miecz zyska\u0142 na znaczeniu, gdy\u017c doceniono jego uniwersalno\u015b\u0107 i fakt, i\u017c by\u0142 on praktycznie zawsze przy boku samuraja tak\u017ce wewn\u0105trz pomieszcze\u0144. Pocz\u0105tkowo kenjutsu obejmowa\u0142o wszystkie aspekty pos\u0142ugiwania si\u0119 mieczem, jednak\u017ce z czasem z g\u0142\u00f3wnego nurtu wyodr\u0119bni\u0142a si\u0119 sztuka dobywania miecza zwana \u201eiaijutsu\u201d. Od tej pory termin kenjutsu dotyczy\u0142 technik u\u017cywania ju\u017c dobytego miecza. Kenjutsu by\u0142o szeroko uprawian\u0105 sztuk\u0105 w bardzo wielu szko\u0142ach wojennych [&hellip;]<\/p>\n","protected":false},"author":5,"featured_media":820,"parent":0,"menu_order":22,"comment_status":"closed","ping_status":"closed","template":"","meta":{"_acf_changed":false,"site-sidebar-layout":"default","site-content-layout":"default","ast-site-content-layout":"default","site-content-style":"default","site-sidebar-style":"default","ast-global-header-display":"","ast-banner-title-visibility":"","ast-main-header-display":"","ast-hfb-above-header-display":"","ast-hfb-below-header-display":"","ast-hfb-mobile-header-display":"","site-post-title":"","ast-breadcrumbs-content":"","ast-featured-img":"","footer-sml-layout":"","ast-disable-related-posts":"","theme-transparent-header-meta":"default","adv-header-id-meta":"","stick-header-meta":"","header-above-stick-meta":"","header-main-stick-meta":"","header-below-stick-meta":"","astra-migrate-meta-layouts":"set","ast-page-background-enabled":"default","ast-page-background-meta":{"desktop":{"background-color":"var(--ast-global-color-4)","background-image":"","background-repeat":"repeat","background-position":"center center","background-size":"auto","background-attachment":"scroll","background-type":"","background-media":"","overlay-type":"","overlay-color":"","overlay-opacity":"","overlay-gradient":""},"tablet":{"background-color":"","background-image":"","background-repeat":"repeat","background-position":"center center","background-size":"auto","background-attachment":"scroll","background-type":"","background-media":"","overlay-type":"","overlay-color":"","overlay-opacity":"","overlay-gradient":""},"mobile":{"background-color":"","background-image":"","background-repeat":"repeat","background-position":"center center","background-size":"auto","background-attachment":"scroll","background-type":"","background-media":"","overlay-type":"","overlay-color":"","overlay-opacity":"","overlay-gradient":""}},"ast-content-background-meta":{"desktop":{"background-color":"var(--ast-global-color-5)","background-image":"","background-repeat":"repeat","background-position":"center center","background-size":"auto","background-attachment":"scroll","background-type":"","background-media":"","overlay-type":"","overlay-color":"","overlay-opacity":"","overlay-gradient":""},"tablet":{"background-color":"var(--ast-global-color-5)","background-image":"","background-repeat":"repeat","background-position":"center center","background-size":"auto","background-attachment":"scroll","background-type":"","background-media":"","overlay-type":"","overlay-color":"","overlay-opacity":"","overlay-gradient":""},"mobile":{"background-color":"var(--ast-global-color-5)","background-image":"","background-repeat":"repeat","background-position":"center center","background-size":"auto","background-attachment":"scroll","background-type":"","background-media":"","overlay-type":"","overlay-color":"","overlay-opacity":"","overlay-gradient":""}}},"class_list":["post-48","page","type-page","status-publish","has-post-thumbnail","hentry"],"acf":[],"publishpress_future_workflow_manual_trigger":{"enabledWorkflows":[]},"_links":{"self":[{"href":"https:\/\/katorishintoryu.pl\/ja\/wp-json\/wp\/v2\/pages\/48","targetHints":{"allow":["GET"]}}],"collection":[{"href":"https:\/\/katorishintoryu.pl\/ja\/wp-json\/wp\/v2\/pages"}],"about":[{"href":"https:\/\/katorishintoryu.pl\/ja\/wp-json\/wp\/v2\/types\/page"}],"author":[{"embeddable":true,"href":"https:\/\/katorishintoryu.pl\/ja\/wp-json\/wp\/v2\/users\/5"}],"replies":[{"embeddable":true,"href":"https:\/\/katorishintoryu.pl\/ja\/wp-json\/wp\/v2\/comments?post=48"}],"version-history":[{"count":78,"href":"https:\/\/katorishintoryu.pl\/ja\/wp-json\/wp\/v2\/pages\/48\/revisions"}],"predecessor-version":[{"id":15995,"href":"https:\/\/katorishintoryu.pl\/ja\/wp-json\/wp\/v2\/pages\/48\/revisions\/15995"}],"wp:featuredmedia":[{"embeddable":true,"href":"https:\/\/katorishintoryu.pl\/ja\/wp-json\/wp\/v2\/media\/820"}],"wp:attachment":[{"href":"https:\/\/katorishintoryu.pl\/ja\/wp-json\/wp\/v2\/media?parent=48"}],"curies":[{"name":"wp","href":"https:\/\/api.w.org\/{rel}","templated":true}]}}