{"id":501,"date":"2019-05-05T15:30:09","date_gmt":"2019-05-05T15:30:09","guid":{"rendered":"https:\/\/katorishintoryu.pl\/?page_id=501"},"modified":"2023-12-21T17:41:45","modified_gmt":"2023-12-21T16:41:45","slug":"%e3%83%ad%e3%83%89","status":"publish","type":"page","link":"https:\/\/katorishintoryu.pl\/ja\/rodo\/","title":{"rendered":"\u30ed\u30c9"},"content":{"rendered":"<div data-elementor-type=\"wp-page\" data-elementor-id=\"501\" class=\"elementor elementor-501\" data-elementor-post-type=\"page\">\n\t\t\t\t\t\t<section class=\"elementor-section elementor-top-section elementor-element elementor-element-7b7adf2 elementor-section-boxed elementor-section-height-default elementor-section-height-default\" data-id=\"7b7adf2\" data-element_type=\"section\" data-e-type=\"section\">\n\t\t\t\t\t\t<div class=\"elementor-container elementor-column-gap-default\">\n\t\t\t\t\t<div class=\"elementor-column elementor-col-100 elementor-top-column elementor-element elementor-element-5055cf00\" data-id=\"5055cf00\" data-element_type=\"column\" data-e-type=\"column\">\n\t\t\t<div class=\"elementor-widget-wrap elementor-element-populated\">\n\t\t\t\t\t\t<div class=\"elementor-element elementor-element-2f8af186 elementor-widget elementor-widget-text-editor\" data-id=\"2f8af186\" data-element_type=\"widget\" data-e-type=\"widget\" data-widget_type=\"text-editor.default\">\n\t\t\t\t<div class=\"elementor-widget-container\">\n\t\t\t\t\t\t\t\t\t<p>\u7b2c13\u6761\u306b\u57fa\u3065\u304f\u500b\u4eba\u30c7\u30fc\u30bf\u306e\u51e6\u7406\u306b\u95a2\u3059\u308b\u60c5\u5831\uff08\u4e00\u822c\u30c7\u30fc\u30bf\u4fdd\u8b77\u898f\u5247\u306b\u5f93\u3063\u3066\uff09<\/p><p>\u304a\u5ba2\u69d8\u306e\u500b\u4eba\u60c5\u5831\u306e\u7ba1\u7406\u8005\u306f\u3001ul. G\u0142ogowska 15\/3, 31-416 Krak\u00f3w (TAKE)\u306b\u767b\u9332\u4e8b\u52d9\u6240\u3092\u7f6e\u304fTAKE\u5354\u4f1a\u3067\u3059\u3002<\/p><p>Z TAKE mo\u017cna si\u0119 skontaktowa\u0107 poprzez adres e-mail: katori.poland@gmail.com<br \/>\u304a\u5ba2\u69d8\u306e\u500b\u4eba\u60c5\u5831\u306f\u3001\u4ee5\u4e0b\u306e\u76ee\u7684\u306e\u305f\u3081\u306bTAKE\u306b\u3088\u3063\u3066\u51e6\u7406\u3055\u308c\u307e\u3059\uff1a<br \/>- \u683c\u95d8\u6280\u306e\u30c8\u30ec\u30fc\u30cb\u30f3\u30b0\u304a\u3088\u3073\u30bb\u30df\u30ca\u30fc\u306e\u63d0\u4f9b - \u7b2c6\u67611\u9805\uff08a\uff09\u306b\u57fa\u3065\u304f<br \/>- \u7b2c6\u67611\u9805\uff08a\uff09\u304a\u3088\u3073\u7b2c9\u67612\u9805\uff08d\uff09\u306b\u57fa\u3065\u304d\u3001TAKE\u5354\u4f1a\u306e\u6d3b\u52d5\u3092\u9042\u884c\u3059\u308b\u3053\u3068\u3002<\/p><p>\u304a\u5ba2\u69d8\u306e\u500b\u4eba\u60c5\u5831\u306f\u3001\u4e0a\u8a18\u306e\u76ee\u7684\u306e\u305f\u3081\u306b\u5fc5\u8981\u306a\u671f\u9593\u3001TAKE\u306b\u3088\u3063\u3066\u53d6\u308a\u6271\u308f\u308c\u307e\u3059\u3002<br \/>- \u6b66\u9053\u306e\u30c8\u30ec\u30fc\u30cb\u30f3\u30b0\u3084\u30bb\u30df\u30ca\u30fc\u3092\u884c\u3046 - \u30c8\u30ec\u30fc\u30cb\u30f3\u30b0\u3084\u30bb\u30df\u30ca\u30fc\u306b\u53c2\u52a0\u3057\u306a\u304f\u306a\u308b\u307e\u3067\u3001<br \/>- TAKE\u5354\u4f1a\u306e\u6d3b\u52d5\u3092\u9042\u884c\u3059\u308b\u305f\u3081 - \u6cd5\u4ee4\u306b\u57fa\u3065\u304f\u30c7\u30fc\u30bf\u4fdd\u6301\u7fa9\u52d9\u304c\u7d42\u4e86\u3059\u308b\u307e\u3067\u3002<\/p><p>TAKE\u306f\u3001\u304a\u5ba2\u69d8\u306e\u500b\u4eba\u60c5\u5831\u3092\u304a\u9810\u304b\u308a\u3059\u308b\u3053\u3068\u304c\u3042\u308a\u307e\u3059\uff1a<br \/>- TAKE\u306e\u6d3b\u52d5\u3092\u652f\u63f4\u3059\u308bIT\u30b5\u30fc\u30d3\u30b9\u306e\u30d7\u30ed\u30d0\u30a4\u30c0\u30fc\u3001<\/p><p>\u304a\u5ba2\u69d8\u306f\u3001\u3054\u81ea\u8eab\u306e\u30c7\u30fc\u30bf\u306e\u5185\u5bb9\u306b\u30a2\u30af\u30bb\u30b9\u3059\u308b\u6a29\u5229\u3001\u4fee\u6b63\u3001\u6d88\u53bb\u3001\u51e6\u7406\u306e\u5236\u9650\u3001\u30c7\u30fc\u30bf\u30dd\u30fc\u30bf\u30d3\u30ea\u30c6\u30a3\u306e\u6a29\u5229\u3001\u7570\u8b70\u3092\u7533\u3057\u7acb\u3066\u308b\u6a29\u5229\u3001\u540c\u610f\u3092\u64a4\u56de\u3059\u308b\u6a29\u5229\u3092\u6709\u3057\u307e\u3059\u304c\u3001\u64a4\u56de\u524d\u306e\u540c\u610f\u306b\u57fa\u3065\u3044\u3066\u5b9f\u65bd\u3055\u308c\u305f\u51e6\u7406\u306e\u5408\u6cd5\u6027\u306b\u306f\u5f71\u97ff\u3057\u307e\u305b\u3093\uff1b<\/p><p>\u307e\u305f\u3001\u30c7\u30fc\u30bf\u4fdd\u8b77\u76e3\u7763\u6a5f\u95a2\u306b\u82e6\u60c5\u3092\u7533\u3057\u7acb\u3066\u308b\u6a29\u5229\u3082\u3042\u308a\u307e\u3059\u3002<\/p><p>\u30c7\u30fc\u30bf\u306e\u63d0\u4f9b\u306f\u4efb\u610f\u3067\u3059\u3002\u3054\u63d0\u4f9b\u3044\u305f\u3060\u3051\u306a\u3044\u5834\u5408\u306f\u3001TAKE\u306e\u30c8\u30ec\u30fc\u30cb\u30f3\u30b0\u3084\u6d3b\u52d5\u306b\u3054\u53c2\u52a0\u3044\u305f\u3060\u3051\u307e\u305b\u3093\u3002<\/p>\t\t\t\t\t\t\t\t<\/div>\n\t\t\t\t<\/div>\n\t\t\t\t\t<\/div>\n\t\t<\/div>\n\t\t\t\t\t<\/div>\n\t\t<\/section>\n\t\t\t\t<\/div>","protected":false},"excerpt":{"rendered":"<p>Informacja o przetwarzaniu danych osobowych zgodnie z art. 13 (zgodnie z Og\u00f3lnym rozporz\u0105dzeniem o ochronie danych) Administratorem twoich danych osobowych jest Stowarzyszenie TAKE z siedzib\u0105 przy ul. G\u0142ogowskiej 15\/3, 31-416 Krak\u00f3w (TAKE). Z TAKE mo\u017cna si\u0119 skontaktowa\u0107 poprzez adres e-mail: katori.poland@gmail.comTwoje dane b\u0119d\u0105 przetwarzane przez TAKE w celach:\u2013 prowadzenie trening\u00f3w i seminari\u00f3w sztuk walki \u2013 na podstawie art. 6 ust. 1 pkt a\u2013 \u200e\u200eprowadzenia dzia\u0142alno\u015bci Stowarzyszenia TAKE \u2013 na podstawie art. 6 ust. 1 pkt a oraz art. 9 ust. 2 pkt d Twoje dane osobowe b\u0119d\u0105 przetwarzane przez TAKE przez okres niezb\u0119dnych do realizacji powy\u017cszych cel\u00f3w\u2013 prowadzenia trening\u00f3w i seminari\u00f3w sztuk walki \u2013 do czasu zaprzestania udzia\u0142u w treningach [&hellip;]<\/p>\n","protected":false},"author":1,"featured_media":0,"parent":0,"menu_order":31,"comment_status":"closed","ping_status":"closed","template":"","meta":{"_acf_changed":false,"site-sidebar-layout":"default","site-content-layout":"default","ast-site-content-layout":"default","site-content-style":"default","site-sidebar-style":"default","ast-global-header-display":"","ast-banner-title-visibility":"","ast-main-header-display":"","ast-hfb-above-header-display":"","ast-hfb-below-header-display":"","ast-hfb-mobile-header-display":"","site-post-title":"","ast-breadcrumbs-content":"","ast-featured-img":"","footer-sml-layout":"","ast-disable-related-posts":"","theme-transparent-header-meta":"default","adv-header-id-meta":"","stick-header-meta":"","header-above-stick-meta":"","header-main-stick-meta":"","header-below-stick-meta":"","astra-migrate-meta-layouts":"default","ast-page-background-enabled":"default","ast-page-background-meta":{"desktop":{"background-color":"var(--ast-global-color-4)","background-image":"","background-repeat":"repeat","background-position":"center center","background-size":"auto","background-attachment":"scroll","background-type":"","background-media":"","overlay-type":"","overlay-color":"","overlay-opacity":"","overlay-gradient":""},"tablet":{"background-color":"","background-image":"","background-repeat":"repeat","background-position":"center center","background-size":"auto","background-attachment":"scroll","background-type":"","background-media":"","overlay-type":"","overlay-color":"","overlay-opacity":"","overlay-gradient":""},"mobile":{"background-color":"","background-image":"","background-repeat":"repeat","background-position":"center center","background-size":"auto","background-attachment":"scroll","background-type":"","background-media":"","overlay-type":"","overlay-color":"","overlay-opacity":"","overlay-gradient":""}},"ast-content-background-meta":{"desktop":{"background-color":"var(--ast-global-color-5)","background-image":"","background-repeat":"repeat","background-position":"center center","background-size":"auto","background-attachment":"scroll","background-type":"","background-media":"","overlay-type":"","overlay-color":"","overlay-opacity":"","overlay-gradient":""},"tablet":{"background-color":"var(--ast-global-color-5)","background-image":"","background-repeat":"repeat","background-position":"center center","background-size":"auto","background-attachment":"scroll","background-type":"","background-media":"","overlay-type":"","overlay-color":"","overlay-opacity":"","overlay-gradient":""},"mobile":{"background-color":"var(--ast-global-color-5)","background-image":"","background-repeat":"repeat","background-position":"center center","background-size":"auto","background-attachment":"scroll","background-type":"","background-media":"","overlay-type":"","overlay-color":"","overlay-opacity":"","overlay-gradient":""}}},"class_list":["post-501","page","type-page","status-publish","hentry"],"acf":[],"publishpress_future_workflow_manual_trigger":{"enabledWorkflows":[]},"_links":{"self":[{"href":"https:\/\/katorishintoryu.pl\/ja\/wp-json\/wp\/v2\/pages\/501","targetHints":{"allow":["GET"]}}],"collection":[{"href":"https:\/\/katorishintoryu.pl\/ja\/wp-json\/wp\/v2\/pages"}],"about":[{"href":"https:\/\/katorishintoryu.pl\/ja\/wp-json\/wp\/v2\/types\/page"}],"author":[{"embeddable":true,"href":"https:\/\/katorishintoryu.pl\/ja\/wp-json\/wp\/v2\/users\/1"}],"replies":[{"embeddable":true,"href":"https:\/\/katorishintoryu.pl\/ja\/wp-json\/wp\/v2\/comments?post=501"}],"version-history":[{"count":19,"href":"https:\/\/katorishintoryu.pl\/ja\/wp-json\/wp\/v2\/pages\/501\/revisions"}],"predecessor-version":[{"id":13237,"href":"https:\/\/katorishintoryu.pl\/ja\/wp-json\/wp\/v2\/pages\/501\/revisions\/13237"}],"wp:attachment":[{"href":"https:\/\/katorishintoryu.pl\/ja\/wp-json\/wp\/v2\/media?parent=501"}],"curies":[{"name":"wp","href":"https:\/\/api.w.org\/{rel}","templated":true}]}}