{"id":1171,"date":"2019-07-11T19:35:09","date_gmt":"2019-07-11T17:35:09","guid":{"rendered":"https:\/\/katorishintoryu.pl\/?page_id=1171"},"modified":"2025-07-10T21:01:46","modified_gmt":"2025-07-10T19:01:46","slug":"%d0%b5%d1%82%d0%b8%d0%ba%d0%b5%d1%82%d0%ba%d0%b0-%d0%b4%d0%be%d0%b4%d0%b7%d1%8c%d0%be","status":"publish","type":"page","link":"https:\/\/katorishintoryu.pl\/uk\/etykieta-dojo-take\/","title":{"rendered":"\u0415\u0442\u0438\u043a\u0435\u0442\u043a\u0430 D\u014dj\u014d TAKE"},"content":{"rendered":"<div data-elementor-type=\"wp-post\" data-elementor-id=\"1171\" class=\"elementor elementor-1171\" data-elementor-post-type=\"page\">\n\t\t\t\t\t\t<section class=\"elementor-section elementor-top-section elementor-element elementor-element-063528a elementor-section-boxed elementor-section-height-default elementor-section-height-default\" data-id=\"063528a\" data-element_type=\"section\" data-e-type=\"section\">\n\t\t\t\t\t\t<div class=\"elementor-container elementor-column-gap-default\">\n\t\t\t\t\t<div class=\"elementor-column elementor-col-100 elementor-top-column elementor-element elementor-element-e99a075\" data-id=\"e99a075\" data-element_type=\"column\" data-e-type=\"column\">\n\t\t\t<div class=\"elementor-widget-wrap elementor-element-populated\">\n\t\t\t\t\t\t<div class=\"elementor-element elementor-element-ba3e0be elementor-widget elementor-widget-text-editor\" data-id=\"ba3e0be\" data-element_type=\"widget\" data-e-type=\"widget\" data-widget_type=\"text-editor.default\">\n\t\t\t\t<div class=\"elementor-widget-container\">\n\t\t\t\t\t\t\t\t\t<p>\u0423 D\u014dj\u014d TAKE \u0456\u0441\u043d\u0443\u0454 \u0435\u0442\u0438\u043a\u0435\u0442, \u044f\u043a\u0438\u0439 \u0434\u043e\u043f\u043e\u043c\u043e\u0436\u0435 \u0432\u0430\u043c \u043e\u0440\u0456\u0454\u043d\u0442\u0443\u0432\u0430\u0442\u0438\u0441\u044f \u0432 \u0433\u0440\u0443\u043f\u0456 \u0442\u0430 \u043f\u0435\u0440\u0435\u0441\u0443\u0432\u0430\u0442\u0438\u0441\u044f \u043f\u043e \u043a\u0456\u043c\u043d\u0430\u0442\u0456:<\/p><ol><li><b>\u0412\u0445\u0456\u0434 \u0434\u043e \u0434\u043e\u0434\u0437\u044c\u043e<\/b>: Przekraczamy pr\u00f3g lew\u0105 nog\u0105, a nast\u0119pnie k\u0142aniamy si\u0119 w stron\u0119 kamizy (miejsce honorowe za prowadz\u0105cym, wyznaczone kaligrafi\u0105 TSKSR). Wychodz\u0105c z d\u014dj\u014d najpierw k\u0142aniamy si\u0119 w stron\u0119 kamizy, a nast\u0119pnie przekraczamy pr\u00f3g praw\u0105 nog\u0105.<br \/><br \/><\/li><li><b>\u041c\u0456\u0441\u0446\u0435 \u0437\u0431\u043e\u0440\u0443<\/b>:\u00a0Podczas ustawiania si\u0119 do treningu, uczniowie staj\u0105 w rz\u0119dzie frontem do kamizy. Osoba najbardziej zaawansowana zajmuje miejsce po prawej stronie. Pozostali ustawiaj\u0105 si\u0119 w kolejno\u015bci stopni: wy\u017csze stopnie bli\u017cej prawej, a ni\u017csze bli\u017cej lewej strony. W przypadku uczni\u00f3w o takim samym stopniu, o kolejno\u015bci decyduje najpierw data uzyskania stopnia, a nast\u0119pnie sta\u017c praktyki. Po ustawieniu si\u0119 wszyscy przyjmuj\u0105 pozycj\u0119 seiza (kl\u0119cz\u0105c\u0105), dbaj\u0105c o to, by linia by\u0142a r\u00f3wna. Miecz lub bokken k\u0142adziemy przed sob\u0105, ostrzem skierowanym w swoj\u0105 stron\u0119. Ko\u0144c\u00f3wka r\u0119koje\u015bci (kashira) powinna znajdowa\u0107 si\u0119 blisko kolan, ale nie wystawa\u0107 przed ich lini\u0119.<br \/><br \/><\/li><li><b>\u041f\u043e\u043a\u043b\u043e\u043d\u0438.<\/b>: \u041f\u0440\u0438 \u0432\u0445\u043e\u0434\u0456 \u0432 \u0434\u043e\u0434\u0437\u044c\u043e \u043c\u0438 \u043f\u0440\u043e\u0441\u0438\u043c\u043e \u043f\u0440\u043e \u0433\u0430\u0440\u043d\u0435 \u0442\u0440\u0435\u043d\u0443\u0432\u0430\u043d\u043d\u044f, \u0430 \u043f\u0440\u0438 \u0432\u0438\u0445\u043e\u0434\u0456 \u0434\u044f\u043a\u0443\u0454\u043c\u043e \u0437\u0430 \u043d\u044c\u043e\u0433\u043e. \u041f\u0440\u0438 \u0437\u0443\u0441\u0442\u0440\u0456\u0447\u0456 \u043c\u0438 \u043a\u043b\u0430\u043d\u044f\u0454\u043c\u043e\u0441\u044f \u043e\u0434\u0438\u043d \u043e\u0434\u043d\u043e\u043c\u0443, \u0432\u0438\u044f\u0432\u043b\u044f\u044e\u0447\u0438 \u0432\u0437\u0430\u0454\u043c\u043d\u0443 \u043f\u043e\u0432\u0430\u0433\u0443. \u041f\u043e\u0447\u0438\u043d\u0430\u044e\u0447\u0438 \u0442\u0440\u0435\u043d\u0443\u0432\u0430\u043d\u043d\u044f \u0437 \u043f\u0430\u0440\u0442\u043d\u0435\u0440\u043e\u043c, \u043c\u0438 \u043f\u0440\u043e\u0441\u0438\u043c\u043e \u0433\u0430\u0440\u043d\u043e\u0433\u043e \u0442\u0440\u0435\u043d\u0443\u0432\u0430\u043d\u043d\u044f, \u0437\u0430\u043a\u0456\u043d\u0447\u0443\u044e\u0447\u0438 - \u0434\u044f\u043a\u0443\u0454\u043c\u043e \u0437\u0430 \u043d\u044c\u043e\u0433\u043e.<br \/><br \/><\/li><li><b>\u0417\u0430\u0442\u0440\u0438\u043c\u043a\u0438<\/b>: \u041c\u0438 \u043f\u0440\u0438\u0445\u043e\u0434\u0438\u043c\u043e \u043d\u0430 \u0437\u0430\u043d\u044f\u0442\u0442\u044f \u043f\u0443\u043d\u043a\u0442\u0443\u0430\u043b\u044c\u043d\u043e. \u042f\u043a\u0449\u043e \u0437\u0430\u043f\u0456\u0437\u043d\u044e\u0454\u043c\u043e\u0441\u044f \u043f\u0456\u0434 \u0447\u0430\u0441 \u0437\u0431\u043e\u0440\u0443 - \u043d\u0435 \u0437\u0430\u0445\u043e\u0434\u0438\u043c\u043e \u0432 \u0437\u0430\u043b, \u0430 \u0447\u0435\u043a\u0430\u0454\u043c\u043e \u0431\u0456\u043b\u044f \u0434\u0432\u0435\u0440\u0435\u0439. \u042f\u043a\u0449\u043e \u043c\u0438 \u043f\u0440\u0438\u0445\u043e\u0434\u0438\u043c\u043e \u043f\u0456\u0434 \u0447\u0430\u0441 \u0440\u043e\u0437\u043c\u0438\u043d\u043a\u0438 \u0430\u0431\u043e \u0442\u0440\u0435\u043d\u0443\u0432\u0430\u043d\u043d\u044f - \u043c\u0438 \u0437\u0430\u0445\u043e\u0434\u0438\u043c\u043e \u0432 \u0437\u0430\u043b, \u0441\u0456\u0434\u0430\u0454\u043c\u043e \u0432 \u0441\u0435\u0439\u0434\u0437\u0456 \u0431\u0456\u043b\u044f \u0441\u0442\u0456\u043d\u0438 \u0431\u043b\u0438\u0436\u0447\u0435 \u0434\u043e \u0434\u0432\u0435\u0440\u0435\u0439, \u0432\u0438\u043a\u043e\u043d\u0443\u0454\u043c\u043e \u0440\u0435\u0439\u0448\u0456\u043a\u0456 \u0456 \u0447\u0435\u043a\u0430\u0454\u043c\u043e, \u043f\u043e\u043a\u0438 \u0456\u043d\u0441\u0442\u0440\u0443\u043a\u0442\u043e\u0440 \u043d\u0435 \u0434\u0430\u0441\u0442\u044c \u0434\u043e\u0437\u0432\u0456\u043b \u043f\u0440\u0438\u0454\u0434\u043d\u0430\u0442\u0438\u0441\u044f \u0434\u043e \u0433\u0440\u0443\u043f\u0438 \u0430\u0431\u043e \u043d\u0435 \u0434\u0430\u0441\u0442\u044c \u0456\u043d\u0448\u0438\u0445 \u0456\u043d\u0441\u0442\u0440\u0443\u043a\u0446\u0456\u0439.<br \/><br \/><\/li><li><b>\u041d\u0430\u0432\u0447\u0430\u043b\u044c\u043d\u0430 \u043f\u0440\u043e\u0433\u0440\u0430\u043c\u0430<\/b>: \u042f\u043a\u0443 \u043a\u0430\u0442\u0430 \u043c\u0438 \u0432\u0438\u043a\u043e\u043d\u0443\u0454\u043c\u043e, \u0430 \u044f\u043a\u0443 \u0432\u0438\u0432\u0447\u0430\u0454\u043c\u043e, \u0432\u0438\u0440\u0456\u0448\u0443\u0454 \u0442\u043e\u0439, \u0445\u0442\u043e \u043f\u0440\u043e\u0432\u043e\u0434\u0438\u0442\u044c \u0442\u0440\u0435\u043d\u0443\u0432\u0430\u043d\u043d\u044f.<br \/><br \/><\/li><li><b>\u041f\u0440\u0430\u043a\u0442\u0438\u043a\u0430<\/b>: \u0412\u043e\u043d\u0430 \u043f\u043e\u0432\u0438\u043d\u043d\u0430 \u0431\u0443\u0442\u0438 \u043f\u043e\u0437\u0431\u0430\u0432\u043b\u0435\u043d\u0430 \u043a\u043e\u043d\u043a\u0443\u0440\u0435\u043d\u0446\u0456\u0457. \u041c\u0438 \u0442\u0440\u0435\u043d\u0443\u0454\u043c\u043e\u0441\u044f, \u0449\u043e\u0431 \u0434\u043e\u043f\u043e\u043c\u0430\u0433\u0430\u0442\u0438 \u0456\u043d\u0448\u0438\u043c.<br \/><br \/><\/li><li><b>\u0412\u0438\u043a\u043b\u0430\u0434\u0430\u043d\u043d\u044f<\/b>\u0412\u0438 \u043c\u043e\u0436\u0435\u0442\u0435 \u0432\u0438\u043a\u043b\u0430\u0434\u0430\u0442\u0438 \u041a\u0430\u0442\u043e\u0440\u0456 (\u0432 \u0442\u043e\u043c\u0443 \u0447\u0438\u0441\u043b\u0456 \u0434\u0430\u0432\u0430\u0442\u0438 \u0456\u043d\u0441\u0442\u0440\u0443\u043a\u0446\u0456\u0457, \u0434\u0435\u043c\u043e\u043d\u0441\u0442\u0440\u0443\u0432\u0430\u0442\u0438) \u0442\u0456\u043b\u044c\u043a\u0438 \u0437 \u0434\u043e\u0437\u0432\u043e\u043b\u0443 \u0432\u0430\u0448\u043e\u0433\u043e \u0432\u0447\u0438\u0442\u0435\u043b\u044f.<br \/><br \/><\/li><li><b>\u041e\u0434\u044f\u0433<\/b>: Odpowiednim strojem s\u0105 bia\u0142e d\u0142ugie spodnie, bia\u0142y pas obi, granatowe\/indygo keikogi z monem TAKE na plecach.<br \/>Osoby posiadaj\u0105ce 1. kyu mog\u0105 nosi\u0107 hakam\u0119. Osoby posiadaj\u0105ce 1. dan mog\u0105 nosi\u0107 czarny pas.<br \/><br \/><\/li><li><b>\u0417\u0431\u0440\u043e\u044f.<\/b>\u041d\u0430 \u0437\u0430\u043d\u044f\u0442\u0442\u044f\u0445 \u043c\u0438 \u0432\u0438\u043a\u043e\u0440\u0438\u0441\u0442\u043e\u0432\u0443\u0454\u043c\u043e \u043d\u0430\u0432\u0447\u0430\u043b\u044c\u043d\u0443 \u0437\u0431\u0440\u043e\u044e (\u0431\u043e\u043a\u043a\u0435\u043d, \u0431\u043e, \u043d\u0430\u0433\u0456\u043d\u0430\u0442\u0430, \u044f\u0440\u0456, \u043a\u043e\u0434\u0430\u0447\u0456), \u044f\u043a\u0430 \u043f\u043e\u0432\u0438\u043d\u043d\u0430 \u0431\u0443\u0442\u0438 \u0432 \u0445\u043e\u0440\u043e\u0448\u043e\u043c\u0443 \u0441\u0442\u0430\u043d\u0456 \u0442\u0430 \u0432\u0438\u0433\u043e\u0442\u043e\u0432\u043b\u0435\u043d\u0430 \u0437 \u043d\u0430\u0442\u0443\u0440\u0430\u043b\u044c\u043d\u043e\u0433\u043e \u0434\u0435\u0440\u0435\u0432\u0430 (\u043d\u0435 \u043f\u043e\u0444\u0430\u0440\u0431\u043e\u0432\u0430\u043d\u0430 \u0432 \u0447\u043e\u0440\u043d\u0438\u0439 \u043a\u043e\u043b\u0456\u0440). \u041d\u0435\u0432\u0438\u043a\u043e\u0440\u0438\u0441\u0442\u0430\u043d\u0443 \u0437\u0431\u0440\u043e\u044e \u043c\u0438 \u043f\u0440\u0438\u0431\u0438\u0440\u0430\u0454\u043c\u043e \u0443 \u0432\u0456\u0434\u043f\u043e\u0432\u0456\u0434\u043d\u0435 \u043c\u0456\u0441\u0446\u0435.<br \/><br \/><\/li><li><b>\u0414\u0443\u0435\u043b\u0456<\/b>: \u0423 \u0434\u043e\u0434\u0437\u044c\u043e \u0456\u0441\u043d\u0443\u0454 \u043f\u043e\u0432\u043d\u0430 \u0437\u0430\u0431\u043e\u0440\u043e\u043d\u0430 \u043d\u0430 \u0434\u0443\u0435\u043b\u0456.<\/li><\/ol>\t\t\t\t\t\t\t\t<\/div>\n\t\t\t\t<\/div>\n\t\t\t\t\t<\/div>\n\t\t<\/div>\n\t\t\t\t\t<\/div>\n\t\t<\/section>\n\t\t\t\t<\/div>","protected":false},"excerpt":{"rendered":"<p>W D\u014dj\u014d TAKE obowi\u0105zuje etykieta, kt\u00f3ra pomo\u017ce wam odnale\u017a\u0107 si\u0119 grupie i porusza\u0107 po sali: Wej\u015bcie do d\u014dj\u014d: Przekraczamy pr\u00f3g lew\u0105 nog\u0105, a nast\u0119pnie k\u0142aniamy si\u0119 w stron\u0119 kamizy (miejsce honorowe za prowadz\u0105cym, wyznaczone kaligrafi\u0105 TSKSR). Wychodz\u0105c z d\u014dj\u014d najpierw k\u0142aniamy si\u0119 w stron\u0119 kamizy, a nast\u0119pnie przekraczamy pr\u00f3g praw\u0105 nog\u0105. Miejsce na zbi\u00f3rce:\u00a0Podczas ustawiania [&hellip;]<\/p>\n","protected":false},"author":1,"featured_media":1173,"parent":0,"menu_order":18,"comment_status":"closed","ping_status":"closed","template":"","meta":{"_acf_changed":false,"site-sidebar-layout":"default","site-content-layout":"default","ast-site-content-layout":"default","site-content-style":"default","site-sidebar-style":"default","ast-global-header-display":"","ast-banner-title-visibility":"","ast-main-header-display":"","ast-hfb-above-header-display":"","ast-hfb-below-header-display":"","ast-hfb-mobile-header-display":"","site-post-title":"","ast-breadcrumbs-content":"","ast-featured-img":"","footer-sml-layout":"","ast-disable-related-posts":"","theme-transparent-header-meta":"default","adv-header-id-meta":"","stick-header-meta":"","header-above-stick-meta":"","header-main-stick-meta":"","header-below-stick-meta":"","astra-migrate-meta-layouts":"set","ast-page-background-enabled":"default","ast-page-background-meta":{"desktop":{"background-color":"var(--ast-global-color-4)","background-image":"","background-repeat":"repeat","background-position":"center center","background-size":"auto","background-attachment":"scroll","background-type":"","background-media":"","overlay-type":"","overlay-color":"","overlay-opacity":"","overlay-gradient":""},"tablet":{"background-color":"","background-image":"","background-repeat":"repeat","background-position":"center center","background-size":"auto","background-attachment":"scroll","background-type":"","background-media":"","overlay-type":"","overlay-color":"","overlay-opacity":"","overlay-gradient":""},"mobile":{"background-color":"","background-image":"","background-repeat":"repeat","background-position":"center center","background-size":"auto","background-attachment":"scroll","background-type":"","background-media":"","overlay-type":"","overlay-color":"","overlay-opacity":"","overlay-gradient":""}},"ast-content-background-meta":{"desktop":{"background-color":"var(--ast-global-color-5)","background-image":"","background-repeat":"repeat","background-position":"center center","background-size":"auto","background-attachment":"scroll","background-type":"","background-media":"","overlay-type":"","overlay-color":"","overlay-opacity":"","overlay-gradient":""},"tablet":{"background-color":"var(--ast-global-color-5)","background-image":"","background-repeat":"repeat","background-position":"center center","background-size":"auto","background-attachment":"scroll","background-type":"","background-media":"","overlay-type":"","overlay-color":"","overlay-opacity":"","overlay-gradient":""},"mobile":{"background-color":"var(--ast-global-color-5)","background-image":"","background-repeat":"repeat","background-position":"center center","background-size":"auto","background-attachment":"scroll","background-type":"","background-media":"","overlay-type":"","overlay-color":"","overlay-opacity":"","overlay-gradient":""}}},"class_list":["post-1171","page","type-page","status-publish","has-post-thumbnail","hentry"],"acf":[],"publishpress_future_workflow_manual_trigger":{"enabledWorkflows":[]},"_links":{"self":[{"href":"https:\/\/katorishintoryu.pl\/uk\/wp-json\/wp\/v2\/pages\/1171","targetHints":{"allow":["GET"]}}],"collection":[{"href":"https:\/\/katorishintoryu.pl\/uk\/wp-json\/wp\/v2\/pages"}],"about":[{"href":"https:\/\/katorishintoryu.pl\/uk\/wp-json\/wp\/v2\/types\/page"}],"author":[{"embeddable":true,"href":"https:\/\/katorishintoryu.pl\/uk\/wp-json\/wp\/v2\/users\/1"}],"replies":[{"embeddable":true,"href":"https:\/\/katorishintoryu.pl\/uk\/wp-json\/wp\/v2\/comments?post=1171"}],"version-history":[{"count":203,"href":"https:\/\/katorishintoryu.pl\/uk\/wp-json\/wp\/v2\/pages\/1171\/revisions"}],"predecessor-version":[{"id":16188,"href":"https:\/\/katorishintoryu.pl\/uk\/wp-json\/wp\/v2\/pages\/1171\/revisions\/16188"}],"wp:featuredmedia":[{"embeddable":true,"href":"https:\/\/katorishintoryu.pl\/uk\/wp-json\/wp\/v2\/media\/1173"}],"wp:attachment":[{"href":"https:\/\/katorishintoryu.pl\/uk\/wp-json\/wp\/v2\/media?parent=1171"}],"curies":[{"name":"wp","href":"https:\/\/api.w.org\/{rel}","templated":true}]}}