{"id":14504,"date":"2024-08-27T18:20:04","date_gmt":"2024-08-27T16:20:04","guid":{"rendered":"https:\/\/katorishintoryu.pl\/?page_id=14504"},"modified":"2025-07-12T22:11:29","modified_gmt":"2025-07-12T20:11:29","slug":"krakow-al-powstania-warszawskiego-6","status":"publish","type":"page","link":"https:\/\/katorishintoryu.pl\/uk\/treningi\/krakow-al-powstania-warszawskiego-6\/","title":{"rendered":"\u041a\u0440\u0430\u043a\u0456\u0432, \u0432\u0443\u043b. \u041f\u043e\u0432\u0441\u0442\u0430\u043d\u043d\u044f \u0412\u0430\u0440\u0448\u0430\u0432\u0441\u044c\u043a\u043e\u0433\u043e 6"},"content":{"rendered":"<div data-elementor-type=\"wp-page\" data-elementor-id=\"14504\" class=\"elementor elementor-14504\" data-elementor-post-type=\"page\">\n\t\t\t\t<div class=\"elementor-element elementor-element-540b9e0 e-flex e-con-boxed e-con e-parent\" data-id=\"540b9e0\" data-element_type=\"container\" data-e-type=\"container\">\n\t\t\t\t\t<div class=\"e-con-inner\">\n\t\t\t\t<div class=\"elementor-element elementor-element-6c9cf06 elementor-widget elementor-widget-text-editor\" data-id=\"6c9cf06\" data-element_type=\"widget\" data-e-type=\"widget\" data-widget_type=\"text-editor.default\">\n\t\t\t\t<div class=\"elementor-widget-container\">\n\t\t\t\t\t\t\t\t\t<p>\u0412\u0432\u0435\u0434\u0456\u0442\u044c <b>\u0428\u043a\u0456\u043b\u044c\u043d\u0438\u0439 \u0441\u043f\u043e\u0440\u0442\u0438\u0432\u043d\u0438\u0439 \u0446\u0435\u043d\u0442\u0440 \u0456\u043c\u0435\u043d\u0456 \u0421\u0430\u0440\u0438\u0447\u0430 \u0421\u0435\u0440\u0435\u0433\u0443\u0432\u0430 \u0443 \u041a\u0440\u0430\u043a\u043e\u0432\u0456<\/b> \u0437 \u0413\u0436\u0435\u0433\u043e\u0436\u0435\u0446\u044c\u043a\u043e\u0457 \u043a\u0456\u043b\u044c\u0446\u0435\u0432\u043e\u0457 \u0440\u043e\u0437\u0432'\u044f\u0437\u043a\u0438. \u041d\u0430 <b>\u0414\u0440\u0443\u0433\u0430 \u043a\u0456\u043b\u044c\u0446\u0435\u0432\u0430 \u0434\u043e\u0440\u043e\u0433\u0430<\/b> \u0456 <b>\u0412\u0443\u043b\u0438\u0446\u044f \u041a\u0430\u0437\u0438\u043c\u0438\u0440\u0430 \u041a\u043e\u0440\u0434\u0438\u043b\u0435\u0432\u0441\u044c\u043a\u043e\u0433\u043e<\/b> \u0434\u043e\u0441\u0442\u0443\u043f\u043d\u0456 \u0433\u0440\u043e\u043c\u0430\u0434\u0441\u044c\u043a\u0456 \u0430\u0432\u0442\u043e\u0441\u0442\u043e\u044f\u043d\u043a\u0438.<\/p>\n<p>\u041f\u0456\u0441\u043b\u044f \u0432\u0445\u043e\u0434\u0443 \u0432 \u0431\u0443\u0434\u0456\u0432\u043b\u044e \u0441\u043f\u0443\u0441\u0442\u0438\u0442\u0438\u0441\u044f \u0441\u0445\u043e\u0434\u0430\u043c\u0438 \u0434\u043e \u043e\u0431\u043e\u0432'\u044f\u0437\u043a\u043e\u0432\u043e\u0433\u043e \u0433\u0430\u0440\u0434\u0435\u0440\u043e\u0431\u0443 (\u0434\u043b\u044f \u043a\u0443\u0440\u0442\u043e\u043a \u0456 \u0432\u0437\u0443\u0442\u0442\u044f). \u0414\u043b\u044f \u0446\u044c\u043e\u0433\u043e \u043d\u0435\u043e\u0431\u0445\u0456\u0434\u043d\u043e \u043c\u0430\u0442\u0438 \u043f\u0440\u0438 \u0441\u043e\u0431\u0456 \u043d\u0430\u0441\u0442\u0443\u043f\u043d\u0435 <b>\u0437\u0430\u043c\u0456\u043d\u0430 \u0432\u0437\u0443\u0442\u0442\u044f (\u043d\u0430\u043f\u0440\u0438\u043a\u043b\u0430\u0434, \u0448\u043b\u044c\u043e\u043f\u0430\u043d\u0446\u0456\u0432)<\/b>. \u041f\u043e\u0442\u0456\u043c \u0432\u0430\u043c \u0441\u043b\u0456\u0434 \u043f\u0456\u0434\u043d\u044f\u0442\u0438\u0441\u044f \u043d\u0430\u0441\u0442\u0443\u043f\u043d\u0438\u043c\u0438 \u0441\u0445\u043e\u0434\u0430\u043c\u0438 \u043d\u0430\u0437\u0430\u0434 \u043d\u0430\u0433\u043e\u0440\u0443 \u0456 \u0432\u0438\u0439\u0442\u0438 \u0432 \u043a\u043e\u0440\u0438\u0434\u043e\u0440, \u0449\u043e \u0432\u0435\u0434\u0435 \u0434\u043e \u0433\u0430\u0440\u0434\u0435\u0440\u043e\u0431\u0443 (<b>\u0427\u043e\u043b\u043e\u0432\u0456\u0447\u0438\u0439 - \u21164, \u0436\u0456\u043d\u043e\u0447\u0438\u0439 - \u21163<\/b>) \u0456 \u0433\u0456\u043c\u043d\u0430\u0437\u0456\u044f.<\/p>\t\t\t\t\t\t\t\t<\/div>\n\t\t\t\t<\/div>\n\t\t\t\t<div class=\"elementor-element elementor-element-621caf3 gallery-spacing-custom elementor-widget elementor-widget-image-gallery\" data-id=\"621caf3\" data-element_type=\"widget\" data-e-type=\"widget\" data-widget_type=\"image-gallery.default\">\n\t\t\t\t<div class=\"elementor-widget-container\">\n\t\t\t\t\t\t\t<div class=\"elementor-image-gallery\">\n\t\t\t<div id='gallery-1' class='gallery galleryid-14504 gallery-columns-3 gallery-size-large'><figure class='gallery-item'>\n\t\t\t<div class='gallery-icon landscape'>\n\t\t\t\t<a data-elementor-open-lightbox=\"yes\" data-elementor-lightbox-slideshow=\"621caf3\" data-e-action-hash=\"#elementor-action%3Aaction%3Dlightbox%26settings%3DeyJpZCI6MTQ3MzEsInVybCI6Imh0dHBzOlwvXC9rYXRvcmlzaGludG9yeXUucGxcL3dwLWNvbnRlbnRcL3VwbG9hZHNcL3Bvd3N0YW5pYS13YXJzemF3c2tpZWdvLXdlanNjaWUtc2NhbGVkLmpwZyIsInNsaWRlc2hvdyI6IjYyMWNhZjMifQ%3D%3D\" href='https:\/\/katorishintoryu.pl\/wp-content\/uploads\/powstania-warszawskiego-wejscie-scaled.jpg'><img loading=\"lazy\" width=\"1024\" height=\"768\" src=\"https:\/\/katorishintoryu.pl\/wp-content\/uploads\/powstania-warszawskiego-wejscie-1024x768.jpg\" class=\"attachment-large size-large\" alt=\"\" decoding=\"async\" srcset=\"https:\/\/katorishintoryu.pl\/wp-content\/uploads\/powstania-warszawskiego-wejscie-1024x768.jpg 1024w, https:\/\/katorishintoryu.pl\/wp-content\/uploads\/powstania-warszawskiego-wejscie-300x225.jpg 300w, https:\/\/katorishintoryu.pl\/wp-content\/uploads\/powstania-warszawskiego-wejscie-768x576.jpg 768w, https:\/\/katorishintoryu.pl\/wp-content\/uploads\/powstania-warszawskiego-wejscie-1536x1152.jpg 1536w, https:\/\/katorishintoryu.pl\/wp-content\/uploads\/powstania-warszawskiego-wejscie-2048x1536.jpg 2048w, https:\/\/katorishintoryu.pl\/wp-content\/uploads\/powstania-warszawskiego-wejscie-16x12.jpg 16w\" sizes=\"auto, (max-width: 1024px) 100vw, 1024px\" \/><\/a>\n\t\t\t<\/div><\/figure><figure class='gallery-item'>\n\t\t\t<div class='gallery-icon landscape'>\n\t\t\t\t<a data-elementor-open-lightbox=\"yes\" data-elementor-lightbox-slideshow=\"621caf3\" data-e-action-hash=\"#elementor-action%3Aaction%3Dlightbox%26settings%3DeyJpZCI6MTQ3MzIsInVybCI6Imh0dHBzOlwvXC9rYXRvcmlzaGludG9yeXUucGxcL3dwLWNvbnRlbnRcL3VwbG9hZHNcL3Bvd3N0YW5pYS13YXJzemF3c2tpZWdvLWhvbC1zY2FsZWQuanBnIiwic2xpZGVzaG93IjoiNjIxY2FmMyJ9\" href='https:\/\/katorishintoryu.pl\/wp-content\/uploads\/powstania-warszawskiego-hol-scaled.jpg'><img loading=\"lazy\" width=\"1024\" height=\"768\" src=\"https:\/\/katorishintoryu.pl\/wp-content\/uploads\/powstania-warszawskiego-hol-1024x768.jpg\" class=\"attachment-large size-large\" alt=\"\" decoding=\"async\" srcset=\"https:\/\/katorishintoryu.pl\/wp-content\/uploads\/powstania-warszawskiego-hol-1024x768.jpg 1024w, https:\/\/katorishintoryu.pl\/wp-content\/uploads\/powstania-warszawskiego-hol-300x225.jpg 300w, https:\/\/katorishintoryu.pl\/wp-content\/uploads\/powstania-warszawskiego-hol-768x576.jpg 768w, https:\/\/katorishintoryu.pl\/wp-content\/uploads\/powstania-warszawskiego-hol-1536x1152.jpg 1536w, https:\/\/katorishintoryu.pl\/wp-content\/uploads\/powstania-warszawskiego-hol-2048x1536.jpg 2048w, https:\/\/katorishintoryu.pl\/wp-content\/uploads\/powstania-warszawskiego-hol-16x12.jpg 16w\" sizes=\"auto, (max-width: 1024px) 100vw, 1024px\" \/><\/a>\n\t\t\t<\/div><\/figure><figure class='gallery-item'>\n\t\t\t<div class='gallery-icon landscape'>\n\t\t\t\t<a data-elementor-open-lightbox=\"yes\" data-elementor-lightbox-slideshow=\"621caf3\" data-e-action-hash=\"#elementor-action%3Aaction%3Dlightbox%26settings%3DeyJpZCI6MTQ3MzMsInVybCI6Imh0dHBzOlwvXC9rYXRvcmlzaGludG9yeXUucGxcL3dwLWNvbnRlbnRcL3VwbG9hZHNcL3Bvd3N0YW5pYS13YXJzemF3c2tpZWdvLXN6YXRuaWUtc2NhbGVkLmpwZyIsInNsaWRlc2hvdyI6IjYyMWNhZjMifQ%3D%3D\" href='https:\/\/katorishintoryu.pl\/wp-content\/uploads\/powstania-warszawskiego-szatnie-scaled.jpg'><img width=\"1024\" height=\"768\" src=\"https:\/\/katorishintoryu.pl\/wp-content\/uploads\/powstania-warszawskiego-szatnie-1024x768.jpg\" class=\"attachment-large size-large\" alt=\"\" decoding=\"async\" loading=\"lazy\" srcset=\"https:\/\/katorishintoryu.pl\/wp-content\/uploads\/powstania-warszawskiego-szatnie-1024x768.jpg 1024w, https:\/\/katorishintoryu.pl\/wp-content\/uploads\/powstania-warszawskiego-szatnie-300x225.jpg 300w, https:\/\/katorishintoryu.pl\/wp-content\/uploads\/powstania-warszawskiego-szatnie-768x576.jpg 768w, https:\/\/katorishintoryu.pl\/wp-content\/uploads\/powstania-warszawskiego-szatnie-1536x1152.jpg 1536w, https:\/\/katorishintoryu.pl\/wp-content\/uploads\/powstania-warszawskiego-szatnie-2048x1536.jpg 2048w, https:\/\/katorishintoryu.pl\/wp-content\/uploads\/powstania-warszawskiego-szatnie-16x12.jpg 16w\" sizes=\"auto, (max-width: 1024px) 100vw, 1024px\" \/><\/a>\n\t\t\t<\/div><\/figure><figure class='gallery-item'>\n\t\t\t<div class='gallery-icon landscape'>\n\t\t\t\t<a data-elementor-open-lightbox=\"yes\" data-elementor-lightbox-slideshow=\"621caf3\" data-e-action-hash=\"#elementor-action%3Aaction%3Dlightbox%26settings%3DeyJpZCI6MTQ3MzQsInVybCI6Imh0dHBzOlwvXC9rYXRvcmlzaGludG9yeXUucGxcL3dwLWNvbnRlbnRcL3VwbG9hZHNcL3Bvd3N0YW5pYS13YXJzemF3c2tpZWdvLXN6YXRuaWUtMi1zY2FsZWQuanBnIiwic2xpZGVzaG93IjoiNjIxY2FmMyJ9\" href='https:\/\/katorishintoryu.pl\/wp-content\/uploads\/powstania-warszawskiego-szatnie-2-scaled.jpg'><img width=\"1024\" height=\"768\" src=\"https:\/\/katorishintoryu.pl\/wp-content\/uploads\/powstania-warszawskiego-szatnie-2-1024x768.jpg\" class=\"attachment-large size-large\" alt=\"\" decoding=\"async\" loading=\"lazy\" srcset=\"https:\/\/katorishintoryu.pl\/wp-content\/uploads\/powstania-warszawskiego-szatnie-2-1024x768.jpg 1024w, https:\/\/katorishintoryu.pl\/wp-content\/uploads\/powstania-warszawskiego-szatnie-2-300x225.jpg 300w, https:\/\/katorishintoryu.pl\/wp-content\/uploads\/powstania-warszawskiego-szatnie-2-768x576.jpg 768w, https:\/\/katorishintoryu.pl\/wp-content\/uploads\/powstania-warszawskiego-szatnie-2-1536x1152.jpg 1536w, https:\/\/katorishintoryu.pl\/wp-content\/uploads\/powstania-warszawskiego-szatnie-2-2048x1536.jpg 2048w, https:\/\/katorishintoryu.pl\/wp-content\/uploads\/powstania-warszawskiego-szatnie-2-16x12.jpg 16w\" sizes=\"auto, (max-width: 1024px) 100vw, 1024px\" \/><\/a>\n\t\t\t<\/div><\/figure><figure class='gallery-item'>\n\t\t\t<div class='gallery-icon landscape'>\n\t\t\t\t<a data-elementor-open-lightbox=\"yes\" data-elementor-lightbox-slideshow=\"621caf3\" data-e-action-hash=\"#elementor-action%3Aaction%3Dlightbox%26settings%3DeyJpZCI6MTQ3MzUsInVybCI6Imh0dHBzOlwvXC9rYXRvcmlzaGludG9yeXUucGxcL3dwLWNvbnRlbnRcL3VwbG9hZHNcL3Bvd3N0YW5pYS13YXJzemF3c2tpZWdvLWtvcnl0YXJ6LXNjYWxlZC5qcGciLCJzbGlkZXNob3ciOiI2MjFjYWYzIn0%3D\" href='https:\/\/katorishintoryu.pl\/wp-content\/uploads\/powstania-warszawskiego-korytarz-scaled.jpg'><img width=\"1024\" height=\"768\" src=\"https:\/\/katorishintoryu.pl\/wp-content\/uploads\/powstania-warszawskiego-korytarz-1024x768.jpg\" class=\"attachment-large size-large\" alt=\"\" decoding=\"async\" loading=\"lazy\" srcset=\"https:\/\/katorishintoryu.pl\/wp-content\/uploads\/powstania-warszawskiego-korytarz-1024x768.jpg 1024w, https:\/\/katorishintoryu.pl\/wp-content\/uploads\/powstania-warszawskiego-korytarz-300x225.jpg 300w, https:\/\/katorishintoryu.pl\/wp-content\/uploads\/powstania-warszawskiego-korytarz-768x576.jpg 768w, https:\/\/katorishintoryu.pl\/wp-content\/uploads\/powstania-warszawskiego-korytarz-1536x1152.jpg 1536w, https:\/\/katorishintoryu.pl\/wp-content\/uploads\/powstania-warszawskiego-korytarz-2048x1536.jpg 2048w, https:\/\/katorishintoryu.pl\/wp-content\/uploads\/powstania-warszawskiego-korytarz-16x12.jpg 16w\" sizes=\"auto, (max-width: 1024px) 100vw, 1024px\" \/><\/a>\n\t\t\t<\/div><\/figure><figure class='gallery-item'>\n\t\t\t<div class='gallery-icon landscape'>\n\t\t\t\t<a data-elementor-open-lightbox=\"yes\" data-elementor-lightbox-slideshow=\"621caf3\" data-e-action-hash=\"#elementor-action%3Aaction%3Dlightbox%26settings%3DeyJpZCI6MTQ3MzYsInVybCI6Imh0dHBzOlwvXC9rYXRvcmlzaGludG9yeXUucGxcL3dwLWNvbnRlbnRcL3VwbG9hZHNcL3Bvd3N0YW5pYS13YXJzemF3c2tpZWdvLXNhbGEtc2NhbGVkLmpwZyIsInNsaWRlc2hvdyI6IjYyMWNhZjMifQ%3D%3D\" href='https:\/\/katorishintoryu.pl\/wp-content\/uploads\/powstania-warszawskiego-sala-scaled.jpg'><img width=\"1024\" height=\"768\" src=\"https:\/\/katorishintoryu.pl\/wp-content\/uploads\/powstania-warszawskiego-sala-1024x768.jpg\" class=\"attachment-large size-large\" alt=\"\" decoding=\"async\" loading=\"lazy\" srcset=\"https:\/\/katorishintoryu.pl\/wp-content\/uploads\/powstania-warszawskiego-sala-1024x768.jpg 1024w, https:\/\/katorishintoryu.pl\/wp-content\/uploads\/powstania-warszawskiego-sala-300x225.jpg 300w, https:\/\/katorishintoryu.pl\/wp-content\/uploads\/powstania-warszawskiego-sala-768x576.jpg 768w, https:\/\/katorishintoryu.pl\/wp-content\/uploads\/powstania-warszawskiego-sala-1536x1152.jpg 1536w, https:\/\/katorishintoryu.pl\/wp-content\/uploads\/powstania-warszawskiego-sala-2048x1536.jpg 2048w, https:\/\/katorishintoryu.pl\/wp-content\/uploads\/powstania-warszawskiego-sala-16x12.jpg 16w\" sizes=\"auto, (max-width: 1024px) 100vw, 1024px\" \/><\/a>\n\t\t\t<\/div><\/figure>\n\t\t<\/div>\n\t\t<\/div>\n\t\t\t\t\t\t<\/div>\n\t\t\t\t<\/div>\n\t\t\t\t<div class=\"elementor-element elementor-element-bb798eb elementor-widget elementor-widget-google_maps\" data-id=\"bb798eb\" data-element_type=\"widget\" data-e-type=\"widget\" data-widget_type=\"google_maps.default\">\n\t\t\t\t<div class=\"elementor-widget-container\">\n\t\t\t\t\t\t\t<div class=\"elementor-custom-embed\">\n\t\t\t<iframe loading=\"lazy\"\n\t\t\t\t\tsrc=\"https:\/\/www.google.com\/maps\/embed\/v1\/place?key=AIzaSyCtai16OlsBIUhmzofrkQXYcnIE4C44k8U&#038;q=50.0607545%2C%2019.9604897&#038;zoom=17\"\n\t\t\t\t\ttitle=\"50.0607545, 19.9604897\"\n\t\t\t\t\taria-label=\"50.0607545, 19.9604897\"\n\t\t\t><\/iframe>\n\t\t<\/div>\n\t\t\t\t\t\t<\/div>\n\t\t\t\t<\/div>\n\t\t\t\t\t<\/div>\n\t\t\t\t<\/div>\n\t\t\t\t<\/div>","protected":false},"excerpt":{"rendered":"<p>Nale\u017cy wej\u015b\u0107 na teren Krakowskiego Szkolnego O\u015brodka Sportowego im. Szarych Szereg\u00f3w od strony ronda Grzeg\u00f3rzeckiego. Przy II Obwodnicy oraz ul. Kazimierza Kordylewskiego s\u0105 dost\u0119pne publiczne parkingi. Po wej\u015bciu do budynku, nale\u017cy zej\u015b\u0107 schodami w d\u00f3\u0142 do szatni obowi\u0105zkowej (na kurtki i buty). Wymagana jest zmiana&nbsp;obuwia na zast\u0119pcze (np. klapki). Nale\u017cy nast\u0119pnie wr\u00f3ci\u0107 kolejnymi schodami z [&hellip;]<\/p>\n","protected":false},"author":4,"featured_media":14736,"parent":18,"menu_order":10,"comment_status":"closed","ping_status":"closed","template":"","meta":{"_acf_changed":false,"site-sidebar-layout":"no-sidebar","site-content-layout":"page-builder","ast-site-content-layout":"full-width-container","site-content-style":"default","site-sidebar-style":"default","ast-global-header-display":"","ast-banner-title-visibility":"","ast-main-header-display":"","ast-hfb-above-header-display":"","ast-hfb-below-header-display":"","ast-hfb-mobile-header-display":"","site-post-title":"disabled","ast-breadcrumbs-content":"","ast-featured-img":"disabled","footer-sml-layout":"","ast-disable-related-posts":"","theme-transparent-header-meta":"default","adv-header-id-meta":"","stick-header-meta":"","header-above-stick-meta":"","header-main-stick-meta":"","header-below-stick-meta":"","astra-migrate-meta-layouts":"set","ast-page-background-enabled":"default","ast-page-background-meta":{"desktop":{"background-color":"var(--ast-global-color-4)","background-image":"","background-repeat":"repeat","background-position":"center center","background-size":"auto","background-attachment":"scroll","background-type":"","background-media":"","overlay-type":"","overlay-color":"","overlay-opacity":"","overlay-gradient":""},"tablet":{"background-color":"","background-image":"","background-repeat":"repeat","background-position":"center center","background-size":"auto","background-attachment":"scroll","background-type":"","background-media":"","overlay-type":"","overlay-color":"","overlay-opacity":"","overlay-gradient":""},"mobile":{"background-color":"","background-image":"","background-repeat":"repeat","background-position":"center center","background-size":"auto","background-attachment":"scroll","background-type":"","background-media":"","overlay-type":"","overlay-color":"","overlay-opacity":"","overlay-gradient":""}},"ast-content-background-meta":{"desktop":{"background-color":"var(--ast-global-color-5)","background-image":"","background-repeat":"repeat","background-position":"center center","background-size":"auto","background-attachment":"scroll","background-type":"","background-media":"","overlay-type":"","overlay-color":"","overlay-opacity":"","overlay-gradient":""},"tablet":{"background-color":"var(--ast-global-color-5)","background-image":"","background-repeat":"repeat","background-position":"center center","background-size":"auto","background-attachment":"scroll","background-type":"","background-media":"","overlay-type":"","overlay-color":"","overlay-opacity":"","overlay-gradient":""},"mobile":{"background-color":"var(--ast-global-color-5)","background-image":"","background-repeat":"repeat","background-position":"center center","background-size":"auto","background-attachment":"scroll","background-type":"","background-media":"","overlay-type":"","overlay-color":"","overlay-opacity":"","overlay-gradient":""}}},"class_list":["post-14504","page","type-page","status-publish","has-post-thumbnail","hentry"],"acf":[],"publishpress_future_workflow_manual_trigger":{"enabledWorkflows":[]},"_links":{"self":[{"href":"https:\/\/katorishintoryu.pl\/uk\/wp-json\/wp\/v2\/pages\/14504","targetHints":{"allow":["GET"]}}],"collection":[{"href":"https:\/\/katorishintoryu.pl\/uk\/wp-json\/wp\/v2\/pages"}],"about":[{"href":"https:\/\/katorishintoryu.pl\/uk\/wp-json\/wp\/v2\/types\/page"}],"author":[{"embeddable":true,"href":"https:\/\/katorishintoryu.pl\/uk\/wp-json\/wp\/v2\/users\/4"}],"replies":[{"embeddable":true,"href":"https:\/\/katorishintoryu.pl\/uk\/wp-json\/wp\/v2\/comments?post=14504"}],"version-history":[{"count":28,"href":"https:\/\/katorishintoryu.pl\/uk\/wp-json\/wp\/v2\/pages\/14504\/revisions"}],"predecessor-version":[{"id":16252,"href":"https:\/\/katorishintoryu.pl\/uk\/wp-json\/wp\/v2\/pages\/14504\/revisions\/16252"}],"up":[{"embeddable":true,"href":"https:\/\/katorishintoryu.pl\/uk\/wp-json\/wp\/v2\/pages\/18"}],"wp:featuredmedia":[{"embeddable":true,"href":"https:\/\/katorishintoryu.pl\/uk\/wp-json\/wp\/v2\/media\/14736"}],"wp:attachment":[{"href":"https:\/\/katorishintoryu.pl\/uk\/wp-json\/wp\/v2\/media?parent=14504"}],"curies":[{"name":"wp","href":"https:\/\/api.w.org\/{rel}","templated":true}]}}