{"id":44,"date":"2019-05-01T18:50:27","date_gmt":"2019-05-01T18:50:27","guid":{"rendered":"https:\/\/katorishintoryu.pl\/?page_id=44"},"modified":"2025-06-27T20:31:18","modified_gmt":"2025-06-27T18:31:18","slug":"%d0%bd%d0%b0%d1%88%d1%96-%d1%87%d0%b5%d0%bc%d0%bf%d1%96%d0%be%d0%bd%d0%b8","status":"publish","type":"page","link":"https:\/\/katorishintoryu.pl\/uk\/nasi-mistrzowie\/","title":{"rendered":"\u041d\u0430\u0448\u0456 \u0447\u0435\u043c\u043f\u0456\u043e\u043d\u0438"},"content":{"rendered":"<div data-elementor-type=\"wp-post\" data-elementor-id=\"44\" class=\"elementor elementor-44\" data-elementor-post-type=\"page\">\n\t\t\t\t<div class=\"elementor-element elementor-element-7becb2f e-flex e-con-boxed e-con e-parent\" data-id=\"7becb2f\" data-element_type=\"container\" data-e-type=\"container\">\n\t\t\t\t\t<div class=\"e-con-inner\">\n\t\t\t\t<div class=\"elementor-element elementor-element-ca61ba9 uael-member-image-pos-left uael-shape-square elementor-widget elementor-widget-uael-team-member\" data-id=\"ca61ba9\" data-element_type=\"widget\" data-e-type=\"widget\" data-widget_type=\"uael-team-member.default\">\n\t\t\t\t<div class=\"elementor-widget-container\">\n\t\t\t\t\t\t\t<div class=\"uael-member-stacked-mobile uael-member-image-valign-top uael-team-member\">\n\t\t\t<div class = \"uael-team-member-wrap\" >\n\t\t\t\t<div class=\"uael-member-wrap\" >\n\t\t\t\t\t\t\t\t\t\t\t\t<div class=\"uael-team-member-image\">\n\t\t\t\t\t\t\t<div class=\"elementor-animation-\"><img loading=\"lazy\" decoding=\"async\" width=\"300\" height=\"451\" src=\"https:\/\/katorishintoryu.pl\/wp-content\/uploads\/sugino_yukihiro.jpg\" class=\"attachment-large size-large wp-image-382\" alt=\"\" srcset=\"https:\/\/katorishintoryu.pl\/wp-content\/uploads\/sugino_yukihiro.jpg 300w, https:\/\/katorishintoryu.pl\/wp-content\/uploads\/sugino_yukihiro-200x300.jpg 200w\" sizes=\"auto, (max-width: 300px) 100vw, 300px\" \/><\/div>\t\t\t\t\t\t\t<\/div>\n\t\t\t\t\t\t\t\t\t\t\t\t\t\t\t<div class=\"uael-team-member-content\">\n\t\t\t\t\t\t\t\t\t\t\t<div class=\"uael-team-member-name\">\n\t\t\t\t\t\t<h2 class=\"uael-team-name\">\u042e\u043a\u0456\u0445\u0456\u0440\u043e \u0421\u0443\u0433\u0456\u043d\u043e<\/h2>\t\t\t\t\t\t<\/div>\n\t\t\t\t\t\t\t\t\t\t\t\t\t\t\t\t\t\t\t\t\t\t\t\t\t\t\t<div class=\"uael-team-member-designation\">\n\t\t\t\t\t\t\t<div class=\"uael-team-desig\">14 \u0413\u0420\u0423\u0414\u041d\u042f 1937 \u0420\u041e\u041a\u0423\t\t\t\t\t\t\t<\/div>\n\t\t\t\t\t\t<\/div>\n\t\t\t\t\t\t\t\t\t\t\t\t\t\t\t\t\t\t\t\t\t\t\t\t\t\t\t<div class=\"uael-team-member-desc\">\n\t\t\t\t\t\t\t<div class=\"uael-team-desc\"><p>\u041c\u0430\u0439\u0441\u0442\u0435\u0440 \u0421\u0443\u0433\u0456\u043d\u043e \u042e\u043a\u0456\u0445\u0456\u0440\u043e \u0443\u0441\u043f\u0430\u0434\u043a\u0443\u0432\u0430\u0432 \u0443\u043f\u0440\u0430\u0432\u043b\u0456\u043d\u043d\u044f \u0421\u0443\u0433\u0456\u043d\u043e \u0414\u043e\u0434\u0437\u044c\u043e \u0432 \u041a\u0430\u0432\u0430\u0441\u0430\u043a\u0456 \u043f\u0456\u0441\u043b\u044f \u0441\u043c\u0435\u0440\u0442\u0456 \u0441\u0432\u043e\u0433\u043e \u0431\u0430\u0442\u044c\u043a\u0430, \u0421\u0443\u0433\u0456\u043d\u043e \u0419\u043e\u0448\u0456\u043e. \u0412\u0456\u043d \u043c\u0430\u0454 9-\u0439 \u0434\u0430\u043d \u0443 \u041a\u0430\u0442\u043e\u0440\u0456 \u0428\u0456\u043d\u0442\u043e-\u0440\u044e \u0442\u0430 7-\u0439 \u0434\u0430\u043d \u0443 \u0410\u0439\u043a\u0456\u0434\u043e \u0410\u0439\u043a\u0456\u043a\u0430\u0439.<\/p>\n<p>\u0421\u0435\u043d\u0441\u0435\u0439 \u0421\u0443\u0433\u0456\u043d\u043e \u042e\u043a\u0456\u0445\u0456\u0440\u043e \u0437\u0430\u0432\u0436\u0434\u0438 \u0432\u0438\u043a\u043b\u0430\u0434\u0430\u0432 \u0443 \u0434\u043e\u0434\u0437\u044c\u043e \u0441\u0432\u043e\u0433\u043e \u0431\u0430\u0442\u044c\u043a\u0430. \u0417\u0430\u0440\u0430\u0437 \u0432\u0456\u043d \u0442\u0430\u043a\u043e\u0436 \u043f\u0435\u0440\u0435\u0434\u0430\u0454 \u0442\u0440\u0430\u0434\u0438\u0446\u0456\u0457 \u0448\u043a\u043e\u043b\u0438 \u0437\u0430 \u043c\u0435\u0436\u0430\u043c\u0438 \u0441\u0456\u043c\u0435\u0439\u043d\u043e\u0433\u043e \u0434\u043e\u0434\u0437\u044c\u043e \u0456 \u0449\u043e\u043d\u0430\u0439\u043c\u0435\u043d\u0448\u0435 \u0434\u0432\u0456\u0447\u0456 \u043d\u0430 \u0440\u0456\u043a \u0431\u0443\u0432\u0430\u0454 \u043d\u0430 \u0437\u0430\u0445\u043e\u0434\u0456, \u043f\u0440\u043e\u0432\u043e\u0434\u044f\u0447\u0438 \u043c\u0430\u0439\u0441\u0442\u0435\u0440-\u043a\u043b\u0430\u0441\u0438 \u0442\u0430 \u043b\u0435\u043a\u0446\u0456\u0457 \u0437 \u043a\u0430\u0442\u043e\u0440\u0456 \u0448\u0456\u043d\u0442\u043e-\u0440\u044e \u0442\u0430 \u0430\u0439\u043a\u0456\u0434\u043e.<\/p>\n<p>\u0412\u0456\u043d \u043e\u0442\u0440\u0438\u043c\u0430\u0432 9-\u0439 \u0434\u0430\u043d \u043a\u043e\u0431\u0443\u0434\u043e \u0432\u0456\u0434 \u041c\u0456\u0436\u043d\u0430\u0440\u043e\u0434\u043d\u043e\u0457 \u0444\u0435\u0434\u0435\u0440\u0430\u0446\u0456\u0457 \u041d\u0456\u043f\u043f\u043e\u043d \u0411\u0443\u0434\u043e.<\/p><\/div>\n\t\t\t\t\t\t<\/div>\n\t\t\t\t\t\t\t\t\t\t\t\t\t\t\t\t\t\t\t<\/div>\n\t\t\t<\/div>\n\t\t<\/div>\n\t<\/div>\n\t\t\t\t\t\t<\/div>\n\t\t\t\t<\/div>\n\t\t\t\t<div class=\"elementor-element elementor-element-af27437 uael-member-image-pos-left uael-shape-square elementor-widget elementor-widget-uael-team-member\" data-id=\"af27437\" data-element_type=\"widget\" data-e-type=\"widget\" data-widget_type=\"uael-team-member.default\">\n\t\t\t\t<div class=\"elementor-widget-container\">\n\t\t\t\t\t\t\t<div class=\"uael-member-stacked-mobile uael-member-image-valign-top uael-team-member\">\n\t\t\t<div class = \"uael-team-member-wrap\" >\n\t\t\t\t<div class=\"uael-member-wrap\" >\n\t\t\t\t\t\t\t\t\t\t\t\t<div class=\"uael-team-member-image\">\n\t\t\t\t\t\t\t<div class=\"elementor-animation-\"><img loading=\"lazy\" decoding=\"async\" width=\"768\" height=\"1024\" src=\"https:\/\/katorishintoryu.pl\/wp-content\/uploads\/zd01_76-768x1024.jpg\" class=\"attachment-large size-large wp-image-11992\" alt=\"\" srcset=\"https:\/\/katorishintoryu.pl\/wp-content\/uploads\/zd01_76-768x1024.jpg 768w, https:\/\/katorishintoryu.pl\/wp-content\/uploads\/zd01_76-225x300.jpg 225w, https:\/\/katorishintoryu.pl\/wp-content\/uploads\/zd01_76-9x12.jpg 9w, https:\/\/katorishintoryu.pl\/wp-content\/uploads\/zd01_76.jpg 900w\" sizes=\"auto, (max-width: 768px) 100vw, 768px\" \/><\/div>\t\t\t\t\t\t\t<\/div>\n\t\t\t\t\t\t\t\t\t\t\t\t\t\t\t<div class=\"uael-team-member-content\">\n\t\t\t\t\t\t\t\t\t\t\t<div class=\"uael-team-member-name\">\n\t\t\t\t\t\t<h2 class=\"uael-team-name\">\u0423\u043b\u044c\u0444 \u0420\u043e\u0442\u0442<\/h2>\t\t\t\t\t\t<\/div>\n\t\t\t\t\t\t\t\t\t\t\t\t\t\t\t\t\t\t\t\t\t\t\t\t\t\t\t<div class=\"uael-team-member-designation\">\n\t\t\t\t\t\t\t<div class=\"uael-team-desig\">1 X 1964\t\t\t\t\t\t\t<\/div>\n\t\t\t\t\t\t<\/div>\n\t\t\t\t\t\t\t\t\t\t\t\t\t\t\t\t\t\t\t\t\t\t\t\t\t\t\t<div class=\"uael-team-member-desc\">\n\t\t\t\t\t\t\t<div class=\"uael-team-desc\"><p>\u041c\u0430\u0439\u0441\u0442\u0435\u0440 \u0423\u043b\u044c\u0444 \u0420\u043e\u0442\u0442 \u0454 \u043f\u0440\u0435\u0434\u0441\u0442\u0430\u0432\u043d\u0438\u043a\u043e\u043c \u041a\u0430\u0442\u043e\u0440\u0456 \u0428\u0456\u043d\u0442\u043e-\u0440\u044e \u0432 \u041d\u0456\u043c\u0435\u0447\u0447\u0438\u043d\u0456 \u0432\u0456\u0434 \u0456\u043c\u0435\u043d\u0456 \u043c\u0430\u0439\u0441\u0442\u0440\u0430 \u0421\u0443\u0433\u0456\u043d\u043e. \u0412\u0456\u043d \u043f\u043e\u0437\u043d\u0430\u0439\u043e\u043c\u0438\u0432 \u043d\u0430\u0441 \u0437 \u0414\u043e\u0434\u0437\u044c\u043e \u0421\u0443\u0491\u0456\u043d\u043e \u0456 \u043f\u0440\u043e\u0434\u043e\u0432\u0436\u0443\u0454 \u043f\u0435\u0440\u0435\u0434\u0430\u0432\u0430\u0442\u0438 \u043d\u0430\u043c \u0432\u0447\u0435\u043d\u043d\u044f \u0421\u0435\u043d\u0441\u0435\u044f \u0421\u0443\u0491\u0456\u043d\u043e \u0434\u043e\u043d\u0438\u043d\u0456.<\/p>\n<p>\u0421\u0435\u043d\u0441\u0435\u0439 \u0423\u043b\u044c\u0444 \u043d\u0430\u0440\u0430\u0437\u0456 \u043c\u0430\u0454 6-\u0439 \u0434\u0430\u043d \u0437 \u043a\u0430\u0442\u043e\u0440\u0456 \u0448\u0456\u043d\u0442\u043e-\u0440\u044e \u0442\u0430 6-\u0439 \u0434\u0430\u043d \u0437 \u0430\u0439\u043a\u0456\u0434\u043e (\u0430\u0439\u043a\u0456\u043a\u0430\u0439-\u0448\u0438\u0445\u0430\u043d). \u0412\u0456\u043d \u043a\u0435\u0440\u0443\u0454 \u0432\u043b\u0430\u0441\u043d\u0438\u043c \u0434\u043e\u0434\u0437\u044c\u043e \u0432 \u041b\u0435\u0454\u0440\u0456, \u0434\u0435 \u0432\u0438\u043a\u043b\u0430\u0434\u0430\u0454 \u0442\u0435\u0445\u043d\u0456\u043a\u0438 \u0430\u0439\u043a\u0456\u0434\u043e \u0442\u0430 \u043a\u0430\u0442\u043e\u0440\u0456. \u0423 \u0441\u0432\u043e\u0457\u0439 \u043f\u043e\u0432\u0441\u044f\u043a\u0434\u0435\u043d\u043d\u0456\u0439 \u0440\u043e\u0431\u043e\u0442\u0456 \u0432\u0456\u043d \u043f\u0440\u0430\u0446\u044e\u0454 \u0434\u0438\u0440\u0435\u043a\u0442\u043e\u0440\u043e\u043c \u0433\u0456\u043c\u043d\u0430\u0437\u0456\u0457 \u0432 \u041b\u0435\u0454\u0440\u0456 (\u041d\u0456\u043c\u0435\u0447\u0447\u0438\u043d\u0430).<span style=\"color: var( --e-global-color-text );font-family: var( --e-global-typography-text-font-family ), Sans-serif;font-weight: var( --e-global-typography-text-font-weight );background-color: var( --e-global-color-astglobalcolor2 );font-size: 1rem\"><\/span><\/p><\/div>\n\t\t\t\t\t\t<\/div>\n\t\t\t\t\t\t\t\t\t\t\t\t\t\t\t\t\t\t\t<\/div>\n\t\t\t<\/div>\n\t\t<\/div>\n\t<\/div>\n\t\t\t\t\t\t<\/div>\n\t\t\t\t<\/div>\n\t\t\t\t<div class=\"elementor-element elementor-element-849ed95 uael-member-image-pos-left uael-shape-square elementor-widget elementor-widget-uael-team-member\" data-id=\"849ed95\" data-element_type=\"widget\" data-e-type=\"widget\" data-widget_type=\"uael-team-member.default\">\n\t\t\t\t<div class=\"elementor-widget-container\">\n\t\t\t\t\t\t\t<div class=\"uael-member-stacked-mobile uael-member-image-valign-top uael-team-member\">\n\t\t\t<div class = \"uael-team-member-wrap\" >\n\t\t\t\t<div class=\"uael-member-wrap\" >\n\t\t\t\t\t\t\t\t\t\t\t\t<div class=\"uael-team-member-image\">\n\t\t\t\t\t\t\t<div class=\"elementor-animation-\"><img decoding=\"async\" width=\"500\" height=\"671\" src=\"https:\/\/katorishintoryu.pl\/wp-content\/uploads\/sugino.jpg\" class=\"attachment-large size-large wp-image-381\" alt=\"\" loading=\"lazy\" srcset=\"https:\/\/katorishintoryu.pl\/wp-content\/uploads\/sugino.jpg 500w, https:\/\/katorishintoryu.pl\/wp-content\/uploads\/sugino-224x300.jpg 224w\" sizes=\"auto, (max-width: 500px) 100vw, 500px\" \/><\/div>\t\t\t\t\t\t\t<\/div>\n\t\t\t\t\t\t\t\t\t\t\t\t\t\t\t<div class=\"uael-team-member-content\">\n\t\t\t\t\t\t\t\t\t\t\t<div class=\"uael-team-member-name\">\n\t\t\t\t\t\t<h2 class=\"uael-team-name\">\u0419\u043e\u0448\u0456\u043e \u0421\u0443\u0433\u0456\u043d\u043e<\/h2>\t\t\t\t\t\t<\/div>\n\t\t\t\t\t\t\t\t\t\t\t\t\t\t\t\t\t\t\t\t\t\t\t\t\t\t\t<div class=\"uael-team-member-designation\">\n\t\t\t\t\t\t\t<div class=\"uael-team-desig\">12 XII 1904 - 13 VI 1998\t\t\t\t\t\t\t<\/div>\n\t\t\t\t\t\t<\/div>\n\t\t\t\t\t\t\t\t\t\t\t\t\t\t\t\t\t\t\t\t\t\t\t\t\t\t\t<div class=\"uael-team-member-desc\">\n\t\t\t\t\t\t\t<div class=\"uael-team-desc\"><p>\u041c\u0430\u0439\u0441\u0442\u0435\u0440 \u0421\u0443\u0433\u0456\u043d\u043e \u0419\u043e\u0448\u0456\u043e \u043f\u043e\u0447\u0430\u0432 \u0437\u0430\u0439\u043c\u0430\u0442\u0438\u0441\u044f \u0431\u043e\u0439\u043e\u0432\u0438\u043c\u0438 \u043c\u0438\u0441\u0442\u0435\u0446\u0442\u0432\u0430\u043c\u0438 \u0434\u043e \u0414\u0440\u0443\u0433\u043e\u0457 \u0441\u0432\u0456\u0442\u043e\u0432\u043e\u0457 \u0432\u0456\u0439\u043d\u0438 \u0437 \u043a\u0435\u043d\u0434\u043e, \u0434\u0437\u044e\u0434\u043e \u0437 \u0441\u0435\u043d\u0441\u0435\u0454\u043c \u0414\u0436\u0456\u0433\u0456\u0440\u043e \u041a\u0430\u043d\u043e (\u0437\u0430\u0441\u043d\u043e\u0432\u043d\u0438\u043a \u0434\u0437\u044e\u0434\u043e) \u0456, \u043d\u0430\u0440\u0435\u0448\u0442\u0456, \u0430\u0439\u043a\u0456\u0434\u043e \u0437 \u0441\u0435\u043d\u0441\u0435\u0454\u043c \u041c\u043e\u0440\u0456\u0445\u0435\u0454\u043c \u0423\u0435\u0448\u0456\u0431\u043e\u044e (\u0437\u0430\u0441\u043d\u043e\u0432\u043d\u0438\u043a \u0430\u0439\u043a\u0456\u0434\u043e). \u0412\u0456\u043d \u043f\u043e\u0447\u0430\u0432 \u043f\u0440\u0430\u043a\u0442\u0438\u043a\u0443\u0432\u0430\u0442\u0438 \u0422\u0435\u043d\u0448\u0438\u043d \u0428\u044c\u043e\u0434\u0435\u043d \u041a\u0430\u0442\u043e\u0440\u0456 \u0428\u0456\u043d\u0442\u043e-\u0440\u044e \u0437 \u0441\u0435\u043d\u0441\u0435\u0454\u043c \u041a\u0430\u043d\u043e \u0431\u043b\u0438\u0437\u044c\u043a\u043e 1928 \u0440\u043e\u043a\u0443 \u0432 \u041a\u043e\u0434\u043e\u043a\u0430\u043d \u0414\u043e\u0434\u0437\u044c\u043e. \u0421\u0435\u043d\u0441\u0435\u0439 \u0421\u0443\u0433\u0456\u043d\u043e \u0419\u043e\u0448\u0456\u043e \u043d\u0430\u0432\u0447\u0430\u0432\u0441\u044f \u0443 4-\u0445 \u0448\u0438\u0445\u0430\u043d\u0456\u0432, \u0433\u043e\u043b\u043e\u0432\u043d\u0438\u043c \u0447\u0438\u043d\u043e\u043c \u0443 \u0406\u0447\u0456\u0437\u043e \u0428\u0456\u0456\u043d\u0430 (\u0431\u043b\u0438\u0437\u044c\u043a\u043e 10 \u0440\u043e\u043a\u0456\u0432), \u0430 \u0442\u0430\u043a\u043e\u0436 \u0443 \u0422\u0430\u043c\u0430\u0457, \u0406\u0442\u043e \u0442\u0430 \u041a\u0443\u0431\u043e\u043a\u0430. \u0423 1927 \u0440\u043e\u0446\u0456 \u0432\u0456\u043d \u0437\u0430\u0441\u043d\u0443\u0432\u0430\u0432 \u0434\u043e\u0434\u0437\u044c\u043e, \u0434\u0435 \u0441\u043f\u043e\u0447\u0430\u0442\u043a\u0443 \u0432\u0438\u043a\u043b\u0430\u0434\u0430\u0432 \u043b\u0438\u0448\u0435 \u0434\u0437\u044e\u0434\u043e, \u0430 \u0432 1937 \u0440\u043e\u0446\u0456 \u043f\u043e\u0447\u0430\u0432 \u0432\u0438\u043a\u043b\u0430\u0434\u0430\u0442\u0438 \u0430\u0439\u043a\u0456\u0434\u043e, \u0430 \u043f\u0456\u0441\u043b\u044f \u0414\u0440\u0443\u0433\u043e\u0457 \u0441\u0432\u0456\u0442\u043e\u0432\u043e\u0457 \u0432\u0456\u0439\u043d\u0438 - \u041a\u0430\u0442\u043e\u0440\u0456 \u0428\u0456\u043d\u0442\u043e-\u0440\u044e.<\/p>\n<p>\u0417 1953 \u0440\u043e\u043a\u0443 \u0439\u043e\u0433\u043e \u0437\u0430\u043f\u0440\u043e\u0448\u0443\u044e\u0442\u044c \u0434\u043b\u044f \u043f\u0456\u0434\u0433\u043e\u0442\u043e\u0432\u043a\u0438 \u0431\u043e\u0439\u043e\u0432\u0438\u0445 \u0441\u0446\u0435\u043d \u0443 \u0444\u0456\u043b\u044c\u043c\u0430\u0445 \u043f\u0440\u043e \u0441\u0430\u043c\u0443\u0440\u0430\u0457\u0432. \u0419\u043e\u0433\u043e \u043d\u0430\u0439\u0432\u0456\u0434\u043e\u043c\u0456\u0448\u0438\u0439 \u0444\u0456\u043b\u044c\u043c - \"\u0421\u0456\u043c \u0441\u0430\u043c\u0443\u0440\u0430\u0457\u0432\" \u0437 \u0422\u043e\u0441\u0456\u0440\u043e \u041c\u0456\u0444\u0443\u043d\u0435, \u0440\u0435\u0436\u0438\u0441\u0435\u0440 \u041a\u0443\u0440\u043e\u0441\u0430\u0432\u0430 \u0410\u043a\u0456\u0440\u0430. \u0423 1981 \u0440\u043e\u0446\u0456 \u0432\u0456\u043d \u043e\u0442\u0440\u0438\u043c\u0430\u0432 10-\u0439 \u0434\u0430\u043d \u043a\u043e\u0431\u0443\u0434\u043e \u0432\u0456\u0434 \u041c\u0456\u0436\u043d\u0430\u0440\u043e\u0434\u043d\u043e\u0457 \u0444\u0435\u0434\u0435\u0440\u0430\u0446\u0456\u0457 \u041d\u0456\u043f\u043f\u043e\u043d \u0411\u0443\u0434\u043e. \u041f\u0440\u043e\u0442\u044f\u0433\u043e\u043c \u0431\u0430\u0433\u0430\u0442\u044c\u043e\u0445 \u0440\u043e\u043a\u0456\u0432 \u0432\u0456\u043d \u0433\u0430\u0441\u0442\u0440\u043e\u043b\u044e\u0432\u0430\u0432 \u0404\u0432\u0440\u043e\u043f\u043e\u044e \u0442\u0430 \u0441\u0432\u0456\u0442\u043e\u043c, \u043f\u0440\u043e\u043f\u0430\u0433\u0443\u044e\u0447\u0438 \u041a\u0430\u0442\u043e\u0440\u0456 \u0428\u0456\u043d\u0442\u043e-\u0440\u044e. \u0412\u0456\u043d \u0434\u043e\u0432\u0456\u0440\u0438\u0432 \u0443\u043f\u0440\u0430\u0432\u043b\u0456\u043d\u043d\u044f \u0441\u0432\u043e\u0457\u043c \u0434\u043e\u0434\u0437\u044c\u043e \u0441\u0432\u043e\u0454\u043c\u0443 \u0441\u0438\u043d\u043e\u0432\u0456 \u0421\u0443\u0433\u0456\u043d\u043e \u042e\u043a\u0456\u0445\u0456\u0440\u043e.<\/p><\/div>\n\t\t\t\t\t\t<\/div>\n\t\t\t\t\t\t\t\t\t\t\t\t\t\t\t\t\t\t\t<\/div>\n\t\t\t<\/div>\n\t\t<\/div>\n\t<\/div>\n\t\t\t\t\t\t<\/div>\n\t\t\t\t<\/div>\n\t\t\t\t<div class=\"elementor-element elementor-element-f3aeb08 uael-member-image-pos-left uael-shape-square elementor-widget elementor-widget-uael-team-member\" data-id=\"f3aeb08\" data-element_type=\"widget\" data-e-type=\"widget\" data-widget_type=\"uael-team-member.default\">\n\t\t\t\t<div class=\"elementor-widget-container\">\n\t\t\t\t\t\t\t<div class=\"uael-member-stacked-mobile uael-member-image-valign-top uael-team-member\">\n\t\t\t<div class = \"uael-team-member-wrap\" >\n\t\t\t\t<div class=\"uael-member-wrap\" >\n\t\t\t\t\t\t\t\t\t\t\t\t<div class=\"uael-team-member-image\">\n\t\t\t\t\t\t\t<div class=\"elementor-animation-\"><img decoding=\"async\" width=\"231\" height=\"300\" src=\"https:\/\/katorishintoryu.pl\/wp-content\/uploads\/Hatakeyama_.jpg\" class=\"attachment-large size-large wp-image-380\" alt=\"\" loading=\"lazy\" \/><\/div>\t\t\t\t\t\t\t<\/div>\n\t\t\t\t\t\t\t\t\t\t\t\t\t\t\t<div class=\"uael-team-member-content\">\n\t\t\t\t\t\t\t\t\t\t\t<div class=\"uael-team-member-name\">\n\t\t\t\t\t\t<h2 class=\"uael-team-name\">\u0413\u043e\u0440\u043e \u0425\u0430\u0442\u0430\u043a\u0435\u044f\u043c\u0430<\/h2>\t\t\t\t\t\t<\/div>\n\t\t\t\t\t\t\t\t\t\t\t\t\t\t\t\t\t\t\t\t\t\t\t\t\t\t\t<div class=\"uael-team-member-designation\">\n\t\t\t\t\t\t\t<div class=\"uael-team-desig\">17 VIII 1928 - 8 XII 2009\t\t\t\t\t\t\t<\/div>\n\t\t\t\t\t\t<\/div>\n\t\t\t\t\t\t\t\t\t\t\t\t\t\t\t\t\t\t\t\t\t\t\t\t\t\t\t<div class=\"uael-team-member-desc\">\n\t\t\t\t\t\t\t<div class=\"uael-team-desc\"><p style=\"text-align: left\">\u041c\u0430\u0439\u0441\u0442\u0435\u0440 \u0413\u043e\u0440\u043e \u0425\u0430\u0442\u0430\u043a\u0435\u044f\u043c\u0430 \u0440\u043e\u0437\u043f\u043e\u0447\u0430\u0432 \u043d\u0430\u0432\u0447\u0430\u043d\u043d\u044f \u0431\u043e\u0439\u043e\u0432\u0438\u043c \u043c\u0438\u0441\u0442\u0435\u0446\u0442\u0432\u0430\u043c \u0443 \u0432\u0456\u0446\u0456 13 \u0440\u043e\u043a\u0456\u0432 \u0437 \u043a\u0435\u043d\u0434\u043e \u0432 \u0434\u043e\u0434\u0437\u044c\u043e \u0443 \u0441\u0432\u043e\u0457\u0439 \u0441\u0435\u0440\u0435\u0434\u043d\u0456\u0439 \u0448\u043a\u043e\u043b\u0456. \u041f\u043e\u0442\u0456\u043c \u0432\u0456\u043d \u0431\u0430\u0433\u0430\u0442\u043e \u0440\u043e\u043a\u0456\u0432 \u0432\u0438\u0432\u0447\u0430\u0432 \u0442\u0440\u0430\u0434\u0438\u0446\u0456\u0439\u043d\u0435 \u0434\u0437\u044e-\u0434\u0437\u044e\u0446\u0443. \u0423 \u0432\u0456\u0446\u0456 37 \u0440\u043e\u043a\u0456\u0432 \u0432\u0456\u043d \u043f\u043e\u0447\u0430\u0432 \u0442\u0440\u0435\u043d\u0443\u0432\u0430\u0442\u0438\u0441\u044f \u0432 \u041a\u0430\u0442\u043e\u0440\u0456 \u0428\u0456\u043d\u0442\u043e-\u0440\u044e \u043f\u0456\u0434 \u043a\u0435\u0440\u0456\u0432\u043d\u0438\u0446\u0442\u0432\u043e\u043c \u0432\u0438\u0434\u0430\u0442\u043d\u043e\u0433\u043e \u043c\u0430\u0439\u0441\u0442\u0440\u0430 \u0419\u043e\u0448\u0456\u043e \u0421\u0443\u0433\u0456\u043d\u043e. \u0425\u0430\u0442\u0430\u043a\u0435\u044f\u043c\u0430 \u0448\u0432\u0438\u0434\u043a\u043e \u0441\u0442\u0430\u0432 \u0431\u043b\u0438\u0437\u044c\u043a\u0438\u043c \u0443\u0447\u043d\u0435\u043c \u0456 \u043f\u043e\u043c\u0456\u0447\u043d\u0438\u043a\u043e\u043c \u0419\u043e\u0448\u0456\u043e \u0421\u0443\u0433\u0456\u043d\u043e, \u0432\u0456\u0434 \u044f\u043a\u043e\u0433\u043e \u043e\u0442\u0440\u0438\u043c\u0430\u0432 \u043d\u0430\u0439\u0432\u0438\u0449\u0438\u0439 9-\u0439 \u0434\u0430\u043d \u0456 \u0442\u0438\u0442\u0443\u043b \u041c\u0435\u043d\u043a\u044c\u043e \u041a\u0430\u0439\u0434\u0435\u043d.<\/p>\n<p style=\"text-align: left\">\u041c\u0430\u0439\u0441\u0442\u0435\u0440 \u0425\u0430\u0442\u0430\u043a\u0435\u044f\u043c\u0430 \u043c\u0430\u0432 \u0432\u043b\u0430\u0441\u043d\u0443 \u0448\u043a\u043e\u043b\u0443 \u0434\u043e\u0434\u0437\u044c\u043e (\u043e\u043a\u0440\u0435\u043c\u0443 \u0432\u0456\u0434 \u0448\u043a\u043e\u043b\u0438 \u0420\u0456\u0441\u0443\u043a\u0435 \u041e\u0442\u0430\u043a\u0435 \u0442\u0430 \u042e\u043a\u0456\u0445\u0456\u0440\u043e \u0421\u0443\u0433\u0456\u043d\u043e - \u0441\u0438\u043d\u0430 \u0419\u043e\u0441\u0456\u043e \u0421\u0443\u0433\u0456\u043d\u043e) \u0456 \u043f\u0440\u0438\u0441\u0432\u044f\u0447\u0443\u0432\u0430\u0432 \u043a\u0456\u043b\u044c\u043a\u0430 \u043c\u0456\u0441\u044f\u0446\u0456\u0432 \u0449\u043e\u0440\u043e\u043a\u0443 \u043f\u043e\u0448\u0438\u0440\u0435\u043d\u043d\u044e \u041a\u0430\u0442\u043e\u0440\u0456 \u0421\u0456\u043d\u0442\u043e-\u0440\u044e \u0437\u0430 \u043c\u0435\u0436\u0430\u043c\u0438 \u042f\u043f\u043e\u043d\u0456\u0457. \u0421\u0435\u043c\u0456\u043d\u0430\u0440\u0438 \u0437\u0430 \u0439\u043e\u0433\u043e \u0443\u0447\u0430\u0441\u0442\u044e \u0432\u0456\u0434\u0431\u0443\u043b\u0438\u0441\u044f \u0443 \u0424\u0440\u0430\u043d\u0446\u0456\u0457, \u041d\u0456\u0434\u0435\u0440\u043b\u0430\u043d\u0434\u0430\u0445, \u0411\u0435\u043b\u044c\u0433\u0456\u0457, \u0414\u0430\u043d\u0456\u0457, \u0406\u0442\u0430\u043b\u0456\u0457, \u0412\u0435\u043b\u0438\u043a\u043e\u0431\u0440\u0438\u0442\u0430\u043d\u0456\u0457, \u041f\u043e\u043b\u044c\u0449\u0456, \u0427\u0435\u0445\u0456\u0457, \u0423\u0433\u043e\u0440\u0449\u0438\u043d\u0456, \u0420\u043e\u0441\u0456\u0457, \u041a\u0430\u043d\u0430\u0434\u0456 \u0442\u0430 \u0421\u0428\u0410.<\/p>\n<p style=\"text-align: left\">\u041f\u0456\u0441\u043b\u044f \u0442\u0440\u0438\u0432\u0430\u043b\u043e\u0457 \u0445\u0432\u043e\u0440\u043e\u0431\u0438 \u043c\u0430\u0439\u0441\u0442\u0435\u0440 \u043f\u043e\u043c\u0435\u0440 \u0443 \u0432\u0456\u0446\u0456 81 \u0440\u043e\u043a\u0443 \u0432 \u041e\u0444\u0443\u043d\u0456 (\u041a\u0430\u043c\u0430\u043a\u0443\u0440\u0430) 08.12.2009.<\/p><\/div>\n\t\t\t\t\t\t<\/div>\n\t\t\t\t\t\t\t\t\t\t\t\t\t\t\t\t\t\t\t<\/div>\n\t\t\t<\/div>\n\t\t<\/div>\n\t<\/div>\n\t\t\t\t\t\t<\/div>\n\t\t\t\t<\/div>\n\t\t\t\t\t<\/div>\n\t\t\t\t<\/div>\n\t\t\t\t<\/div>","protected":false},"excerpt":{"rendered":"<p>Yukihiro Sugino\u200b 14 XII 1937 Mistrz Sugino Yukihiro odziedziczy\u0142 prowadzenie Sugino D\u014dj\u014d w Kawasaki po \u015bmierci swojego ojca, Sugino Yoshio. Posiada 9. dan w Katori Shint\u014d-ry\u016b oraz 7. dan w aikid\u014d Aikikai. Sensei Sugino Yukihiro zawsze naucza\u0142 w d\u014dj\u014d swego ojca. Teraz, przekazuje tradycje szko\u0142y r\u00f3wnie\u017c poza rodzinnym d\u014dj\u014d i go\u015bci na zachodzie co najmniej [&hellip;]<\/p>\n","protected":false},"author":1,"featured_media":11861,"parent":0,"menu_order":25,"comment_status":"closed","ping_status":"closed","template":"","meta":{"_acf_changed":false,"site-sidebar-layout":"default","site-content-layout":"default","ast-site-content-layout":"default","site-content-style":"default","site-sidebar-style":"default","ast-global-header-display":"","ast-banner-title-visibility":"","ast-main-header-display":"","ast-hfb-above-header-display":"","ast-hfb-below-header-display":"","ast-hfb-mobile-header-display":"","site-post-title":"","ast-breadcrumbs-content":"","ast-featured-img":"","footer-sml-layout":"","ast-disable-related-posts":"","theme-transparent-header-meta":"default","adv-header-id-meta":"","stick-header-meta":"","header-above-stick-meta":"","header-main-stick-meta":"","header-below-stick-meta":"","astra-migrate-meta-layouts":"set","ast-page-background-enabled":"default","ast-page-background-meta":{"desktop":{"background-color":"var(--ast-global-color-4)","background-image":"","background-repeat":"repeat","background-position":"center center","background-size":"auto","background-attachment":"scroll","background-type":"","background-media":"","overlay-type":"","overlay-color":"","overlay-opacity":"","overlay-gradient":""},"tablet":{"background-color":"","background-image":"","background-repeat":"repeat","background-position":"center center","background-size":"auto","background-attachment":"scroll","background-type":"","background-media":"","overlay-type":"","overlay-color":"","overlay-opacity":"","overlay-gradient":""},"mobile":{"background-color":"","background-image":"","background-repeat":"repeat","background-position":"center center","background-size":"auto","background-attachment":"scroll","background-type":"","background-media":"","overlay-type":"","overlay-color":"","overlay-opacity":"","overlay-gradient":""}},"ast-content-background-meta":{"desktop":{"background-color":"var(--ast-global-color-5)","background-image":"","background-repeat":"repeat","background-position":"center center","background-size":"auto","background-attachment":"scroll","background-type":"","background-media":"","overlay-type":"","overlay-color":"","overlay-opacity":"","overlay-gradient":""},"tablet":{"background-color":"var(--ast-global-color-5)","background-image":"","background-repeat":"repeat","background-position":"center center","background-size":"auto","background-attachment":"scroll","background-type":"","background-media":"","overlay-type":"","overlay-color":"","overlay-opacity":"","overlay-gradient":""},"mobile":{"background-color":"var(--ast-global-color-5)","background-image":"","background-repeat":"repeat","background-position":"center center","background-size":"auto","background-attachment":"scroll","background-type":"","background-media":"","overlay-type":"","overlay-color":"","overlay-opacity":"","overlay-gradient":""}}},"class_list":["post-44","page","type-page","status-publish","has-post-thumbnail","hentry"],"acf":[],"publishpress_future_workflow_manual_trigger":{"enabledWorkflows":[]},"_links":{"self":[{"href":"https:\/\/katorishintoryu.pl\/uk\/wp-json\/wp\/v2\/pages\/44","targetHints":{"allow":["GET"]}}],"collection":[{"href":"https:\/\/katorishintoryu.pl\/uk\/wp-json\/wp\/v2\/pages"}],"about":[{"href":"https:\/\/katorishintoryu.pl\/uk\/wp-json\/wp\/v2\/types\/page"}],"author":[{"embeddable":true,"href":"https:\/\/katorishintoryu.pl\/uk\/wp-json\/wp\/v2\/users\/1"}],"replies":[{"embeddable":true,"href":"https:\/\/katorishintoryu.pl\/uk\/wp-json\/wp\/v2\/comments?post=44"}],"version-history":[{"count":141,"href":"https:\/\/katorishintoryu.pl\/uk\/wp-json\/wp\/v2\/pages\/44\/revisions"}],"predecessor-version":[{"id":16001,"href":"https:\/\/katorishintoryu.pl\/uk\/wp-json\/wp\/v2\/pages\/44\/revisions\/16001"}],"wp:featuredmedia":[{"embeddable":true,"href":"https:\/\/katorishintoryu.pl\/uk\/wp-json\/wp\/v2\/media\/11861"}],"wp:attachment":[{"href":"https:\/\/katorishintoryu.pl\/uk\/wp-json\/wp\/v2\/media?parent=44"}],"curies":[{"name":"wp","href":"https:\/\/api.w.org\/{rel}","templated":true}]}}