{"id":501,"date":"2019-05-05T15:30:09","date_gmt":"2019-05-05T15:30:09","guid":{"rendered":"https:\/\/katorishintoryu.pl\/?page_id=501"},"modified":"2023-12-21T17:41:45","modified_gmt":"2023-12-21T16:41:45","slug":"%d1%80%d0%be%d0%b4%d0%be","status":"publish","type":"page","link":"https:\/\/katorishintoryu.pl\/uk\/rodo\/","title":{"rendered":"\u0420\u041e\u0414\u041e"},"content":{"rendered":"<div data-elementor-type=\"wp-page\" data-elementor-id=\"501\" class=\"elementor elementor-501\" data-elementor-post-type=\"page\">\n\t\t\t\t\t\t<section class=\"elementor-section elementor-top-section elementor-element elementor-element-7b7adf2 elementor-section-boxed elementor-section-height-default elementor-section-height-default\" data-id=\"7b7adf2\" data-element_type=\"section\" data-e-type=\"section\">\n\t\t\t\t\t\t<div class=\"elementor-container elementor-column-gap-default\">\n\t\t\t\t\t<div class=\"elementor-column elementor-col-100 elementor-top-column elementor-element elementor-element-5055cf00\" data-id=\"5055cf00\" data-element_type=\"column\" data-e-type=\"column\">\n\t\t\t<div class=\"elementor-widget-wrap elementor-element-populated\">\n\t\t\t\t\t\t<div class=\"elementor-element elementor-element-2f8af186 elementor-widget elementor-widget-text-editor\" data-id=\"2f8af186\" data-element_type=\"widget\" data-e-type=\"widget\" data-widget_type=\"text-editor.default\">\n\t\t\t\t<div class=\"elementor-widget-container\">\n\t\t\t\t\t\t\t\t\t<p>\u0406\u043d\u0444\u043e\u0440\u043c\u0430\u0446\u0456\u044f \u043f\u0440\u043e \u043e\u0431\u0440\u043e\u0431\u043a\u0443 \u043f\u0435\u0440\u0441\u043e\u043d\u0430\u043b\u044c\u043d\u0438\u0445 \u0434\u0430\u043d\u0438\u0445 \u0432\u0456\u0434\u043f\u043e\u0432\u0456\u0434\u043d\u043e \u0434\u043e \u0441\u0442\u0430\u0442\u0442\u0456 13 (\u0437\u0433\u0456\u0434\u043d\u043e \u0456\u0437 \u0417\u0430\u0433\u0430\u043b\u044c\u043d\u0438\u043c \u0440\u0435\u0433\u043b\u0430\u043c\u0435\u043d\u0442\u043e\u043c \u043f\u0440\u043e \u0437\u0430\u0445\u0438\u0441\u0442 \u0434\u0430\u043d\u0438\u0445)<\/p><p>\u0410\u0434\u043c\u0456\u043d\u0456\u0441\u0442\u0440\u0430\u0442\u043e\u0440\u043e\u043c \u0432\u0430\u0448\u0438\u0445 \u043f\u0435\u0440\u0441\u043e\u043d\u0430\u043b\u044c\u043d\u0438\u0445 \u0434\u0430\u043d\u0438\u0445 \u0454 \u0410\u0441\u043e\u0446\u0456\u0430\u0446\u0456\u044f TAKE \u0437 \u044e\u0440\u0438\u0434\u0438\u0447\u043d\u043e\u044e \u0430\u0434\u0440\u0435\u0441\u043e\u044e: \u0432\u0443\u043b. \u0413\u043b\u043e\u0433\u043e\u0432\u0441\u044c\u043a\u0430 15\/3, 31-416 \u041a\u0440\u0430\u043a\u0456\u0432 (TAKE).<\/p><p>Z TAKE mo\u017cna si\u0119 skontaktowa\u0107 poprzez adres e-mail: katori.poland@gmail.com<br \/>\u0412\u0430\u0448\u0456 \u0434\u0430\u043d\u0456 \u0431\u0443\u0434\u0443\u0442\u044c \u043e\u0431\u0440\u043e\u0431\u043b\u044f\u0442\u0438\u0441\u044f \u043a\u043e\u043c\u043f\u0430\u043d\u0456\u0454\u044e TAKE \u0434\u043b\u044f \u043d\u0430\u0441\u0442\u0443\u043f\u043d\u0438\u0445 \u0446\u0456\u043b\u0435\u0439:<br \/>- \u043f\u0440\u043e\u0432\u0435\u0434\u0435\u043d\u043d\u044f \u0442\u0440\u0435\u043d\u0443\u0432\u0430\u043d\u044c \u0456 \u0441\u0435\u043c\u0456\u043d\u0430\u0440\u0456\u0432 \u0437 \u0431\u043e\u0439\u043e\u0432\u0438\u0445 \u043c\u0438\u0441\u0442\u0435\u0446\u0442\u0432 - \u0432\u0456\u0434\u043f\u043e\u0432\u0456\u0434\u043d\u043e \u0434\u043e \u0441\u0442\u0430\u0442\u0442\u0456 6(1)(\u0430)<br \/>- \u0437\u0434\u0456\u0439\u0441\u043d\u044e\u0432\u0430\u0442\u0438 \u0434\u0456\u044f\u043b\u044c\u043d\u0456\u0441\u0442\u044c \u0410\u0441\u043e\u0446\u0456\u0430\u0446\u0456\u0457 TAKE \u043d\u0430 \u043f\u0456\u0434\u0441\u0442\u0430\u0432\u0456 \u0441\u0442\u0430\u0442\u0442\u0456 6(1)(a) \u0442\u0430 \u0441\u0442\u0430\u0442\u0442\u0456 9(2)(d)<\/p><p>\u0412\u0430\u0448\u0456 \u043f\u0435\u0440\u0441\u043e\u043d\u0430\u043b\u044c\u043d\u0456 \u0434\u0430\u043d\u0456 \u0431\u0443\u0434\u0443\u0442\u044c \u043e\u0431\u0440\u043e\u0431\u043b\u044f\u0442\u0438\u0441\u044f TAKE \u043f\u0440\u043e\u0442\u044f\u0433\u043e\u043c \u043f\u0435\u0440\u0456\u043e\u0434\u0443, \u043d\u0435\u043e\u0431\u0445\u0456\u0434\u043d\u043e\u0433\u043e \u0434\u043b\u044f \u0432\u0438\u0449\u0435\u0437\u0430\u0437\u043d\u0430\u0447\u0435\u043d\u0438\u0445 \u0446\u0456\u043b\u0435\u0439<br \/>- \u043f\u0440\u043e\u0432\u043e\u0434\u0438\u0442\u0438 \u0442\u0440\u0435\u043d\u0443\u0432\u0430\u043d\u043d\u044f \u0442\u0430 \u0441\u0435\u043c\u0456\u043d\u0430\u0440\u0438 \u0437 \u0431\u043e\u0439\u043e\u0432\u0438\u0445 \u043c\u0438\u0441\u0442\u0435\u0446\u0442\u0432 - \u0434\u043e \u0442\u0438\u0445 \u043f\u0456\u0440, \u043f\u043e\u043a\u0438 \u0432\u0456\u043d \u0430\u0431\u043e \u0432\u043e\u043d\u0430 \u043d\u0435 \u043f\u0440\u0438\u043f\u0438\u043d\u0438\u0442\u044c \u0431\u0440\u0430\u0442\u0438 \u0443\u0447\u0430\u0441\u0442\u044c \u0443 \u0442\u0440\u0435\u043d\u0443\u0432\u0430\u043d\u043d\u044f\u0445 \u0430\u0431\u043e \u0441\u0435\u043c\u0456\u043d\u0430\u0440\u0430\u0445,<br \/>- \u0434\u043b\u044f \u0437\u0434\u0456\u0439\u0441\u043d\u0435\u043d\u043d\u044f \u0434\u0456\u044f\u043b\u044c\u043d\u043e\u0441\u0442\u0456 \u0410\u0441\u043e\u0446\u0456\u0430\u0446\u0456\u0457 TAKE - \u0434\u043e \u0437\u0430\u043a\u0456\u043d\u0447\u0435\u043d\u043d\u044f \u0442\u0435\u0440\u043c\u0456\u043d\u0443 \u0434\u0456\u0457 \u0437\u043e\u0431\u043e\u0432'\u044f\u0437\u0430\u043d\u044c \u0449\u043e\u0434\u043e \u0437\u0431\u0435\u0440\u0456\u0433\u0430\u043d\u043d\u044f \u0434\u0430\u043d\u0438\u0445, \u043f\u0435\u0440\u0435\u0434\u0431\u0430\u0447\u0435\u043d\u0438\u0445 \u0437\u0430\u043a\u043e\u043d\u043e\u0434\u0430\u0432\u0441\u0442\u0432\u043e\u043c.<\/p><p>TAKE \u043c\u043e\u0436\u0435 \u0434\u043e\u0432\u0456\u0440\u0438\u0442\u0438 \u0432\u0430\u0448\u0456 \u043f\u0435\u0440\u0441\u043e\u043d\u0430\u043b\u044c\u043d\u0456 \u0434\u0430\u043d\u0456:<br \/>- \u043f\u043e\u0441\u0442\u0430\u0447\u0430\u043b\u044c\u043d\u0438\u043a\u0438 \u0406\u0422-\u043f\u043e\u0441\u043b\u0443\u0433, \u0449\u043e \u043f\u0456\u0434\u0442\u0440\u0438\u043c\u0443\u044e\u0442\u044c \u0434\u0456\u044f\u043b\u044c\u043d\u0456\u0441\u0442\u044c TAKE,<\/p><p>\u0412\u0438 \u043c\u0430\u0454\u0442\u0435 \u043f\u0440\u0430\u0432\u043e \u043d\u0430 \u0434\u043e\u0441\u0442\u0443\u043f \u0434\u043e \u0437\u043c\u0456\u0441\u0442\u0443 \u0432\u0430\u0448\u0438\u0445 \u0434\u0430\u043d\u0438\u0445 \u0442\u0430 \u043f\u0440\u0430\u0432\u043e \u043d\u0430 \u0432\u0438\u043f\u0440\u0430\u0432\u043b\u0435\u043d\u043d\u044f, \u0432\u0438\u0434\u0430\u043b\u0435\u043d\u043d\u044f, \u043e\u0431\u043c\u0435\u0436\u0435\u043d\u043d\u044f \u043e\u0431\u0440\u043e\u0431\u043a\u0438, \u043f\u0440\u0430\u0432\u043e \u043d\u0430 \u043f\u0435\u0440\u0435\u043d\u0435\u0441\u0435\u043d\u043d\u044f \u0434\u0430\u043d\u0438\u0445, \u043f\u0440\u0430\u0432\u043e \u043d\u0430 \u0437\u0430\u043f\u0435\u0440\u0435\u0447\u0435\u043d\u043d\u044f, \u043f\u0440\u0430\u0432\u043e \u043d\u0430 \u0432\u0456\u0434\u043a\u043b\u0438\u043a\u0430\u043d\u043d\u044f \u0437\u0433\u043e\u0434\u0438 \u0432 \u0431\u0443\u0434\u044c-\u044f\u043a\u0438\u0439 \u0447\u0430\u0441 \u0431\u0435\u0437 \u0432\u043f\u043b\u0438\u0432\u0443 \u043d\u0430 \u0437\u0430\u043a\u043e\u043d\u043d\u0456\u0441\u0442\u044c \u043e\u0431\u0440\u043e\u0431\u043a\u0438, \u0437\u0434\u0456\u0439\u0441\u043d\u0435\u043d\u043e\u0457 \u043d\u0430 \u043f\u0456\u0434\u0441\u0442\u0430\u0432\u0456 \u0437\u0433\u043e\u0434\u0438 \u0434\u043e \u0457\u0457 \u0432\u0456\u0434\u043a\u043b\u0438\u043a\u0430\u043d\u043d\u044f;<\/p><p>\u0412\u0438 \u0442\u0430\u043a\u043e\u0436 \u043c\u0430\u0454\u0442\u0435 \u043f\u0440\u0430\u0432\u043e \u043f\u043e\u0434\u0430\u0442\u0438 \u0441\u043a\u0430\u0440\u0433\u0443 \u0434\u043e \u043d\u0430\u0433\u043b\u044f\u0434\u043e\u0432\u043e\u0433\u043e \u043e\u0440\u0433\u0430\u043d\u0443 \u0437 \u043f\u0438\u0442\u0430\u043d\u044c \u0437\u0430\u0445\u0438\u0441\u0442\u0443 \u0434\u0430\u043d\u0438\u0445<\/p><p>\u041d\u0430\u0434\u0430\u043d\u043d\u044f \u0434\u0430\u043d\u0438\u0445 \u0454 \u0434\u043e\u0431\u0440\u043e\u0432\u0456\u043b\u044c\u043d\u0438\u043c. \u042f\u043a\u0449\u043e \u0432\u0438 \u0446\u044c\u043e\u0433\u043e \u043d\u0435 \u0437\u0440\u043e\u0431\u0438\u0442\u0435, \u0432\u0438 \u043d\u0435 \u0437\u043c\u043e\u0436\u0435\u0442\u0435 \u0431\u0440\u0430\u0442\u0438 \u0443\u0447\u0430\u0441\u0442\u044c \u0443 \u0442\u0440\u0435\u043d\u0456\u043d\u0433\u0430\u0445 \u0442\u0430 \u0437\u0430\u0445\u043e\u0434\u0430\u0445 TAKE.<\/p>\t\t\t\t\t\t\t\t<\/div>\n\t\t\t\t<\/div>\n\t\t\t\t\t<\/div>\n\t\t<\/div>\n\t\t\t\t\t<\/div>\n\t\t<\/section>\n\t\t\t\t<\/div>","protected":false},"excerpt":{"rendered":"<p>Informacja o przetwarzaniu danych osobowych zgodnie z art. 13 (zgodnie z Og\u00f3lnym rozporz\u0105dzeniem o ochronie danych) Administratorem twoich danych osobowych jest Stowarzyszenie TAKE z siedzib\u0105 przy ul. G\u0142ogowskiej 15\/3, 31-416 Krak\u00f3w (TAKE). Z TAKE mo\u017cna si\u0119 skontaktowa\u0107 poprzez adres e-mail: katori.poland@gmail.comTwoje dane b\u0119d\u0105 przetwarzane przez TAKE w celach:\u2013 prowadzenie trening\u00f3w i seminari\u00f3w sztuk walki \u2013 [&hellip;]<\/p>\n","protected":false},"author":1,"featured_media":0,"parent":0,"menu_order":31,"comment_status":"closed","ping_status":"closed","template":"","meta":{"_acf_changed":false,"site-sidebar-layout":"default","site-content-layout":"default","ast-site-content-layout":"default","site-content-style":"default","site-sidebar-style":"default","ast-global-header-display":"","ast-banner-title-visibility":"","ast-main-header-display":"","ast-hfb-above-header-display":"","ast-hfb-below-header-display":"","ast-hfb-mobile-header-display":"","site-post-title":"","ast-breadcrumbs-content":"","ast-featured-img":"","footer-sml-layout":"","ast-disable-related-posts":"","theme-transparent-header-meta":"default","adv-header-id-meta":"","stick-header-meta":"","header-above-stick-meta":"","header-main-stick-meta":"","header-below-stick-meta":"","astra-migrate-meta-layouts":"default","ast-page-background-enabled":"default","ast-page-background-meta":{"desktop":{"background-color":"var(--ast-global-color-4)","background-image":"","background-repeat":"repeat","background-position":"center center","background-size":"auto","background-attachment":"scroll","background-type":"","background-media":"","overlay-type":"","overlay-color":"","overlay-opacity":"","overlay-gradient":""},"tablet":{"background-color":"","background-image":"","background-repeat":"repeat","background-position":"center center","background-size":"auto","background-attachment":"scroll","background-type":"","background-media":"","overlay-type":"","overlay-color":"","overlay-opacity":"","overlay-gradient":""},"mobile":{"background-color":"","background-image":"","background-repeat":"repeat","background-position":"center center","background-size":"auto","background-attachment":"scroll","background-type":"","background-media":"","overlay-type":"","overlay-color":"","overlay-opacity":"","overlay-gradient":""}},"ast-content-background-meta":{"desktop":{"background-color":"var(--ast-global-color-5)","background-image":"","background-repeat":"repeat","background-position":"center center","background-size":"auto","background-attachment":"scroll","background-type":"","background-media":"","overlay-type":"","overlay-color":"","overlay-opacity":"","overlay-gradient":""},"tablet":{"background-color":"var(--ast-global-color-5)","background-image":"","background-repeat":"repeat","background-position":"center center","background-size":"auto","background-attachment":"scroll","background-type":"","background-media":"","overlay-type":"","overlay-color":"","overlay-opacity":"","overlay-gradient":""},"mobile":{"background-color":"var(--ast-global-color-5)","background-image":"","background-repeat":"repeat","background-position":"center center","background-size":"auto","background-attachment":"scroll","background-type":"","background-media":"","overlay-type":"","overlay-color":"","overlay-opacity":"","overlay-gradient":""}}},"class_list":["post-501","page","type-page","status-publish","hentry"],"acf":[],"publishpress_future_workflow_manual_trigger":{"enabledWorkflows":[]},"_links":{"self":[{"href":"https:\/\/katorishintoryu.pl\/uk\/wp-json\/wp\/v2\/pages\/501","targetHints":{"allow":["GET"]}}],"collection":[{"href":"https:\/\/katorishintoryu.pl\/uk\/wp-json\/wp\/v2\/pages"}],"about":[{"href":"https:\/\/katorishintoryu.pl\/uk\/wp-json\/wp\/v2\/types\/page"}],"author":[{"embeddable":true,"href":"https:\/\/katorishintoryu.pl\/uk\/wp-json\/wp\/v2\/users\/1"}],"replies":[{"embeddable":true,"href":"https:\/\/katorishintoryu.pl\/uk\/wp-json\/wp\/v2\/comments?post=501"}],"version-history":[{"count":19,"href":"https:\/\/katorishintoryu.pl\/uk\/wp-json\/wp\/v2\/pages\/501\/revisions"}],"predecessor-version":[{"id":13237,"href":"https:\/\/katorishintoryu.pl\/uk\/wp-json\/wp\/v2\/pages\/501\/revisions\/13237"}],"wp:attachment":[{"href":"https:\/\/katorishintoryu.pl\/uk\/wp-json\/wp\/v2\/media?parent=501"}],"curies":[{"name":"wp","href":"https:\/\/api.w.org\/{rel}","templated":true}]}}